{"id":4892,"date":"2024-08-27T06:26:32","date_gmt":"2024-08-27T06:26:32","guid":{"rendered":"https:\/\/swingbearing.net\/?post_type=product&#038;p=4892"},"modified":"2024-08-28T05:55:58","modified_gmt":"2024-08-28T05:55:58","slug":"liebherr-r944b-swing-bearing-933626601-excavator-slewing-ring","status":"publish","type":"product","link":"https:\/\/swingbearing.net\/pt\/produto\/liebherr-r944b-swing-bearing-933626601-excavator-slewing-ring\/","title":{"rendered":"LIEBHERR R944B Swing Bearing 933626601 Excavator Slewing Ring"},"content":{"rendered":"<h2 style=\"text-align: center;\">Par\u00e2metros da chumaceira de balan\u00e7o LIEBHERR<\/h2>\n<figure class=\"wp-block-table is-style-stripes has-small-font-size\">\n<table class=\"has-cyan-bluish-gray-background-color has-background\">\n<tbody>\n<tr>\n<td>Modelo<\/td>\n<td>N\u00famero da pe\u00e7a<\/td>\n<td>Di\u00e2metro exterior<\/td>\n<td>Di\u00e2metro interior<\/td>\n<td>Altura total<\/td>\n<td>Altura exterior<\/td>\n<td>Altura interior<\/td>\n<td>Par\u00e2metros do furo exterior<\/td>\n<td>Par\u00e2metros do furo interior<\/td>\n<td>N\u00famero de dentes<\/td>\n<\/tr>\n<tr>\n<td>R922<\/td>\n<td>LE982706001<\/td>\n<td>1215<\/td>\n<td>940<\/td>\n<td>115<\/td>\n<td>72<\/td>\n<td>105<\/td>\n<td>48-\u03c622<\/td>\n<td>56-M20<\/td>\n<td>94<\/td>\n<\/tr>\n<tr>\n<td>924HDSL<\/td>\n<td>LE982751901<\/td>\n<td>1215<\/td>\n<td>940<\/td>\n<td>115<\/td>\n<td>72<\/td>\n<td>105<\/td>\n<td>48-\u042422<\/td>\n<td>56-M20tecido<\/td>\n<td>94<\/td>\n<\/tr>\n<tr>\n<td>R924C<\/td>\n<td>982751901<\/td>\n<td>1215<\/td>\n<td>940<\/td>\n<td>115<\/td>\n<td>72<\/td>\n<td>105<\/td>\n<td>48-\u042422<\/td>\n<td>56-M20tecido<\/td>\n<td>94<\/td>\n<\/tr>\n<tr>\n<td>R924C<\/td>\n<td>932833001<\/td>\n<td>1215<\/td>\n<td>940<\/td>\n<td>115<\/td>\n<td>72<\/td>\n<td>105<\/td>\n<td>48-\u042422<\/td>\n<td>56-M20tecido<\/td>\n<td>94<\/td>\n<\/tr>\n<tr>\n<td>R924B<\/td>\n<td>982751901<\/td>\n<td>1215<\/td>\n<td>940<\/td>\n<td>115<\/td>\n<td>72<\/td>\n<td>105<\/td>\n<td>48-\u042422<\/td>\n<td>56-M20tecido<\/td>\n<td>94<\/td>\n<\/tr>\n<tr>\n<td>R934<\/td>\n<td>933816501<\/td>\n<td>1355<\/td>\n<td>1012<\/td>\n<td>125<\/td>\n<td><\/td>\n<td><\/td>\n<td>40<\/td>\n<td>48<\/td>\n<td>92<\/td>\n<\/tr>\n<tr>\n<td>R934HD-S<\/td>\n<td>LE939500601<\/td>\n<td>1355<\/td>\n<td>1012<\/td>\n<td>125<\/td>\n<td>92<\/td>\n<td>113<\/td>\n<td>40-26furo passante<\/td>\n<td>48-M24<\/td>\n<td>92<\/td>\n<\/tr>\n<tr>\n<td>934<\/td>\n<td>982752401<\/td>\n<td>1355<\/td>\n<td>1012<\/td>\n<td>125<\/td>\n<td>92<\/td>\n<td>113<\/td>\n<td>40-26furo passante<\/td>\n<td>48-M24<\/td>\n<td>92<\/td>\n<\/tr>\n<tr>\n<td>R-944C<\/td>\n<td>933628601<\/td>\n<td>1365<\/td>\n<td>1008<\/td>\n<td>150<\/td>\n<td>112<\/td>\n<td>140<\/td>\n<td>60-\u042426<\/td>\n<td>72-M24tela<\/td>\n<td>84<\/td>\n<\/tr>\n<tr>\n<td>R944B<\/td>\n<td>933626601<\/td>\n<td>1365<\/td>\n<td>1008<\/td>\n<td>150<\/td>\n<td>112<\/td>\n<td>140<\/td>\n<td>60<\/td>\n<td>72<\/td>\n<td>84<\/td>\n<\/tr>\n<\/tbody>\n<\/table>\n<\/figure>\n<p>As escavadoras Liebherr s\u00e3o conhecidas pela sua fiabilidade e durabilidade, tornando-as uma escolha popular para as ind\u00fastrias de constru\u00e7\u00e3o e mineira. Um dos componentes cr\u00edticos que contribuem para o desempenho da m\u00e1quina \u00e9 o rolamento de giro da escavadeira. Os rolamentos de giro das escavadeiras Liebherr s\u00e3o projetados para lidar com as duras exig\u00eancias do trabalho pesado em ambientes desafiadores.<\/p>\n<p>Slewing bearing for excavators play a crucial role in the machine&#8217;s operation as they support the upper structure&#8217;s rotation. Without a quality slewing bearing for an excavator, the upper structure cannot rotate smoothly, which affects the overall performance of the machine. Liebherr excavator slewing bearings are engineered to provide high load capacity, accuracy, and long service life, ensuring optimal machine performance.<\/p>\n<p>Os rolamentos de giro de escavadeiras Liebherr tamb\u00e9m s\u00e3o conhecidos como rolamentos de anel de giro, rolamentos de anel de giro de escavadeiras ou rolamentos de plataforma girat\u00f3ria. Estes rolamentos s\u00e3o concebidos com uma pista para suportar o peso da m\u00e1quina, permitindo que a estrutura superior rode com facilidade. O rolamento de balan\u00e7o das pe\u00e7as da escavadora \u00e9 fabricado com materiais de alta resist\u00eancia, garantindo que pode suportar cargas pesadas, temperaturas extremas e condi\u00e7\u00f5es adversas.<\/p>\n<p>A Liebherr oferece uma gama de rolamentos de giro para escavadeiras que s\u00e3o compat\u00edveis com v\u00e1rios modelos de escavadeiras. Os modelos atualmente dispon\u00edveis no mercado s\u00e3o R914, R924, R944, R934 e R944CLC. Estes modelos foram concebidos para proporcionar a m\u00e1xima durabilidade e desempenho, assegurando que a sua m\u00e1quina pode lidar com qualquer trabalho que lhe seja exigido.<\/p>","protected":false},"excerpt":{"rendered":"<p><strong>Parte<\/strong> #: 933626601<br \/>\n<strong>Fazer<\/strong>: LIEBHERR<br \/>\n<strong>Modelo<\/strong>: R944B<br \/>\n<strong>Estado<\/strong>: Novo<\/p>","protected":false},"featured_media":2929,"template":"","meta":[],"product_brand":[],"product_cat":[22,72],"product_tag":[52],"class_list":{"0":"post-4892","1":"product","2":"type-product","3":"status-publish","4":"has-post-thumbnail","6":"product_cat-swing-bearing","7":"product_cat-liebherr-excavator-swing-bearing","8":"product_tag-swing-bearing","10":"first","11":"instock","12":"shipping-taxable","13":"product-type-simple"},"_links":{"self":[{"href":"https:\/\/swingbearing.net\/pt\/wp-json\/wp\/v2\/product\/4892","targetHints":{"allow":["GET"]}}],"collection":[{"href":"https:\/\/swingbearing.net\/pt\/wp-json\/wp\/v2\/product"}],"about":[{"href":"https:\/\/swingbearing.net\/pt\/wp-json\/wp\/v2\/types\/product"}],"wp:featuredmedia":[{"embeddable":true,"href":"https:\/\/swingbearing.net\/pt\/wp-json\/wp\/v2\/media\/2929"}],"wp:attachment":[{"href":"https:\/\/swingbearing.net\/pt\/wp-json\/wp\/v2\/media?parent=4892"}],"wp:term":[{"taxonomy":"product_brand","embeddable":true,"href":"https:\/\/swingbearing.net\/pt\/wp-json\/wp\/v2\/product_brand?post=4892"},{"taxonomy":"product_cat","embeddable":true,"href":"https:\/\/swingbearing.net\/pt\/wp-json\/wp\/v2\/product_cat?post=4892"},{"taxonomy":"product_tag","embeddable":true,"href":"https:\/\/swingbearing.net\/pt\/wp-json\/wp\/v2\/product_tag?post=4892"}],"curies":[{"name":"wp","href":"https:\/\/api.w.org\/{rel}","templated":true}]}}