{"id":4388,"date":"2024-06-27T15:04:57","date_gmt":"2024-06-27T15:04:57","guid":{"rendered":"https:\/\/swingbearing.net\/?post_type=product&#038;p=4388"},"modified":"2024-06-27T15:08:26","modified_gmt":"2024-06-27T15:08:26","slug":"hydraulic-pump-705-41-08080-for-komatsu-pc25-1-pc38uu-2-main-pump","status":"publish","type":"product","link":"https:\/\/swingbearing.net\/pt\/produto\/hydraulic-pump-705-41-08080-for-komatsu-pc25-1-pc38uu-2-main-pump\/","title":{"rendered":"Bomba hidr\u00e1ulica 705-41-08080 para Komatsu PC25-1 PC38UU-2 Bomba principal"},"content":{"rendered":"<h3 class=\"wp-block-heading\"><strong>Descri\u00e7\u00e3o do produto<\/strong><\/h3>\r\n\r\n\r\n<hr class=\"wp-block-separator has-alpha-channel-opacity\" \/>\r\n\r\n\r\n<h2 class=\"wp-block-heading\">705-41-08080 Bomba principal hidr\u00e1ulica adequada para Komatsu PC100-5 PC120-5 PC130-5<\/h2>\r\n<p>&nbsp;<\/p>\r\n<p><img decoding=\"async\" class=\"alignnone wp-image-4322 size-full\" src=\"https:\/\/swingbearing.net\/wp-content\/uploads\/2024\/06\/pc200-6.jpg\" alt=\"bomba hidr\u00e1ulica pc200-6\" width=\"778\" height=\"561\" srcset=\"https:\/\/swingbearing.net\/wp-content\/uploads\/2024\/06\/pc200-6.jpg 778w, https:\/\/swingbearing.net\/wp-content\/uploads\/2024\/06\/pc200-6-300x216.jpg 300w, https:\/\/swingbearing.net\/wp-content\/uploads\/2024\/06\/pc200-6-768x554.jpg 768w, https:\/\/swingbearing.net\/wp-content\/uploads\/2024\/06\/pc200-6-18x12.jpg 18w, https:\/\/swingbearing.net\/wp-content\/uploads\/2024\/06\/pc200-6-600x433.jpg 600w\" sizes=\"(max-width: 778px) 100vw, 778px\" \/><\/p>\r\n<table border=\"1\" cellspacing=\"0\" cellpadding=\"0\">\r\n<tbody>\r\n<tr>\r\n<td>Nome do produto\u00a0 \u00a0 \u00a0 \u00a0 \u00a0 \u00a0 \u00a0 \u00a0<\/td>\r\n<td>Bomba hidr\u00e1ulica para escavadora<\/td>\r\n<\/tr>\r\n<tr>\r\n<td>Qualidade\u00a0 \u00a0 \u00a0<\/td>\r\n<td>Alta qualidade 100% Novo<\/td>\r\n<\/tr>\r\n<tr>\r\n<td>Modelo da m\u00e1quina\u00a0 \u00a0\u00a0<\/td>\r\n<td>PC25-1 PC38UU-2<\/td>\r\n<\/tr>\r\n<tr>\r\n<td>Tamanho da embalagem<\/td>\r\n<td>84*38*49<\/td>\r\n<\/tr>\r\n<tr>\r\n<td>Embalagem<\/td>\r\n<td>Caixa de madeira normalizada para exporta\u00e7\u00e3o\u00a0 \u00a0 \u00a0 \u00a0 \u00a0 \u00a0 \u00a0 \u00a0 \u00a0 \u00a0 \u00a0 \u00a0 \u00a0 \u00a0 \u00a0 \u00a0 \u00a0 \u00a0 \u00a0 \u00a0 \u00a0 \u00a0 \u00a0 \u00a0 \u00a0 \u00a0\u00a0<\/td>\r\n<\/tr>\r\n<tr>\r\n<td>N\u00famero da pe\u00e7a<\/td>\r\n<td>705-41-08080<\/td>\r\n<\/tr>\r\n<tr>\r\n<td>Press\u00e3o<\/td>\r\n<td>Padr\u00e3o, alta press\u00e3o<\/td>\r\n<\/tr>\r\n<\/tbody>\r\n<\/table>\r\n<h3>\r\n\r\n<\/h3>\r\n<p><\/p>\r\n<h2 class=\"wp-block-heading\">Introdu\u00e7\u00e3o da bomba principal PC25-1 PC38UU-2<\/h2>\r\n<p><\/p>\r\n<p>Est\u00e1 no sector da constru\u00e7\u00e3o e procura otimizar o desempenho das suas escavadoras de lagartas? A bomba hidr\u00e1ulica para escavadoras \u00e9 um produto vers\u00e1til e fi\u00e1vel, concebido para satisfazer as exig\u00eancias de v\u00e1rios cen\u00e1rios, incluindo estaleiros de constru\u00e7\u00e3o, opera\u00e7\u00f5es mineiras e obras rodovi\u00e1rias.\u00a0<\/p>\r\n<p>\r\n\r\n<\/p>\r\n<h3 class=\"wp-block-heading\">Maximizar a efici\u00eancia com a bomba<\/h3>\r\n<p>\r\n\r\n<\/p>\r\n<p>Quando se trata de tarefas de escava\u00e7\u00e3o, a efici\u00eancia \u00e9 fundamental. A bomba hidr\u00e1ulica para escavadoras, dispon\u00edvel em dois n\u00fameros de bomba, 708-2L-00202 e 708-2L-41121, foi especificamente concebida para fornecer a m\u00e1xima pot\u00eancia hidr\u00e1ulica \u00e0 sua escavadora. Isto assegura que a sua m\u00e1quina funciona de forma suave e eficiente, permitindo-lhe concluir os projectos em tempo \u00fatil. Com a sua constru\u00e7\u00e3o duradoura e desempenho fi\u00e1vel, esta bomba hidr\u00e1ulica foi concebida para durar, o que a torna um investimento valioso para o seu neg\u00f3cio.<\/p>\r\n<p>\r\n\r\n<\/p>\r\n<h3 class=\"wp-block-heading\">Compatibilidade e versatilidade<\/h3>\r\n<p>\r\n\r\n<\/p>\r\n<p>Uma das principais vantagens da bomba hidr\u00e1ulica para escavadoras \u00e9 a sua compatibilidade com uma variedade de modelos de escavadoras. Quer esteja a utilizar uma E317, E315, PC210-8K ou PC210-8K, esta bomba hidr\u00e1ulica foi concebida para se integrar perfeitamente na sua m\u00e1quina, melhorando as suas capacidades e desempenho. Esta versatilidade torna-a uma escolha pr\u00e1tica para empreiteiros e operadores que trabalham em diferentes ind\u00fastrias e ambientes.<\/p>\r\n<p>\r\n\r\n<\/p>\r\n<h3 class=\"wp-block-heading\">Apoio p\u00f3s-venda excecional<\/h3>\r\n<p>\r\n\r\n<\/p>\r\n<p>Na Excavator Hydraulic Pump, a satisfa\u00e7\u00e3o do cliente \u00e9 a nossa principal prioridade. \u00c9 por isso que oferecemos um excelente apoio p\u00f3s-venda, incluindo assist\u00eancia online, para garantir que os nossos clientes recebem ajuda imediata em caso de quaisquer problemas ou preocupa\u00e7\u00f5es. A nossa equipa de especialistas dedica-se a fornecer-lhe o apoio de que necessita para manter a sua bomba hidr\u00e1ulica a funcionar sem problemas e de forma eficiente, permitindo-lhe concentrar-se no seu trabalho sem interrup\u00e7\u00f5es.<br \/><br \/><b>Podemos apoiar os outros:<\/b><\/p>\r\n<table>\r\n<tbody>\r\n<tr>\r\n<td colspan=\"1\" rowspan=\"1\">\r\n<div>Para Kobelco<\/div>\r\n<\/td>\r\n<td colspan=\"1\" rowspan=\"1\">\r\n<div>SK200-6,SK210-6,SK45SR,SK330-6E,SK200-4,SK460-8,SK135,SK235SRLC-1ES,SK250-8,SK210-8,SK350-8,SK350,SK350-9,SK200-8,SK210-8<\/div>\r\n<\/td>\r\n<\/tr>\r\n<tr>\r\n<td colspan=\"1\" rowspan=\"1\">\r\n<div>Para Komatsu<\/div>\r\n<\/td>\r\n<td colspan=\"1\" rowspan=\"1\">\r\n<div>PC300-8,PC200-6K,PC130-8,PC200-8,PC220-8,PC270-8,PC400-8,PC60-7,PC300-7,PC400-7,PC200-7,PC200-6,<\/div>\r\n<\/td>\r\n<\/tr>\r\n<tr>\r\n<td colspan=\"1\" rowspan=\"1\">\r\n<div>Para CAT<\/div>\r\n<\/td>\r\n<td colspan=\"1\" rowspan=\"1\">\r\n<div>E325C,E330D,E330C,E336D,E336C,E345B,E385C,E320C,E320D,E330,E330L,E345C<\/div>\r\n<\/td>\r\n<\/tr>\r\n<tr>\r\n<td colspan=\"1\" rowspan=\"1\">\r\n<div>Para Daewoo<\/div>\r\n<\/td>\r\n<td colspan=\"1\" rowspan=\"1\">\r\n<div>DH80,DH300-5,DH300-7,DH225-7,DH210,DH220,DH150,DH300-5,DH370,DH470-5,DH500-5<\/div>\r\n<\/td>\r\n<\/tr>\r\n<tr>\r\n<td colspan=\"1\" rowspan=\"1\">\r\n<div>Para Hitachi<\/div>\r\n<\/td>\r\n<td colspan=\"1\" rowspan=\"1\">\r\n<div>EX120-5, EX120-5 JPN, EX120-5HG, EX120-5LV JPN, EX120-5X, EX120-5Z, EX120SS-5, EX130H-5, EX130H-5 JPN, EX130K-5,<br \/>EX135UR,EX135UR-5, EX135US-5, EX135USR, EX135USRK, EX140US-5, HR240G,EX300-2, EX300-3, EX300-3C, EX310H-3C,EX200-3, EX200-5,<br \/>EX200-5 JPN, EX200-5HG, EX200-5HHE, EX200-5LV JAP, EX200-5X JPN, EX200-5Z JPN, EX200LC-5HHE, EX200SS-5,EX210H-5, EX210H-5 JPN,<br \/>EX210K-5 JPN, EX210LC-5HHE, EX225USR(LC), EX225USRK,EX60-2, EX60-3, EX60LCK-3, EX60LCT-3, EX60WD-2, EX75UR, EX75UR-3,<br \/>EX75URLC-3,EX350-6,EX120-3,EX1200,EX300,EX200 ,EX210,EX75UR-5<\/div>\r\n<\/td>\r\n<\/tr>\r\n<tr>\r\n<td colspan=\"1\" rowspan=\"1\">\r\n<div>Para a Sumitomo<\/div>\r\n<\/td>\r\n<td colspan=\"1\" rowspan=\"1\">\r\n<div>SH200-2,SH-200A3,SH200,SH120-5-0.5<\/div>\r\n<\/td>\r\n<\/tr>\r\n<tr>\r\n<td colspan=\"1\" rowspan=\"1\">\r\n<div>Para Kato<\/div>\r\n<\/td>\r\n<td colspan=\"1\" rowspan=\"1\">\r\n<div>HD1430,HD130<\/div>\r\n<\/td>\r\n<\/tr>\r\n<tr>\r\n<td colspan=\"1\" rowspan=\"1\">\r\n<div>Para JCB<\/div>\r\n<\/td>\r\n<td colspan=\"1\" rowspan=\"1\">\r\n<div>JCB220,JCB240,JCB 85Z<\/div>\r\n<\/td>\r\n<\/tr>\r\n<tr>\r\n<td colspan=\"1\" rowspan=\"1\">\r\n<div>Outros<\/div>\r\n<\/td>\r\n<td colspan=\"1\" rowspan=\"1\">\r\n<div>&#8230;&#8230;<\/div>\r\n<\/td>\r\n<\/tr>\r\n<\/tbody>\r\n<\/table>\r\n<p><\/p>","protected":false},"excerpt":{"rendered":"<p><strong><b>Parte<\/b><\/strong> #: 705-41-08080<br \/><strong><b>Fazer<\/b><\/strong>Komatsu <br \/><strong><b>Modelo<\/b><\/strong>: PC25-1 PC38UU-2<br \/><strong><b>Estado<\/b><\/strong>: Novo<\/p>","protected":false},"featured_media":4320,"template":"","meta":[],"product_brand":[],"product_cat":[382],"product_tag":[],"class_list":{"0":"post-4388","1":"product","2":"type-product","3":"status-publish","4":"has-post-thumbnail","6":"product_cat-komatsu-hydraulic-pumps","8":"first","9":"instock","10":"shipping-taxable","11":"product-type-simple"},"_links":{"self":[{"href":"https:\/\/swingbearing.net\/pt\/wp-json\/wp\/v2\/product\/4388","targetHints":{"allow":["GET"]}}],"collection":[{"href":"https:\/\/swingbearing.net\/pt\/wp-json\/wp\/v2\/product"}],"about":[{"href":"https:\/\/swingbearing.net\/pt\/wp-json\/wp\/v2\/types\/product"}],"wp:featuredmedia":[{"embeddable":true,"href":"https:\/\/swingbearing.net\/pt\/wp-json\/wp\/v2\/media\/4320"}],"wp:attachment":[{"href":"https:\/\/swingbearing.net\/pt\/wp-json\/wp\/v2\/media?parent=4388"}],"wp:term":[{"taxonomy":"product_brand","embeddable":true,"href":"https:\/\/swingbearing.net\/pt\/wp-json\/wp\/v2\/product_brand?post=4388"},{"taxonomy":"product_cat","embeddable":true,"href":"https:\/\/swingbearing.net\/pt\/wp-json\/wp\/v2\/product_cat?post=4388"},{"taxonomy":"product_tag","embeddable":true,"href":"https:\/\/swingbearing.net\/pt\/wp-json\/wp\/v2\/product_tag?post=4388"}],"curies":[{"name":"wp","href":"https:\/\/api.w.org\/{rel}","templated":true}]}}