{"id":4337,"date":"2024-06-26T15:51:14","date_gmt":"2024-06-26T15:51:14","guid":{"rendered":"https:\/\/swingbearing.net\/?post_type=product&#038;p=4337"},"modified":"2024-06-26T16:02:33","modified_gmt":"2024-06-26T16:02:33","slug":"hydraulic-pump-708-2l-00700-708-2l-00701-for-pc200-7k-pc210-7k","status":"publish","type":"product","link":"https:\/\/swingbearing.net\/pt\/produto\/hydraulic-pump-708-2l-00700-708-2l-00701-for-pc200-7k-pc210-7k\/","title":{"rendered":"Bomba hidr\u00e1ulica 708-2L-00700 708-2L-00701 para bomba de pist\u00e3o principal PC200-7K PC210-7K"},"content":{"rendered":"<h3 class=\"wp-block-heading\"><strong>Descri\u00e7\u00e3o do produto<\/strong><\/h3>\r\n\r\n\r\n<hr class=\"wp-block-separator has-alpha-channel-opacity\" \/>\r\n\r\n\r\n<h2 class=\"wp-block-heading\">708-2L-00700 708-2L-00701 Hydraulic Main Pump Fits For Komatsu PC200-7K PC210-7K<\/h2>\r\n<p><img decoding=\"async\" class=\"alignnone wp-image-4330 size-full\" src=\"https:\/\/swingbearing.net\/wp-content\/uploads\/2024\/06\/pc210-8k.jpg\" alt=\"pc210-8k\" width=\"876\" height=\"843\" srcset=\"https:\/\/swingbearing.net\/wp-content\/uploads\/2024\/06\/pc210-8k.jpg 876w, https:\/\/swingbearing.net\/wp-content\/uploads\/2024\/06\/pc210-8k-300x289.jpg 300w, https:\/\/swingbearing.net\/wp-content\/uploads\/2024\/06\/pc210-8k-768x739.jpg 768w, https:\/\/swingbearing.net\/wp-content\/uploads\/2024\/06\/pc210-8k-12x12.jpg 12w, https:\/\/swingbearing.net\/wp-content\/uploads\/2024\/06\/pc210-8k-600x577.jpg 600w\" sizes=\"(max-width: 876px) 100vw, 876px\" \/><\/p>\r\n<table border=\"1\" cellspacing=\"0\" cellpadding=\"0\">\r\n<tbody>\r\n<tr>\r\n<td>Nome do produto\u00a0 \u00a0 \u00a0 \u00a0 \u00a0 \u00a0 \u00a0 \u00a0<\/td>\r\n<td>Bomba hidr\u00e1ulica para escavadora<\/td>\r\n<\/tr>\r\n<tr>\r\n<td>Qualidade\u00a0 \u00a0 \u00a0<\/td>\r\n<td>Alta qualidade 100% Novo<\/td>\r\n<\/tr>\r\n<tr>\r\n<td>Modelo da m\u00e1quina\u00a0 \u00a0\u00a0<\/td>\r\n<td>PC200-7K PC210-7K\u00a0 \u00a0 \u00a0 \u00a0 \u00a0 \u00a0\u00a0<\/td>\r\n<\/tr>\r\n<tr>\r\n<td>Tamanho da embalagem<\/td>\r\n<td>84*38*49<\/td>\r\n<\/tr>\r\n<tr>\r\n<td>Embalagem<\/td>\r\n<td>Caixa de madeira normalizada para exporta\u00e7\u00e3o\u00a0 \u00a0 \u00a0 \u00a0 \u00a0 \u00a0 \u00a0 \u00a0 \u00a0 \u00a0 \u00a0 \u00a0 \u00a0 \u00a0 \u00a0 \u00a0 \u00a0 \u00a0 \u00a0 \u00a0 \u00a0 \u00a0 \u00a0 \u00a0 \u00a0 \u00a0\u00a0<\/td>\r\n<\/tr>\r\n<tr>\r\n<td>N\u00famero da pe\u00e7a<\/td>\r\n<td>708-2L-00700 708-2L-00701 \u00a0<\/td>\r\n<\/tr>\r\n<tr>\r\n<td>Press\u00e3o<\/td>\r\n<td>Padr\u00e3o, alta press\u00e3o<\/td>\r\n<\/tr>\r\n<\/tbody>\r\n<\/table>\r\n<h3>\r\n\r\n<\/h3>\r\n<p><\/p>\r\n<h2 class=\"wp-block-heading\">Introduction of\u00a0 PC200-7 Main Pump<\/h2>\r\n<p><\/p>\r\n<p>Are you in the construction industry and looking to optimize the performance of your crawler excavators? Look no further than the Excavator Hydraulic Pump, a versatile and reliable product designed to meet the demands of various scenarios, including construction sites, mining operations, and roadworks. This powerful hydraulic pump is compatible with a range of models, such as E317, E315, PC210LC-7K , and PC210-8K, making it a must-have for enhancing the hydraulic power of your excavator.<\/p>\r\n<p>\r\n\r\n<\/p>\r\n<h3 class=\"wp-block-heading\">Maximizar a efici\u00eancia com a bomba<\/h3>\r\n<p>\r\n\r\n<\/p>\r\n<p>Quando se trata de tarefas de escava\u00e7\u00e3o, a efici\u00eancia \u00e9 fundamental. A bomba hidr\u00e1ulica para escavadoras, dispon\u00edvel em dois n\u00fameros de bomba, 708-2L-00202 e 708-2L-41121, foi especificamente concebida para fornecer a m\u00e1xima pot\u00eancia hidr\u00e1ulica \u00e0 sua escavadora. Isto assegura que a sua m\u00e1quina funciona de forma suave e eficiente, permitindo-lhe concluir os projectos em tempo \u00fatil. Com a sua constru\u00e7\u00e3o duradoura e desempenho fi\u00e1vel, esta bomba hidr\u00e1ulica foi concebida para durar, o que a torna um investimento valioso para o seu neg\u00f3cio.<\/p>\r\n<p>\r\n\r\n<\/p>\r\n<h3 class=\"wp-block-heading\">Compatibilidade e versatilidade<\/h3>\r\n<p>\r\n\r\n<\/p>\r\n<p>Uma das principais vantagens da bomba hidr\u00e1ulica para escavadoras \u00e9 a sua compatibilidade com uma variedade de modelos de escavadoras. Quer esteja a utilizar uma E317, E315, PC210-8K ou PC210-8K, esta bomba hidr\u00e1ulica foi concebida para se integrar perfeitamente na sua m\u00e1quina, melhorando as suas capacidades e desempenho. Esta versatilidade torna-a uma escolha pr\u00e1tica para empreiteiros e operadores que trabalham em diferentes ind\u00fastrias e ambientes.<\/p>\r\n<p>\r\n\r\n<\/p>\r\n<h3 class=\"wp-block-heading\">Apoio p\u00f3s-venda excecional<\/h3>\r\n<p>\r\n\r\n<\/p>\r\n<p>Na Excavator Hydraulic Pump, a satisfa\u00e7\u00e3o do cliente \u00e9 a nossa principal prioridade. \u00c9 por isso que oferecemos um excelente apoio p\u00f3s-venda, incluindo assist\u00eancia online, para garantir que os nossos clientes recebem ajuda imediata em caso de quaisquer problemas ou preocupa\u00e7\u00f5es. A nossa equipa de especialistas dedica-se a fornecer-lhe o apoio de que necessita para manter a sua bomba hidr\u00e1ulica a funcionar sem problemas e de forma eficiente, permitindo-lhe concentrar-se no seu trabalho sem interrup\u00e7\u00f5es.<br \/><br \/><b>Podemos apoiar os outros:<\/b><\/p>\r\n<table>\r\n<tbody>\r\n<tr>\r\n<td colspan=\"1\" rowspan=\"1\">\r\n<div>Para Kobelco<\/div>\r\n<\/td>\r\n<td colspan=\"1\" rowspan=\"1\">\r\n<div>SK200-6,SK210-6,SK45SR,SK330-6E,SK200-4,SK460-8,SK135,SK235SRLC-1ES,SK250-8,SK210-8,SK350-8,SK350,SK350-9,SK200-8,SK210-8<\/div>\r\n<\/td>\r\n<\/tr>\r\n<tr>\r\n<td colspan=\"1\" rowspan=\"1\">\r\n<div>Para Komatsu<\/div>\r\n<\/td>\r\n<td colspan=\"1\" rowspan=\"1\">\r\n<div>PC300-8,PC200-6K,PC130-8,PC200-8,PC220-8,PC270-8,PC400-8,PC60-7,PC300-7,PC400-7,PC200-7,PC200-6,<\/div>\r\n<\/td>\r\n<\/tr>\r\n<tr>\r\n<td colspan=\"1\" rowspan=\"1\">\r\n<div>Para CAT<\/div>\r\n<\/td>\r\n<td colspan=\"1\" rowspan=\"1\">\r\n<div>E325C,E330D,E330C,E336D,E336C,E345B,E385C,E320C,E320D,E330,E330L,E345C<\/div>\r\n<\/td>\r\n<\/tr>\r\n<tr>\r\n<td colspan=\"1\" rowspan=\"1\">\r\n<div>Para Daewoo<\/div>\r\n<\/td>\r\n<td colspan=\"1\" rowspan=\"1\">\r\n<div>DH80,DH300-5,DH300-7,DH225-7,DH210,DH220,DH150,DH300-5,DH370,DH470-5,DH500-5<\/div>\r\n<\/td>\r\n<\/tr>\r\n<tr>\r\n<td colspan=\"1\" rowspan=\"1\">\r\n<div>Para Hitachi<\/div>\r\n<\/td>\r\n<td colspan=\"1\" rowspan=\"1\">\r\n<div>EX120-5, EX120-5 JPN, EX120-5HG, EX120-5LV JPN, EX120-5X, EX120-5Z, EX120SS-5, EX130H-5, EX130H-5 JPN, EX130K-5,<br \/>EX135UR,EX135UR-5, EX135US-5, EX135USR, EX135USRK, EX140US-5, HR240G,EX300-2, EX300-3, EX300-3C, EX310H-3C,EX200-3, EX200-5,<br \/>EX200-5 JPN, EX200-5HG, EX200-5HHE, EX200-5LV JAP, EX200-5X JPN, EX200-5Z JPN, EX200LC-5HHE, EX200SS-5,EX210H-5, EX210H-5 JPN,<br \/>EX210K-5 JPN, EX210LC-5HHE, EX225USR(LC), EX225USRK,EX60-2, EX60-3, EX60LCK-3, EX60LCT-3, EX60WD-2, EX75UR, EX75UR-3,<br \/>EX75URLC-3,EX350-6,EX120-3,EX1200,EX300,EX200 ,EX210,EX75UR-5<\/div>\r\n<\/td>\r\n<\/tr>\r\n<tr>\r\n<td colspan=\"1\" rowspan=\"1\">\r\n<div>Para a Sumitomo<\/div>\r\n<\/td>\r\n<td colspan=\"1\" rowspan=\"1\">\r\n<div>SH200-2,SH-200A3,SH200,SH120-5-0.5<\/div>\r\n<\/td>\r\n<\/tr>\r\n<tr>\r\n<td colspan=\"1\" rowspan=\"1\">\r\n<div>Para Kato<\/div>\r\n<\/td>\r\n<td colspan=\"1\" rowspan=\"1\">\r\n<div>HD1430,HD130<\/div>\r\n<\/td>\r\n<\/tr>\r\n<tr>\r\n<td colspan=\"1\" rowspan=\"1\">\r\n<div>Para JCB<\/div>\r\n<\/td>\r\n<td colspan=\"1\" rowspan=\"1\">\r\n<div>JCB220,JCB240,JCB 85Z<\/div>\r\n<\/td>\r\n<\/tr>\r\n<tr>\r\n<td colspan=\"1\" rowspan=\"1\">\r\n<div>Outros<\/div>\r\n<\/td>\r\n<td colspan=\"1\" rowspan=\"1\">\r\n<div>&#8230;&#8230;<\/div>\r\n<\/td>\r\n<\/tr>\r\n<\/tbody>\r\n<\/table>\r\n<p><\/p>","protected":false},"excerpt":{"rendered":"<p><strong><b>Parte<\/b><\/strong> #: 708-2L-00700 708-2L-00701<br \/><strong><b>Fazer<\/b><\/strong>Komatsu <br \/><strong><b>Modelo<\/b><\/strong>: PC200-7K PC210-7K<br \/><strong><b>Estado<\/b><\/strong>: Novo<\/p>","protected":false},"featured_media":4336,"template":"","meta":[],"product_brand":[],"product_cat":[382],"product_tag":[],"class_list":{"0":"post-4337","1":"product","2":"type-product","3":"status-publish","4":"has-post-thumbnail","6":"product_cat-komatsu-hydraulic-pumps","8":"first","9":"instock","10":"shipping-taxable","11":"product-type-simple"},"_links":{"self":[{"href":"https:\/\/swingbearing.net\/pt\/wp-json\/wp\/v2\/product\/4337","targetHints":{"allow":["GET"]}}],"collection":[{"href":"https:\/\/swingbearing.net\/pt\/wp-json\/wp\/v2\/product"}],"about":[{"href":"https:\/\/swingbearing.net\/pt\/wp-json\/wp\/v2\/types\/product"}],"wp:featuredmedia":[{"embeddable":true,"href":"https:\/\/swingbearing.net\/pt\/wp-json\/wp\/v2\/media\/4336"}],"wp:attachment":[{"href":"https:\/\/swingbearing.net\/pt\/wp-json\/wp\/v2\/media?parent=4337"}],"wp:term":[{"taxonomy":"product_brand","embeddable":true,"href":"https:\/\/swingbearing.net\/pt\/wp-json\/wp\/v2\/product_brand?post=4337"},{"taxonomy":"product_cat","embeddable":true,"href":"https:\/\/swingbearing.net\/pt\/wp-json\/wp\/v2\/product_cat?post=4337"},{"taxonomy":"product_tag","embeddable":true,"href":"https:\/\/swingbearing.net\/pt\/wp-json\/wp\/v2\/product_tag?post=4337"}],"curies":[{"name":"wp","href":"https:\/\/api.w.org\/{rel}","templated":true}]}}