{"id":2323,"date":"2024-04-12T06:49:35","date_gmt":"2024-04-12T06:49:35","guid":{"rendered":"https:\/\/swingbearing.net\/?post_type=product&#038;p=2323"},"modified":"2024-05-15T05:58:52","modified_gmt":"2024-05-15T05:58:52","slug":"swing-bearing-liebherr-r944c","status":"publish","type":"product","link":"https:\/\/swingbearing.net\/pt\/produto\/swing-bearing-liebherr-r944c\/","title":{"rendered":"Rolamento de balan\u00e7o LIEBHERR"},"content":{"rendered":"<h2 style=\"text-align: center;\">Par\u00e2metros da chumaceira de balan\u00e7o LIEBHERR<\/h2>\n<figure class=\"wp-block-table is-style-stripes has-small-font-size\">\n<table class=\"has-cyan-bluish-gray-background-color has-background\">\n<tbody>\n<tr>\n<td>Modelo<\/td>\n<td>N\u00famero da pe\u00e7a<\/td>\n<td>Di\u00e2metro exterior<\/td>\n<td>Di\u00e2metro interior<\/td>\n<td>Altura total<\/td>\n<td>Altura exterior<\/td>\n<td>Altura interior<\/td>\n<td>Par\u00e2metros do furo exterior<\/td>\n<td>Par\u00e2metros do furo interior<\/td>\n<td>N\u00famero de dentes<\/td>\n<\/tr>\n<tr>\n<td>R922<\/td>\n<td>LE982706001<\/td>\n<td>1215<\/td>\n<td>940<\/td>\n<td>115<\/td>\n<td>72<\/td>\n<td>105<\/td>\n<td>48-\u03c622<\/td>\n<td>56-M20<\/td>\n<td>94<\/td>\n<\/tr>\n<tr>\n<td>924HDSL<\/td>\n<td>LE982751901<\/td>\n<td>1215<\/td>\n<td>940<\/td>\n<td>115<\/td>\n<td>72<\/td>\n<td>105<\/td>\n<td>48-\u042422<\/td>\n<td>56-M20tecido<\/td>\n<td>94<\/td>\n<\/tr>\n<tr>\n<td>R924C<\/td>\n<td>982751901<\/td>\n<td>1215<\/td>\n<td>940<\/td>\n<td>115<\/td>\n<td>72<\/td>\n<td>105<\/td>\n<td>48-\u042422<\/td>\n<td>56-M20tecido<\/td>\n<td>94<\/td>\n<\/tr>\n<tr>\n<td>R924C<\/td>\n<td>932833001<\/td>\n<td>1215<\/td>\n<td>940<\/td>\n<td>115<\/td>\n<td>72<\/td>\n<td>105<\/td>\n<td>48-\u042422<\/td>\n<td>56-M20tecido<\/td>\n<td>94<\/td>\n<\/tr>\n<tr>\n<td>R924B<\/td>\n<td>982751901<\/td>\n<td>1215<\/td>\n<td>940<\/td>\n<td>115<\/td>\n<td>72<\/td>\n<td>105<\/td>\n<td>48-\u042422<\/td>\n<td>56-M20tecido<\/td>\n<td>94<\/td>\n<\/tr>\n<tr>\n<td>R934<\/td>\n<td>933816501<\/td>\n<td>1355<\/td>\n<td>1012<\/td>\n<td>125<\/td>\n<td><\/td>\n<td><\/td>\n<td>40<\/td>\n<td>48<\/td>\n<td>92<\/td>\n<\/tr>\n<tr>\n<td>R934HD-S<\/td>\n<td>LE939500601<\/td>\n<td>1355<\/td>\n<td>1012<\/td>\n<td>125<\/td>\n<td>92<\/td>\n<td>113<\/td>\n<td>40-26furo passante<\/td>\n<td>48-M24<\/td>\n<td>92<\/td>\n<\/tr>\n<tr>\n<td>934<\/td>\n<td>982752401<\/td>\n<td>1355<\/td>\n<td>1012<\/td>\n<td>125<\/td>\n<td>92<\/td>\n<td>113<\/td>\n<td>40-26furo passante<\/td>\n<td>48-M24<\/td>\n<td>92<\/td>\n<\/tr>\n<tr>\n<td>R-944C<\/td>\n<td>933628601<\/td>\n<td>1365<\/td>\n<td>1008<\/td>\n<td>150<\/td>\n<td>112<\/td>\n<td>140<\/td>\n<td>60-\u042426<\/td>\n<td>72-M24tela<\/td>\n<td>84<\/td>\n<\/tr>\n<tr>\n<td>R944B<\/td>\n<td>933626601<\/td>\n<td>1365<\/td>\n<td>1008<\/td>\n<td>150<\/td>\n<td>112<\/td>\n<td>140<\/td>\n<td>60<\/td>\n<td>72<\/td>\n<td>84<\/td>\n<\/tr>\n<\/tbody>\n<\/table>\n<\/figure>\n<p>As escavadoras Liebherr s\u00e3o conhecidas pela sua fiabilidade e durabilidade, tornando-as uma escolha popular para as ind\u00fastrias de constru\u00e7\u00e3o e mineira. Um dos componentes cr\u00edticos que contribuem para o desempenho da m\u00e1quina \u00e9 o rolamento de giro da escavadeira. Os rolamentos de giro das escavadeiras Liebherr s\u00e3o projetados para lidar com as duras exig\u00eancias do trabalho pesado em ambientes desafiadores.<\/p>\n<p>Os rolamentos oscilantes para escavadoras desempenham um papel crucial no funcionamento da m\u00e1quina, uma vez que suportam a rota\u00e7\u00e3o da estrutura superior. Sem um rolamento de giro de qualidade para uma escavadeira, a estrutura superior n\u00e3o pode girar suavemente, o que afeta o desempenho geral da m\u00e1quina. Os rolamentos de giro para escavadeiras Liebherr s\u00e3o projetados para fornecer alta capacidade de carga, precis\u00e3o e longa vida \u00fatil, garantindo o desempenho ideal da m\u00e1quina.<\/p>\n<p>Os rolamentos de giro de escavadeiras Liebherr tamb\u00e9m s\u00e3o conhecidos como rolamentos de anel de giro, rolamentos de anel de giro de escavadeiras ou rolamentos de plataforma girat\u00f3ria. Estes rolamentos s\u00e3o concebidos com uma pista para suportar o peso da m\u00e1quina, permitindo que a estrutura superior rode com facilidade. O rolamento de balan\u00e7o das pe\u00e7as da escavadora \u00e9 fabricado com materiais de alta resist\u00eancia, garantindo que pode suportar cargas pesadas, temperaturas extremas e condi\u00e7\u00f5es adversas.<\/p>\n<p>A Liebherr oferece uma gama de rolamentos de giro para escavadeiras que s\u00e3o compat\u00edveis com v\u00e1rios modelos de escavadeiras. Os modelos atualmente dispon\u00edveis no mercado s\u00e3o R914, R924, R944, R934 e R944CLC. Estes modelos foram concebidos para proporcionar a m\u00e1xima durabilidade e desempenho, assegurando que a sua m\u00e1quina pode lidar com qualquer trabalho que lhe seja exigido.<\/p>\n<p>Para al\u00e9m do rolamento de oscila\u00e7\u00e3o da escavadora, a Liebherr tamb\u00e9m fornece a engrenagem de giro da escavadora e a engrenagem de oscila\u00e7\u00e3o da escavadora. Estes componentes trabalham em conjunto para assegurar uma rota\u00e7\u00e3o suave e eficiente da estrutura superior da m\u00e1quina, tornando-os pe\u00e7as essenciais de qualquer escavadora Liebherr.<\/p>\n<p>Em conclus\u00e3o, quando se trata de rolamentos de giro para escavadeiras, Liebherr \u00e9 um nome em que se pode confiar. Os seus rolamentos de giro de qualidade para escavadeiras s\u00e3o projetados para suportar as condi\u00e7\u00f5es mais dif\u00edceis, proporcionando alta capacidade de carga, precis\u00e3o e longa vida \u00fatil. Quer se trate de constru\u00e7\u00e3o ou de explora\u00e7\u00e3o mineira, os rolamentos de giro para escavadoras Liebherr s\u00e3o a escolha ideal para um desempenho \u00f3timo da m\u00e1quina.<\/p>\n<p>N\u00f3s podemos fornecer alternativa Swing circle para o seu , CAT,HITACHI, KOMATSU,KOBELCO, HYUNDAI, VOLVO, DOOSAN, DAEWOO, JCB,CASE, SUMITOMO, XCMG.H\u00e1 normal e n\u00e3o padr\u00e3o mais de 1000 centenas de tipos para voc\u00ea escolher.<\/p>\n<figure class=\"wp-block-image size-full is-resized\"><img decoding=\"async\" class=\"wp-image-177\" src=\"https:\/\/national-bearing.com\/wp-content\/uploads\/2023\/04\/0001.jpg\" sizes=\"(max-width: 843px) 100vw, 843px\" srcset=\"https:\/\/national-bearing.com\/wp-content\/uploads\/2023\/04\/0001.jpg 600w, https:\/\/national-bearing.com\/wp-content\/uploads\/2023\/04\/0001-300x200.jpg 300w\" alt=\"\" width=\"515\" height=\"343\" \/><\/figure>","protected":false},"excerpt":{"rendered":"<p><strong>Parte<\/strong> #: 932833001<br \/>\n<strong>Fazer<\/strong>: LIEBHERR<br \/>\n<strong>Modelo<\/strong>:  R944c<br \/>\n<strong>Estado<\/strong>: Novo rolamento de balan\u00e7o<br \/>\n<strong>Mais<\/strong>:R944B,934,R924B<br \/>\nR922, R934, 926, R914<\/p>","protected":false},"featured_media":2338,"template":"","meta":[],"product_brand":[],"product_cat":[22,72],"product_tag":[52],"class_list":{"0":"post-2323","1":"product","2":"type-product","3":"status-publish","4":"has-post-thumbnail","6":"product_cat-swing-bearing","7":"product_cat-liebherr-excavator-swing-bearing","8":"product_tag-swing-bearing","10":"first","11":"instock","12":"shipping-taxable","13":"product-type-simple"},"_links":{"self":[{"href":"https:\/\/swingbearing.net\/pt\/wp-json\/wp\/v2\/product\/2323","targetHints":{"allow":["GET"]}}],"collection":[{"href":"https:\/\/swingbearing.net\/pt\/wp-json\/wp\/v2\/product"}],"about":[{"href":"https:\/\/swingbearing.net\/pt\/wp-json\/wp\/v2\/types\/product"}],"wp:featuredmedia":[{"embeddable":true,"href":"https:\/\/swingbearing.net\/pt\/wp-json\/wp\/v2\/media\/2338"}],"wp:attachment":[{"href":"https:\/\/swingbearing.net\/pt\/wp-json\/wp\/v2\/media?parent=2323"}],"wp:term":[{"taxonomy":"product_brand","embeddable":true,"href":"https:\/\/swingbearing.net\/pt\/wp-json\/wp\/v2\/product_brand?post=2323"},{"taxonomy":"product_cat","embeddable":true,"href":"https:\/\/swingbearing.net\/pt\/wp-json\/wp\/v2\/product_cat?post=2323"},{"taxonomy":"product_tag","embeddable":true,"href":"https:\/\/swingbearing.net\/pt\/wp-json\/wp\/v2\/product_tag?post=2323"}],"curies":[{"name":"wp","href":"https:\/\/api.w.org\/{rel}","templated":true}]}}