{"id":2320,"date":"2024-04-12T06:48:36","date_gmt":"2024-04-12T06:48:36","guid":{"rendered":"https:\/\/swingbearing.net\/?post_type=product&#038;p=2320"},"modified":"2024-06-05T07:23:17","modified_gmt":"2024-06-05T07:23:17","slug":"swing-bearing-volvo-ec330blc-14563350","status":"publish","type":"product","link":"https:\/\/swingbearing.net\/pt\/produto\/swing-bearing-volvo-ec330blc-14563350\/","title":{"rendered":"Rolamento de balan\u00e7o VOLVO"},"content":{"rendered":"<h2 style=\"text-align: center;\">VOLVO Substitui\u00e7\u00e3o do rolamento do baloi\u00e7o<\/h2>\r\n<figure class=\"wp-block-table\" style=\"font-size: 12px;\">\r\n<table>\r\n<tbody>\r\n<tr>\r\n<td>N\u00famero do modelo da escavadora<\/td>\r\n<td>N\u00famero da pe\u00e7a<\/td>\r\n<td>N\u00famero do modelo da escavadora<\/td>\r\n<td>N\u00famero da pe\u00e7a<\/td>\r\n<\/tr>\r\n<tr>\r\n<td>EC160B EC180B\/C\/D<\/td>\r\n<td>14577175<\/td>\r\n<td>EC210LC<\/td>\r\n<td>1155-00061<\/td>\r\n<\/tr>\r\n<tr>\r\n<td>EC160B EC180B\/C\/D<\/td>\r\n<td>14577176<\/td>\r\n<td>EC210LC<\/td>\r\n<td>14563328<\/td>\r\n<\/tr>\r\n<tr>\r\n<td>EC160B EC180B\/C\/D<\/td>\r\n<td>14563341<\/td>\r\n<td>EC240BLC<\/td>\r\n<td>14575267<\/td>\r\n<\/tr>\r\n<tr>\r\n<td>EC160B EC180B\/C\/D<\/td>\r\n<td>14563342<\/td>\r\n<td>EC240BLC<\/td>\r\n<td>14563334<\/td>\r\n<\/tr>\r\n<tr>\r\n<td>EC140 CLM<\/td>\r\n<td>14563340<\/td>\r\n<td>EC240BLC<\/td>\r\n<td>SA1155-00040<\/td>\r\n<\/tr>\r\n<tr>\r\n<td>EC140B LC<\/td>\r\n<td>S\u00e9rie-V20400<\/td>\r\n<td>EC240BNLC<\/td>\r\n<td>14520572<\/td>\r\n<\/tr>\r\n<tr>\r\n<td>EC140CL<\/td>\r\n<td>SA1055-01461<\/td>\r\n<td>EC290<\/td>\r\n<td>14570794<\/td>\r\n<\/tr>\r\n<tr>\r\n<td>EC140CL<\/td>\r\n<td>VOE14520561<\/td>\r\n<td>EC290BLC<\/td>\r\n<td>14563335<\/td>\r\n<\/tr>\r\n<tr>\r\n<td>EC180B LC<\/td>\r\n<td>VOE14520569<\/td>\r\n<td>EC290B<\/td>\r\n<td>14563335<\/td>\r\n<\/tr>\r\n<tr>\r\n<td>EC210<\/td>\r\n<td>SA1155-00061<\/td>\r\n<td>EC290B<\/td>\r\n<td>14520573<\/td>\r\n<\/tr>\r\n<tr>\r\n<td>EC210BLC<\/td>\r\n<td>14563343<\/td>\r\n<td>EX300-3C<\/td>\r\n<td>9112188<\/td>\r\n<\/tr>\r\n<tr>\r\n<td>EC210BLC<\/td>\r\n<td>14647522<\/td>\r\n<td>EC360BLC<\/td>\r\n<td>14563350<\/td>\r\n<\/tr>\r\n<tr>\r\n<td>EC210 2005<\/td>\r\n<td>EC210V13948<\/td>\r\n<td>EC390<\/td>\r\n<td>14647527<\/td>\r\n<\/tr>\r\n<tr>\r\n<td>EC210B<\/td>\r\n<td>14563327<\/td>\r\n<td>EC460BLC<\/td>\r\n<td>14507709<\/td>\r\n<\/tr>\r\n<tr>\r\n<td>EC210B<\/td>\r\n<td>14505766<\/td>\r\n<td>EC460<\/td>\r\n<td>14559204<\/td>\r\n<\/tr>\r\n<tr>\r\n<td>EC210BLC<\/td>\r\n<td>14577178<\/td>\r\n<td>EC480DL<\/td>\r\n<td>14559204<\/td>\r\n<\/tr>\r\n<tr>\r\n<td>EC210<\/td>\r\n<td>14647523<\/td>\r\n<td>EC700BLC<\/td>\r\n<td>14559205<\/td>\r\n<\/tr>\r\n<tr>\r\n<td>EC210BNC<\/td>\r\n<td>14530323<\/td>\r\n<td>\u00a0<\/td>\r\n<td>\u00a0<\/td>\r\n<\/tr>\r\n<\/tbody>\r\n<\/table>\r\n<p><img decoding=\"async\" class=\"alignnone wp-image-2788 size-full\" src=\"https:\/\/swingbearing.net\/wp-content\/uploads\/2024\/05\/777.jpg\" alt=\"rolamentos de anel girat\u00f3rio\" width=\"1980\" height=\"700\" srcset=\"https:\/\/swingbearing.net\/wp-content\/uploads\/2024\/05\/777.jpg 1980w, https:\/\/swingbearing.net\/wp-content\/uploads\/2024\/05\/777-300x106.jpg 300w, https:\/\/swingbearing.net\/wp-content\/uploads\/2024\/05\/777-1024x362.jpg 1024w, https:\/\/swingbearing.net\/wp-content\/uploads\/2024\/05\/777-768x272.jpg 768w, https:\/\/swingbearing.net\/wp-content\/uploads\/2024\/05\/777-1536x543.jpg 1536w, https:\/\/swingbearing.net\/wp-content\/uploads\/2024\/05\/777-18x6.jpg 18w, https:\/\/swingbearing.net\/wp-content\/uploads\/2024\/05\/777-600x212.jpg 600w\" sizes=\"(max-width: 1980px) 100vw, 1980px\" \/><\/p>\r\n<p><img decoding=\"async\" class=\"alignnone wp-image-2754 size-full\" src=\"https:\/\/swingbearing.net\/wp-content\/uploads\/2024\/05\/\u672a\u6807\u9898-3_03-e1715445132148.jpg\" alt=\"Rolamento de balan\u00e7o da escavadora\" width=\"1970\" height=\"590\" srcset=\"https:\/\/swingbearing.net\/wp-content\/uploads\/2024\/05\/\u672a\u6807\u9898-3_03-e1715445132148.jpg 1970w, https:\/\/swingbearing.net\/wp-content\/uploads\/2024\/05\/\u672a\u6807\u9898-3_03-e1715445132148-300x90.jpg 300w, https:\/\/swingbearing.net\/wp-content\/uploads\/2024\/05\/\u672a\u6807\u9898-3_03-e1715445132148-1024x307.jpg 1024w, https:\/\/swingbearing.net\/wp-content\/uploads\/2024\/05\/\u672a\u6807\u9898-3_03-e1715445132148-768x230.jpg 768w, https:\/\/swingbearing.net\/wp-content\/uploads\/2024\/05\/\u672a\u6807\u9898-3_03-e1715445132148-1536x460.jpg 1536w, https:\/\/swingbearing.net\/wp-content\/uploads\/2024\/05\/\u672a\u6807\u9898-3_03-e1715445132148-18x5.jpg 18w, https:\/\/swingbearing.net\/wp-content\/uploads\/2024\/05\/\u672a\u6807\u9898-3_03-e1715445132148-600x180.jpg 600w\" sizes=\"(max-width: 1970px) 100vw, 1970px\" \/><\/p>\r\n<\/figure>\r\n\r\n<p><\/p>\r\n<h3 class=\"wp-block-heading\"><\/h3>\r\n<p>As escavadoras s\u00e3o essenciais na constru\u00e7\u00e3o, explora\u00e7\u00e3o mineira e silvicultura. Um componente chave que assegura o seu funcionamento eficiente \u00e9 o rolamento de oscila\u00e7\u00e3o. Este artigo explora a import\u00e2ncia, a estrutura, os tipos, a manuten\u00e7\u00e3o e os problemas comuns dos rolamentos de oscila\u00e7\u00e3o das escavadoras.<\/p>\r\n<h3 class=\"wp-block-heading\">\r\n\r\n<\/h3>\r\n<h2 class=\"wp-block-heading\">Compreender os rolamentos de balan\u00e7o da escavadora<\/h2>\r\n<h3 class=\"wp-block-heading\">\r\n\r\n<\/h3>\r\n<p>An excavator swing bearing, also known as a slewing ring, slewing bearing,allows the upper structure to rotate 360 degrees. This rotation is crucial for digging, moving, and unloading materials. The bearing supports axial, radial, and moment loads, making it vital for the machine\u2019s flexibility.<\/p>\r\n<h3 class=\"wp-block-heading\">\r\n\r\n<\/h3>\r\n<h2 class=\"wp-block-heading\">Estrutura de uma chumaceira de balan\u00e7o de escavadora<\/h2>\r\n<h3 class=\"wp-block-heading\">\r\n\r\n<\/h3>\r\n<p>Um rolamento de giro de escavadora \u00e9 composto por:<\/p>\r\n<h3 class=\"wp-block-heading\">\r\n\r\n<\/h3>\r\n<ul class=\"wp-block-list\">\r\n<li>An\u00e9is interiores e exteriores: Fabricados em a\u00e7o de alta resist\u00eancia para suportar cargas pesadas.<\/li>\r\n\r\n\r\n\r\n<li>Elementos de rolamento: Esferas ou rolos que facilitam uma rota\u00e7\u00e3o suave.<\/li>\r\n\r\n\r\n\r\n<li>Gaiolas: Manter os elementos rolantes uniformemente espa\u00e7ados.<\/li>\r\n\r\n\r\n\r\n<li>Vedantes: Proteger a chumaceira da sujidade, \u00e1gua e detritos.<\/li>\r\n<\/ul>\r\n<h3 class=\"wp-block-heading\">\r\n\r\n<\/h3>\r\n<h2 class=\"wp-block-heading\">Tipos de rolamentos de roda livre para escavadoras<\/h2>\r\n<h3 class=\"wp-block-heading\">\r\n\r\n<\/h3>\r\n<h4 class=\"wp-block-heading\">As chumaceiras de rolamento existem em v\u00e1rios modelos:<\/h4>\r\n<h3 class=\"wp-block-heading\">\r\n\r\n<\/h3>\r\n<ul class=\"wp-block-list\">\r\n<li>Rolamentos de esferas de uma fila: Equilibram a capacidade de carga e a velocidade de rota\u00e7\u00e3o.<\/li>\r\n\r\n\r\n\r\n<li>Rolamentos de esferas de duas carreiras: Proporcionam capacidades de carga mais elevadas para escavadoras maiores.<\/li>\r\n\r\n\r\n\r\n<li>Rolamentos de rolos cruzados: Suportam cargas axiais e radiais pesadas em simult\u00e2neo.<\/li>\r\n\r\n\r\n\r\n<li>Rolamentos de rolos de tr\u00eas carreiras: Oferecem uma capacidade de carga m\u00e1xima para escavadoras robustas.<\/li>\r\n<\/ul>\r\n<h3 class=\"wp-block-heading\">\r\n\r\n<\/h3>\r\n<h2 class=\"wp-block-heading\">Import\u00e2ncia dos rolamentos de giro nas escavadeiras<\/h2>\r\n<h3 class=\"wp-block-heading\">\r\n\r\n<\/h3>\r\n<p>Os rolamentos de roda livre asseguram uma distribui\u00e7\u00e3o uniforme da carga, mantendo a integridade estrutural da escavadora. Permitem uma rota\u00e7\u00e3o de 360 graus, melhorando a efici\u00eancia operacional em espa\u00e7os confinados. A sua durabilidade reduz o tempo de inatividade e os custos de manuten\u00e7\u00e3o.<\/p>\r\n<h3 class=\"wp-block-heading\">\r\n\r\n<\/h3>\r\n<h2 class=\"wp-block-heading\">Manuten\u00e7\u00e3o das chumaceiras de roda livre das escavadoras<\/h2>\r\n<h3 class=\"wp-block-heading\">\r\n\r\n<\/h3>\r\n<h4 class=\"wp-block-heading\">A manuten\u00e7\u00e3o adequada inclui:<\/h4>\r\n<h3 class=\"wp-block-heading\">\r\n\r\n<\/h3>\r\n<ul class=\"wp-block-list\">\r\n<li>Inspec\u00e7\u00f5es regulares: Verificar se h\u00e1 desgaste, corros\u00e3o ou danos.<\/li>\r\n\r\n\r\n\r\n<li>Lubrifica\u00e7\u00e3o: Reduzir a fric\u00e7\u00e3o e evitar o desgaste.<\/li>\r\n\r\n\r\n\r\n<li>Integridade do selo: Assegurar que os selos est\u00e3o intactos para evitar a contamina\u00e7\u00e3o.<\/li>\r\n\r\n\r\n\r\n<li>Gest\u00e3o da carga: Evitar sobrecarregar a escavadora.<\/li>\r\n\r\n\r\n\r\n<li>Alinhamento: Assegurar um alinhamento correto para evitar um desgaste irregular.<\/li>\r\n<\/ul>\r\n<h3 class=\"wp-block-heading\">\r\n\r\n<\/h3>\r\n<h3 class=\"wp-block-heading\">Problemas comuns com rolamentos de balan\u00e7o<\/h3>\r\n<h3 class=\"wp-block-heading\">\r\n\r\n<\/h3>\r\n<p>Os problemas mais comuns incluem:<\/p>\r\n<h3 class=\"wp-block-heading\">\r\n\r\n<\/h3>\r\n<ul class=\"wp-block-list\">\r\n<li>Desgaste: Causado por funcionamento cont\u00ednuo e cargas pesadas.<\/li>\r\n\r\n\r\n\r\n<li>Contamina\u00e7\u00e3o: Sujidade, \u00e1gua e detritos que entram no rolamento.<\/li>\r\n\r\n\r\n\r\n<li>Corros\u00e3o: Devido \u00e0 humidade e a condi\u00e7\u00f5es adversas.<\/li>\r\n\r\n\r\n\r\n<li>Desalinhamento: Resultante de uma instala\u00e7\u00e3o incorrecta ou de problemas estruturais.<\/li>\r\n<\/ul>\r\n<h3 class=\"wp-block-heading\">\r\n\r\n<\/h3>\r\n<h2 class=\"wp-block-heading\">Conclus\u00e3o<\/h2>\r\n<h3 class=\"wp-block-heading\">\r\n\r\n<\/h3>\r\n<p><a href=\"https:\/\/swingbearing.net\/pt\/excavator-swing-bearing\/\">Rolamentos de balan\u00e7o de escavadoras<\/a> s\u00e3o cruciais para a funcionalidade e efici\u00eancia das escavadoras. Compreender a sua estrutura, tipos, import\u00e2ncia, manuten\u00e7\u00e3o e problemas comuns \u00e9 essencial para um desempenho \u00f3timo. A manuten\u00e7\u00e3o adequada e a resolu\u00e7\u00e3o atempada de problemas podem prolongar a vida \u00fatil e a fiabilidade destes rolamentos, aumentando a produtividade.<\/p>\r\n<h3 class=\"wp-block-heading\">\u00a0<\/h3>\r\n<p><\/p>","protected":false},"excerpt":{"rendered":"<p><strong>Parte<\/strong> #: 14563350 <strong>Fazer<\/strong>: VOLVO <strong>Modelo<\/strong>: EC330B LC <strong>Estado<\/strong>: Novo rolamento de balan\u00e7o <strong>Mais<\/strong>:EC700BLC,EC480DL EC460BLC,EC360BLC,EC290B<\/p>","protected":false},"featured_media":2337,"template":"","meta":[],"product_brand":[],"product_cat":[22,68],"product_tag":[52],"class_list":{"0":"post-2320","1":"product","2":"type-product","3":"status-publish","4":"has-post-thumbnail","6":"product_cat-swing-bearing","7":"product_cat-volvo-excavator-swing-bearing","8":"product_tag-swing-bearing","10":"first","11":"instock","12":"shipping-taxable","13":"product-type-simple"},"_links":{"self":[{"href":"https:\/\/swingbearing.net\/pt\/wp-json\/wp\/v2\/product\/2320","targetHints":{"allow":["GET"]}}],"collection":[{"href":"https:\/\/swingbearing.net\/pt\/wp-json\/wp\/v2\/product"}],"about":[{"href":"https:\/\/swingbearing.net\/pt\/wp-json\/wp\/v2\/types\/product"}],"wp:featuredmedia":[{"embeddable":true,"href":"https:\/\/swingbearing.net\/pt\/wp-json\/wp\/v2\/media\/2337"}],"wp:attachment":[{"href":"https:\/\/swingbearing.net\/pt\/wp-json\/wp\/v2\/media?parent=2320"}],"wp:term":[{"taxonomy":"product_brand","embeddable":true,"href":"https:\/\/swingbearing.net\/pt\/wp-json\/wp\/v2\/product_brand?post=2320"},{"taxonomy":"product_cat","embeddable":true,"href":"https:\/\/swingbearing.net\/pt\/wp-json\/wp\/v2\/product_cat?post=2320"},{"taxonomy":"product_tag","embeddable":true,"href":"https:\/\/swingbearing.net\/pt\/wp-json\/wp\/v2\/product_tag?post=2320"}],"curies":[{"name":"wp","href":"https:\/\/api.w.org\/{rel}","templated":true}]}}