{"id":579,"date":"2023-09-27T05:49:33","date_gmt":"2023-09-27T05:49:33","guid":{"rendered":"https:\/\/swingbearing.net\/?post_type=product&#038;p=579"},"modified":"2024-05-15T06:39:37","modified_gmt":"2024-05-15T06:39:37","slug":"swing-bearing-sumitomo","status":"publish","type":"product","link":"https:\/\/swingbearing.net\/pl\/produkt\/lozysko-wahliwe-sumitomo\/","title":{"rendered":"\u0141o\u017cysko wahliwe SUMITOMO"},"content":{"rendered":"<h2 class=\"has-text-align-center\" style=\"text-align: center;\">Parametry \u0142o\u017cyska wahliwego SUMITOMO<\/h2>\n<figure class=\"wp-block-table is-style-stripes has-small-font-size\">\n<table class=\"has-cyan-bluish-gray-background-color has-background\">\n<tbody>\n<tr>\n<td>\u015arednica zewn\u0119trzna Da<\/td>\n<td>\u015arednica wewn\u0119trzna Di<\/td>\n<td>Wysoko\u015b\u0107 monta\u017cu H<\/td>\n<td>Oznaczenie<\/td>\n<\/tr>\n<tr>\n<td>615<\/td>\n<td>451<\/td>\n<td>53<\/td>\n<td>SH50<\/td>\n<\/tr>\n<tr>\n<td>766<\/td>\n<td>560<\/td>\n<td>97<\/td>\n<td>SH60-1<\/td>\n<\/tr>\n<tr>\n<td>1169<\/td>\n<td>971<\/td>\n<td>75<\/td>\n<td>SH120A1<\/td>\n<\/tr>\n<tr>\n<td>1171<\/td>\n<td>973<\/td>\n<td>88<\/td>\n<td>SH120A2<\/td>\n<\/tr>\n<tr>\n<td>1171<\/td>\n<td>973<\/td>\n<td>78<\/td>\n<td>SH120A3<\/td>\n<\/tr>\n<tr>\n<td>1171<\/td>\n<td>973<\/td>\n<td>88<\/td>\n<td>SH120-1<\/td>\n<\/tr>\n<tr>\n<td>1171<\/td>\n<td>973<\/td>\n<td>88<\/td>\n<td>SH120-2<\/td>\n<\/tr>\n<tr>\n<td>1171<\/td>\n<td>973<\/td>\n<td>84<\/td>\n<td>SH265<\/td>\n<\/tr>\n<tr>\n<td>1171<\/td>\n<td>973<\/td>\n<td>84<\/td>\n<td>SH260<\/td>\n<\/tr>\n<tr>\n<td>1330<\/td>\n<td>1093<\/td>\n<td>102<\/td>\n<td>SH200A1a<\/td>\n<\/tr>\n<tr>\n<td>1330<\/td>\n<td>1093<\/td>\n<td>102<\/td>\n<td>SH200A1b<\/td>\n<\/tr>\n<tr>\n<td>1330<\/td>\n<td>1093<\/td>\n<td>102<\/td>\n<td>SH200A2<\/td>\n<\/tr>\n<tr>\n<td>1330<\/td>\n<td>1093<\/td>\n<td>102.5<\/td>\n<td>SH200A3<\/td>\n<\/tr>\n<tr>\n<td>1330<\/td>\n<td>1093<\/td>\n<td>102<\/td>\n<td>SH200C2<\/td>\n<\/tr>\n<tr>\n<td>1330<\/td>\n<td>1093<\/td>\n<td>102<\/td>\n<td>SH200C3<\/td>\n<\/tr>\n<tr>\n<td>1330<\/td>\n<td>1093<\/td>\n<td>102<\/td>\n<td>SH200Z3<\/td>\n<\/tr>\n<tr>\n<td>1375<\/td>\n<td>1095<\/td>\n<td>123<\/td>\n<td>SH220-2<\/td>\n<\/tr>\n<tr>\n<td>1330<\/td>\n<td>1084<\/td>\n<td>103<\/td>\n<td>210-5<\/td>\n<\/tr>\n<tr>\n<td>1330<\/td>\n<td>1084<\/td>\n<td>103<\/td>\n<td>210-5<\/td>\n<\/tr>\n<tr>\n<td>1375<\/td>\n<td>1094<\/td>\n<td>121<\/td>\n<td>SH220-3<\/td>\n<\/tr>\n<tr>\n<td>1329<\/td>\n<td>1093<\/td>\n<td>103<\/td>\n<td>SH225<\/td>\n<\/tr>\n<tr>\n<td>1376<\/td>\n<td>1092<\/td>\n<td>123<\/td>\n<td>SH240-3<\/td>\n<\/tr>\n<tr>\n<td>1377<\/td>\n<td>1094<\/td>\n<td>123<\/td>\n<td>SH240-5<\/td>\n<\/tr>\n<tr>\n<td>1330<\/td>\n<td>1082<\/td>\n<td>99<\/td>\n<td>SH280<\/td>\n<\/tr>\n<tr>\n<td>1510<\/td>\n<td>1193<\/td>\n<td>135<\/td>\n<td>SH350<\/td>\n<\/tr>\n<tr>\n<td>1463<\/td>\n<td>1191<\/td>\n<td>135<\/td>\n<td>SH430<\/td>\n<\/tr>\n<\/tbody>\n<\/table>\n<\/figure>\n<p>Je\u015bli szukasz wysokiej jako\u015bci \u0142o\u017cysk wahliwych do swojej koparki, nie szukaj dalej ni\u017c SUMITOMO. Ich \u0142o\u017cyska wahliwe do koparek s\u0105 projektowane i produkowane zgodnie z najwy\u017cszymi standardami, zapewniaj\u0105c niezawodne i d\u0142ugotrwa\u0142e dzia\u0142anie nawet w najbardziej wymagaj\u0105cych zastosowaniach.<\/p>\n<p>SUMITOMO oferuje szerok\u0105 gam\u0119 \u0142o\u017cysk wahliwych do koparek pasuj\u0105cych do r\u00f3\u017cnych modeli, w tym SH55, SH60, SH75, SH50, SH100, SH120, SH125, SH135, SH140, SH145, SH200, SH200-3-5, SH220-2-3, SH240, SH225, SH260, SH265, SH280, SH300, SH340, SH350, SH400, SH430, SH450, SH40T, SH60-1, SH100A1, SH120, SH120A1, SH120A2, SH120A3, SH200A1, SH200A3, SH210A3, SH210A5, SH220-2, SH220-3, SH225, SH260, SH265, SH240-5, SH340, SH300A2 i SH350.<\/p>\n<p>Te \u0142o\u017cyska obrotowe koparek s\u0105 produkowane przy u\u017cyciu wysokiej jako\u015bci materia\u0142\u00f3w i precyzyjnych technik in\u017cynieryjnych, zapewniaj\u0105c doskona\u0142\u0105 wydajno\u015b\u0107 i trwa\u0142o\u015b\u0107. \u0141o\u017cysko obrotnicy jest jednym z najbardziej krytycznych element\u00f3w koparki, a \u0142o\u017cyska obrotowe SUMITOMO s\u0105 zaprojektowane tak, aby wytrzyma\u0107 rygory ci\u0119\u017ckich zastosowa\u0144.<br \/>\nJedn\u0105 z g\u0142\u00f3wnych zalet \u0142o\u017cysk wahliwych do koparek SUMITOMO jest ich doskona\u0142a no\u015bno\u015b\u0107. \u0141o\u017cyska zosta\u0142y zaprojektowane do przenoszenia du\u017cych obci\u0105\u017ce\u0144 osiowych i promieniowych, dzi\u0119ki czemu idealnie nadaj\u0105 si\u0119 do wymagaj\u0105cych zastosowa\u0144. Ponadto \u0142o\u017cyska s\u0105 zaprojektowane do pracy z du\u017cymi pr\u0119dko\u015bciami, co pozwala na skr\u00f3cenie czasu cyklu i zwi\u0119kszenie produktywno\u015bci.<\/p>\n<p>Kolejn\u0105 kluczow\u0105 zalet\u0105 \u0142o\u017cysk wahliwych koparek SUMITOMO jest ich niskie tarcie i wysoka precyzja. Cechy te pomagaj\u0105 zminimalizowa\u0107 zu\u017cycie \u0142o\u017cysk, zmniejszaj\u0105c koszty konserwacji i wyd\u0142u\u017caj\u0105c \u017cywotno\u015b\u0107 \u0142o\u017cyska. Podsumowuj\u0105c, je\u015bli szukasz niezawodnego i wysokiej jako\u015bci \u0142o\u017cyska obrotowego do koparki, SUMITOMO jest doskona\u0142ym wyborem. Ich produkty zosta\u0142y zaprojektowane tak, aby sprosta\u0107 wymaganiom ci\u0119\u017ckich zastosowa\u0144 i oferuj\u0105 doskona\u0142\u0105 no\u015bno\u015b\u0107, niskie tarcie i wysok\u0105 precyzj\u0119. Tak wi\u0119c, niezale\u017cnie od tego, czy pracujesz w budownictwie, g\u00f3rnictwie, czy w jakimkolwiek innym przemy\u015ble ci\u0119\u017ckim, \u0142o\u017cyska obrotowe koparek SUMITOMO mog\u0105 pom\u00f3c Ci wykona\u0107 prac\u0119 wydajnie i niezawodnie.<\/p>\n<p>Mo\u017cemy dostarczy\u0107 alternatywne \u0142o\u017cyska wahliwe dla\u00a0 <a href=\"https:\/\/national-bearing.com\/excavator-swing-bearings-slewing-rings-cat\/\" target=\"_blank\" rel=\"noopener\">CAT<\/a>HITACHI, KOMATSU, KOBELCO, HYUNDAI, VOLVO, DOOSAN, DAEWOO, JCB, CASE, SUMITOMO, KATO. Do wyboru s\u0105 normalne i niestandardowe ponad 1000 setek typ\u00f3w.<\/p>\n<figure class=\"wp-block-table aligncenter\"><\/figure>","protected":false},"excerpt":{"rendered":"<p>\u0141o\u017cysko wahliwe SUMITOMO<br \/>\nModel: SH430, SH350,SH280<br \/>\nSH265, SH240-5, SH240-3, SH225<\/p>","protected":false},"featured_media":136,"template":"","meta":[],"product_brand":[],"product_cat":[22,58],"product_tag":[],"class_list":{"0":"post-579","1":"product","2":"type-product","3":"status-publish","4":"has-post-thumbnail","6":"product_cat-swing-bearing","7":"product_cat-cat-excavator-swing-bearing","9":"first","10":"instock","11":"shipping-taxable","12":"product-type-simple"},"_links":{"self":[{"href":"https:\/\/swingbearing.net\/pl\/wp-json\/wp\/v2\/product\/579","targetHints":{"allow":["GET"]}}],"collection":[{"href":"https:\/\/swingbearing.net\/pl\/wp-json\/wp\/v2\/product"}],"about":[{"href":"https:\/\/swingbearing.net\/pl\/wp-json\/wp\/v2\/types\/product"}],"wp:featuredmedia":[{"embeddable":true,"href":"https:\/\/swingbearing.net\/pl\/wp-json\/wp\/v2\/media\/136"}],"wp:attachment":[{"href":"https:\/\/swingbearing.net\/pl\/wp-json\/wp\/v2\/media?parent=579"}],"wp:term":[{"taxonomy":"product_brand","embeddable":true,"href":"https:\/\/swingbearing.net\/pl\/wp-json\/wp\/v2\/product_brand?post=579"},{"taxonomy":"product_cat","embeddable":true,"href":"https:\/\/swingbearing.net\/pl\/wp-json\/wp\/v2\/product_cat?post=579"},{"taxonomy":"product_tag","embeddable":true,"href":"https:\/\/swingbearing.net\/pl\/wp-json\/wp\/v2\/product_tag?post=579"}],"curies":[{"name":"wp","href":"https:\/\/api.w.org\/{rel}","templated":true}]}}