{"id":577,"date":"2023-09-27T05:44:31","date_gmt":"2023-09-27T05:44:31","guid":{"rendered":"https:\/\/swingbearing.net\/?post_type=product&#038;p=577"},"modified":"2024-05-15T06:41:28","modified_gmt":"2024-05-15T06:41:28","slug":"swing-bearing-yuchai","status":"publish","type":"product","link":"https:\/\/swingbearing.net\/pl\/produkt\/swing-bearing-yuchai\/","title":{"rendered":"\u0141o\u017cysko wahliwe YUCHAI"},"content":{"rendered":"<h4 style=\"text-align: center;\">Parametry \u0142o\u017cysk wahliwych HITACHI<\/h4>\n<figure class=\"wp-block-table is-style-stripes has-small-font-size\">\n<table class=\"has-cyan-bluish-gray-background-color has-background\">\n<tbody>\n<tr>\n<td>\u015arednica zewn\u0119trzna (Da)<\/td>\n<td>\u015arednica wewn\u0119trzna (Di)<\/td>\n<td>Wysoko\u015b\u0107 monta\u017cu (H)<\/td>\n<td>Oznaczenie<\/td>\n<\/tr>\n<tr>\n<td>545<\/td>\n<td>380<\/td>\n<td>50<\/td>\n<td>YC13<\/td>\n<\/tr>\n<tr>\n<td>573<\/td>\n<td>380<\/td>\n<td>55<\/td>\n<td>YC15<\/td>\n<\/tr>\n<tr>\n<td>573<\/td>\n<td>380<\/td>\n<td>55<\/td>\n<td>YC18-3<\/td>\n<\/tr>\n<tr>\n<td>573<\/td>\n<td>380<\/td>\n<td>55<\/td>\n<td>YC20<\/td>\n<\/tr>\n<tr>\n<td>640<\/td>\n<td>473<\/td>\n<td>55<\/td>\n<td>YC35<\/td>\n<\/tr>\n<tr>\n<td>640<\/td>\n<td>471<\/td>\n<td>55<\/td>\n<td>YC35<\/td>\n<\/tr>\n<tr>\n<td>800<\/td>\n<td>590<\/td>\n<td>70<\/td>\n<td>YC55<\/td>\n<\/tr>\n<tr>\n<td>800<\/td>\n<td>590<\/td>\n<td>70<\/td>\n<td>YC60(86Z)<\/td>\n<\/tr>\n<tr>\n<td>812<\/td>\n<td>623<\/td>\n<td>75<\/td>\n<td>YC6-5T(90Z)<\/td>\n<\/tr>\n<tr>\n<td>811<\/td>\n<td>621<\/td>\n<td>75<\/td>\n<td>YC65-2<\/td>\n<\/tr>\n<tr>\n<td>922<\/td>\n<td>635<\/td>\n<td>104<\/td>\n<td>YC85<\/td>\n<\/tr>\n<tr>\n<td>922<\/td>\n<td>635<\/td>\n<td>104<\/td>\n<td>YC85-3<\/td>\n<\/tr>\n<tr>\n<td>922<\/td>\n<td>635<\/td>\n<td>104<\/td>\n<td>YC85-5<\/td>\n<\/tr>\n<tr>\n<td>922<\/td>\n<td>635<\/td>\n<td>104<\/td>\n<td>YC85-6<\/td>\n<\/tr>\n<tr>\n<td>922<\/td>\n<td>635<\/td>\n<td>104<\/td>\n<td>YC85-7<\/td>\n<\/tr>\n<tr>\n<td>1195<\/td>\n<td>963<\/td>\n<td>85<\/td>\n<td>YC135,10T<\/td>\n<\/tr>\n<tr>\n<td>1323<\/td>\n<td>1071<\/td>\n<td>104<\/td>\n<td>YC210-8<\/td>\n<\/tr>\n<tr>\n<td>1327<\/td>\n<td>1083<\/td>\n<td>110<\/td>\n<td>YC230-8<\/td>\n<\/tr>\n<tr>\n<td>1534<\/td>\n<td>1238<\/td>\n<td>125<\/td>\n<td>YC350<\/td>\n<\/tr>\n<tr>\n<td>1327<\/td>\n<td>1083<\/td>\n<td>110<\/td>\n<td>YC225<\/td>\n<\/tr>\n<tr>\n<td>1534<\/td>\n<td>1238<\/td>\n<td>125<\/td>\n<td>YC400-8<\/td>\n<\/tr>\n<\/tbody>\n<\/table>\n<\/figure>\n<p>Szukasz wysokiej jako\u015bci \u0142o\u017cysk wahliwych do koparek? Nie szukaj dalej ni\u017c Yuchai! Dzi\u0119ki naszej zaawansowanej technologii i bogatemu do\u015bwiadczeniu w tej dziedzinie, z dum\u0105 oferujemy szerok\u0105 gam\u0119 najwy\u017cszej jako\u015bci \u0142o\u017cysk obrotowych do koparek wszystkich rozmiar\u00f3w i modeli.<br \/>\nNasze \u0142o\u017cyska obrotowe s\u0105 produkowane przy u\u017cyciu wy\u0142\u0105cznie najwy\u017cszej jako\u015bci materia\u0142\u00f3w i metod produkcji, aby zapewni\u0107 d\u0142ugotrwa\u0142\u0105 wydajno\u015b\u0107 i niezawodno\u015b\u0107. Niezale\u017cnie od tego, czy potrzebujesz \u0142o\u017cyska obrotowego do modeli koparek YC13, YC18, YC18-3, YC35, YC45, YC55, YC65, YC65-2, YC85, YC85-3, YC135, YC225LC lub YC230, mamy idealne rozwi\u0105zanie dla Twoich potrzeb.<\/p>\n<p>Nasze \u0142o\u017cyska wahliwe s\u0105 zaprojektowane tak, aby wytrzyma\u0107 najtrudniejsze warunki pracy, zapewniaj\u0105c optymaln\u0105 wydajno\u015b\u0107 i trwa\u0142o\u015b\u0107. Oferujemy szerok\u0105 gam\u0119 rozmiar\u00f3w i konfiguracji pasuj\u0105cych do wszystkich typ\u00f3w koparek, od ma\u0142ych i kompaktowych po du\u017ce i ci\u0119\u017ckie.<br \/>\nNasza oferta \u0142o\u017cysk obrotowych do koparek obejmuje \u0142o\u017cyska wie\u0144ca obrotu, \u0142o\u017cyska obrotnicy, \u0142o\u017cyska wie\u0144ca obrotu, <a href=\"https:\/\/swingbearing.net\/pl\/gear-box-parts\/\">cz\u0119\u015bci do koparek<\/a> \u0142o\u017cyska wahliwe i nie tylko. Bez wzgl\u0119du na to, jakie s\u0105 Twoje potrzeby, mamy idealne rozwi\u0105zanie, aby je spe\u0142ni\u0107.<\/p>\n<p>W Yuchai dok\u0142adamy wszelkich stara\u0144, aby zapewni\u0107 naszym klientom produkty najwy\u017cszej jako\u015bci i najlepsz\u0105 mo\u017cliw\u0105 obs\u0142ug\u0119. Nasz zesp\u00f3\u0142 ekspert\u00f3w jest zawsze pod r\u0119k\u0105, aby odpowiedzie\u0107 na wszelkie pytania i pom\u00f3c w znalezieniu idealnego rozwi\u0105zania dla potrzeb koparki.<\/p>\n<p>Dlaczego wi\u0119c czeka\u0107? Skontaktuj si\u0119 z nami ju\u017c dzi\u015b, aby dowiedzie\u0107 si\u0119 wi\u0119cej o naszej ofercie \u0142o\u017cysk obrotowych do koparek i dowiedzie\u0107 si\u0119, w jaki spos\u00f3b mo\u017cemy pom\u00f3c Ci przenie\u015b\u0107 wydajno\u015b\u0107 Twojej koparki na wy\u017cszy poziom. Zapraszamy do wsp\u00f3\u0142pracy!<\/p>\n<p>Mo\u017cemy zapewni\u0107 alternatywne ko\u0142o wahad\u0142owe dla CAT, HITACHI, KOMATSU, KOBELCO, HYUNDAI, VOLVO, DOOSAN, DAEWOO, JCB, CASE, SUMITOMO, KATO. Istniej\u0105 normalne i niestandardowe ponad 1000 setek typ\u00f3w do wyboru.<\/p>\n<figure class=\"wp-block-image size-full is-resized\"><a href=\"https:\/\/swingbearing.net\/pl\/swing-bearing\/\"><img decoding=\"async\" class=\"alignnone wp-image-177\" src=\"https:\/\/national-bearing.com\/wp-content\/uploads\/2023\/04\/0001.jpg\" sizes=\"(max-width: 843px) 100vw, 843px\" srcset=\"https:\/\/national-bearing.com\/wp-content\/uploads\/2023\/04\/0001.jpg 600w, https:\/\/national-bearing.com\/wp-content\/uploads\/2023\/04\/0001-300x200.jpg 300w\" alt=\"\" width=\"462\" height=\"308\" \/><\/a><\/figure>","protected":false},"excerpt":{"rendered":"<p>\u0141o\u017cysko wahliwe YUCHAI<br \/>\nModel:YC400-8,YC225,YC230-8<br \/>\nYC350,YC210-8,YC85-7,YC85-5<\/p>","protected":false},"featured_media":136,"template":"","meta":[],"product_brand":[],"product_cat":[22],"product_tag":[],"class_list":{"0":"post-577","1":"product","2":"type-product","3":"status-publish","4":"has-post-thumbnail","6":"product_cat-swing-bearing","8":"first","9":"instock","10":"shipping-taxable","11":"product-type-simple"},"_links":{"self":[{"href":"https:\/\/swingbearing.net\/pl\/wp-json\/wp\/v2\/product\/577","targetHints":{"allow":["GET"]}}],"collection":[{"href":"https:\/\/swingbearing.net\/pl\/wp-json\/wp\/v2\/product"}],"about":[{"href":"https:\/\/swingbearing.net\/pl\/wp-json\/wp\/v2\/types\/product"}],"wp:featuredmedia":[{"embeddable":true,"href":"https:\/\/swingbearing.net\/pl\/wp-json\/wp\/v2\/media\/136"}],"wp:attachment":[{"href":"https:\/\/swingbearing.net\/pl\/wp-json\/wp\/v2\/media?parent=577"}],"wp:term":[{"taxonomy":"product_brand","embeddable":true,"href":"https:\/\/swingbearing.net\/pl\/wp-json\/wp\/v2\/product_brand?post=577"},{"taxonomy":"product_cat","embeddable":true,"href":"https:\/\/swingbearing.net\/pl\/wp-json\/wp\/v2\/product_cat?post=577"},{"taxonomy":"product_tag","embeddable":true,"href":"https:\/\/swingbearing.net\/pl\/wp-json\/wp\/v2\/product_tag?post=577"}],"curies":[{"name":"wp","href":"https:\/\/api.w.org\/{rel}","templated":true}]}}