{"id":575,"date":"2023-09-27T05:22:14","date_gmt":"2023-09-27T05:22:14","guid":{"rendered":"https:\/\/swingbearing.net\/?post_type=product&#038;p=575"},"modified":"2024-05-15T06:44:50","modified_gmt":"2024-05-15T06:44:50","slug":"swing-bearing-liugong","status":"publish","type":"product","link":"https:\/\/swingbearing.net\/pl\/produkt\/lozysko-wahliwe-liugong\/","title":{"rendered":"\u0141o\u017cysko wahliwe LIUGONG"},"content":{"rendered":"<h2 style=\"text-align: center;\">Parametry \u0142o\u017cyska wahliwego LIUGONG<\/h2>\n<figure class=\"wp-block-table is-style-stripes has-small-font-size\">\n<table class=\"has-cyan-bluish-gray-background-color has-background\">\n<tbody>\n<tr>\n<td width=\"52\">Model<\/td>\n<td width=\"62\">Numer cz\u0119\u015bci<\/td>\n<td width=\"81\">\u015arednica zewn\u0119trzna<\/td>\n<td width=\"111\">\u015arednica wewn\u0119trzna<\/td>\n<td width=\"77\">Ca\u0142kowita wysoko\u015b\u0107<\/td>\n<td width=\"77\">Wysoko\u015b\u0107 zewn\u0119trzna<\/td>\n<td width=\"104\">Wysoko\u015b\u0107 wewn\u0119trzna<\/td>\n<td width=\"141\">Parametry otworu zewn\u0119trznego<\/td>\n<td width=\"103\">Parametry otworu wewn\u0119trznego<\/td>\n<td width=\"85\">Liczba z\u0119b\u00f3w<\/td>\n<\/tr>\n<tr>\n<td width=\"52\">922<\/td>\n<td width=\"62\">26b0272<\/td>\n<td width=\"81\">1405<\/td>\n<td width=\"111\">1129<\/td>\n<td width=\"77\">100<\/td>\n<td width=\"77\">70<\/td>\n<td width=\"104\">90<\/td>\n<td width=\"141\">36-\u03c624 nier\u00f3wne<\/td>\n<td width=\"103\">36-M22<\/td>\n<td width=\"85\">95<\/td>\n<\/tr>\n<tr>\n<td width=\"52\">922<\/td>\n<td width=\"62\">26b0122<\/td>\n<td width=\"81\">1405<\/td>\n<td width=\"111\">1129<\/td>\n<td width=\"77\">100<\/td>\n<td width=\"77\">70<\/td>\n<td width=\"104\">90<\/td>\n<td width=\"141\">36-\u03c624 nier\u00f3wne<\/td>\n<td width=\"103\">36-M22<\/td>\n<td width=\"85\">95<\/td>\n<\/tr>\n<tr>\n<td width=\"52\">922<\/td>\n<td width=\"62\">26b0010<\/td>\n<td width=\"81\">1405<\/td>\n<td width=\"111\">1129<\/td>\n<td width=\"77\">100<\/td>\n<td width=\"77\">70<\/td>\n<td width=\"104\">90<\/td>\n<td width=\"141\">36 R\u00f3wnomiernie roz\u0142o\u017cone<\/td>\n<td width=\"103\">36-M22<\/td>\n<td width=\"85\">91<\/td>\n<\/tr>\n<tr>\n<td width=\"52\">LG922D<\/td>\n<td width=\"62\">26B0122<\/td>\n<td width=\"81\">1405<\/td>\n<td width=\"111\">1129<\/td>\n<td width=\"77\">100<\/td>\n<td width=\"77\">70<\/td>\n<td width=\"104\">90<\/td>\n<td width=\"141\">36-\u03c624 nier\u00f3wne<\/td>\n<td width=\"103\">36-M22<\/td>\n<td width=\"85\">95<\/td>\n<\/tr>\n<tr>\n<td width=\"52\"><strong><b>936D<\/b><\/strong><\/td>\n<td width=\"62\">26B0120<\/td>\n<td width=\"81\">1658<\/td>\n<td width=\"111\">1334.3<\/td>\n<td width=\"77\">125<\/td>\n<td width=\"77\">82<\/td>\n<td width=\"104\">115<\/td>\n<td width=\"141\">40-\u03c626 nier\u00f3wne<\/td>\n<td width=\"103\">40-M24 R\u00f3wnomiernie roz\u0142o\u017cone<\/td>\n<td width=\"85\">97<\/td>\n<\/tr>\n<\/tbody>\n<\/table>\n<\/figure>\n<h5 class=\"wp-block-heading has-medium-font-size\">\u0141o\u017cyska wahliwe do koparek Liugong<\/h5>\n<p>\u0141o\u017cysko wahliwe koparki Liugong: Trwa\u0142y i niezawodny wyb\u00f3r dla koparki<br \/>\n\u0141o\u017cyska wahliwe, znane r\u00f3wnie\u017c jako \u0142o\u017cyska obrotnicy, s\u0105 istotnym elementem koparek. \u0141o\u017cyska te umo\u017cliwiaj\u0105 p\u0142ynne i bezpieczne obracanie si\u0119 g\u00f3rnej konstrukcji koparki. \u0141o\u017cyska obrotowe koparki odgrywaj\u0105 kluczow\u0105 rol\u0119 w wydajno\u015bci i niezawodno\u015bci maszyny. Z tego powodu wyb\u00f3r wysokiej jako\u015bci \u0142o\u017cysk obrotowych ma zasadnicze znaczenie dla d\u0142ugowieczno\u015bci i wydajno\u015bci koparki.<br \/>\nLiugong jest renomowan\u0105 mark\u0105 w bran\u017cy sprz\u0119tu budowlanego i oferuje szereg \u0142o\u017cysk obrotowych do koparek, kt\u00f3re s\u0105 znane ze swojej trwa\u0142o\u015bci i niezawodno\u015bci. \u0141o\u017cyska obrotowe koparek Liugong s\u0105 zaprojektowane tak, aby wytrzyma\u0107 trudne warunki i du\u017ce obci\u0105\u017cenia, zapewniaj\u0105c, \u017ce koparka poradzi sobie z ka\u017cdym zadaniem, du\u017cym lub ma\u0142ym.<\/p>\n<h5 class=\"wp-block-heading has-medium-font-size\">Odpowiedni model \u0142o\u017cyska wahliwego koparki<\/h5>\n<p class=\"has-text-align-left\">Dost\u0119pne s\u0105 nast\u0119puj\u0105ce modele \u0142o\u017cysk wahliwych do koparek Liugong: CLG904, CLG9055, CLG906, CLG907, CLG9075, CLG908, CLG915, CLG150, CLG920, CLG921, CLG922, CLG225, CLG924, CLG925, CLG933, CLG936, CLG939, CLG942, CLG948, CLG950, CLG952, CLG200, CLG205, CLG220 i CLG225.<br \/>\n\u0141o\u017cyska obrotowe do koparek Liugong zosta\u0142y zaprojektowane z precyzj\u0105 i dok\u0142adno\u015bci\u0105, aby zapewni\u0107 optymaln\u0105 wydajno\u015b\u0107 i trwa\u0142o\u015b\u0107. Wykonane z wysokiej jako\u015bci materia\u0142\u00f3w, mog\u0105 wytrzyma\u0107 ekstremalne warunki pogodowe i ci\u0119\u017ckie zastosowania.<br \/>\nZaanga\u017cowanie Liugong w jako\u015b\u0107 i niezawodno\u015b\u0107 znajduje odzwierciedlenie w ka\u017cdym aspekcie ich produkt\u00f3w, a ich \u0142o\u017cyska wahliwe do koparek nie s\u0105 wyj\u0105tkiem. Zosta\u0142y one zaprojektowane tak, aby zapewni\u0107 doskona\u0142\u0105 no\u015bno\u015b\u0107 i wysok\u0105 precyzj\u0119, zapewniaj\u0105c p\u0142ynn\u0105 i wydajn\u0105 prac\u0119 koparki.<br \/>\nOpr\u00f3cz korzy\u015bci zwi\u0105zanych z wydajno\u015bci\u0105, \u0142o\u017cyska obrotowe koparek Liugong s\u0105 r\u00f3wnie\u017c \u0142atwe w monta\u017cu i wymagaj\u0105 minimalnej konserwacji, co skraca czas przestoj\u00f3w i zmniejsza koszty napraw.<br \/>\nJe\u015bli chodzi o wyb\u00f3r \u0142o\u017cyska wahliwego cz\u0119\u015bci koparki, wyb\u00f3r wysokiej jako\u015bci marki, takiej jak Liugong, ma kluczowe znaczenie dla d\u0142ugowieczno\u015bci i niezawodno\u015bci maszyny. \u0141o\u017cysko wahliwe koparki Liugong zosta\u0142o zaprojektowane tak, aby zapewni\u0107 najlepsz\u0105 wydajno\u015b\u0107, trwa\u0142o\u015b\u0107 i niezawodno\u015b\u0107, co czyni je doskona\u0142ym wyborem dla ka\u017cdego projektu wykopaliskowego.<br \/>\nPodsumowuj\u0105c, je\u015bli szukasz wysokiej jako\u015bci \u0142o\u017cysk obrotowych do koparek, nie szukaj dalej ni\u017c Liugong. Dzi\u0119ki szerokiej gamie trwa\u0142ych i niezawodnych \u0142o\u017cysk wie\u0144cowych mo\u017cesz mie\u0107 pewno\u015b\u0107, \u017ce Twoja koparka b\u0119dzie dzia\u0142a\u0107 wydajnie i p\u0142ynnie, zapewniaj\u0105c wydajno\u015b\u0107 i niezawodno\u015b\u0107, kt\u00f3rych potrzebujesz, aby wykona\u0107 swoj\u0105 prac\u0119.<br \/>\nMo\u017cemy zapewni\u0107 alternatywne ko\u0142o Swing dla twojego ,<a href=\"https:\/\/national-bearing.com\/excavator-swing-bearings-slewing-rings-cat\/\" target=\"_blank\" rel=\"noopener\">\u00a0CAT<\/a>HITACHI, KOMATSU, KOBELCO, HYUNDAI, VOLVO, DOOSAN, DAEWOO, JCB, CASE, SUMITOMO, KATO, do wyboru s\u0105 normalne i niestandardowe ponad 1000 setek typ\u00f3w.<\/p>\n<figure class=\"wp-block-image size-full\"><\/figure>\n<p>Mo\u017cemy by\u0107 do Twojej dyspozycji w zakresie ka\u017cdego typu, modelu lub marki wie\u0144ca obrotowego. Skontaktuj si\u0119 z nami ju\u017c dzi\u015b, je\u015bli masz jakiekolwiek pytania dotycz\u0105ce swoich potrzeb.<\/p>\n<figure class=\"wp-block-table\">\n<table>\n<tbody>\n<tr>\n<td><img decoding=\"async\" class=\"wp-image-177\" src=\"https:\/\/national-bearing.com\/wp-content\/uploads\/2023\/04\/0001.jpg\" sizes=\"(max-width: 600px) 100vw, 600px\" srcset=\"https:\/\/national-bearing.com\/wp-content\/uploads\/2023\/04\/0001.jpg 600w, https:\/\/national-bearing.com\/wp-content\/uploads\/2023\/04\/0001-300x200.jpg 300w\" alt=\"\u0142o\u017cysko wahliwe koparki \" width=\"600\" height=\"400\" \/><\/td>\n<td><img decoding=\"async\" class=\"wp-image-643\" src=\"https:\/\/national-bearing.com\/wp-content\/uploads\/2023\/04\/66.jpg\" sizes=\"(max-width: 600px) 100vw, 600px\" srcset=\"https:\/\/national-bearing.com\/wp-content\/uploads\/2023\/04\/66.jpg 600w, https:\/\/national-bearing.com\/wp-content\/uploads\/2023\/04\/66-300x200.jpg 300w\" alt=\"Pomiar \u0142o\u017cyska obrotu koparki\" width=\"600\" height=\"400\" \/><\/td>\n<\/tr>\n<\/tbody>\n<\/table>\n<\/figure>","protected":false},"excerpt":{"rendered":"<p>\u0141o\u017cysko wahliwe LIUGONG<br \/>\nModel:CLG950,CLG948,LG922D<br \/>\nCLG907,CLG9075,CLG952,CLG904<\/p>","protected":false},"featured_media":136,"template":"","meta":[],"product_brand":[],"product_cat":[22,73],"product_tag":[],"class_list":{"0":"post-575","1":"product","2":"type-product","3":"status-publish","4":"has-post-thumbnail","6":"product_cat-swing-bearing","7":"product_cat-liugong-excavator-swing-bearing","9":"first","10":"instock","11":"shipping-taxable","12":"product-type-simple"},"_links":{"self":[{"href":"https:\/\/swingbearing.net\/pl\/wp-json\/wp\/v2\/product\/575","targetHints":{"allow":["GET"]}}],"collection":[{"href":"https:\/\/swingbearing.net\/pl\/wp-json\/wp\/v2\/product"}],"about":[{"href":"https:\/\/swingbearing.net\/pl\/wp-json\/wp\/v2\/types\/product"}],"wp:featuredmedia":[{"embeddable":true,"href":"https:\/\/swingbearing.net\/pl\/wp-json\/wp\/v2\/media\/136"}],"wp:attachment":[{"href":"https:\/\/swingbearing.net\/pl\/wp-json\/wp\/v2\/media?parent=575"}],"wp:term":[{"taxonomy":"product_brand","embeddable":true,"href":"https:\/\/swingbearing.net\/pl\/wp-json\/wp\/v2\/product_brand?post=575"},{"taxonomy":"product_cat","embeddable":true,"href":"https:\/\/swingbearing.net\/pl\/wp-json\/wp\/v2\/product_cat?post=575"},{"taxonomy":"product_tag","embeddable":true,"href":"https:\/\/swingbearing.net\/pl\/wp-json\/wp\/v2\/product_tag?post=575"}],"curies":[{"name":"wp","href":"https:\/\/api.w.org\/{rel}","templated":true}]}}