{"id":574,"date":"2023-09-27T05:19:35","date_gmt":"2023-09-27T05:19:35","guid":{"rendered":"https:\/\/swingbearing.net\/?post_type=product&#038;p=574"},"modified":"2024-06-12T02:15:53","modified_gmt":"2024-06-12T02:15:53","slug":"swing-bearings-sany","status":"publish","type":"product","link":"https:\/\/swingbearing.net\/pl\/produkt\/swing-bearings-sany\/","title":{"rendered":"\u0141o\u017cyska wahliwe SANY"},"content":{"rendered":"<h2 style=\"text-align: center;\">Parametry \u0142o\u017cysk wahliwych SANY<\/h2>\n<figure class=\"wp-block-table is-style-stripes has-small-font-size\">\n<table class=\"has-cyan-bluish-gray-background-color has-background\">\n<tbody>\n<tr>\n<td>\u015arednica zewn\u0119trzna Da<\/td>\n<td>\u015arednica wewn\u0119trzna Di<\/td>\n<td>Wysoko\u015b\u0107 monta\u017cu H<\/td>\n<td>Oznaczenie<\/td>\n<\/tr>\n<tr>\n<td>811<\/td>\n<td>622<\/td>\n<td>75<\/td>\n<td>SY65<\/td>\n<\/tr>\n<tr>\n<td>810<\/td>\n<td>621<\/td>\n<td>75<\/td>\n<td>SY75(90Z)<\/td>\n<\/tr>\n<tr>\n<td>811<\/td>\n<td>601.6<\/td>\n<td>75<\/td>\n<td>SY75(76Z)<\/td>\n<\/tr>\n<tr>\n<td>1122<\/td>\n<td>821<\/td>\n<td>100<\/td>\n<td>SY135<\/td>\n<\/tr>\n<tr>\n<td>1327<\/td>\n<td>1071<\/td>\n<td>99.5<\/td>\n<td>SY185<\/td>\n<\/tr>\n<tr>\n<td>1327<\/td>\n<td>1071<\/td>\n<td>99.5<\/td>\n<td>SY195<\/td>\n<\/tr>\n<tr>\n<td>1322<\/td>\n<td>1071<\/td>\n<td>100<\/td>\n<td>SY200<\/td>\n<\/tr>\n<tr>\n<td>1327<\/td>\n<td>1071<\/td>\n<td>99.5<\/td>\n<td>SY205<\/td>\n<\/tr>\n<tr>\n<td>1322<\/td>\n<td>1071<\/td>\n<td>100<\/td>\n<td>SY210<\/td>\n<\/tr>\n<tr>\n<td>1322<\/td>\n<td>1071<\/td>\n<td>100<\/td>\n<td>SY215-7<\/td>\n<\/tr>\n<tr>\n<td>1322<\/td>\n<td>1071<\/td>\n<td>100<\/td>\n<td>SY215-8<\/td>\n<\/tr>\n<tr>\n<td>1322<\/td>\n<td>1071<\/td>\n<td>100<\/td>\n<td>SY215-9<\/td>\n<\/tr>\n<tr>\n<td>1320<\/td>\n<td>1071<\/td>\n<td>100<\/td>\n<td>SY215<\/td>\n<\/tr>\n<tr>\n<td>1327<\/td>\n<td>1071<\/td>\n<td>99.5<\/td>\n<td>SY235<\/td>\n<\/tr>\n<tr>\n<td>1532<\/td>\n<td>1235<\/td>\n<td>125<\/td>\n<td>SY300<\/td>\n<\/tr>\n<tr>\n<td>1550<\/td>\n<td>1238<\/td>\n<td>152<\/td>\n<td>SY305<\/td>\n<\/tr>\n<tr>\n<td>1532<\/td>\n<td>1235<\/td>\n<td>125<\/td>\n<td>SY310<\/td>\n<\/tr>\n<tr>\n<td>1550<\/td>\n<td>1238<\/td>\n<td>152<\/td>\n<td>SY335<\/td>\n<\/tr>\n<tr>\n<td>1532<\/td>\n<td>1235<\/td>\n<td>125<\/td>\n<td>SY360<\/td>\n<\/tr>\n<tr>\n<td>1550<\/td>\n<td>1238<\/td>\n<td>152<\/td>\n<td>SY365<\/td>\n<\/tr>\n<tr>\n<td>1550<\/td>\n<td>1238.5<\/td>\n<td>152<\/td>\n<td>SY420<\/td>\n<\/tr>\n<\/tbody>\n<\/table>\n<\/figure>\n<p>\u0141o\u017cyska wahliwe koparek Sany s\u0105 niezb\u0119dnymi elementami uk\u0142adu obrotu ka\u017cdej koparki. \u0141o\u017cyska te umo\u017cliwiaj\u0105 obracanie i wychylanie koparki, dzi\u0119ki czemu operatorzy mog\u0105 z \u0142atwo\u015bci\u0105 wykonywa\u0107 szeroki zakres zada\u0144 zwi\u0105zanych z kopaniem, podnoszeniem i \u0142adowaniem. W Sany oferujemy szereg wysokiej jako\u015bci \u0142o\u017cysk obrotowych zaprojektowanych specjalnie do koparek, w tym modele pasuj\u0105ce do koparek SY55, SY60, SY65, SY70, SY75, SY85, SY95, SY115, SY135, SY155, SY195, SY200, SY205, SY215, SY220, SY225, SY235, SY245, SY285, SY305, SY335, SY365, SY375, SY395, SY415 i SY485.<\/p>\n<p>Nasze \u0142o\u017cyska wahliwe do koparek Sany zosta\u0142y zaprojektowane z my\u015bl\u0105 o zapewnieniu optymalnej wydajno\u015bci i trwa\u0142o\u015bci nawet w najtrudniejszych warunkach pracy. S\u0105 one wykonane z wysokiej jako\u015bci materia\u0142\u00f3w, w tym kutej stali i specjalistycznej stali \u0142o\u017cyskowej, i charakteryzuj\u0105 si\u0119 zaawansowanymi procesami produkcyjnymi, kt\u00f3re zapewniaj\u0105 ich precyzj\u0119, niezawodno\u015b\u0107 i trwa\u0142o\u015b\u0107.<\/p>\n<p>Jedn\u0105 z kluczowych zalet naszych wie\u0144c\u00f3w obrotowych do koparek Sany jest ich odporno\u015b\u0107 na du\u017ce obci\u0105\u017cenia i ekstremalne warunki pracy. S\u0105 one zaprojektowane tak, aby wytrzyma\u0107 zar\u00f3wno obci\u0105\u017cenia osiowe, jak i promieniowe, a tak\u017ce wysoki poziom wstrz\u0105s\u00f3w i wibracji, co czyni je idealnymi do u\u017cytku w wymagaj\u0105cych zastosowaniach, takich jak g\u00f3rnictwo, budownictwo i le\u015bnictwo.<\/p>\n<p>Opr\u00f3cz wytrzyma\u0142o\u015bci i trwa\u0142o\u015bci, nasze \u0142o\u017cyska obrotowe do koparek Sany s\u0105 r\u00f3wnie\u017c zaprojektowane z my\u015bl\u0105 o \u0142atwo\u015bci monta\u017cu i konserwacji. Zosta\u0142y zaprojektowane tak, aby by\u0142y \u0142atwe w monta\u017cu i wymianie oraz wymaga\u0142y minimalnej konserwacji, aby zapewni\u0107 optymaln\u0105 wydajno\u015b\u0107 i trwa\u0142o\u015b\u0107. W Sany dok\u0142adamy wszelkich stara\u0144, aby dostarcza\u0107 naszym klientom produkty i us\u0142ugi najwy\u017cszej jako\u015bci, a nasze \u0142o\u017cyska obrotowe do koparek Sany nie s\u0105 wyj\u0105tkiem. Niezale\u017cnie od tego, czy szukasz \u0142o\u017cyska zamiennego do istniej\u0105cej koparki, czy te\u017c wyposa\u017casz now\u0105 maszyn\u0119, nasz zesp\u00f3\u0142 ekspert\u00f3w pomo\u017ce Ci znale\u017a\u0107 idealne rozwi\u0105zanie spe\u0142niaj\u0105ce Twoje potrzeby.<\/p>\n<p>Podsumowuj\u0105c, \u0142o\u017cyska wahliwe do koparek Sany s\u0105 niezb\u0119dnymi komponentami ka\u017cdej koparki, a wyb\u00f3r odpowiedniego z nich mo\u017ce mie\u0107 znacz\u0105cy wp\u0142yw na wydajno\u015b\u0107 i \u017cywotno\u015b\u0107 maszyny. Dzi\u0119ki naszej gamie wysokiej jako\u015bci \u0142o\u017cysk zaprojektowanych specjalnie dla koparek, mo\u017cesz mie\u0107 pewno\u015b\u0107, \u017ce otrzymujesz niezawodny i trwa\u0142y produkt, kt\u00f3ry zapewni optymaln\u0105 wydajno\u015b\u0107 i trwa\u0142o\u015b\u0107 nawet w najtrudniejszych warunkach.<br \/>\nMo\u017cemy dostarczy\u0107 alternatywne pier\u015bcienie obrotowe dla CAT, HITACHI, KOMATSU, KOBELCO, HYUNDAI, VOLVO, DOOSAN, DAEWOO, JCB, CASE, SUMITOMO, KATO,, Istniej\u0105 normalne i niestandardowe ponad 1000 setek typ\u00f3w do wyboru.<\/p>\n<figure class=\"wp-block-image size-full is-resized\"><img decoding=\"async\" class=\"wp-image-177\" src=\"https:\/\/national-bearing.com\/wp-content\/uploads\/2023\/04\/0001.jpg\" sizes=\"(max-width: 843px) 100vw, 843px\" srcset=\"https:\/\/national-bearing.com\/wp-content\/uploads\/2023\/04\/0001.jpg 600w, https:\/\/national-bearing.com\/wp-content\/uploads\/2023\/04\/0001-300x200.jpg 300w\" alt=\"\" width=\"515\" height=\"343\" \/><\/figure>\n<p>&nbsp;<\/p>","protected":false},"excerpt":{"rendered":"<p>\u0141o\u017cyska wahliwe SANY<br \/>\nModel:SY485,SY415,SY395<br \/>\nSY365,SY375,SY335,SY310<\/p>","protected":false},"featured_media":136,"template":"","meta":[],"product_brand":[],"product_cat":[22,74],"product_tag":[],"class_list":{"0":"post-574","1":"product","2":"type-product","3":"status-publish","4":"has-post-thumbnail","6":"product_cat-swing-bearing","7":"product_cat-sany-excavator-swing-bearing","9":"first","10":"instock","11":"shipping-taxable","12":"product-type-simple"},"_links":{"self":[{"href":"https:\/\/swingbearing.net\/pl\/wp-json\/wp\/v2\/product\/574","targetHints":{"allow":["GET"]}}],"collection":[{"href":"https:\/\/swingbearing.net\/pl\/wp-json\/wp\/v2\/product"}],"about":[{"href":"https:\/\/swingbearing.net\/pl\/wp-json\/wp\/v2\/types\/product"}],"wp:featuredmedia":[{"embeddable":true,"href":"https:\/\/swingbearing.net\/pl\/wp-json\/wp\/v2\/media\/136"}],"wp:attachment":[{"href":"https:\/\/swingbearing.net\/pl\/wp-json\/wp\/v2\/media?parent=574"}],"wp:term":[{"taxonomy":"product_brand","embeddable":true,"href":"https:\/\/swingbearing.net\/pl\/wp-json\/wp\/v2\/product_brand?post=574"},{"taxonomy":"product_cat","embeddable":true,"href":"https:\/\/swingbearing.net\/pl\/wp-json\/wp\/v2\/product_cat?post=574"},{"taxonomy":"product_tag","embeddable":true,"href":"https:\/\/swingbearing.net\/pl\/wp-json\/wp\/v2\/product_tag?post=574"}],"curies":[{"name":"wp","href":"https:\/\/api.w.org\/{rel}","templated":true}]}}