{"id":571,"date":"2023-09-27T05:00:28","date_gmt":"2023-09-27T05:00:28","guid":{"rendered":"https:\/\/swingbearing.net\/?post_type=product&#038;p=571"},"modified":"2024-06-08T09:17:52","modified_gmt":"2024-06-08T09:17:52","slug":"swing-bearing-doosan","status":"publish","type":"product","link":"https:\/\/swingbearing.net\/pl\/produkt\/swing-bearing-doosan\/","title":{"rendered":"\u0141o\u017cysko wahliwe DOOSAN"},"content":{"rendered":"<h2 style=\"text-align: center;\">Parametry \u0142o\u017cyska wahliwego DOOSAN<\/h2>\r\n<figure class=\"wp-block-table\" style=\"font-size: 12px;\">\r\n<table>\r\n<tbody>\r\n<tr>\r\n<td>Model<\/td>\r\n<td>Numer cz\u0119\u015bci<\/td>\r\n<td>\u015arednica zewn\u0119trzna<\/td>\r\n<td>\u015arednica wewn\u0119trzna<\/td>\r\n<td>Ca\u0142kowita wysoko\u015b\u0107<\/td>\r\n<td>Wysoko\u015b\u0107 zewn\u0119trzna<\/td>\r\n<td>Wysoko\u015b\u0107 wewn\u0119trzna<\/td>\r\n<td>Parametry otworu zewn\u0119trznego<\/td>\r\n<td>Parametry otworu wewn\u0119trznego<\/td>\r\n<td>Liczba z\u0119b\u00f3w<\/td>\r\n<\/tr>\r\n<tr>\r\n<td>S140LC-V<\/td>\r\n<td>109-00165<\/td>\r\n<td>1202<\/td>\r\n<td>945<\/td>\r\n<td>84<\/td>\r\n<td>75<\/td>\r\n<td>70<\/td>\r\n<td>36-\u042422<\/td>\r\n<td>36-M20<\/td>\r\n<td>80<\/td>\r\n<\/tr>\r\n<tr>\r\n<td>DX225<\/td>\r\n<td>109-00162<\/td>\r\n<td>1327<\/td>\r\n<td>1082<\/td>\r\n<td>110<\/td>\r\n<td>90<\/td>\r\n<td>95<\/td>\r\n<td>36<\/td>\r\n<td>36<\/td>\r\n<td>92<\/td>\r\n<\/tr>\r\n<tr>\r\n<td>DX225<\/td>\r\n<td>109-00162A<\/td>\r\n<td>1327<\/td>\r\n<td>1082<\/td>\r\n<td>110<\/td>\r\n<td>90<\/td>\r\n<td>95<\/td>\r\n<td>36-\u03c621<\/td>\r\n<td>36-M20*1.5<\/td>\r\n<td>92<\/td>\r\n<\/tr>\r\n<tr>\r\n<td>DX225LC<\/td>\r\n<td>109-00162<\/td>\r\n<td>1327<\/td>\r\n<td>1082<\/td>\r\n<td>110<\/td>\r\n<td>90<\/td>\r\n<td>95<\/td>\r\n<td>36-\u03c621<\/td>\r\n<td>36-M20*1.5<\/td>\r\n<td>92<\/td>\r\n<\/tr>\r\n<tr>\r\n<td>DX225LCA<\/td>\r\n<td>109-00162A<\/td>\r\n<td>1327<\/td>\r\n<td>1082<\/td>\r\n<td>110<\/td>\r\n<td>90<\/td>\r\n<td>95<\/td>\r\n<td>36-\u03c621<\/td>\r\n<td>36-M20*1.5<\/td>\r\n<td>92<\/td>\r\n<\/tr>\r\n<tr>\r\n<td>DX225LCA<\/td>\r\n<td>140109-00048A<\/td>\r\n<td>1327<\/td>\r\n<td>1082<\/td>\r\n<td>110<\/td>\r\n<td>90<\/td>\r\n<td>95<\/td>\r\n<td>36-\u03c621<\/td>\r\n<td>36-M20*1.5<\/td>\r\n<td>92<\/td>\r\n<\/tr>\r\n<tr>\r\n<td>S225NLC<\/td>\r\n<td>140109-00045<\/td>\r\n<td>1327<\/td>\r\n<td>1082<\/td>\r\n<td>110<\/td>\r\n<td>90<\/td>\r\n<td>95<\/td>\r\n<td>36-\u03c621<\/td>\r\n<td>36-M20*1.5<\/td>\r\n<td>92<\/td>\r\n<\/tr>\r\n<tr>\r\n<td>SL220LC-V<\/td>\r\n<td>109-00052<\/td>\r\n<td>1328<\/td>\r\n<td>1084<\/td>\r\n<td>110<\/td>\r\n<td>91<\/td>\r\n<td>95<\/td>\r\n<td>36-\u03c621<\/td>\r\n<td>36-M20*1.5<\/td>\r\n<td>92<\/td>\r\n<\/tr>\r\n<tr>\r\n<td>225NLC-V<\/td>\r\n<td>109-00052B<\/td>\r\n<td>1328<\/td>\r\n<td>1084<\/td>\r\n<td>110<\/td>\r\n<td>91<\/td>\r\n<td>95<\/td>\r\n<td>36-\u03c621<\/td>\r\n<td>36-M20*1.5<\/td>\r\n<td>92<\/td>\r\n<\/tr>\r\n<tr>\r\n<td>225NLC-V<\/td>\r\n<td>140109-00045<\/td>\r\n<td>1328<\/td>\r\n<td>1084<\/td>\r\n<td>110<\/td>\r\n<td>91<\/td>\r\n<td>95<\/td>\r\n<td>36-\u03c621<\/td>\r\n<td>36-M20*1.5<\/td>\r\n<td>92<\/td>\r\n<\/tr>\r\n<tr>\r\n<td>255LC-V<\/td>\r\n<td>109-00030B<\/td>\r\n<td>1410<\/td>\r\n<td>1131<\/td>\r\n<td>117<\/td>\r\n<td>89<\/td>\r\n<td>105<\/td>\r\n<td>35-\u03c625<\/td>\r\n<td>36-M24*2<\/td>\r\n<td>82<\/td>\r\n<\/tr>\r\n<tr>\r\n<td>255LC-V<\/td>\r\n<td>180-00297D3<\/td>\r\n<td>1410<\/td>\r\n<td>1131<\/td>\r\n<td>117<\/td>\r\n<td>89<\/td>\r\n<td>105<\/td>\r\n<td>35-\u03c625<\/td>\r\n<td>36-M24*2<\/td>\r\n<td>82<\/td>\r\n<\/tr>\r\n<tr>\r\n<td>255lc-v<\/td>\r\n<td>140109-00042<\/td>\r\n<td>1410<\/td>\r\n<td>1131<\/td>\r\n<td>117<\/td>\r\n<td>89<\/td>\r\n<td>105<\/td>\r\n<td>35-\u03c625<\/td>\r\n<td>36-M24*2<\/td>\r\n<td>82<\/td>\r\n<\/tr>\r\n<tr>\r\n<td>255lc-v<\/td>\r\n<td>140109-00043<\/td>\r\n<td>1410<\/td>\r\n<td>1131<\/td>\r\n<td>117<\/td>\r\n<td>89<\/td>\r\n<td>105<\/td>\r\n<td>35-\u03c625<\/td>\r\n<td>36-M24*2<\/td>\r\n<td>82<\/td>\r\n<\/tr>\r\n<tr>\r\n<td>Dx300LCA<\/td>\r\n<td>140109-00010A<\/td>\r\n<td>1475<\/td>\r\n<td>1165<\/td>\r\n<td>120<\/td>\r\n<td>90<\/td>\r\n<td>110<\/td>\r\n<td>35<\/td>\r\n<td>36<\/td>\r\n<td>85<\/td>\r\n<\/tr>\r\n<tr>\r\n<td>S340<\/td>\r\n<td>140109-00038<\/td>\r\n<td>1544<\/td>\r\n<td>1235<\/td>\r\n<td>122<\/td>\r\n<td>87<\/td>\r\n<td>110<\/td>\r\n<td>35-\u03c626<\/td>\r\n<td>40-M24<\/td>\r\n<td>90<\/td>\r\n<\/tr>\r\n<tr>\r\n<td>S340LC-V<\/td>\r\n<td>140109-00038<\/td>\r\n<td>1544<\/td>\r\n<td>1235<\/td>\r\n<td>122<\/td>\r\n<td>87<\/td>\r\n<td>110<\/td>\r\n<td>35-\u03c626<\/td>\r\n<td>40-M24<\/td>\r\n<td>90<\/td>\r\n<\/tr>\r\n<tr>\r\n<td>S340LC-V<\/td>\r\n<td>2109-1059a<\/td>\r\n<td>1544<\/td>\r\n<td>1235<\/td>\r\n<td>122<\/td>\r\n<td>87<\/td>\r\n<td>110<\/td>\r\n<td>35-\u03c626<\/td>\r\n<td>40-M24<\/td>\r\n<td>90<\/td>\r\n<\/tr>\r\n<tr>\r\n<td>DOOSAN 420<\/td>\r\n<td>140109-00039<\/td>\r\n<td>1549<\/td>\r\n<td>1235<\/td>\r\n<td>134<\/td>\r\n<td>103<\/td>\r\n<td>120<\/td>\r\n<td>35-\u03c626<\/td>\r\n<td>40-M24<\/td>\r\n<td>90<\/td>\r\n<\/tr>\r\n<tr>\r\n<td>S420LC-V<\/td>\r\n<td>109-00161<\/td>\r\n<td>1550<\/td>\r\n<td>1235<\/td>\r\n<td>135<\/td>\r\n<td>102<\/td>\r\n<td>120<\/td>\r\n<td>35-\u03c626<\/td>\r\n<td>40-M24<\/td>\r\n<td>90<\/td>\r\n<\/tr>\r\n<tr>\r\n<td>DX420LC<\/td>\r\n<td>140109-00007A<\/td>\r\n<td>1550<\/td>\r\n<td>1236<\/td>\r\n<td>132<\/td>\r\n<td>103<\/td>\r\n<td>120<\/td>\r\n<td>35<\/td>\r\n<td>40<\/td>\r\n<td>90<\/td>\r\n<\/tr>\r\n<tr>\r\n<td>470<\/td>\r\n<td>109-00159<\/td>\r\n<td>1682<\/td>\r\n<td>1320<\/td>\r\n<td>139<\/td>\r\n<td>118<\/td>\r\n<td>111<\/td>\r\n<td>44<\/td>\r\n<td>44<\/td>\r\n<td>111<\/td>\r\n<\/tr>\r\n<\/tbody>\r\n<\/table>\r\n<\/figure>\r\n<h2 class=\"wp-block-heading\">Zrozumienie \u0142o\u017cysk wahliwych koparki<\/h2>\r\nKoparki to ci\u0119\u017ckie maszyny, kt\u00f3re s\u0105 szeroko stosowane w budownictwie, g\u00f3rnictwie i innych ga\u0142\u0119ziach przemys\u0142u do prac ziemnych i kopania. Maszyny te sk\u0142adaj\u0105 si\u0119 z r\u00f3\u017cnych komponent\u00f3w, w tym \u0142o\u017cyska obrotowego koparki, kt\u00f3re odgrywa istotn\u0105 rol\u0119 w p\u0142ynnej pracy koparki. \u0141o\u017cysko obrotowe lub \u0142o\u017cysko obrotnicy jest istotnym elementem, kt\u00f3ry pomaga w obracaniu g\u00f3rnej konstrukcji koparki. Je\u015bli szukasz wysokiej jako\u015bci \u0142o\u017cysk obrotowych do swojej koparki, \u0142o\u017cyska obrotowe do koparek DOOSAN i DAEWOO s\u0105 dla Ciebie idealnym rozwi\u0105zaniem.\r\n\r\n\u0141o\u017cysko obrotowe koparki DOOSAN i \u0142o\u017cysko obrotowe koparki DAEWOO to niezawodne i trwa\u0142e komponenty, kt\u00f3re mog\u0105 wytrzyma\u0107 du\u017ce obci\u0105\u017cenia, ekstremalne temperatury i trudne warunki. S\u0105 one wykonane z wysokiej jako\u015bci materia\u0142\u00f3w, co zapewnia ich d\u0142ug\u0105 \u017cywotno\u015b\u0107 i doskona\u0142\u0105 wydajno\u015b\u0107. Te \u0142o\u017cyska obrotowe zosta\u0142y zaprojektowane w celu zmniejszenia tarcia i zu\u017cycia, zapewniaj\u0105c p\u0142ynn\u0105 i sta\u0142\u0105 prac\u0119 nawet przy du\u017cych obci\u0105\u017ceniach.\r\n\r\nJedn\u0105 z godnych uwagi cech pier\u015bcieni obrotowych koparek DOOSAN i DAEWOO jest ich kompatybilno\u015b\u0107 z szerok\u0105 gam\u0105 modeli koparek, takich jak DH35 DH55 DH60 DH55 DH60 DH80 DH80-7 DH80GOLD DH150 DH200 DH220-3-5 DH280-5 DX60-DX200-DX225 DX260 DH290 DH360 DH420 DH500 DH55-5 DH60\/DX60 DH80\/DH80GLD DH130-5 DH150-7 DX150 DH220-3 DH215-7 DH215-9E DH220-5 DH220-7 DH215-9 DH225-7\/9 DX225-7 DH250-5 DX255-5 DH258-7 DH280 DH290 DH300-5 DH300 DH300-7 DX300-9 DH360-5\/7 DH400-5 DH370-7 DH370-9 DH420 DH450-3 DH500 DH550, i wiele innych. Te \u0142o\u017cyska obrotowe s\u0105 dost\u0119pne w r\u00f3\u017cnych rozmiarach i konfiguracjach, aby spe\u0142ni\u0107 okre\u015blone wymagania koparki.\r\n<h2 class=\"wp-block-heading\">Znaczenie \u0142o\u017cysk obrotowych w koparkach<\/h2>\r\n\u0141o\u017cysko wie\u0144ca obrotowego lub \u0142o\u017cysko wie\u0144ca obrotowego koparki jest niezb\u0119dnym elementem wspieraj\u0105cym g\u00f3rn\u0105 konstrukcj\u0119 koparki. Umo\u017cliwia ono koparce p\u0142ynne i ci\u0105g\u0142e obracanie si\u0119, co pozwala jej z \u0142atwo\u015bci\u0105 wykonywa\u0107 r\u00f3\u017cne zadania zwi\u0105zane z kopaniem. Bez niezawodnego \u0142o\u017cyska obrotowego wydajno\u015b\u0107 i sprawno\u015b\u0107 koparki mo\u017ce ulec znacznemu pogorszeniu, co mo\u017ce skutkowa\u0107 kosztownymi przestojami i naprawami.\r\n\r\nJe\u015bli szukasz \u0142o\u017cysk obrotowych do koparek, kt\u00f3re oferuj\u0105 doskona\u0142\u0105 wydajno\u015b\u0107 i trwa\u0142o\u015b\u0107, pier\u015bcienie obrotowe do koparek DOOSAN i DAEWOO s\u0105 dla Ciebie idealnym wyborem. Te \u0142o\u017cyska obrotowe zosta\u0142y zaprojektowane tak, aby zapewni\u0107 sta\u0142\u0105 i niezawodn\u0105 wydajno\u015b\u0107, nawet w najbardziej wymagaj\u0105cych warunkach. S\u0105 \u0142atwe w monta\u017cu i konserwacji, zapewniaj\u0105c bezproblemow\u0105 obs\u0142ug\u0119 i ni\u017csze koszty konserwacji.\r\n<h3 class=\"wp-block-heading\">Typowe problemy z \u0142o\u017cyskami wahliwymi<\/h3>\r\n<h3 class=\"wp-block-heading\"><!-- \/wp:post-content --><!-- wp:paragraph --><\/h3>\r\nTypowe problemy obejmuj\u0105:\r\n<h3 class=\"wp-block-heading\"><!-- \/wp:paragraph --><!-- wp:list --><\/h3>\r\n<ul><!-- wp:list-item -->\r\n \t<li>Zu\u017cycie: Spowodowane ci\u0105g\u0142\u0105 prac\u0105 i du\u017cymi obci\u0105\u017ceniami.<\/li>\r\n<!-- \/wp:list-item --><!-- wp:list-item -->\r\n \t<li>Zanieczyszczenie: Brud, woda i zanieczyszczenia przedostaj\u0105ce si\u0119 do \u0142o\u017cyska.<\/li>\r\n<!-- \/wp:list-item --><!-- wp:list-item -->\r\n \t<li>Korozja: Ze wzgl\u0119du na wilgo\u0107 i trudne warunki.<\/li>\r\n<!-- \/wp:list-item --><!-- wp:list-item -->\r\n \t<li>Niewsp\u00f3\u0142osiowo\u015b\u0107: Wynikaj\u0105ce z niew\u0142a\u015bciwej instalacji lub problem\u00f3w strukturalnych.<\/li>\r\n<!-- \/wp:list-item --><\/ul>\r\n<h3 class=\"wp-block-heading\"><!-- \/wp:list --><!-- wp:heading --><\/h3>\r\n<h2 class=\"wp-block-heading\">Wnioski<\/h2>\r\n<h3 class=\"wp-block-heading\"><!-- \/wp:heading --><!-- wp:paragraph --><\/h3>\r\n\u0141o\u017cyska wahliwe koparek maj\u0105 kluczowe znaczenie dla ich funkcjonalno\u015bci i wydajno\u015bci. Zrozumienie ich struktury, typ\u00f3w, znaczenia, konserwacji i typowych problem\u00f3w jest niezb\u0119dne dla uzyskania optymalnej wydajno\u015bci. W\u0142a\u015bciwa konserwacja i terminowe rozwi\u0105zywanie problem\u00f3w mo\u017ce wyd\u0142u\u017cy\u0107 \u017cywotno\u015b\u0107 i niezawodno\u015b\u0107 tych \u0142o\u017cysk, zwi\u0119kszaj\u0105c produktywno\u015b\u0107.","protected":false},"excerpt":{"rendered":"<p>\u0141o\u017cysko wahliwe DOOSAN<br \/>\nModel:DH550,DH500,DH450-3<br \/>\nDX420LC,Dx300LCA,,255LC-V<\/p>","protected":false},"featured_media":136,"template":"","meta":[],"product_brand":[],"product_cat":[22,69],"product_tag":[],"class_list":{"0":"post-571","1":"product","2":"type-product","3":"status-publish","4":"has-post-thumbnail","6":"product_cat-swing-bearing","7":"product_cat-doosan-excavator-swing-bearing","9":"first","10":"instock","11":"shipping-taxable","12":"product-type-simple"},"_links":{"self":[{"href":"https:\/\/swingbearing.net\/pl\/wp-json\/wp\/v2\/product\/571","targetHints":{"allow":["GET"]}}],"collection":[{"href":"https:\/\/swingbearing.net\/pl\/wp-json\/wp\/v2\/product"}],"about":[{"href":"https:\/\/swingbearing.net\/pl\/wp-json\/wp\/v2\/types\/product"}],"wp:featuredmedia":[{"embeddable":true,"href":"https:\/\/swingbearing.net\/pl\/wp-json\/wp\/v2\/media\/136"}],"wp:attachment":[{"href":"https:\/\/swingbearing.net\/pl\/wp-json\/wp\/v2\/media?parent=571"}],"wp:term":[{"taxonomy":"product_brand","embeddable":true,"href":"https:\/\/swingbearing.net\/pl\/wp-json\/wp\/v2\/product_brand?post=571"},{"taxonomy":"product_cat","embeddable":true,"href":"https:\/\/swingbearing.net\/pl\/wp-json\/wp\/v2\/product_cat?post=571"},{"taxonomy":"product_tag","embeddable":true,"href":"https:\/\/swingbearing.net\/pl\/wp-json\/wp\/v2\/product_tag?post=571"}],"curies":[{"name":"wp","href":"https:\/\/api.w.org\/{rel}","templated":true}]}}