{"id":568,"date":"2023-09-27T04:20:00","date_gmt":"2023-09-27T04:20:00","guid":{"rendered":"https:\/\/swingbearing.net\/?post_type=product&#038;p=568"},"modified":"2024-05-15T06:54:01","modified_gmt":"2024-05-15T06:54:01","slug":"swing-bearing-volvo","status":"publish","type":"product","link":"https:\/\/swingbearing.net\/pl\/produkt\/swing-bearing-volvo\/","title":{"rendered":"\u0141o\u017cysko wahliwe VOLVO"},"content":{"rendered":"<h2 style=\"text-align: center;\">Parametry \u0142o\u017cyska wahliwego VOLVO<\/h2>\n<figure class=\"wp-block-table is-style-stripes has-small-font-size\">\n<table class=\"has-cyan-bluish-gray-background-color has-background\">\n<tbody>\n<tr>\n<td>Model<\/td>\n<td>Numer cz\u0119\u015bci<\/td>\n<td>\u015arednica zewn\u0119trzna<\/td>\n<td>\u015arednica wewn\u0119trzna<\/td>\n<td>Ca\u0142kowita wysoko\u015b\u0107<\/td>\n<td>Wysoko\u015b\u0107 zewn\u0119trzna<\/td>\n<td>Wysoko\u015b\u0107 wewn\u0119trzna<\/td>\n<td>Parametry otworu zewn\u0119trznego<\/td>\n<td>Parametry otworu wewn\u0119trznego<\/td>\n<td>Liczba z\u0119b\u00f3w<\/td>\n<\/tr>\n<tr>\n<td>EC140B<\/td>\n<td>VOE14520561<\/td>\n<td>1196<\/td>\n<td>963<\/td>\n<td>90<\/td>\n<td>79<\/td>\n<td>80<\/td>\n<td>36-\u042419<\/td>\n<td>36-M16*1.5<\/td>\n<td>98<\/td>\n<\/tr>\n<tr>\n<td>EC210<\/td>\n<td>SA1155-00061<\/td>\n<td>1328<\/td>\n<td>1080<\/td>\n<td>110<\/td>\n<td>90<\/td>\n<td>90<\/td>\n<td>33-\u042422<\/td>\n<td>36-M20<\/td>\n<td>92<\/td>\n<\/tr>\n<tr>\n<td>EC210BLC<\/td>\n<td>14563341<\/td>\n<td>1327<\/td>\n<td>1082<\/td>\n<td>110<\/td>\n<td>90<\/td>\n<td>90<\/td>\n<td>34-\u03c622<\/td>\n<td>36-M20<\/td>\n<td>92<\/td>\n<\/tr>\n<tr>\n<td>EC210BLC<\/td>\n<td>14563342<\/td>\n<td>1327<\/td>\n<td>1082<\/td>\n<td>110<\/td>\n<td>90<\/td>\n<td>90<\/td>\n<td>34-\u03c622<\/td>\n<td>36-M20<\/td>\n<td>92<\/td>\n<\/tr>\n<tr>\n<td>EC210 2005<\/td>\n<td>EC210V13948<\/td>\n<td>1327<\/td>\n<td>1080<\/td>\n<td>110<\/td>\n<td>90<\/td>\n<td>90<\/td>\n<td>34-\u042421.5<\/td>\n<td>36-M20<\/td>\n<td>92<\/td>\n<\/tr>\n<tr>\n<td>EC210B<\/td>\n<td>14563327<\/td>\n<td>1328<\/td>\n<td>1080<\/td>\n<td>110<\/td>\n<td>90<\/td>\n<td>90<\/td>\n<td>34-\u042421.5<\/td>\n<td>36-M20<\/td>\n<td>92<\/td>\n<\/tr>\n<tr>\n<td>EC210B<\/td>\n<td>14505766<\/td>\n<td>1328<\/td>\n<td>1080<\/td>\n<td>110<\/td>\n<td>90<\/td>\n<td>90<\/td>\n<td>34-\u03c622<\/td>\n<td>36-M20<\/td>\n<td>92<\/td>\n<\/tr>\n<tr>\n<td>EC210BLC<\/td>\n<td>14577178<\/td>\n<td>1328<\/td>\n<td>1080<\/td>\n<td>110<\/td>\n<td>90<\/td>\n<td>90<\/td>\n<td>34-\u03c622<\/td>\n<td>36-M20<\/td>\n<td>92<\/td>\n<\/tr>\n<tr>\n<td>EC210BNC<\/td>\n<td>14530323<\/td>\n<td>1328<\/td>\n<td>1080<\/td>\n<td>110<\/td>\n<td>90<\/td>\n<td>90<\/td>\n<td>34-\u03c622<\/td>\n<td>36-M20<\/td>\n<td>92<\/td>\n<\/tr>\n<tr>\n<td>EC210LC<\/td>\n<td>1155-00061<\/td>\n<td>1328<\/td>\n<td>1080<\/td>\n<td>110<\/td>\n<td>90<\/td>\n<td>90<\/td>\n<td>33-\u03c622<\/td>\n<td>36-M20<\/td>\n<td>92<\/td>\n<\/tr>\n<tr>\n<td>EC210LC<\/td>\n<td>14563328<\/td>\n<td>1326<\/td>\n<td>1083<\/td>\n<td>108<\/td>\n<td>90<\/td>\n<td>90<\/td>\n<td>34<\/td>\n<td>36<\/td>\n<td>92<\/td>\n<\/tr>\n<tr>\n<td>EC240BLC<\/td>\n<td>14563334<\/td>\n<td>1462<\/td>\n<td>1162<\/td>\n<td>120<\/td>\n<td>95<\/td>\n<td>105<\/td>\n<td>33<\/td>\n<td>36<\/td>\n<td>85<\/td>\n<\/tr>\n<tr>\n<td>EC240BLC<\/td>\n<td>SA1155-00040<\/td>\n<td>1462<\/td>\n<td>1162<\/td>\n<td>120<\/td>\n<td>95<\/td>\n<td>105<\/td>\n<td>33<\/td>\n<td>36<\/td>\n<td>85<\/td>\n<\/tr>\n<tr>\n<td>EC240BNLC<\/td>\n<td>14520572<\/td>\n<td>1462<\/td>\n<td>1162<\/td>\n<td>120<\/td>\n<td>95<\/td>\n<td>105<\/td>\n<td>33<\/td>\n<td>36<\/td>\n<td>85<\/td>\n<\/tr>\n<tr>\n<td>EC290<\/td>\n<td>14570794<\/td>\n<td>1532<\/td>\n<td>1235<\/td>\n<td>123<\/td>\n<td>90<\/td>\n<td>113<\/td>\n<td>35-\u042426<\/td>\n<td>40-M24<\/td>\n<td>90<\/td>\n<\/tr>\n<tr>\n<td>EC290BLC<\/td>\n<td>14563335<\/td>\n<td>1533<\/td>\n<td>1235<\/td>\n<td>122<\/td>\n<td>90<\/td>\n<td>110<\/td>\n<td>35-\u03c626<\/td>\n<td>40-M24<\/td>\n<td>90<\/td>\n<\/tr>\n<tr>\n<td>EC290B<\/td>\n<td>14563335<\/td>\n<td>1532<\/td>\n<td>1235<\/td>\n<td>122<\/td>\n<td>90<\/td>\n<td>110<\/td>\n<td>35-\u03c626<\/td>\n<td>40-M24<\/td>\n<td>90<\/td>\n<\/tr>\n<tr>\n<td>EC290B<\/td>\n<td>14520573<\/td>\n<td>1532<\/td>\n<td>1235<\/td>\n<td>122<\/td>\n<td>90<\/td>\n<td>110<\/td>\n<td>35-\u03c626<\/td>\n<td>40-M24<\/td>\n<td>90<\/td>\n<\/tr>\n<tr>\n<td>EX300-3C<\/td>\n<td>9112188<\/td>\n<td>1531<\/td>\n<td>1248<\/td>\n<td>117<\/td>\n<td>83<\/td>\n<td>105<\/td>\n<td>32-\u03c626<\/td>\n<td>36-M24*2<\/td>\n<td>91<\/td>\n<\/tr>\n<tr>\n<td>EC360BLC<\/td>\n<td>14563350<\/td>\n<td>1550<\/td>\n<td>1239<\/td>\n<td>150<\/td>\n<td>110<\/td>\n<td>136<\/td>\n<td>35<\/td>\n<td>40<\/td>\n<td>90<\/td>\n<\/tr>\n<tr>\n<td>EC460BLC<\/td>\n<td>14507709<\/td>\n<td>1778<\/td>\n<td>1393<\/td>\n<td>120<\/td>\n<td>110<\/td>\n<td>110<\/td>\n<td>40-\u042433<\/td>\n<td>40-M30<\/td>\n<td>112<\/td>\n<\/tr>\n<tr>\n<td>EC480DL<\/td>\n<td>14559204<\/td>\n<td>1778<\/td>\n<td>1393<\/td>\n<td>120<\/td>\n<td>110<\/td>\n<td>110<\/td>\n<td>40\/33<\/td>\n<td>40\/M30<\/td>\n<td>112<\/td>\n<\/tr>\n<tr>\n<td>EC700BLC<\/td>\n<td>14559205<\/td>\n<td>1815<\/td>\n<td>1375<\/td>\n<td>205<\/td>\n<td>148<\/td>\n<td>180<\/td>\n<td>48<\/td>\n<td>60<\/td>\n<td>100<\/td>\n<\/tr>\n<\/tbody>\n<\/table>\n<\/figure>\n<p>Volvo to dobrze znana marka w bran\u017cy sprz\u0119tu budowlanego, oferuj\u0105ca wysokiej jako\u015bci i niezawodne maszyny do r\u00f3\u017cnych zastosowa\u0144. W\u015br\u00f3d szerokiej gamy produkt\u00f3w, koparki Volvo s\u0105 popularnym wyborem w\u015br\u00f3d wykonawc\u00f3w i firm budowlanych ze wzgl\u0119du na ich wydajno\u015b\u0107 i trwa\u0142o\u015b\u0107. \u0141o\u017cyska obrotowe do koparek Volvo s\u0105 niezb\u0119dnym elementem tych maszyn, zapewniaj\u0105c ich p\u0142ynn\u0105 i wydajn\u0105 prac\u0119.<\/p>\n<p>\u0141o\u017cyska wahliwe do koparek, znane r\u00f3wnie\u017c jako \u0142o\u017cyska wahliwe, \u0142o\u017cyska obrotnicy lub \u0142o\u017cyska pier\u015bcienia wahliwego, s\u0105 odpowiedzialne za \u0142\u0105czenie g\u00f3rnej i dolnej cz\u0119\u015bci koparki. Pozwalaj\u0105 one g\u00f3rnej cz\u0119\u015bci koparki obraca\u0107 si\u0119 na jej dolnej cz\u0119\u015bci, zapewniaj\u0105c 360-stopniowy ruch i elastyczno\u015b\u0107. Ruch ten ma kluczowe znaczenie dla koparek, umo\u017cliwiaj\u0105c im prac\u0119 w ciasnych przestrzeniach, osi\u0105ganie trudnych k\u0105t\u00f3w i wykonywanie szerokiego zakresu zada\u0144.<\/p>\n<p>\u0141o\u017cyska wahliwe do koparek Volvo s\u0105 zaprojektowane tak, aby wytrzymywa\u0107 du\u017ce obci\u0105\u017cenia i ekstremalne warunki, dzi\u0119ki czemu nadaj\u0105 si\u0119 do r\u00f3\u017cnych zastosowa\u0144. S\u0105 one wykonane z wysokiej jako\u015bci materia\u0142\u00f3w i przechodz\u0105 rygorystyczny proces testowania, aby zapewni\u0107 ich wytrzyma\u0142o\u015b\u0107 i trwa\u0142o\u015b\u0107. \u0141o\u017cyska obrotowe do koparek Volvo charakteryzuj\u0105 si\u0119 r\u00f3wnie\u017c kompaktow\u0105 konstrukcj\u0105, zmniejszaj\u0105c\u0105 ca\u0142kowit\u0105 mas\u0119 maszyny i poprawiaj\u0105c\u0105 oszcz\u0119dno\u015b\u0107 paliwa.<\/p>\n<p>\u0141o\u017cyska wahliwe s\u0105 kluczowymi elementami koparek, a ich awarie mog\u0105 powodowa\u0107 znaczne przestoje i kosztowne naprawy. Stosuj\u0105c \u0142o\u017cyska obrotowe cz\u0119\u015bci do koparek Volvo, wykonawcy mog\u0105 zapewni\u0107 p\u0142ynn\u0105 prac\u0119 swoich koparek, zmniejszaj\u0105c ryzyko przestoj\u00f3w i minimalizuj\u0105c koszty konserwacji. \u0141o\u017cyska obrotowe do koparek Volvo zosta\u0142y zaprojektowane z my\u015bl\u0105 o trwa\u0142o\u015bci, zapewniaj\u0105c d\u0142ugoterminow\u0105 wydajno\u015b\u0107 i niezawodno\u015b\u0107.<\/p>\n<p>Volvo oferuje szerok\u0105 gam\u0119 \u0142o\u017cysk obrotowych do koparek, odpowiednich do r\u00f3\u017cnych modeli i zastosowa\u0144. Volvo EC55, EC60, EC140BP, EW145BP, EW160BB, EC210, EC240, EC290, EC360LC, EC380, EC460, EC480, EC700, EC210B, EC360 to tylko niekt\u00f3re z modeli, w kt\u00f3rych zastosowano \u0142o\u017cyska obrotowe do koparek Volvo. Podsumowuj\u0105c, \u0142o\u017cyska obrotowe do koparek Volvo s\u0105 istotnym elementem koparek Volvo, zapewniaj\u0105c elastyczno\u015b\u0107 i zwrotno\u015b\u0107 wymagan\u0105 do r\u00f3\u017cnych zada\u0144 budowlanych. S\u0105 one zaprojektowane tak, aby wytrzymywa\u0107 du\u017ce obci\u0105\u017cenia i ekstremalne warunki, zapewniaj\u0105c d\u0142ugoterminow\u0105 wydajno\u015b\u0107 i niezawodno\u015b\u0107 maszyny. Stosuj\u0105c \u0142o\u017cyska wahliwe do koparek Volvo, wykonawcy mog\u0105 zminimalizowa\u0107 przestoje, obni\u017cy\u0107 koszty konserwacji i zwi\u0119kszy\u0107 produktywno\u015b\u0107.<\/p>\n<p>Mo\u017cemy zapewni\u0107 alternatywne ko\u0142o wahad\u0142owe dla CAT, HITACHI, KOMATSU, KOBELCO, HYUNDAI, VOLVO, DOOSAN, DAEWOO, JCB, CASE, SUMITOMO, KATO. Do wyboru s\u0105 normalne i niestandardowe ponad 1000 setek typ\u00f3w.<\/p>","protected":false},"excerpt":{"rendered":"<p>\u0141o\u017cysko wahliwe Volvo<br \/>\nModel: EC700BLC, EC480DL<br \/>\nEC460BLC,EC360BLC,EC290B<\/p>","protected":false},"featured_media":136,"template":"","meta":[],"product_brand":[],"product_cat":[22,68],"product_tag":[],"class_list":{"0":"post-568","1":"product","2":"type-product","3":"status-publish","4":"has-post-thumbnail","6":"product_cat-swing-bearing","7":"product_cat-volvo-excavator-swing-bearing","9":"first","10":"instock","11":"shipping-taxable","12":"product-type-simple"},"_links":{"self":[{"href":"https:\/\/swingbearing.net\/pl\/wp-json\/wp\/v2\/product\/568","targetHints":{"allow":["GET"]}}],"collection":[{"href":"https:\/\/swingbearing.net\/pl\/wp-json\/wp\/v2\/product"}],"about":[{"href":"https:\/\/swingbearing.net\/pl\/wp-json\/wp\/v2\/types\/product"}],"wp:featuredmedia":[{"embeddable":true,"href":"https:\/\/swingbearing.net\/pl\/wp-json\/wp\/v2\/media\/136"}],"wp:attachment":[{"href":"https:\/\/swingbearing.net\/pl\/wp-json\/wp\/v2\/media?parent=568"}],"wp:term":[{"taxonomy":"product_brand","embeddable":true,"href":"https:\/\/swingbearing.net\/pl\/wp-json\/wp\/v2\/product_brand?post=568"},{"taxonomy":"product_cat","embeddable":true,"href":"https:\/\/swingbearing.net\/pl\/wp-json\/wp\/v2\/product_cat?post=568"},{"taxonomy":"product_tag","embeddable":true,"href":"https:\/\/swingbearing.net\/pl\/wp-json\/wp\/v2\/product_tag?post=568"}],"curies":[{"name":"wp","href":"https:\/\/api.w.org\/{rel}","templated":true}]}}