{"id":4897,"date":"2024-08-28T06:52:22","date_gmt":"2024-08-28T06:52:22","guid":{"rendered":"https:\/\/swingbearing.net\/?post_type=product&#038;p=4897"},"modified":"2024-08-28T06:53:34","modified_gmt":"2024-08-28T06:53:34","slug":"liebherr-r924b-swing-bearing-982751901-excavator-slewing-ring","status":"publish","type":"product","link":"https:\/\/swingbearing.net\/pl\/produkt\/liebherr-r924b-swing-bearing-982751901-excavator-slewing-ring\/","title":{"rendered":"LIEBHERR R924B Swing Bearing 982751901 Excavator Slewing Ring"},"content":{"rendered":"<h2 style=\"text-align: center;\">Parametry \u0142o\u017cysk wahliwych LIEBHERR<\/h2>\n<figure class=\"wp-block-table is-style-stripes has-small-font-size\">\n<table class=\"has-cyan-bluish-gray-background-color has-background\">\n<tbody>\n<tr>\n<td>Model<\/td>\n<td>Numer cz\u0119\u015bci<\/td>\n<td>\u015arednica zewn\u0119trzna<\/td>\n<td>\u015arednica wewn\u0119trzna<\/td>\n<td>Ca\u0142kowita wysoko\u015b\u0107<\/td>\n<td>Wysoko\u015b\u0107 zewn\u0119trzna<\/td>\n<td>Wysoko\u015b\u0107 wewn\u0119trzna<\/td>\n<td>Parametry otworu zewn\u0119trznego<\/td>\n<td>Parametry otworu wewn\u0119trznego<\/td>\n<td>Liczba z\u0119b\u00f3w<\/td>\n<\/tr>\n<tr>\n<td>R922<\/td>\n<td>LE982706001<\/td>\n<td>1215<\/td>\n<td>940<\/td>\n<td>115<\/td>\n<td>72<\/td>\n<td>105<\/td>\n<td>48-\u03c622<\/td>\n<td>56-M20<\/td>\n<td>94<\/td>\n<\/tr>\n<tr>\n<td>924HDSL<\/td>\n<td>LE982751901<\/td>\n<td>1215<\/td>\n<td>940<\/td>\n<td>115<\/td>\n<td>72<\/td>\n<td>105<\/td>\n<td>48-\u042422<\/td>\n<td>56-M20cloth<\/td>\n<td>94<\/td>\n<\/tr>\n<tr>\n<td>R924C<\/td>\n<td>982751901<\/td>\n<td>1215<\/td>\n<td>940<\/td>\n<td>115<\/td>\n<td>72<\/td>\n<td>105<\/td>\n<td>48-\u042422<\/td>\n<td>56-M20cloth<\/td>\n<td>94<\/td>\n<\/tr>\n<tr>\n<td>R924C<\/td>\n<td>932833001<\/td>\n<td>1215<\/td>\n<td>940<\/td>\n<td>115<\/td>\n<td>72<\/td>\n<td>105<\/td>\n<td>48-\u042422<\/td>\n<td>56-M20cloth<\/td>\n<td>94<\/td>\n<\/tr>\n<tr>\n<td>R924B<\/td>\n<td>982751901<\/td>\n<td>1215<\/td>\n<td>940<\/td>\n<td>115<\/td>\n<td>72<\/td>\n<td>105<\/td>\n<td>48-\u042422<\/td>\n<td>56-M20cloth<\/td>\n<td>94<\/td>\n<\/tr>\n<tr>\n<td>R934<\/td>\n<td>933816501<\/td>\n<td>1355<\/td>\n<td>1012<\/td>\n<td>125<\/td>\n<td><\/td>\n<td><\/td>\n<td>40<\/td>\n<td>48<\/td>\n<td>92<\/td>\n<\/tr>\n<tr>\n<td>R934HD-S<\/td>\n<td>LE939500601<\/td>\n<td>1355<\/td>\n<td>1012<\/td>\n<td>125<\/td>\n<td>92<\/td>\n<td>113<\/td>\n<td>40-26 otw\u00f3r przelotowy<\/td>\n<td>48-M24<\/td>\n<td>92<\/td>\n<\/tr>\n<tr>\n<td>934<\/td>\n<td>982752401<\/td>\n<td>1355<\/td>\n<td>1012<\/td>\n<td>125<\/td>\n<td>92<\/td>\n<td>113<\/td>\n<td>40-26 otw\u00f3r przelotowy<\/td>\n<td>48-M24<\/td>\n<td>92<\/td>\n<\/tr>\n<tr>\n<td>R-944C<\/td>\n<td>933628601<\/td>\n<td>1365<\/td>\n<td>1008<\/td>\n<td>150<\/td>\n<td>112<\/td>\n<td>140<\/td>\n<td>60-\u042426<\/td>\n<td>72-M24cloth<\/td>\n<td>84<\/td>\n<\/tr>\n<tr>\n<td>R944B<\/td>\n<td>933626601<\/td>\n<td>1365<\/td>\n<td>1008<\/td>\n<td>150<\/td>\n<td>112<\/td>\n<td>140<\/td>\n<td>60<\/td>\n<td>72<\/td>\n<td>84<\/td>\n<\/tr>\n<\/tbody>\n<\/table>\n<\/figure>\n<p>Koparki Liebherr s\u0105 znane ze swojej niezawodno\u015bci i trwa\u0142o\u015bci, dzi\u0119ki czemu s\u0105 popularnym wyborem w bran\u017cy budowlanej i g\u00f3rniczej. Jednym z kluczowych podzespo\u0142\u00f3w wp\u0142ywaj\u0105cych na wydajno\u015b\u0107 maszyny jest \u0142o\u017cysko wahliwe koparki. \u0141o\u017cyska wahliwe koparek Liebherr s\u0105 zaprojektowane tak, aby sprosta\u0107 wymaganiom ci\u0119\u017ckiej pracy w trudnych warunkach.<\/p>\n<p>Slewing bearing for excavators play a crucial role in the machine&#8217;s operation as they support the upper structure&#8217;s rotation. Without a quality slewing bearing for an excavator, the upper structure cannot rotate smoothly, which affects the overall performance of the machine. Liebherr excavator slewing bearings are engineered to provide high load capacity, accuracy, and long service life, ensuring optimal machine performance.<\/p>\n<p>\u0141o\u017cyska obrotowe koparek Liebherr s\u0105 r\u00f3wnie\u017c znane jako \u0142o\u017cyska z pier\u015bcieniem obrotowym, \u0142o\u017cyska z pier\u015bcieniem obrotowym koparki lub \u0142o\u017cyska obrotnicy. \u0141o\u017cyska te zosta\u0142y zaprojektowane z bie\u017cni\u0105 podtrzymuj\u0105c\u0105 ci\u0119\u017car maszyny, umo\u017cliwiaj\u0105c \u0142atwe obracanie si\u0119 g\u00f3rnej konstrukcji. \u0141o\u017cysko obrotowe cz\u0119\u015bci koparki jest wykonane z materia\u0142\u00f3w o wysokiej wytrzyma\u0142o\u015bci, dzi\u0119ki czemu mo\u017ce wytrzyma\u0107 du\u017ce obci\u0105\u017cenia, ekstremalne temperatury i trudne warunki.<\/p>\n<p>Liebherr oferuje szereg \u0142o\u017cysk obrotowych do koparek, kt\u00f3re s\u0105 kompatybilne z r\u00f3\u017cnymi modelami koparek. Obecnie na rynku dost\u0119pne s\u0105 modele R914, R924, R944, R934 i R944CLC. Modele te zosta\u0142y zaprojektowane z my\u015bl\u0105 o zapewnieniu maksymalnej trwa\u0142o\u015bci i wydajno\u015bci, gwarantuj\u0105c, \u017ce maszyna poradzi sobie z ka\u017cdym zadaniem.<\/p>","protected":false},"excerpt":{"rendered":"<p><strong>Cz\u0119\u015b\u0107<\/strong> #: 982751901<br \/>\n<strong>Marka<\/strong>: LIEBHERR<br \/>\n<strong>Model<\/strong>: R924B<br \/>\n<strong>Stan<\/strong>: Nowo\u015b\u0107<\/p>","protected":false},"featured_media":3040,"template":"","meta":[],"product_brand":[],"product_cat":[22,72],"product_tag":[52],"class_list":{"0":"post-4897","1":"product","2":"type-product","3":"status-publish","4":"has-post-thumbnail","6":"product_cat-swing-bearing","7":"product_cat-liebherr-excavator-swing-bearing","8":"product_tag-swing-bearing","10":"first","11":"instock","12":"shipping-taxable","13":"product-type-simple"},"_links":{"self":[{"href":"https:\/\/swingbearing.net\/pl\/wp-json\/wp\/v2\/product\/4897","targetHints":{"allow":["GET"]}}],"collection":[{"href":"https:\/\/swingbearing.net\/pl\/wp-json\/wp\/v2\/product"}],"about":[{"href":"https:\/\/swingbearing.net\/pl\/wp-json\/wp\/v2\/types\/product"}],"wp:featuredmedia":[{"embeddable":true,"href":"https:\/\/swingbearing.net\/pl\/wp-json\/wp\/v2\/media\/3040"}],"wp:attachment":[{"href":"https:\/\/swingbearing.net\/pl\/wp-json\/wp\/v2\/media?parent=4897"}],"wp:term":[{"taxonomy":"product_brand","embeddable":true,"href":"https:\/\/swingbearing.net\/pl\/wp-json\/wp\/v2\/product_brand?post=4897"},{"taxonomy":"product_cat","embeddable":true,"href":"https:\/\/swingbearing.net\/pl\/wp-json\/wp\/v2\/product_cat?post=4897"},{"taxonomy":"product_tag","embeddable":true,"href":"https:\/\/swingbearing.net\/pl\/wp-json\/wp\/v2\/product_tag?post=4897"}],"curies":[{"name":"wp","href":"https:\/\/api.w.org\/{rel}","templated":true}]}}