{"id":4865,"date":"2024-08-26T00:53:20","date_gmt":"2024-08-26T00:53:20","guid":{"rendered":"https:\/\/swingbearing.net\/product\/case-cnhe215-swing-bearing-72203516\/"},"modified":"2024-08-27T05:43:09","modified_gmt":"2024-08-27T05:43:09","slug":"case-cnh-e215-swing-bearing-72203516-excavator","status":"publish","type":"product","link":"https:\/\/swingbearing.net\/pl\/produkt\/case-cnh-e215-swing-bearing-72203516-excavator\/","title":{"rendered":"CASE CNH E215 Swing Bearing 72203516"},"content":{"rendered":"<h2 style=\"text-align: center;\">Parametry \u0142o\u017cyska wahliwego CASE<\/h2>\n<figure class=\"wp-block-table is-style-stripes has-small-font-size\">\n<table class=\"has-cyan-bluish-gray-background-color has-background\">\n<tbody>\n<tr>\n<td style=\"text-align: right;\">Model<\/td>\n<td style=\"text-align: right;\">Numer cz\u0119\u015bci<\/td>\n<td style=\"text-align: right;\">\u015arednica zewn\u0119trzna<\/td>\n<td style=\"text-align: right;\">\u015arednica wewn\u0119trzna<\/td>\n<td style=\"text-align: right;\">Ca\u0142kowita wysoko\u015b\u0107<\/td>\n<td style=\"text-align: right;\">Wysoko\u015b\u0107 zewn\u0119trzna<\/td>\n<td style=\"text-align: right;\">Wysoko\u015b\u0107 wewn\u0119trzna<\/td>\n<td style=\"text-align: right;\">Parametry otworu zewn\u0119trznego<\/td>\n<td style=\"text-align: right;\">Parametry otworu wewn\u0119trznego<\/td>\n<td style=\"text-align: right;\">Liczba z\u0119b\u00f3w<\/td>\n<\/tr>\n<tr>\n<td>CX130<\/td>\n<td>KNB10130<\/td>\n<td>1172<\/td>\n<td>972<\/td>\n<td>88<\/td>\n<td>65<\/td>\n<td>78<\/td>\n<td>28<\/td>\n<td>36<\/td>\n<td>98<\/td>\n<\/tr>\n<tr>\n<td>CX130<\/td>\n<td>KNB 11840<\/td>\n<td>1172<\/td>\n<td>973<\/td>\n<td>88<\/td>\n<td>65<\/td>\n<td>78<\/td>\n<td>28<\/td>\n<td>36<\/td>\n<td>98<\/td>\n<\/tr>\n<tr>\n<td>CX210<\/td>\n<td>KRB1347<\/td>\n<td>1330<\/td>\n<td>1094<\/td>\n<td>103<\/td>\n<td>74<\/td>\n<td>92<\/td>\n<td>31<\/td>\n<td>36<\/td>\n<td>92<\/td>\n<\/tr>\n<tr>\n<td>CX210<\/td>\n<td>KRB1603<\/td>\n<td>1330<\/td>\n<td>1094<\/td>\n<td>103<\/td>\n<td>74<\/td>\n<td>92<\/td>\n<td>31<\/td>\n<td>36<\/td>\n<td>92<\/td>\n<\/tr>\n<tr>\n<td>CX210<\/td>\n<td>KRB10160<\/td>\n<td>1330<\/td>\n<td>1093<\/td>\n<td>102<\/td>\n<td>74<\/td>\n<td>92<\/td>\n<td>31-\u03c622<\/td>\n<td>36-M20<\/td>\n<td>92<\/td>\n<\/tr>\n<tr>\n<td>CX210B<\/td>\n<td>KRB10160<\/td>\n<td>1330<\/td>\n<td>1093<\/td>\n<td>102<\/td>\n<td>74<\/td>\n<td>92<\/td>\n<td>31-\u03c622<\/td>\n<td>36-M20<\/td>\n<td>92<\/td>\n<\/tr>\n<tr>\n<td>CX210<\/td>\n<td>KRB10180<\/td>\n<td>1330<\/td>\n<td>1093<\/td>\n<td>102<\/td>\n<td>74<\/td>\n<td>92<\/td>\n<td>31-\u03c622.5<\/td>\n<td>36-M20<\/td>\n<td>92<\/td>\n<\/tr>\n<tr>\n<td>CX210B<\/td>\n<td>KRB11710<\/td>\n<td>1330<\/td>\n<td>1093<\/td>\n<td>102<\/td>\n<td>74<\/td>\n<td>92<\/td>\n<td>31-\u03c622<\/td>\n<td>36-M20<\/td>\n<td>92<\/td>\n<\/tr>\n<tr>\n<td>CX210C<\/td>\n<td>KRB11710<\/td>\n<td>1330<\/td>\n<td>1093<\/td>\n<td>102<\/td>\n<td>74<\/td>\n<td>92<\/td>\n<td>31-\u03c622<\/td>\n<td>36-M20<\/td>\n<td>92<\/td>\n<\/tr>\n<tr>\n<td>CNH E215<\/td>\n<td>72203516<\/td>\n<td>1312<\/td>\n<td>1082<\/td>\n<td>110<\/td>\n<td>79<\/td>\n<td>98<\/td>\n<td>33<\/td>\n<td>36<\/td>\n<td>110<\/td>\n<\/tr>\n<tr>\n<td>CNH E215<\/td>\n<td>87472588<\/td>\n<td>1312<\/td>\n<td>1082<\/td>\n<td>110<\/td>\n<td>79<\/td>\n<td>98<\/td>\n<td>33<\/td>\n<td>36<\/td>\n<td>110<\/td>\n<\/tr>\n<tr>\n<td>CX240<\/td>\n<td>KBB0878<\/td>\n<td>1375<\/td>\n<td>1094<\/td>\n<td>124<\/td>\n<td>88<\/td>\n<td>114<\/td>\n<td>27-\u03a626<\/td>\n<td>36-M24<\/td>\n<td>92<\/td>\n<\/tr>\n<tr>\n<td>CX240<\/td>\n<td>KBB0282<\/td>\n<td>1375<\/td>\n<td>1094<\/td>\n<td>124<\/td>\n<td>80<\/td>\n<td>114<\/td>\n<td>26-\u03c626<\/td>\n<td>36-M24<\/td>\n<td>92<\/td>\n<\/tr>\n<tr>\n<td>CX240<\/td>\n<td>KBB 10080<\/td>\n<td>1376<\/td>\n<td>1093<\/td>\n<td>125<\/td>\n<td>88<\/td>\n<td>114<\/td>\n<td>27<\/td>\n<td>36<\/td>\n<td>92<\/td>\n<\/tr>\n<tr>\n<td>CX240B<\/td>\n<td>KBB11350<\/td>\n<td>1377<\/td>\n<td>1094<\/td>\n<td>124<\/td>\n<td>88<\/td>\n<td>114<\/td>\n<td>28-26<\/td>\n<td>36-M24<\/td>\n<td>92<\/td>\n<\/tr>\n<tr>\n<td>CX460<\/td>\n<td>KTB10010<\/td>\n<td>1615<\/td>\n<td>1275<\/td>\n<td>145<\/td>\n<td>125<\/td>\n<td>135<\/td>\n<td>41-\u03a626<\/td>\n<td>46-M24<\/td>\n<td>92<\/td>\n<\/tr>\n<tr>\n<td>CX290<\/td>\n<td>KBB10100<\/td>\n<td>1615<\/td>\n<td>1274<\/td>\n<td>122<\/td>\n<td>100<\/td>\n<td>110<\/td>\n<td>41<\/td>\n<td>46<\/td>\n<td>92<\/td>\n<\/tr>\n<\/tbody>\n<\/table>\n<\/figure>\n<figure class=\"wp-block-table\" style=\"font-size: 12px;\">\n\t\t<style type=\"text\/css\">\n\t\t\t#gallery-1 {\n\t\t\t\tmargin: auto;\n\t\t\t}\n\t\t\t#gallery-1 .gallery-item {\n\t\t\t\tfloat: left;\n\t\t\t\tmargin-top: 10px;\n\t\t\t\ttext-align: center;\n\t\t\t\twidth: 25%;\n\t\t\t}\n\t\t\t#gallery-1 img {\n\t\t\t\tborder: 2px solid #cfcfcf;\n\t\t\t}\n\t\t\t#gallery-1 .gallery-caption {\n\t\t\t\tmargin-left: 0;\n\t\t\t}\n\t\t\t\/* see gallery_shortcode() in wp-includes\/media.php *\/\n\t\t<\/style>\n\t\t<div id='gallery-1' class='gallery galleryid-4865 gallery-columns-4 gallery-size-medium'><dl class='gallery-item'>\n\t\t\t<dt class='gallery-icon landscape'>\n\t\t\t\t<a href='https:\/\/swingbearing.net\/wp-content\/uploads\/2024\/07\/106.jpg'><img decoding=\"async\" width=\"300\" height=\"221\" src=\"https:\/\/swingbearing.net\/wp-content\/uploads\/2024\/07\/106-300x221.jpg\" class=\"attachment-medium size-medium\" alt=\"Gear Hardening\" aria-describedby=\"gallery-1-4456\" srcset=\"https:\/\/swingbearing.net\/wp-content\/uploads\/2024\/07\/106-300x221.jpg 300w, https:\/\/swingbearing.net\/wp-content\/uploads\/2024\/07\/106-16x12.jpg 16w, https:\/\/swingbearing.net\/wp-content\/uploads\/2024\/07\/106.jpg 410w\" sizes=\"(max-width: 300px) 100vw, 300px\" \/><\/a>\n\t\t\t<\/dt>\n\t\t\t\t<dd class='wp-caption-text gallery-caption' id='gallery-1-4456'>\n\t\t\t\tGear Hardening\n\t\t\t\t<\/dd><\/dl><dl class='gallery-item'>\n\t\t\t<dt class='gallery-icon landscape'>\n\t\t\t\t<a href='https:\/\/swingbearing.net\/wp-content\/uploads\/2024\/07\/104.jpg'><img decoding=\"async\" width=\"300\" height=\"221\" src=\"https:\/\/swingbearing.net\/wp-content\/uploads\/2024\/07\/104-300x221.jpg\" class=\"attachment-medium size-medium\" alt=\"Gear Hardening\" aria-describedby=\"gallery-1-4454\" srcset=\"https:\/\/swingbearing.net\/wp-content\/uploads\/2024\/07\/104-300x221.jpg 300w, https:\/\/swingbearing.net\/wp-content\/uploads\/2024\/07\/104-16x12.jpg 16w, https:\/\/swingbearing.net\/wp-content\/uploads\/2024\/07\/104.jpg 410w\" sizes=\"(max-width: 300px) 100vw, 300px\" \/><\/a>\n\t\t\t<\/dt>\n\t\t\t\t<dd class='wp-caption-text gallery-caption' id='gallery-1-4454'>\n\t\t\t\tGear Hardening\n\t\t\t\t<\/dd><\/dl><dl class='gallery-item'>\n\t\t\t<dt class='gallery-icon landscape'>\n\t\t\t\t<a href='https:\/\/swingbearing.net\/wp-content\/uploads\/2024\/07\/00\u76f4\u8bfb\u5f0f\u5149\u8c31\u4eea.jpg'><img decoding=\"async\" width=\"300\" height=\"240\" src=\"https:\/\/swingbearing.net\/wp-content\/uploads\/2024\/07\/00\u76f4\u8bfb\u5f0f\u5149\u8c31\u4eea-300x240.jpg\" class=\"attachment-medium size-medium\" alt=\"Spektrometr z bezpo\u015brednim odczytem\" aria-describedby=\"gallery-1-4483\" srcset=\"https:\/\/swingbearing.net\/wp-content\/uploads\/2024\/07\/00\u76f4\u8bfb\u5f0f\u5149\u8c31\u4eea-300x240.jpg 300w, https:\/\/swingbearing.net\/wp-content\/uploads\/2024\/07\/00\u76f4\u8bfb\u5f0f\u5149\u8c31\u4eea-768x614.jpg 768w, https:\/\/swingbearing.net\/wp-content\/uploads\/2024\/07\/00\u76f4\u8bfb\u5f0f\u5149\u8c31\u4eea-15x12.jpg 15w, https:\/\/swingbearing.net\/wp-content\/uploads\/2024\/07\/00\u76f4\u8bfb\u5f0f\u5149\u8c31\u4eea-600x480.jpg 600w, https:\/\/swingbearing.net\/wp-content\/uploads\/2024\/07\/00\u76f4\u8bfb\u5f0f\u5149\u8c31\u4eea.jpg 800w\" sizes=\"(max-width: 300px) 100vw, 300px\" \/><\/a>\n\t\t\t<\/dt>\n\t\t\t\t<dd class='wp-caption-text gallery-caption' id='gallery-1-4483'>\n\t\t\t\tSpektrometr z bezpo\u015brednim odczytem\n\t\t\t\t<\/dd><\/dl><dl class='gallery-item'>\n\t\t\t<dt class='gallery-icon landscape'>\n\t\t\t\t<a href='https:\/\/swingbearing.net\/wp-content\/uploads\/2024\/07\/00\u6d1b\u6c0f\u786c\u5ea6\u8ba1.jpg'><img decoding=\"async\" width=\"300\" height=\"240\" src=\"https:\/\/swingbearing.net\/wp-content\/uploads\/2024\/07\/00\u6d1b\u6c0f\u786c\u5ea6\u8ba1-300x240.jpg\" class=\"attachment-medium size-medium\" alt=\"Twardo\u015b\u0107 Rockwella\" aria-describedby=\"gallery-1-4482\" srcset=\"https:\/\/swingbearing.net\/wp-content\/uploads\/2024\/07\/00\u6d1b\u6c0f\u786c\u5ea6\u8ba1-300x240.jpg 300w, https:\/\/swingbearing.net\/wp-content\/uploads\/2024\/07\/00\u6d1b\u6c0f\u786c\u5ea6\u8ba1-768x614.jpg 768w, https:\/\/swingbearing.net\/wp-content\/uploads\/2024\/07\/00\u6d1b\u6c0f\u786c\u5ea6\u8ba1-15x12.jpg 15w, https:\/\/swingbearing.net\/wp-content\/uploads\/2024\/07\/00\u6d1b\u6c0f\u786c\u5ea6\u8ba1-600x480.jpg 600w, https:\/\/swingbearing.net\/wp-content\/uploads\/2024\/07\/00\u6d1b\u6c0f\u786c\u5ea6\u8ba1.jpg 800w\" sizes=\"(max-width: 300px) 100vw, 300px\" \/><\/a>\n\t\t\t<\/dt>\n\t\t\t\t<dd class='wp-caption-text gallery-caption' id='gallery-1-4482'>\n\t\t\t\tTwardo\u015b\u0107 Rockwella\n\t\t\t\t<\/dd><\/dl><br style=\"clear: both\" \/><dl class='gallery-item'>\n\t\t\t<dt class='gallery-icon landscape'>\n\t\t\t\t<a href='https:\/\/swingbearing.net\/wp-content\/uploads\/2024\/07\/00\u6570\u63a7\u7acb\u8f66.jpg'><img decoding=\"async\" width=\"300\" height=\"240\" src=\"https:\/\/swingbearing.net\/wp-content\/uploads\/2024\/07\/00\u6570\u63a7\u7acb\u8f66-300x240.jpg\" class=\"attachment-medium size-medium\" alt=\"Tokarka pionowa CNC\" aria-describedby=\"gallery-1-4473\" srcset=\"https:\/\/swingbearing.net\/wp-content\/uploads\/2024\/07\/00\u6570\u63a7\u7acb\u8f66-300x240.jpg 300w, https:\/\/swingbearing.net\/wp-content\/uploads\/2024\/07\/00\u6570\u63a7\u7acb\u8f66-768x614.jpg 768w, https:\/\/swingbearing.net\/wp-content\/uploads\/2024\/07\/00\u6570\u63a7\u7acb\u8f66-15x12.jpg 15w, https:\/\/swingbearing.net\/wp-content\/uploads\/2024\/07\/00\u6570\u63a7\u7acb\u8f66-600x480.jpg 600w, https:\/\/swingbearing.net\/wp-content\/uploads\/2024\/07\/00\u6570\u63a7\u7acb\u8f66.jpg 800w\" sizes=\"(max-width: 300px) 100vw, 300px\" \/><\/a>\n\t\t\t<\/dt>\n\t\t\t\t<dd class='wp-caption-text gallery-caption' id='gallery-1-4473'>\n\t\t\t\tTokarka pionowa CNC\n\t\t\t\t<\/dd><\/dl><dl class='gallery-item'>\n\t\t\t<dt class='gallery-icon landscape'>\n\t\t\t\t<a href='https:\/\/swingbearing.net\/wp-content\/uploads\/2024\/07\/00\u6570\u63a7\u6eda\u9f7f\u673a-1.jpg'><img decoding=\"async\" width=\"300\" height=\"240\" src=\"https:\/\/swingbearing.net\/wp-content\/uploads\/2024\/07\/00\u6570\u63a7\u6eda\u9f7f\u673a-1-300x240.jpg\" class=\"attachment-medium size-medium\" alt=\"Obrabiarka CNC do k\u00f3\u0142 z\u0119batych\" aria-describedby=\"gallery-1-4472\" srcset=\"https:\/\/swingbearing.net\/wp-content\/uploads\/2024\/07\/00\u6570\u63a7\u6eda\u9f7f\u673a-1-300x240.jpg 300w, https:\/\/swingbearing.net\/wp-content\/uploads\/2024\/07\/00\u6570\u63a7\u6eda\u9f7f\u673a-1-768x614.jpg 768w, https:\/\/swingbearing.net\/wp-content\/uploads\/2024\/07\/00\u6570\u63a7\u6eda\u9f7f\u673a-1-15x12.jpg 15w, https:\/\/swingbearing.net\/wp-content\/uploads\/2024\/07\/00\u6570\u63a7\u6eda\u9f7f\u673a-1-600x480.jpg 600w, https:\/\/swingbearing.net\/wp-content\/uploads\/2024\/07\/00\u6570\u63a7\u6eda\u9f7f\u673a-1.jpg 800w\" sizes=\"(max-width: 300px) 100vw, 300px\" \/><\/a>\n\t\t\t<\/dt>\n\t\t\t\t<dd class='wp-caption-text gallery-caption' id='gallery-1-4472'>\n\t\t\t\tObrabiarka CNC do k\u00f3\u0142 z\u0119batych\n\t\t\t\t<\/dd><\/dl><dl class='gallery-item'>\n\t\t\t<dt class='gallery-icon landscape'>\n\t\t\t\t<a href='https:\/\/swingbearing.net\/wp-content\/uploads\/2024\/07\/00\u7acb\u5f0f\u52a0\u5de5\u4e2d\u5fc3.jpg'><img decoding=\"async\" width=\"300\" height=\"240\" src=\"https:\/\/swingbearing.net\/wp-content\/uploads\/2024\/07\/00\u7acb\u5f0f\u52a0\u5de5\u4e2d\u5fc3-300x240.jpg\" class=\"attachment-medium size-medium\" alt=\"Pionowe centrum obr\u00f3bcze\" aria-describedby=\"gallery-1-4468\" srcset=\"https:\/\/swingbearing.net\/wp-content\/uploads\/2024\/07\/00\u7acb\u5f0f\u52a0\u5de5\u4e2d\u5fc3-300x240.jpg 300w, https:\/\/swingbearing.net\/wp-content\/uploads\/2024\/07\/00\u7acb\u5f0f\u52a0\u5de5\u4e2d\u5fc3-768x614.jpg 768w, https:\/\/swingbearing.net\/wp-content\/uploads\/2024\/07\/00\u7acb\u5f0f\u52a0\u5de5\u4e2d\u5fc3-15x12.jpg 15w, https:\/\/swingbearing.net\/wp-content\/uploads\/2024\/07\/00\u7acb\u5f0f\u52a0\u5de5\u4e2d\u5fc3-600x480.jpg 600w, https:\/\/swingbearing.net\/wp-content\/uploads\/2024\/07\/00\u7acb\u5f0f\u52a0\u5de5\u4e2d\u5fc3.jpg 800w\" sizes=\"(max-width: 300px) 100vw, 300px\" \/><\/a>\n\t\t\t<\/dt>\n\t\t\t\t<dd class='wp-caption-text gallery-caption' id='gallery-1-4468'>\n\t\t\t\tPionowe centrum obr\u00f3bcze\n\t\t\t\t<\/dd><\/dl><dl class='gallery-item'>\n\t\t\t<dt class='gallery-icon landscape'>\n\t\t\t\t<a href='https:\/\/swingbearing.net\/wp-content\/uploads\/2024\/07\/\u6570\u63a7\u8f66\u78e8\u673a\u5e8a.jpg'><img decoding=\"async\" width=\"300\" height=\"240\" src=\"https:\/\/swingbearing.net\/wp-content\/uploads\/2024\/07\/\u6570\u63a7\u8f66\u78e8\u673a\u5e8a-300x240.jpg\" class=\"attachment-medium size-medium\" alt=\"\u0142o\u017cysko wahliwe\" srcset=\"https:\/\/swingbearing.net\/wp-content\/uploads\/2024\/07\/\u6570\u63a7\u8f66\u78e8\u673a\u5e8a-300x240.jpg 300w, https:\/\/swingbearing.net\/wp-content\/uploads\/2024\/07\/\u6570\u63a7\u8f66\u78e8\u673a\u5e8a-768x614.jpg 768w, https:\/\/swingbearing.net\/wp-content\/uploads\/2024\/07\/\u6570\u63a7\u8f66\u78e8\u673a\u5e8a-15x12.jpg 15w, https:\/\/swingbearing.net\/wp-content\/uploads\/2024\/07\/\u6570\u63a7\u8f66\u78e8\u673a\u5e8a-600x480.jpg 600w, https:\/\/swingbearing.net\/wp-content\/uploads\/2024\/07\/\u6570\u63a7\u8f66\u78e8\u673a\u5e8a.jpg 800w\" sizes=\"(max-width: 300px) 100vw, 300px\" \/><\/a>\n\t\t\t<\/dt><\/dl><br style=\"clear: both\" \/><dl class='gallery-item'>\n\t\t\t<dt class='gallery-icon portrait'>\n\t\t\t\t<a href='https:\/\/swingbearing.net\/wp-content\/uploads\/2024\/07\/\u5fae\u4fe1\u56fe\u7247_20240517203249.jpg'><img decoding=\"async\" width=\"293\" height=\"300\" src=\"https:\/\/swingbearing.net\/wp-content\/uploads\/2024\/07\/\u5fae\u4fe1\u56fe\u7247_20240517203249-293x300.jpg\" class=\"attachment-medium size-medium\" alt=\"CAT374F 378-9586 Swing Bearing\" srcset=\"https:\/\/swingbearing.net\/wp-content\/uploads\/2024\/07\/\u5fae\u4fe1\u56fe\u7247_20240517203249-293x300.jpg 293w, https:\/\/swingbearing.net\/wp-content\/uploads\/2024\/07\/\u5fae\u4fe1\u56fe\u7247_20240517203249-1002x1024.jpg 1002w, https:\/\/swingbearing.net\/wp-content\/uploads\/2024\/07\/\u5fae\u4fe1\u56fe\u7247_20240517203249-768x785.jpg 768w, https:\/\/swingbearing.net\/wp-content\/uploads\/2024\/07\/\u5fae\u4fe1\u56fe\u7247_20240517203249-12x12.jpg 12w, https:\/\/swingbearing.net\/wp-content\/uploads\/2024\/07\/\u5fae\u4fe1\u56fe\u7247_20240517203249-600x613.jpg 600w, https:\/\/swingbearing.net\/wp-content\/uploads\/2024\/07\/\u5fae\u4fe1\u56fe\u7247_20240517203249.jpg 1080w\" sizes=\"(max-width: 293px) 100vw, 293px\" \/><\/a>\n\t\t\t<\/dt><\/dl><dl class='gallery-item'>\n\t\t\t<dt class='gallery-icon landscape'>\n\t\t\t\t<a href='https:\/\/swingbearing.net\/wp-content\/uploads\/2024\/07\/6556401.jpg'><img decoding=\"async\" width=\"300\" height=\"293\" src=\"https:\/\/swingbearing.net\/wp-content\/uploads\/2024\/07\/6556401-300x293.jpg\" class=\"attachment-medium size-medium\" alt=\"\u0141o\u017cysko obrotowe CAT 349D 353-049\" srcset=\"https:\/\/swingbearing.net\/wp-content\/uploads\/2024\/07\/6556401-300x293.jpg 300w, https:\/\/swingbearing.net\/wp-content\/uploads\/2024\/07\/6556401-12x12.jpg 12w, https:\/\/swingbearing.net\/wp-content\/uploads\/2024\/07\/6556401-600x586.jpg 600w, https:\/\/swingbearing.net\/wp-content\/uploads\/2024\/07\/6556401.jpg 655w\" sizes=\"(max-width: 300px) 100vw, 300px\" \/><\/a>\n\t\t\t<\/dt><\/dl><dl class='gallery-item'>\n\t\t\t<dt class='gallery-icon landscape'>\n\t\t\t\t<a href='https:\/\/swingbearing.net\/wp-content\/uploads\/2024\/07\/6556402.jpg'><img decoding=\"async\" width=\"300\" height=\"293\" src=\"https:\/\/swingbearing.net\/wp-content\/uploads\/2024\/07\/6556402-300x293.jpg\" class=\"attachment-medium size-medium\" alt=\"Rotary Bearing\" srcset=\"https:\/\/swingbearing.net\/wp-content\/uploads\/2024\/07\/6556402-300x293.jpg 300w, https:\/\/swingbearing.net\/wp-content\/uploads\/2024\/07\/6556402-12x12.jpg 12w, https:\/\/swingbearing.net\/wp-content\/uploads\/2024\/07\/6556402-600x586.jpg 600w, https:\/\/swingbearing.net\/wp-content\/uploads\/2024\/07\/6556402.jpg 655w\" sizes=\"(max-width: 300px) 100vw, 300px\" \/><\/a>\n\t\t\t<\/dt><\/dl><dl class='gallery-item'>\n\t\t\t<dt class='gallery-icon landscape'>\n\t\t\t\t<a href='https:\/\/swingbearing.net\/wp-content\/uploads\/2024\/07\/655640.jpg'><img decoding=\"async\" width=\"300\" height=\"293\" src=\"https:\/\/swingbearing.net\/wp-content\/uploads\/2024\/07\/655640-300x293.jpg\" class=\"attachment-medium size-medium\" alt=\"Slewing Bearing Sealing\" srcset=\"https:\/\/swingbearing.net\/wp-content\/uploads\/2024\/07\/655640-300x293.jpg 300w, https:\/\/swingbearing.net\/wp-content\/uploads\/2024\/07\/655640-12x12.jpg 12w, https:\/\/swingbearing.net\/wp-content\/uploads\/2024\/07\/655640-600x586.jpg 600w, https:\/\/swingbearing.net\/wp-content\/uploads\/2024\/07\/655640.jpg 655w\" sizes=\"(max-width: 300px) 100vw, 300px\" \/><\/a>\n\t\t\t<\/dt><\/dl><br style=\"clear: both\" \/>\n\t\t<\/div>\n<\/figure>\n<p>Excavators are heavy machines that are used to dig, move, and lift heavy loads in construction, mining, and other industries. A key component of an excavator is its swing bearing, also known as a slewing ring, which allows the machine to rotate 360 degrees. If you are in the market for a high-quality turntable bearings for your CASE excavator, look no further than our selection of products.<\/p>\n<p>Nasza oferta \u0142o\u017cysk wahliwych do koparek CASE obejmuje nast\u0119puj\u0105ce modele: CX50B, CX55, CX210, CX210B, CX240A i CX240B. \u0141o\u017cyska te zosta\u0142y zaprojektowane specjalnie z my\u015bl\u0105 o koparkach CASE i zapewniaj\u0105 p\u0142ynny i niezawodny obr\u00f3t, nawet przy du\u017cych obci\u0105\u017ceniach.<br \/>\nNasze \u0142o\u017cyska wahliwe do koparek s\u0105 wykonane z wysokiej jako\u015bci materia\u0142\u00f3w, aby zapewni\u0107 maksymaln\u0105 trwa\u0142o\u015b\u0107 i wydajno\u015b\u0107. \u0141o\u017cysko obrotnicy i elementy \u0142o\u017cyska pier\u015bcienia obrotowego s\u0105 obrabiane maszynowo z zachowaniem \u015bcis\u0142ych tolerancji, aby zapewni\u0107 idealne dopasowanie i p\u0142ynn\u0105 prac\u0119. Ponadto \u0142o\u017cyska s\u0105 odporne na zu\u017cycie, dzi\u0119ki czemu idealnie nadaj\u0105 si\u0119 do ci\u0119\u017ckich zastosowa\u0144.<\/p>\n<p>Opr\u00f3cz wysokiej jako\u015bci konstrukcji, nasze \u0142o\u017cyska wahliwe do koparek CASE s\u0105 \u0142atwe w monta\u017cu i konserwacji. Zosta\u0142y one zaprojektowane w celu zast\u0105pienia oryginalnych cz\u0119\u015bci producenta sprz\u0119tu (OEM) bez konieczno\u015bci wprowadzania modyfikacji, dzi\u0119ki czemu instalacja jest dziecinnie prosta. Oferujemy r\u00f3wnie\u017c szereg cz\u0119\u015bci zamiennych do naszych \u0142o\u017cysk, zapewniaj\u0105c p\u0142ynn\u0105 prac\u0119 koparki przez wiele lat.<\/p>\n<p>Podsumowuj\u0105c, nasz asortyment \u0142o\u017cysk obrotowych do koparek CASE to doskona\u0142y wyb\u00f3r dla ka\u017cdego, kto szuka wysokiej jako\u015bci, niezawodnych i trwa\u0142ych cz\u0119\u015bci do swojej koparki. Nasz wyb\u00f3r \u0142o\u017cysk obrotowych zosta\u0142 specjalnie zaprojektowany, aby pasowa\u0107 do koparki CASE i zapewnia\u0107 p\u0142ynn\u0105 i wydajn\u0105 prac\u0119, nawet przy du\u017cych obci\u0105\u017ceniach. Skontaktuj si\u0119 z nami ju\u017c dzi\u015b, aby dowiedzie\u0107 si\u0119 wi\u0119cej o naszych produktach i o tym, jak mo\u017cemy pom\u00f3c w utrzymaniu p\u0142ynnej pracy koparki.<\/p>","protected":false},"excerpt":{"rendered":"<p>Part #:72203516<br \/>\nMake: CASE<br \/>\nModel:CNH E215<br \/>\nCondition: New<\/p>","protected":false},"featured_media":2864,"template":"","meta":[],"product_brand":[],"product_cat":[71,22],"product_tag":[],"class_list":{"0":"post-4865","1":"product","2":"type-product","3":"status-publish","4":"has-post-thumbnail","6":"product_cat-case-excavator-swing-bearing","7":"product_cat-swing-bearing","9":"first","10":"instock","11":"shipping-taxable","12":"product-type-simple"},"_links":{"self":[{"href":"https:\/\/swingbearing.net\/pl\/wp-json\/wp\/v2\/product\/4865","targetHints":{"allow":["GET"]}}],"collection":[{"href":"https:\/\/swingbearing.net\/pl\/wp-json\/wp\/v2\/product"}],"about":[{"href":"https:\/\/swingbearing.net\/pl\/wp-json\/wp\/v2\/types\/product"}],"wp:featuredmedia":[{"embeddable":true,"href":"https:\/\/swingbearing.net\/pl\/wp-json\/wp\/v2\/media\/2864"}],"wp:attachment":[{"href":"https:\/\/swingbearing.net\/pl\/wp-json\/wp\/v2\/media?parent=4865"}],"wp:term":[{"taxonomy":"product_brand","embeddable":true,"href":"https:\/\/swingbearing.net\/pl\/wp-json\/wp\/v2\/product_brand?post=4865"},{"taxonomy":"product_cat","embeddable":true,"href":"https:\/\/swingbearing.net\/pl\/wp-json\/wp\/v2\/product_cat?post=4865"},{"taxonomy":"product_tag","embeddable":true,"href":"https:\/\/swingbearing.net\/pl\/wp-json\/wp\/v2\/product_tag?post=4865"}],"curies":[{"name":"wp","href":"https:\/\/api.w.org\/{rel}","templated":true}]}}