{"id":4088,"date":"2024-06-11T04:10:04","date_gmt":"2024-06-11T04:10:04","guid":{"rendered":"https:\/\/swingbearing.net\/product\/dx300lca-excavator-swing-bearing-140109-00010a-slewing-ring\/"},"modified":"2024-06-12T02:22:52","modified_gmt":"2024-06-12T02:22:52","slug":"dx300lca-excavator-swing-bearing-140109-00010a-slewing-ring","status":"publish","type":"product","link":"https:\/\/swingbearing.net\/pl\/produkt\/dx300lca-excavator-swing-bearing-140109-00010a-slewing-ring\/","title":{"rendered":"\u0141o\u017cysko wahliwe 140109-00010A do Doosan Dx300LCA"},"content":{"rendered":"<figure class=\"wp-block-table\" style=\"font-size: 12px;\">\r\n<h2 style=\"text-align: center;\">Doosan Swing Bearing Replacement<\/h2>\r\n<table>\r\n<tbody>\r\n<tr>\r\n<td>Model<\/td>\r\n<td>Numer cz\u0119\u015bci<\/td>\r\n<td>\u015arednica zewn\u0119trzna<\/td>\r\n<td>\u015arednica wewn\u0119trzna<\/td>\r\n<td>Ca\u0142kowita wysoko\u015b\u0107<\/td>\r\n<td>Wysoko\u015b\u0107 zewn\u0119trzna<\/td>\r\n<td>Wysoko\u015b\u0107 wewn\u0119trzna<\/td>\r\n<td>Parametry otworu zewn\u0119trznego<\/td>\r\n<td>Parametry otworu wewn\u0119trznego<\/td>\r\n<td>Liczba z\u0119b\u00f3w<\/td>\r\n<\/tr>\r\n<tr>\r\n<td>S140LC-V<\/td>\r\n<td>109-00165<\/td>\r\n<td>1202<\/td>\r\n<td>945<\/td>\r\n<td>84<\/td>\r\n<td>75<\/td>\r\n<td>70<\/td>\r\n<td>36-\u042422<\/td>\r\n<td>36-M20<\/td>\r\n<td>80<\/td>\r\n<\/tr>\r\n<tr>\r\n<td>DX225<\/td>\r\n<td>109-00162<\/td>\r\n<td>1327<\/td>\r\n<td>1082<\/td>\r\n<td>110<\/td>\r\n<td>90<\/td>\r\n<td>95<\/td>\r\n<td>36<\/td>\r\n<td>36<\/td>\r\n<td>92<\/td>\r\n<\/tr>\r\n<tr>\r\n<td>DX225<\/td>\r\n<td>109-00162A<\/td>\r\n<td>1327<\/td>\r\n<td>1082<\/td>\r\n<td>110<\/td>\r\n<td>90<\/td>\r\n<td>95<\/td>\r\n<td>36-\u03c621<\/td>\r\n<td>36-M20*1.5<\/td>\r\n<td>92<\/td>\r\n<\/tr>\r\n<tr>\r\n<td>DX225LC<\/td>\r\n<td>109-00162<\/td>\r\n<td>1327<\/td>\r\n<td>1082<\/td>\r\n<td>110<\/td>\r\n<td>90<\/td>\r\n<td>95<\/td>\r\n<td>36-\u03c621<\/td>\r\n<td>36-M20*1.5<\/td>\r\n<td>92<\/td>\r\n<\/tr>\r\n<tr>\r\n<td>DX225LCA<\/td>\r\n<td>109-00162A<\/td>\r\n<td>1327<\/td>\r\n<td>1082<\/td>\r\n<td>110<\/td>\r\n<td>90<\/td>\r\n<td>95<\/td>\r\n<td>36-\u03c621<\/td>\r\n<td>36-M20*1.5<\/td>\r\n<td>92<\/td>\r\n<\/tr>\r\n<tr>\r\n<td>DX225LCA<\/td>\r\n<td>140109-00048A<\/td>\r\n<td>1327<\/td>\r\n<td>1082<\/td>\r\n<td>110<\/td>\r\n<td>90<\/td>\r\n<td>95<\/td>\r\n<td>36-\u03c621<\/td>\r\n<td>36-M20*1.5<\/td>\r\n<td>92<\/td>\r\n<\/tr>\r\n<tr>\r\n<td>S225NLC<\/td>\r\n<td>140109-00045<\/td>\r\n<td>1327<\/td>\r\n<td>1082<\/td>\r\n<td>110<\/td>\r\n<td>90<\/td>\r\n<td>95<\/td>\r\n<td>36-\u03c621<\/td>\r\n<td>36-M20*1.5<\/td>\r\n<td>92<\/td>\r\n<\/tr>\r\n<tr>\r\n<td>SL220LC-V<\/td>\r\n<td>109-00052<\/td>\r\n<td>1328<\/td>\r\n<td>1084<\/td>\r\n<td>110<\/td>\r\n<td>91<\/td>\r\n<td>95<\/td>\r\n<td>36-\u03c621<\/td>\r\n<td>36-M20*1.5<\/td>\r\n<td>92<\/td>\r\n<\/tr>\r\n<tr>\r\n<td>225NLC-V<\/td>\r\n<td>109-00052B<\/td>\r\n<td>1328<\/td>\r\n<td>1084<\/td>\r\n<td>110<\/td>\r\n<td>91<\/td>\r\n<td>95<\/td>\r\n<td>36-\u03c621<\/td>\r\n<td>36-M20*1.5<\/td>\r\n<td>92<\/td>\r\n<\/tr>\r\n<tr>\r\n<td>225NLC-V<\/td>\r\n<td>140109-00045<\/td>\r\n<td>1328<\/td>\r\n<td>1084<\/td>\r\n<td>110<\/td>\r\n<td>91<\/td>\r\n<td>95<\/td>\r\n<td>36-\u03c621<\/td>\r\n<td>36-M20*1.5<\/td>\r\n<td>92<\/td>\r\n<\/tr>\r\n<tr>\r\n<td>255LC-V<\/td>\r\n<td>109-00030B<\/td>\r\n<td>1410<\/td>\r\n<td>1131<\/td>\r\n<td>117<\/td>\r\n<td>89<\/td>\r\n<td>105<\/td>\r\n<td>35-\u03c625<\/td>\r\n<td>36-M24*2<\/td>\r\n<td>82<\/td>\r\n<\/tr>\r\n<tr>\r\n<td>255LC-V<\/td>\r\n<td>180-00297D3<\/td>\r\n<td>1410<\/td>\r\n<td>1131<\/td>\r\n<td>117<\/td>\r\n<td>89<\/td>\r\n<td>105<\/td>\r\n<td>35-\u03c625<\/td>\r\n<td>36-M24*2<\/td>\r\n<td>82<\/td>\r\n<\/tr>\r\n<tr>\r\n<td>255lc-v<\/td>\r\n<td>140109-00042<\/td>\r\n<td>1410<\/td>\r\n<td>1131<\/td>\r\n<td>117<\/td>\r\n<td>89<\/td>\r\n<td>105<\/td>\r\n<td>35-\u03c625<\/td>\r\n<td>36-M24*2<\/td>\r\n<td>82<\/td>\r\n<\/tr>\r\n<tr>\r\n<td>255lc-v<\/td>\r\n<td>140109-00043<\/td>\r\n<td>1410<\/td>\r\n<td>1131<\/td>\r\n<td>117<\/td>\r\n<td>89<\/td>\r\n<td>105<\/td>\r\n<td>35-\u03c625<\/td>\r\n<td>36-M24*2<\/td>\r\n<td>82<\/td>\r\n<\/tr>\r\n<tr>\r\n<td>Dx300LCA<\/td>\r\n<td>140109-00010A<\/td>\r\n<td>1475<\/td>\r\n<td>1165<\/td>\r\n<td>120<\/td>\r\n<td>90<\/td>\r\n<td>110<\/td>\r\n<td>35<\/td>\r\n<td>36<\/td>\r\n<td>85<\/td>\r\n<\/tr>\r\n<tr>\r\n<td>S340<\/td>\r\n<td>140109-00038<\/td>\r\n<td>1544<\/td>\r\n<td>1235<\/td>\r\n<td>122<\/td>\r\n<td>87<\/td>\r\n<td>110<\/td>\r\n<td>35-\u03c626<\/td>\r\n<td>40-M24<\/td>\r\n<td>90<\/td>\r\n<\/tr>\r\n<tr>\r\n<td>S340LC-V<\/td>\r\n<td>140109-00038<\/td>\r\n<td>1544<\/td>\r\n<td>1235<\/td>\r\n<td>122<\/td>\r\n<td>87<\/td>\r\n<td>110<\/td>\r\n<td>35-\u03c626<\/td>\r\n<td>40-M24<\/td>\r\n<td>90<\/td>\r\n<\/tr>\r\n<tr>\r\n<td>S340LC-V<\/td>\r\n<td>2109-1059a<\/td>\r\n<td>1544<\/td>\r\n<td>1235<\/td>\r\n<td>122<\/td>\r\n<td>87<\/td>\r\n<td>110<\/td>\r\n<td>35-\u03c626<\/td>\r\n<td>40-M24<\/td>\r\n<td>90<\/td>\r\n<\/tr>\r\n<tr>\r\n<td>DOOSAN 420<\/td>\r\n<td>140109-00039<\/td>\r\n<td>1549<\/td>\r\n<td>1235<\/td>\r\n<td>134<\/td>\r\n<td>103<\/td>\r\n<td>120<\/td>\r\n<td>35-\u03c626<\/td>\r\n<td>40-M24<\/td>\r\n<td>90<\/td>\r\n<\/tr>\r\n<tr>\r\n<td>S420LC-V<\/td>\r\n<td>109-00161<\/td>\r\n<td>1550<\/td>\r\n<td>1235<\/td>\r\n<td>135<\/td>\r\n<td>102<\/td>\r\n<td>120<\/td>\r\n<td>35-\u03c626<\/td>\r\n<td>40-M24<\/td>\r\n<td>90<\/td>\r\n<\/tr>\r\n<tr>\r\n<td>DX420LC<\/td>\r\n<td>140109-00007A<\/td>\r\n<td>1550<\/td>\r\n<td>1236<\/td>\r\n<td>132<\/td>\r\n<td>103<\/td>\r\n<td>120<\/td>\r\n<td>35<\/td>\r\n<td>40<\/td>\r\n<td>90<\/td>\r\n<\/tr>\r\n<tr>\r\n<td>470<\/td>\r\n<td>109-00159<\/td>\r\n<td>1682<\/td>\r\n<td>1320<\/td>\r\n<td>139<\/td>\r\n<td>118<\/td>\r\n<td>111<\/td>\r\n<td>44<\/td>\r\n<td>44<\/td>\r\n<td>111<\/td>\r\n<\/tr>\r\n<\/tbody>\r\n<\/table>\r\n<\/figure>\r\n\r\n\r\n\r\n<h3 class=\"wp-block-heading\"><\/h3>\r\n<p>Koparki s\u0105 niezb\u0119dne w budownictwie, g\u00f3rnictwie i le\u015bnictwie. Jednym z kluczowych element\u00f3w zapewniaj\u0105cych ich wydajn\u0105 prac\u0119 jest \u0142o\u017cysko wahliwe. W tym artykule om\u00f3wiono znaczenie, budow\u0119, typy, konserwacj\u0119 i typowe problemy zwi\u0105zane z \u0142o\u017cyskami wahliwymi koparek.<\/p>\r\n<h3 class=\"wp-block-heading\"><\/h3>\r\n\r\n<h2 class=\"wp-block-heading\">Zrozumienie \u0142o\u017cysk wahliwych koparki<\/h2>\r\n<h3 class=\"wp-block-heading\"><\/h3>\r\n\r\n<p>\u0141o\u017cysko obrotowe koparki, znane r\u00f3wnie\u017c jako pier\u015bcie\u0144 obrotowy, \u0142o\u017cysko obrotowe, umo\u017cliwia obr\u00f3t g\u00f3rnej konstrukcji o 360 stopni. Obr\u00f3t ten ma kluczowe znaczenie dla kopania, przenoszenia i roz\u0142adowywania materia\u0142\u00f3w. \u0141o\u017cysko przenosi obci\u0105\u017cenia osiowe, promieniowe i momentowe, dzi\u0119ki czemu ma kluczowe znaczenie dla maszyny.<\/p>\r\n<h3 class=\"wp-block-heading\"><\/h3>\r\n\r\n<h2 class=\"wp-block-heading\">Struktura \u0142o\u017cyska wahliwego koparki<\/h2>\r\n<h3 class=\"wp-block-heading\"><\/h3>\r\n\r\n<p>\u0141o\u017cysko obrotowe koparki sk\u0142ada si\u0119 z:<\/p>\r\n<h3 class=\"wp-block-heading\"><\/h3>\r\n\r\n<ul class=\"wp-block-list\">\r\n<li style=\"list-style-type: none;\">\r\n<ul>\r\n<li>Pier\u015bcienie wewn\u0119trzne i zewn\u0119trzne: Wykonane ze stali o wysokiej wytrzyma\u0142o\u015bci, aby wytrzyma\u0107 du\u017ce obci\u0105\u017cenia.<\/li>\r\n<\/ul>\r\n<\/li>\r\n<\/ul>\r\n\r\n\r\n\r\n<ul>\r\n<li style=\"list-style-type: none;\">\r\n<ul>\r\n<li>Elementy toczne: Kulki lub rolki u\u0142atwiaj\u0105ce p\u0142ynny obr\u00f3t.<\/li>\r\n<\/ul>\r\n<\/li>\r\n<\/ul>\r\n\r\n\r\n\r\n<ul>\r\n<li style=\"list-style-type: none;\">\r\n<ul>\r\n<li>Klatki: Elementy toczne powinny by\u0107 r\u00f3wnomiernie rozmieszczone.<\/li>\r\n<\/ul>\r\n<\/li>\r\n<\/ul>\r\n\r\n\r\n\r\n<ul>\r\n<li style=\"list-style-type: none;\">\r\n<ul>\r\n<li>Uszczelki: Chroni\u0105 \u0142o\u017cysko przed brudem, wod\u0105 i zanieczyszczeniami.<\/li>\r\n<\/ul>\r\n<\/li>\r\n<\/ul>\r\n\r\n<h3 class=\"wp-block-heading\"><\/h3>\r\n\r\n<h2 class=\"wp-block-heading\">Rodzaje \u0142o\u017cysk obrotowych do koparek<\/h2>\r\n<h3 class=\"wp-block-heading\"><\/h3>\r\n\r\n<h4 class=\"wp-block-heading\">\u0141o\u017cyska obrotowe s\u0105 dost\u0119pne w r\u00f3\u017cnych wersjach:<\/h4>\r\n<h3 class=\"wp-block-heading\"><\/h3>\r\n\r\n<ul class=\"wp-block-list\">\r\n<li style=\"list-style-type: none;\">\r\n<ul>\r\n<li>\u0141o\u017cyska kulkowe jednorz\u0119dowe: Zr\u00f3wnowa\u017cona no\u015bno\u015b\u0107 i pr\u0119dko\u015b\u0107 obrotowa.<\/li>\r\n<\/ul>\r\n<\/li>\r\n<\/ul>\r\n\r\n\r\n\r\n<ul>\r\n<li style=\"list-style-type: none;\">\r\n<ul>\r\n<li>Dwurz\u0119dowe \u0142o\u017cyska kulkowe: Zapewniaj\u0105 wi\u0119ksz\u0105 no\u015bno\u015b\u0107 dla wi\u0119kszych koparek.<\/li>\r\n<\/ul>\r\n<\/li>\r\n<\/ul>\r\n\r\n\r\n\r\n<ul>\r\n<li style=\"list-style-type: none;\">\r\n<ul>\r\n<li>Krzy\u017cowe \u0142o\u017cyska wa\u0142eczkowe: Jednoczesne przenoszenie du\u017cych obci\u0105\u017ce\u0144 osiowych i promieniowych.<\/li>\r\n<\/ul>\r\n<\/li>\r\n<\/ul>\r\n\r\n\r\n\r\n<ul>\r\n<li style=\"list-style-type: none;\">\r\n<ul>\r\n<li>Trzyrz\u0119dowe \u0142o\u017cyska wa\u0142eczkowe: Oferuj\u0105 maksymaln\u0105 no\u015bno\u015b\u0107 dla wytrzyma\u0142ych koparek.<\/li>\r\n<\/ul>\r\n<\/li>\r\n<\/ul>\r\n\r\n<h3 class=\"wp-block-heading\"><\/h3>\r\n\r\n<h2 class=\"wp-block-heading\">Znaczenie \u0142o\u017cysk obrotowych w koparkach<\/h2>\r\n<h3 class=\"wp-block-heading\"><\/h3>\r\n\r\n<p>\u0141o\u017cyska obrotowe zapewniaj\u0105 r\u00f3wnomierny rozk\u0142ad obci\u0105\u017cenia, zachowuj\u0105c integralno\u015b\u0107 strukturaln\u0105 koparki. Umo\u017cliwiaj\u0105 obr\u00f3t o 360 stopni, zwi\u0119kszaj\u0105c wydajno\u015b\u0107 operacyjn\u0105 w ograniczonych przestrzeniach. Ich trwa\u0142o\u015b\u0107 ogranicza przestoje i koszty konserwacji.<\/p>\r\n<h3 class=\"wp-block-heading\"><\/h3>\r\n\r\n<h2 class=\"wp-block-heading\">Konserwacja \u0142o\u017cysk obrotowych koparki<\/h2>\r\n<h3 class=\"wp-block-heading\"><\/h3>\r\n\r\n<h4 class=\"wp-block-heading\">W\u0142a\u015bciwa konserwacja obejmuje:<\/h4>\r\n<h3 class=\"wp-block-heading\"><\/h3>\r\n\r\n<ul class=\"wp-block-list\">\r\n<li style=\"list-style-type: none;\">\r\n<ul>\r\n<li>Regularne kontrole: Sprawdzi\u0107 pod k\u0105tem zu\u017cycia, korozji lub uszkodze\u0144.<\/li>\r\n<\/ul>\r\n<\/li>\r\n<\/ul>\r\n\r\n\r\n\r\n<ul>\r\n<li style=\"list-style-type: none;\">\r\n<ul>\r\n<li>Smarowanie: Zmniejsza tarcie i zapobiega zu\u017cyciu.<\/li>\r\n<\/ul>\r\n<\/li>\r\n<\/ul>\r\n\r\n\r\n\r\n<ul>\r\n<li style=\"list-style-type: none;\">\r\n<ul>\r\n<li>Integralno\u015b\u0107 uszczelnienia: Upewnij si\u0119, \u017ce uszczelki s\u0105 nienaruszone, aby zapobiec zanieczyszczeniu.<\/li>\r\n<\/ul>\r\n<\/li>\r\n<\/ul>\r\n\r\n\r\n\r\n<ul>\r\n<li style=\"list-style-type: none;\">\r\n<ul>\r\n<li>Zarz\u0105dzanie obci\u0105\u017ceniem: Nale\u017cy unika\u0107 przeci\u0105\u017cania koparki.<\/li>\r\n<\/ul>\r\n<\/li>\r\n<\/ul>\r\n\r\n\r\n\r\n<ul>\r\n<li style=\"list-style-type: none;\">\r\n<ul>\r\n<li>Wyr\u00f3wnanie: Zapewnij prawid\u0142owe wyr\u00f3wnanie, aby zapobiec nier\u00f3wnomiernemu zu\u017cyciu.<\/li>\r\n<\/ul>\r\n<\/li>\r\n<\/ul>\r\n\r\n<h3 class=\"wp-block-heading\"><\/h3>\r\n\r\n<h3 class=\"wp-block-heading\">Typowe problemy z \u0142o\u017cyskami wahliwymi<\/h3>\r\n<h3 class=\"wp-block-heading\"><\/h3>\r\n\r\n<p>Typowe problemy obejmuj\u0105:<\/p>\r\n<h3 class=\"wp-block-heading\"><\/h3>\r\n\r\n<ul class=\"wp-block-list\">\r\n<li style=\"list-style-type: none;\">\r\n<ul>\r\n<li>Zu\u017cycie: Spowodowane ci\u0105g\u0142\u0105 prac\u0105 i du\u017cymi obci\u0105\u017ceniami.<\/li>\r\n<\/ul>\r\n<\/li>\r\n<\/ul>\r\n\r\n\r\n\r\n<ul>\r\n<li style=\"list-style-type: none;\">\r\n<ul>\r\n<li>Zanieczyszczenie: Brud, woda i zanieczyszczenia przedostaj\u0105ce si\u0119 do \u0142o\u017cyska.<\/li>\r\n<\/ul>\r\n<\/li>\r\n<\/ul>\r\n\r\n\r\n\r\n<ul>\r\n<li style=\"list-style-type: none;\">\r\n<ul>\r\n<li>Korozja: Ze wzgl\u0119du na wilgo\u0107 i trudne warunki.<\/li>\r\n<\/ul>\r\n<\/li>\r\n<\/ul>\r\n\r\n\r\n\r\n<ul>\r\n<li style=\"list-style-type: none;\">\r\n<ul>\r\n<li>Niewsp\u00f3\u0142osiowo\u015b\u0107: Wynikaj\u0105ce z niew\u0142a\u015bciwej instalacji lub problem\u00f3w strukturalnych.\r\n<div id=\"attachment_3345\" style=\"width: 1071px\" class=\"wp-caption alignnone\"><img decoding=\"async\" aria-describedby=\"caption-attachment-3345\" class=\"wp-image-3345 size-full\" src=\"https:\/\/swingbearing.net\/wp-content\/uploads\/2024\/05\/115.jpg\" alt=\"\u0142o\u017cysko wahliwe koparki\" width=\"1061\" height=\"865\" srcset=\"https:\/\/swingbearing.net\/wp-content\/uploads\/2024\/05\/115.jpg 1061w, https:\/\/swingbearing.net\/wp-content\/uploads\/2024\/05\/115-300x245.jpg 300w, https:\/\/swingbearing.net\/wp-content\/uploads\/2024\/05\/115-1024x835.jpg 1024w, https:\/\/swingbearing.net\/wp-content\/uploads\/2024\/05\/115-768x626.jpg 768w, https:\/\/swingbearing.net\/wp-content\/uploads\/2024\/05\/115-15x12.jpg 15w, https:\/\/swingbearing.net\/wp-content\/uploads\/2024\/05\/115-600x489.jpg 600w\" sizes=\"(max-width: 1061px) 100vw, 1061px\" \/><p id=\"caption-attachment-3345\" class=\"wp-caption-text\">\u0142o\u017cysko wahliwe koparki<\/p><\/div>\r\n<\/li>\r\n<\/ul>\r\n<\/li>\r\n<\/ul>\r\n\r\n<h3 class=\"wp-block-heading\"><\/h3>\r\n\r\n<h2 class=\"wp-block-heading\">Wnioski<\/h2>\r\n<h3 class=\"wp-block-heading\"><\/h3>\r\n\r\n<p>\u0141o\u017cyska wahliwe koparek maj\u0105 kluczowe znaczenie dla ich funkcjonalno\u015bci i wydajno\u015bci. Zrozumienie ich struktury, typ\u00f3w, znaczenia, konserwacji i typowych problem\u00f3w jest niezb\u0119dne dla uzyskania optymalnej wydajno\u015bci. W\u0142a\u015bciwa konserwacja i terminowe rozwi\u0105zywanie problem\u00f3w mo\u017ce wyd\u0142u\u017cy\u0107 \u017cywotno\u015b\u0107 i niezawodno\u015b\u0107 tych \u0142o\u017cysk, zwi\u0119kszaj\u0105c produktywno\u015b\u0107.<\/p>","protected":false},"excerpt":{"rendered":"<p><strong><b>Cz\u0119\u015b\u0107<\/b><\/strong> #: 140109-00010A <strong><b>Marka<\/b><\/strong>Doosan <strong><b>Model<\/b><\/strong>: Dx300LCA <strong><b>Stan<\/b><\/strong>: Nowo\u015b\u0107<\/p>","protected":false},"featured_media":2930,"template":"","meta":[],"product_brand":[],"product_cat":[69],"product_tag":[78],"class_list":{"0":"post-4088","1":"product","2":"type-product","3":"status-publish","4":"has-post-thumbnail","6":"product_cat-doosan-excavator-swing-bearing","7":"product_tag-swing-circle","9":"first","10":"instock","11":"shipping-taxable","12":"product-type-simple"},"_links":{"self":[{"href":"https:\/\/swingbearing.net\/pl\/wp-json\/wp\/v2\/product\/4088","targetHints":{"allow":["GET"]}}],"collection":[{"href":"https:\/\/swingbearing.net\/pl\/wp-json\/wp\/v2\/product"}],"about":[{"href":"https:\/\/swingbearing.net\/pl\/wp-json\/wp\/v2\/types\/product"}],"wp:featuredmedia":[{"embeddable":true,"href":"https:\/\/swingbearing.net\/pl\/wp-json\/wp\/v2\/media\/2930"}],"wp:attachment":[{"href":"https:\/\/swingbearing.net\/pl\/wp-json\/wp\/v2\/media?parent=4088"}],"wp:term":[{"taxonomy":"product_brand","embeddable":true,"href":"https:\/\/swingbearing.net\/pl\/wp-json\/wp\/v2\/product_brand?post=4088"},{"taxonomy":"product_cat","embeddable":true,"href":"https:\/\/swingbearing.net\/pl\/wp-json\/wp\/v2\/product_cat?post=4088"},{"taxonomy":"product_tag","embeddable":true,"href":"https:\/\/swingbearing.net\/pl\/wp-json\/wp\/v2\/product_tag?post=4088"}],"curies":[{"name":"wp","href":"https:\/\/api.w.org\/{rel}","templated":true}]}}