{"id":3956,"date":"2024-06-05T08:35:59","date_gmt":"2024-06-05T08:35:59","guid":{"rendered":"https:\/\/swingbearing.net\/product\/volvo-swing-bearing-ec290b-14520573-slewing-ring-bearing\/"},"modified":"2024-06-05T15:41:05","modified_gmt":"2024-06-05T15:41:05","slug":"volvo-swing-bearing-ec290b-14520573-slewing-ring-bearing","status":"publish","type":"product","link":"https:\/\/swingbearing.net\/pl\/produkt\/volvo-swing-bearing-ec290b-14520573-slewing-ring-bearing\/","title":{"rendered":"\u0141o\u017cysko wahliwe 14520573 dla VOLVO EC290B"},"content":{"rendered":"<h2 style=\"text-align: center;\">Wymiana \u0142o\u017cyska wahliwego VOLVO<\/h2>\r\n<figure class=\"wp-block-table\" style=\"font-size: 12px;\">\r\n<table>\r\n<tbody>\r\n<tr>\r\n<td>Numer modelu koparki<\/td>\r\n<td>Numer cz\u0119\u015bci<\/td>\r\n<td>Numer modelu koparki<\/td>\r\n<td>Numer cz\u0119\u015bci<\/td>\r\n<\/tr>\r\n<tr>\r\n<td>EC160B EC180B\/C\/D<\/td>\r\n<td>14577175<\/td>\r\n<td>EC210LC<\/td>\r\n<td>1155-00061<\/td>\r\n<\/tr>\r\n<tr>\r\n<td>EC160B EC180B\/C\/D<\/td>\r\n<td>14577176<\/td>\r\n<td>EC210LC<\/td>\r\n<td>14563328<\/td>\r\n<\/tr>\r\n<tr>\r\n<td>EC160B EC180B\/C\/D<\/td>\r\n<td>14563341<\/td>\r\n<td>EC240BLC<\/td>\r\n<td>14575267<\/td>\r\n<\/tr>\r\n<tr>\r\n<td>EC160B EC180B\/C\/D<\/td>\r\n<td>14563342<\/td>\r\n<td>EC240BLC<\/td>\r\n<td>14563334<\/td>\r\n<\/tr>\r\n<tr>\r\n<td>EC140 CLM<\/td>\r\n<td>14563340<\/td>\r\n<td>EC240BLC<\/td>\r\n<td>SA1155-00040<\/td>\r\n<\/tr>\r\n<tr>\r\n<td>EC140B LC<\/td>\r\n<td>Serial-V20400<\/td>\r\n<td>EC240BNLC<\/td>\r\n<td>14520572<\/td>\r\n<\/tr>\r\n<tr>\r\n<td>EC140CL<\/td>\r\n<td>SA1055-01461<\/td>\r\n<td>EC290<\/td>\r\n<td>14570794<\/td>\r\n<\/tr>\r\n<tr>\r\n<td>EC140CL<\/td>\r\n<td>VOE14520561<\/td>\r\n<td>EC290BLC<\/td>\r\n<td>14563335<\/td>\r\n<\/tr>\r\n<tr>\r\n<td>EC180B LC<\/td>\r\n<td>VOE14520569<\/td>\r\n<td>EC290B<\/td>\r\n<td>14563335<\/td>\r\n<\/tr>\r\n<tr>\r\n<td>EC210<\/td>\r\n<td>SA1155-00061<\/td>\r\n<td>EC290B<\/td>\r\n<td>14520573<\/td>\r\n<\/tr>\r\n<tr>\r\n<td>EC210BLC<\/td>\r\n<td>14563343<\/td>\r\n<td>EX300-3C<\/td>\r\n<td>9112188<\/td>\r\n<\/tr>\r\n<tr>\r\n<td>EC210BLC<\/td>\r\n<td>14647522<\/td>\r\n<td>EC360BLC<\/td>\r\n<td>14563350<\/td>\r\n<\/tr>\r\n<tr>\r\n<td>EC210 2005<\/td>\r\n<td>EC210V13948<\/td>\r\n<td>EC390<\/td>\r\n<td>14647527<\/td>\r\n<\/tr>\r\n<tr>\r\n<td>EC210B<\/td>\r\n<td>14563327<\/td>\r\n<td>EC460BLC<\/td>\r\n<td>14507709<\/td>\r\n<\/tr>\r\n<tr>\r\n<td>EC210B<\/td>\r\n<td>14505766<\/td>\r\n<td>EC460<\/td>\r\n<td>14559204<\/td>\r\n<\/tr>\r\n<tr>\r\n<td>EC210BLC<\/td>\r\n<td>14577178<\/td>\r\n<td>EC480DL<\/td>\r\n<td>14559204<\/td>\r\n<\/tr>\r\n<tr>\r\n<td>EC210<\/td>\r\n<td>14647523<\/td>\r\n<td>EC700BLC<\/td>\r\n<td>14559205<\/td>\r\n<\/tr>\r\n<tr>\r\n<td>EC210BNC<\/td>\r\n<td>14530323<\/td>\r\n<td>\u00a0<\/td>\r\n<td>\u00a0<\/td>\r\n<\/tr>\r\n<\/tbody>\r\n<\/table>\r\n<p><img decoding=\"async\" class=\"alignnone wp-image-2788 size-full\" src=\"https:\/\/swingbearing.net\/wp-content\/uploads\/2024\/05\/777.jpg\" alt=\"\u0142o\u017cyska wie\u0144cowe\" width=\"1980\" height=\"700\" srcset=\"https:\/\/swingbearing.net\/wp-content\/uploads\/2024\/05\/777.jpg 1980w, https:\/\/swingbearing.net\/wp-content\/uploads\/2024\/05\/777-300x106.jpg 300w, https:\/\/swingbearing.net\/wp-content\/uploads\/2024\/05\/777-1024x362.jpg 1024w, https:\/\/swingbearing.net\/wp-content\/uploads\/2024\/05\/777-768x272.jpg 768w, https:\/\/swingbearing.net\/wp-content\/uploads\/2024\/05\/777-1536x543.jpg 1536w, https:\/\/swingbearing.net\/wp-content\/uploads\/2024\/05\/777-18x6.jpg 18w, https:\/\/swingbearing.net\/wp-content\/uploads\/2024\/05\/777-600x212.jpg 600w\" sizes=\"(max-width: 1980px) 100vw, 1980px\" \/><\/p>\r\n<p>&nbsp;<\/p>\r\n<\/figure>\r\n\r\n<p><\/p>\r\n<h3 class=\"wp-block-heading\"><\/h3>\r\n<p>Koparki s\u0105 niezb\u0119dne w budownictwie, g\u00f3rnictwie i le\u015bnictwie. Jednym z kluczowych element\u00f3w zapewniaj\u0105cych ich wydajn\u0105 prac\u0119 jest \u0142o\u017cysko wahliwe. W tym artykule om\u00f3wiono znaczenie, budow\u0119, typy, konserwacj\u0119 i typowe problemy zwi\u0105zane z \u0142o\u017cyskami wahliwymi koparek.<\/p>\r\n<h3 class=\"wp-block-heading\">\r\n\r\n<\/h3>\r\n<h2 class=\"wp-block-heading\">Zrozumienie \u0142o\u017cysk wahliwych koparki<\/h2>\r\n<h3 class=\"wp-block-heading\">\r\n\r\n<\/h3>\r\n<p>\u0141o\u017cysko obrotowe koparki, znane r\u00f3wnie\u017c jako pier\u015bcie\u0144 obrotowy, \u0142o\u017cysko obrotowe, umo\u017cliwia obr\u00f3t g\u00f3rnej konstrukcji o 360 stopni. Obr\u00f3t ten ma kluczowe znaczenie dla kopania, przenoszenia i roz\u0142adowywania materia\u0142\u00f3w. \u0141o\u017cysko przenosi obci\u0105\u017cenia osiowe, promieniowe i momentowe, dzi\u0119ki czemu ma kluczowe znaczenie dla maszyny.<\/p>\r\n<h3 class=\"wp-block-heading\">\r\n\r\n<\/h3>\r\n<h2 class=\"wp-block-heading\">Struktura \u0142o\u017cyska wahliwego koparki<\/h2>\r\n<h3 class=\"wp-block-heading\">\r\n\r\n<\/h3>\r\n<p>\u0141o\u017cysko obrotowe koparki sk\u0142ada si\u0119 z:<\/p>\r\n<h3 class=\"wp-block-heading\">\r\n\r\n<\/h3>\r\n<ul class=\"wp-block-list\">\r\n<li>Pier\u015bcienie wewn\u0119trzne i zewn\u0119trzne: Wykonane ze stali o wysokiej wytrzyma\u0142o\u015bci, aby wytrzyma\u0107 du\u017ce obci\u0105\u017cenia.<\/li>\r\n\r\n\r\n\r\n<li>Elementy toczne: Kulki lub rolki u\u0142atwiaj\u0105ce p\u0142ynny obr\u00f3t.<\/li>\r\n\r\n\r\n\r\n<li>Klatki: Elementy toczne powinny by\u0107 r\u00f3wnomiernie rozmieszczone.<\/li>\r\n\r\n\r\n\r\n<li>Uszczelki: Chroni\u0105 \u0142o\u017cysko przed brudem, wod\u0105 i zanieczyszczeniami.<\/li>\r\n<\/ul>\r\n<h3 class=\"wp-block-heading\">\r\n\r\n<\/h3>\r\n<h2 class=\"wp-block-heading\">Rodzaje \u0142o\u017cysk obrotowych do koparek<\/h2>\r\n<h3 class=\"wp-block-heading\">\r\n\r\n<\/h3>\r\n<h4 class=\"wp-block-heading\">\u0141o\u017cyska obrotowe s\u0105 dost\u0119pne w r\u00f3\u017cnych wersjach:<\/h4>\r\n<h3 class=\"wp-block-heading\">\r\n\r\n<\/h3>\r\n<ul class=\"wp-block-list\">\r\n<li>\u0141o\u017cyska kulkowe jednorz\u0119dowe: Zr\u00f3wnowa\u017cona no\u015bno\u015b\u0107 i pr\u0119dko\u015b\u0107 obrotowa.<\/li>\r\n\r\n\r\n\r\n<li>Dwurz\u0119dowe \u0142o\u017cyska kulkowe: Zapewniaj\u0105 wi\u0119ksz\u0105 no\u015bno\u015b\u0107 dla wi\u0119kszych koparek.<\/li>\r\n\r\n\r\n\r\n<li>Krzy\u017cowe \u0142o\u017cyska wa\u0142eczkowe: Jednoczesne przenoszenie du\u017cych obci\u0105\u017ce\u0144 osiowych i promieniowych.<\/li>\r\n\r\n\r\n\r\n<li>Trzyrz\u0119dowe \u0142o\u017cyska wa\u0142eczkowe: Oferuj\u0105 maksymaln\u0105 no\u015bno\u015b\u0107 dla wytrzyma\u0142ych koparek.<\/li>\r\n<\/ul>\r\n<h3 class=\"wp-block-heading\">\r\n\r\n<\/h3>\r\n<h2 class=\"wp-block-heading\">Znaczenie \u0142o\u017cysk obrotowych w koparkach<\/h2>\r\n<h3 class=\"wp-block-heading\">\r\n\r\n<\/h3>\r\n<p>\u0141o\u017cyska obrotowe zapewniaj\u0105 r\u00f3wnomierny rozk\u0142ad obci\u0105\u017cenia, zachowuj\u0105c integralno\u015b\u0107 strukturaln\u0105 koparki. Umo\u017cliwiaj\u0105 obr\u00f3t o 360 stopni, zwi\u0119kszaj\u0105c wydajno\u015b\u0107 operacyjn\u0105 w ograniczonych przestrzeniach. Ich trwa\u0142o\u015b\u0107 ogranicza przestoje i koszty konserwacji.<\/p>\r\n<h3 class=\"wp-block-heading\">\r\n\r\n<\/h3>\r\n<h2 class=\"wp-block-heading\">Konserwacja \u0142o\u017cysk obrotowych koparki<\/h2>\r\n<h3 class=\"wp-block-heading\">\r\n\r\n<\/h3>\r\n<h4 class=\"wp-block-heading\">W\u0142a\u015bciwa konserwacja obejmuje:<\/h4>\r\n<h3 class=\"wp-block-heading\">\r\n\r\n<\/h3>\r\n<ul class=\"wp-block-list\">\r\n<li>Regularne kontrole: Sprawdzi\u0107 pod k\u0105tem zu\u017cycia, korozji lub uszkodze\u0144.<\/li>\r\n\r\n\r\n\r\n<li>Smarowanie: Zmniejsza tarcie i zapobiega zu\u017cyciu.<\/li>\r\n\r\n\r\n\r\n<li>Integralno\u015b\u0107 uszczelnienia: Upewnij si\u0119, \u017ce uszczelki s\u0105 nienaruszone, aby zapobiec zanieczyszczeniu.<\/li>\r\n\r\n\r\n\r\n<li>Zarz\u0105dzanie obci\u0105\u017ceniem: Nale\u017cy unika\u0107 przeci\u0105\u017cania koparki.<\/li>\r\n\r\n\r\n\r\n<li>Wyr\u00f3wnanie: Zapewnij prawid\u0142owe wyr\u00f3wnanie, aby zapobiec nier\u00f3wnomiernemu zu\u017cyciu.<\/li>\r\n<\/ul>\r\n<h3 class=\"wp-block-heading\">\r\n\r\n<\/h3>\r\n<h3 class=\"wp-block-heading\">Typowe problemy z \u0142o\u017cyskami wahliwymi<\/h3>\r\n<h3 class=\"wp-block-heading\">\r\n\r\n<\/h3>\r\n<p>Typowe problemy obejmuj\u0105:<\/p>\r\n<h3 class=\"wp-block-heading\">\r\n\r\n<\/h3>\r\n<ul class=\"wp-block-list\">\r\n<li>Zu\u017cycie: Spowodowane ci\u0105g\u0142\u0105 prac\u0105 i du\u017cymi obci\u0105\u017ceniami.<\/li>\r\n\r\n\r\n\r\n<li>Zanieczyszczenie: Brud, woda i zanieczyszczenia przedostaj\u0105ce si\u0119 do \u0142o\u017cyska.<\/li>\r\n\r\n\r\n\r\n<li>Korozja: Ze wzgl\u0119du na wilgo\u0107 i trudne warunki.<\/li>\r\n\r\n\r\n\r\n<li>Niewsp\u00f3\u0142osiowo\u015b\u0107: Wynikaj\u0105ce z niew\u0142a\u015bciwej instalacji lub problem\u00f3w strukturalnych.<\/li>\r\n<\/ul>\r\n<h3 class=\"wp-block-heading\">\r\n\r\n<\/h3>\r\n<h2 class=\"wp-block-heading\">Wnioski<\/h2>\r\n<h3 class=\"wp-block-heading\">\r\n\r\n<\/h3>\r\n<p><a href=\"https:\/\/swingbearing.net\/pl\/excavator-swing-bearing\/\">\u0141o\u017cyska wahliwe koparki<\/a> maj\u0105 kluczowe znaczenie dla funkcjonalno\u015bci i wydajno\u015bci koparek. Zrozumienie ich budowy, typ\u00f3w, znaczenia, konserwacji i typowych problem\u00f3w jest niezb\u0119dne dla uzyskania optymalnej wydajno\u015bci. W\u0142a\u015bciwa konserwacja i terminowe rozwi\u0105zywanie problem\u00f3w mo\u017ce wyd\u0142u\u017cy\u0107 \u017cywotno\u015b\u0107 i niezawodno\u015b\u0107 tych \u0142o\u017cysk, zwi\u0119kszaj\u0105c produktywno\u015b\u0107.<\/p>\r\n<p><\/p>","protected":false},"excerpt":{"rendered":"<p><strong><b>Cz\u0119\u015b\u0107<\/b><\/strong> #: 14520573<br \/><strong><b>Marka<\/b><\/strong>VOLVO<br \/><strong><b>Model<\/b><\/strong>: EC290B <br \/><strong><b>Stan<\/b><\/strong>: Nowo\u015b\u0107<\/p>","protected":false},"featured_media":2888,"template":"","meta":[],"product_brand":[],"product_cat":[68],"product_tag":[],"class_list":{"0":"post-3956","1":"product","2":"type-product","3":"status-publish","4":"has-post-thumbnail","6":"product_cat-volvo-excavator-swing-bearing","8":"first","9":"instock","10":"shipping-taxable","11":"product-type-simple"},"_links":{"self":[{"href":"https:\/\/swingbearing.net\/pl\/wp-json\/wp\/v2\/product\/3956","targetHints":{"allow":["GET"]}}],"collection":[{"href":"https:\/\/swingbearing.net\/pl\/wp-json\/wp\/v2\/product"}],"about":[{"href":"https:\/\/swingbearing.net\/pl\/wp-json\/wp\/v2\/types\/product"}],"wp:featuredmedia":[{"embeddable":true,"href":"https:\/\/swingbearing.net\/pl\/wp-json\/wp\/v2\/media\/2888"}],"wp:attachment":[{"href":"https:\/\/swingbearing.net\/pl\/wp-json\/wp\/v2\/media?parent=3956"}],"wp:term":[{"taxonomy":"product_brand","embeddable":true,"href":"https:\/\/swingbearing.net\/pl\/wp-json\/wp\/v2\/product_brand?post=3956"},{"taxonomy":"product_cat","embeddable":true,"href":"https:\/\/swingbearing.net\/pl\/wp-json\/wp\/v2\/product_cat?post=3956"},{"taxonomy":"product_tag","embeddable":true,"href":"https:\/\/swingbearing.net\/pl\/wp-json\/wp\/v2\/product_tag?post=3956"}],"curies":[{"name":"wp","href":"https:\/\/api.w.org\/{rel}","templated":true}]}}