{"id":3915,"date":"2024-06-05T05:38:33","date_gmt":"2024-06-05T05:38:33","guid":{"rendered":"https:\/\/swingbearing.net\/?post_type=product&#038;p=3915"},"modified":"2024-06-05T05:45:25","modified_gmt":"2024-06-05T05:45:25","slug":"swing-bearing-9102726-for-hitachi-ex100-3","status":"publish","type":"product","link":"https:\/\/swingbearing.net\/pl\/produkt\/swing-bearing-9102726-for-hitachi-ex100-3\/","title":{"rendered":"\u0141o\u017cysko wahliwe 9102726 do HITACHI EX100-3"},"content":{"rendered":"<h2 style=\"text-align: center;\">HITACHI <strong>Wymiana pier\u015bcienia obrotowego\u00a0<\/strong><\/h2>\n<figure class=\"wp-block-table\" style=\"font-size: 12px;\">\n<table>\n<tbody>\n<tr>\n<td><strong>Numer modelu koparki<\/strong><\/td>\n<td><strong>Numer cz\u0119\u015bci<\/strong><\/td>\n<td><strong>Numer modelu koparki<\/strong><\/td>\n<td><strong>Numer cz\u0119\u015bci<\/strong><\/td>\n<\/tr>\n<tr>\n<td>EX60-2<\/td>\n<td>4193433<\/td>\n<td>ZX230<\/td>\n<td>9154037<\/td>\n<\/tr>\n<tr>\n<td>EX60WD -2<\/td>\n<td>4193433<\/td>\n<td>ZX230<\/td>\n<td>9159646<\/td>\n<\/tr>\n<tr>\n<td>EX60-5<\/td>\n<td>43767553<\/td>\n<td>ZX240<\/td>\n<td>9196732<\/td>\n<\/tr>\n<tr>\n<td>EX100<\/td>\n<td>9098995<\/td>\n<td>ZX240<\/td>\n<td>9245728<\/td>\n<\/tr>\n<tr>\n<td>EX100-3<\/td>\n<td>9102726<\/td>\n<td>EX300-3<\/td>\n<td>9112188<\/td>\n<\/tr>\n<tr>\n<td>ZX135<\/td>\n<td>9184497<\/td>\n<td>ZX330LC-5G<\/td>\n<td>9245698<\/td>\n<\/tr>\n<tr>\n<td>EX150-5<\/td>\n<td>9146953<\/td>\n<td>ZX350-3<\/td>\n<td>9245698<\/td>\n<\/tr>\n<tr>\n<td>EX200<\/td>\n<td>9098993<\/td>\n<td>ZX370<\/td>\n<td>9166468<\/td>\n<\/tr>\n<tr>\n<td>ZX200LC-5G<\/td>\n<td>9260971<\/td>\n<td>ZX370<\/td>\n<td>9169894<\/td>\n<\/tr>\n<tr>\n<td>ZX200-3,<\/td>\n<td>9260971<\/td>\n<td>KH180-3<\/td>\n<td>9099074<\/td>\n<\/tr>\n<tr>\n<td>EX200-3<\/td>\n<td>9148123<\/td>\n<td>HE6010B<\/td>\n<td>1214DBS110T<\/td>\n<\/tr>\n<tr>\n<td>ZX200<\/td>\n<td>9196732<\/td>\n<td>EX400<\/td>\n<td>164-2568<\/td>\n<\/tr>\n<tr>\n<td>ZX200-5G<\/td>\n<td>9260971<\/td>\n<td>EX400-5<\/td>\n<td>9129521<\/td>\n<\/tr>\n<tr>\n<td>EX200<\/td>\n<td>9102727<\/td>\n<td>ZX450<\/td>\n<td>9129521<\/td>\n<\/tr>\n<tr>\n<td>EX210-5<\/td>\n<td>9102727<\/td>\n<td>ZX450-3<\/td>\n<td>9247287<\/td>\n<\/tr>\n<tr>\n<td>ZX210LCK<\/td>\n<td>9169646<\/td>\n<td>ZX450-3<\/td>\n<td>9247287<\/td>\n<\/tr>\n<tr>\n<td>ZX210W-1<\/td>\n<td>9275368<\/td>\n<td>ZX470-3<\/td>\n<td>9247287<\/td>\n<\/tr>\n<tr>\n<td>ZX220<\/td>\n<td>9262248<\/td>\n<td>ZX650<\/td>\n<td>9321213<\/td>\n<\/tr>\n<tr>\n<td>EX220-1<\/td>\n<td>9154037<\/td>\n<td>ZX650LCH<\/td>\n<td>6016584<\/td>\n<\/tr>\n<tr>\n<td>ZX225USR<\/td>\n<td>9169646<\/td>\n<td>ZX800LD<\/td>\n<td>9229741<\/td>\n<\/tr>\n<tr>\n<td>ZX225US<\/td>\n<td>9196732<\/td>\n<td>ZX870-3<\/td>\n<td>9321216<\/td>\n<\/tr>\n<tr>\n<td>ZX330-3LC<\/td>\n<td>9260971<\/td>\n<td>ZX870<\/td>\n<td>6023643<\/td>\n<\/tr>\n<tr>\n<td>EX270-5<\/td>\n<td>9154037<\/td>\n<td><\/td>\n<td><\/td>\n<\/tr>\n<\/tbody>\n<\/table>\n<\/figure>\n<p>Mo\u017cemy dostarczy\u0107 alternatywne \u0142o\u017cysko wahliwe do CAT, HITACHI, KOMATSU, KOBELCO, HYUNDAI, VOLVO, DOOSAN, DAEWOO, JCB, CASE, SUMITOMO, XCMG. Do wyboru jest ponad 1000 typ\u00f3w normalnych i niestandardowych. Nasze \u0142o\u017cyska wahliwe s\u0105 specjalnie zaprojektowane, aby sprosta\u0107 wymaganiom maszyn koparek, zapewniaj\u0105c niezawodne, d\u0142ugotrwa\u0142e dzia\u0142anie w r\u00f3\u017cnych warunkach. Niezale\u017cnie od tego, czy potrzebujesz \u0142o\u017cyska obrotowego do koparki, \u0142o\u017cyska wie\u0144ca obrotowego, czy \u0142o\u017cyska wie\u0144ca obrotowego koparki, nasze produkty s\u0105 idealnym rozwi\u0105zaniem.<\/p>\n<p>Nasze \u0142o\u017cyska obrotowe do koparek s\u0105 produkowane z wysokiej jako\u015bci materia\u0142\u00f3w, zapewniaj\u0105cych wytrzyma\u0142o\u015b\u0107, trwa\u0142o\u015b\u0107 i odporno\u015b\u0107 na zu\u017cycie. Nasi in\u017cynierowie sp\u0119dzili niezliczone godziny na doskonaleniu konstrukcji naszych \u0142o\u017cysk obrotowych, aby zapewni\u0107 ich optymaln\u0105 wydajno\u015b\u0107 nawet w najtrudniejszych warunkach. Jeste\u015bmy dumni z naszej pracy i jeste\u015bmy przekonani, \u017ce wybieraj\u0105c nasze produkty, zauwa\u017cysz r\u00f3\u017cnic\u0119.<\/p>\n<p>Oferujemy szerok\u0105 gam\u0119 \u0142o\u017cysk wahliwych do koparek, w tym do najpopularniejszych modeli, takich jak UH025, UH045, UH063 i UH083.<br \/>\nOferujemy r\u00f3wnie\u017c \u0142o\u017cyska wahliwe do innych popularnych modeli, takich jak EX200, EX300, EX310, ZX60, ZX70, ZA80, ZX110, ZX120, ZX200, ZX210, ZX250, ZX290, ZX330, ZX470, ZX870EX1000, EX1200, ZX225UR, ZX520, EX120-3, EX120-5, EX130H-5, ZAX110, ZAX120-6, ZAX120, UH07-7, ZAX200, ZXA210, ZAX200-3G, ZAX250-3G, ZAX200-3, ZAX200LC-3, ZAX210H-3, ZAX210LCH-3, ZAX210K-3, EX210LCH-5, ZAX225, ZX230, EX220-2, EX220-3, EX220-5, EX270-5, EX230H-3, EX280H-5, ZAX240H, ZAX240LCH, ZAX240K, ZAX250, ZAX270, ZAX280LC, EX290LCH-5, EX300-1, EX300-2, EX300H-2, EX300-3, EX300-3C, EX300H-3, EX310H-3C, EX310LCH-3C, ZAX330, EX350, ZXA360, ZAX450-6, EX100-5, EX110-5 i EX120-2.<\/p>\n<p>Nasze \u0142o\u017cyska obrotowe do koparek i przek\u0142adnie obrotowe do koparek s\u0105 r\u00f3wnie\u017c dost\u0119pne dla tych, kt\u00f3rzy ich potrzebuj\u0105, zapewniaj\u0105c, \u017ce masz wszystko, czego potrzebujesz, aby Twoja maszyna dzia\u0142a\u0142a p\u0142ynnie.<\/p>","protected":false},"excerpt":{"rendered":"<p><strong><b>Cz\u0119\u015b\u0107<\/b><\/strong> #: 9102726<br \/>\n<strong><b>Marka<\/b><\/strong>: HITACHI<br \/>\n<strong><b>Model<\/b><\/strong>EX100-3<br \/>\n<strong><b>Stan<\/b><\/strong>: Nowo\u015b\u0107<\/p>","protected":false},"featured_media":2928,"template":"","meta":[],"product_brand":[],"product_cat":[65,22],"product_tag":[81,80],"class_list":{"0":"post-3915","1":"product","2":"type-product","3":"status-publish","4":"has-post-thumbnail","6":"product_cat-hitachi-excavator-swing-bearing","7":"product_cat-swing-bearing","8":"product_tag-hitachi","9":"product_tag-slewing-ring","11":"first","12":"instock","13":"shipping-taxable","14":"product-type-simple"},"_links":{"self":[{"href":"https:\/\/swingbearing.net\/pl\/wp-json\/wp\/v2\/product\/3915","targetHints":{"allow":["GET"]}}],"collection":[{"href":"https:\/\/swingbearing.net\/pl\/wp-json\/wp\/v2\/product"}],"about":[{"href":"https:\/\/swingbearing.net\/pl\/wp-json\/wp\/v2\/types\/product"}],"wp:featuredmedia":[{"embeddable":true,"href":"https:\/\/swingbearing.net\/pl\/wp-json\/wp\/v2\/media\/2928"}],"wp:attachment":[{"href":"https:\/\/swingbearing.net\/pl\/wp-json\/wp\/v2\/media?parent=3915"}],"wp:term":[{"taxonomy":"product_brand","embeddable":true,"href":"https:\/\/swingbearing.net\/pl\/wp-json\/wp\/v2\/product_brand?post=3915"},{"taxonomy":"product_cat","embeddable":true,"href":"https:\/\/swingbearing.net\/pl\/wp-json\/wp\/v2\/product_cat?post=3915"},{"taxonomy":"product_tag","embeddable":true,"href":"https:\/\/swingbearing.net\/pl\/wp-json\/wp\/v2\/product_tag?post=3915"}],"curies":[{"name":"wp","href":"https:\/\/api.w.org\/{rel}","templated":true}]}}