{"id":358,"date":"2023-09-18T08:13:08","date_gmt":"2023-09-18T08:13:08","guid":{"rendered":"https:\/\/swingbearing.net\/?post_type=product&#038;p=358"},"modified":"2024-06-12T02:19:19","modified_gmt":"2024-06-12T02:19:19","slug":"swing-bearings-hitachi","status":"publish","type":"product","link":"https:\/\/swingbearing.net\/pl\/produkt\/swing-bearings-hitachi\/","title":{"rendered":"\u0141o\u017cyska wahliwe HITACHI"},"content":{"rendered":"<figure class=\"wp-block-table is-style-stripes has-small-font-size\">\n<table class=\"has-cyan-bluish-red-background-color has-background\">\n<tbody>\n<tr>\n<td width=\"113\"><strong><a href=\"https:\/\/swingbearing.net\/pl\/produkt\/swing-bearing-cat\/\" target=\"_parent\" rel=\"noopener\">CAT<\/a><\/strong><\/td>\n<td width=\"113\"><strong><a href=\"https:\/\/swingbearing.net\/pl\/produkt\/swing-bearing-komatsu\/\" rel=\"noopener\">KOMATSU<\/a><\/strong><\/td>\n<td width=\"113\"><strong><a href=\"https:\/\/swingbearing.net\/pl\/produkt\/swing-bearings-hitachi\/\" rel=\"noopener\">HITACHI<\/a><\/strong><\/td>\n<td width=\"113\"><strong><a href=\"https:\/\/swingbearing.net\/pl\/produkt\/swing-bearing-kobelco\/\" target=\"_parent\" rel=\"noopener\">KOBELCO<\/a><\/strong><\/td>\n<td width=\"113\"><strong><a href=\"https:\/\/swingbearing.net\/pl\/produkt\/swing-bearing-hyundai\/\" target=\"_parent\" rel=\"noopener\">HYUNDAI<\/a><\/strong><\/td>\n<\/tr>\n<tr>\n<td width=\"113\"><strong><a href=\"https:\/\/swingbearing.net\/pl\/produkt\/swing-bearing-doosan\/\" target=\"_parent\" rel=\"noopener\">DOOSAN<\/a><\/strong><\/td>\n<td width=\"113\"><strong><a href=\"https:\/\/swingbearing.net\/pl\/produkt\/swing-bearing-volvo\/\" target=\"_parent\" rel=\"noopener\">VOLVO<\/a><\/strong><\/td>\n<td width=\"113\"><strong><a href=\"https:\/\/swingbearing.net\/pl\/produkt\/lozysko-wahliwe-jcb\/\" target=\"_parent\" rel=\"noopener\">JCB<\/a><\/strong><\/td>\n<td width=\"113\"><strong><a href=\"https:\/\/swingbearing.net\/pl\/produkt\/swing-bearing-case\/\" target=\"_parent\" rel=\"noopener\">CASE<\/a><\/strong><\/td>\n<td width=\"113\"><strong><a href=\"https:\/\/swingbearing.net\/pl\/produkt\/swing-bearing-liebherr\/\" target=\"_parent\" rel=\"noopener\">LIEBHERR<\/a><\/strong><\/td>\n<\/tr>\n<tr>\n<td width=\"113\"><strong><a href=\"https:\/\/swingbearing.net\/pl\/produkt\/lozysko-wahliwe-liugong\/\" target=\"_parent\" rel=\"noopener\">LIUGONG<\/a><\/strong><\/td>\n<td width=\"113\"><strong><a href=\"https:\/\/swingbearing.net\/pl\/produkt\/swing-bearings-sany\/\" target=\"_parent\" rel=\"noopener\">SANY<\/a><\/strong><\/td>\n<td width=\"113\"><strong><a href=\"https:\/\/swingbearing.net\/pl\/produkt\/swing-bearing-yuchai\/\" target=\"_parent\" rel=\"noopener\">YUCHAI<\/a><\/strong><\/td>\n<td width=\"113\"><strong><a href=\"https:\/\/swingbearing.net\/pl\/produkt\/swing-bearing-xcmg\/\" target=\"_parent\" rel=\"noopener\">XCMG<\/a><\/strong><\/td>\n<td width=\"113\"><strong><a href=\"https:\/\/swingbearing.net\/pl\/produkt\/lozysko-wahliwe-sumitomo\/\" target=\"_parent\" rel=\"noopener\">SUMITOMO<\/a><\/strong><\/td>\n<\/tr>\n<\/tbody>\n<\/table>\n<\/figure>\n<h4 style=\"text-align: center;\">Parametry \u0142o\u017cysk wahliwych HITACHI<\/h4>\n<figure class=\"wp-block-table is-style-stripes has-small-font-size\">\n<table class=\"has-cyan-bluish-gray-background-color has-background\">\n<tbody>\n<tr>\n<td>Model<\/td>\n<td>Numer cz\u0119\u015bci<\/td>\n<td>\u015arednica zewn\u0119trzna<\/td>\n<td>\u015arednica wewn\u0119trzna<\/td>\n<td>Ca\u0142kowita wysoko\u015b\u0107<\/td>\n<td>Wysoko\u015b\u0107 zewn\u0119trzna<\/td>\n<td>Wysoko\u015b\u0107 wewn\u0119trzna<\/td>\n<td>Parametry otworu zewn\u0119trznego<\/td>\n<td>Parametry otworu wewn\u0119trznego<\/td>\n<td>Liczba z\u0119b\u00f3w<\/td>\n<\/tr>\n<tr>\n<td>EX60-2<\/td>\n<td>4193433<\/td>\n<td>772<\/td>\n<td>554.4<\/td>\n<td>78<\/td>\n<td>60<\/td>\n<td>65<\/td>\n<td>24-\u03c618<\/td>\n<td>24-\u03c618<\/td>\n<td>71<\/td>\n<\/tr>\n<tr>\n<td>EX60WD -2<\/td>\n<td>4193433<\/td>\n<td>772<\/td>\n<td>554.4<\/td>\n<td>78<\/td>\n<td>60<\/td>\n<td>65<\/td>\n<td>24-\u03c618<\/td>\n<td>24-\u03c618<\/td>\n<td>71<\/td>\n<\/tr>\n<tr>\n<td>Ex60-5<\/td>\n<td>43767553<\/td>\n<td>781<\/td>\n<td>554<\/td>\n<td>76<\/td>\n<td>60<\/td>\n<td>63<\/td>\n<td>24-\u042417<\/td>\n<td>24-\u042417<\/td>\n<td>71<\/td>\n<\/tr>\n<tr>\n<td>EX100<\/td>\n<td>9098995<\/td>\n<td>1195<\/td>\n<td>962<\/td>\n<td>87<\/td>\n<td>72<\/td>\n<td>69<\/td>\n<td>36-\u03c619<\/td>\n<td>36-\u03c617<\/td>\n<td>98<\/td>\n<\/tr>\n<tr>\n<td>EX100-3<\/td>\n<td>9102726<\/td>\n<td>1092<\/td>\n<td>862<\/td>\n<td>84<\/td>\n<td>68<\/td>\n<td>70<\/td>\n<td>36-\u042420<\/td>\n<td>36-\u042418<\/td>\n<td>88<\/td>\n<\/tr>\n<tr>\n<td>EX150-5<\/td>\n<td>9146953<\/td>\n<td>1197<\/td>\n<td>939<\/td>\n<td>98<\/td>\n<td>69<\/td>\n<td>81<\/td>\n<td>36<\/td>\n<td>40<\/td>\n<td>80<\/td>\n<\/tr>\n<tr>\n<td>EX200<\/td>\n<td>9098993<\/td>\n<td>1312<\/td>\n<td>1084<\/td>\n<td>106<\/td>\n<td>72<\/td>\n<td>95<\/td>\n<td>36-\u03c622<\/td>\n<td>36-M20*1.5<\/td>\n<td>92<\/td>\n<\/tr>\n<tr>\n<td>ZX200LC-5G<\/td>\n<td>9260971<\/td>\n<td>1316<\/td>\n<td>1082<\/td>\n<td>96<\/td>\n<td>76<\/td>\n<td>85<\/td>\n<td>37-\u03c621<\/td>\n<td>36-M20*1.5<\/td>\n<td>92<\/td>\n<\/tr>\n<tr>\n<td>ZX200-3<\/td>\n<td>9260971<\/td>\n<td>1316<\/td>\n<td>1082<\/td>\n<td>96<\/td>\n<td>76<\/td>\n<td>85<\/td>\n<td>37-\u03c621<\/td>\n<td>36-M20*1.5<\/td>\n<td>92<\/td>\n<\/tr>\n<tr>\n<td>ZX200<\/td>\n<td>9196732<\/td>\n<td>1312<\/td>\n<td>1082<\/td>\n<td>106<\/td>\n<td>72<\/td>\n<td>95<\/td>\n<td>32-\u042421<\/td>\n<td>36-M20<\/td>\n<td>92<\/td>\n<\/tr>\n<tr>\n<td>ZX200-5G<\/td>\n<td>9260971<\/td>\n<td>1316<\/td>\n<td>1082<\/td>\n<td>96<\/td>\n<td>76<\/td>\n<td>85<\/td>\n<td>37-\u03c621<\/td>\n<td>36-M20*1.5<\/td>\n<td>92<\/td>\n<\/tr>\n<tr>\n<td>EX210-5<\/td>\n<td>9102727<\/td>\n<td>1310<\/td>\n<td>1083<\/td>\n<td>106<\/td>\n<td>72<\/td>\n<td>95<\/td>\n<td>36-\u042422<\/td>\n<td>36-M20<\/td>\n<td>92<\/td>\n<\/tr>\n<tr>\n<td>ZX210LCK<\/td>\n<td>9169646<\/td>\n<td>1312<\/td>\n<td>1082<\/td>\n<td>106<\/td>\n<td>72<\/td>\n<td>95<\/td>\n<td>32-\u042421<\/td>\n<td>36-M20*1.5<\/td>\n<td>92<\/td>\n<\/tr>\n<tr>\n<td>ZX220<\/td>\n<td>9262248<\/td>\n<td>1416<\/td>\n<td>1137<\/td>\n<td>110<\/td>\n<td>84<\/td>\n<td>97<\/td>\n<td>36-\u042424<\/td>\n<td>36-M22*1.5<\/td>\n<td>83<\/td>\n<\/tr>\n<tr>\n<td>EX220-1<\/td>\n<td>9154037<\/td>\n<td>1416<\/td>\n<td>1137<\/td>\n<td>110<\/td>\n<td>84<\/td>\n<td>97<\/td>\n<td>36-\u042424<\/td>\n<td>36-M22<\/td>\n<td>83<\/td>\n<\/tr>\n<tr>\n<td>ZX225US<\/td>\n<td>9196732<\/td>\n<td>1312<\/td>\n<td>1082<\/td>\n<td>106<\/td>\n<td>72<\/td>\n<td>95<\/td>\n<td>32-\u042421<\/td>\n<td>36-M20<\/td>\n<td>92<\/td>\n<\/tr>\n<tr>\n<td>ZX330-3LC<\/td>\n<td>9260971<\/td>\n<td>1312<\/td>\n<td>1082<\/td>\n<td>106<\/td>\n<td>72<\/td>\n<td>95<\/td>\n<td>32\/21<\/td>\n<td>36-M20*1.5<\/td>\n<td>92<\/td>\n<\/tr>\n<tr>\n<td>EX270-5<\/td>\n<td>9154037<\/td>\n<td>1416<\/td>\n<td>1137<\/td>\n<td>110<\/td>\n<td>84<\/td>\n<td>97<\/td>\n<td>36-\u042424<\/td>\n<td>36-M22<\/td>\n<td>83<\/td>\n<\/tr>\n<tr>\n<td>ZX230<\/td>\n<td>9154037<\/td>\n<td>1416<\/td>\n<td>1137<\/td>\n<td>110<\/td>\n<td>84<\/td>\n<td>97<\/td>\n<td>36-\u042424<\/td>\n<td>36-M22*1.5<\/td>\n<td>83<\/td>\n<\/tr>\n<tr>\n<td>ZX230<\/td>\n<td>9159646<\/td>\n<td>1416<\/td>\n<td>1137<\/td>\n<td>110<\/td>\n<td>84<\/td>\n<td>97<\/td>\n<td>36-\u042424<\/td>\n<td>36-M22*1.5<\/td>\n<td>83<\/td>\n<\/tr>\n<tr>\n<td>ZX240<\/td>\n<td>9196732<\/td>\n<td>1416<\/td>\n<td>1137<\/td>\n<td>110<\/td>\n<td>84<\/td>\n<td>97<\/td>\n<td>36-\u042424<\/td>\n<td>36-M22*1.5<\/td>\n<td>83<\/td>\n<\/tr>\n<tr>\n<td>ZX240<\/td>\n<td>9245728<\/td>\n<td>1416<\/td>\n<td>1137<\/td>\n<td>110<\/td>\n<td>84<\/td>\n<td>97<\/td>\n<td>35-\u03c624<\/td>\n<td>36-M22*1.5<\/td>\n<td>83<\/td>\n<\/tr>\n<tr>\n<td>EX300-3<\/td>\n<td>9112188<\/td>\n<td>1531<\/td>\n<td>1248<\/td>\n<td>117<\/td>\n<td>83<\/td>\n<td>105<\/td>\n<td>32-\u03c626<\/td>\n<td>36-M24*2<\/td>\n<td>91<\/td>\n<\/tr>\n<tr>\n<td>ZX330LC-5G<\/td>\n<td>9245698<\/td>\n<td>1930<\/td>\n<td>1297<\/td>\n<td>121<\/td>\n<td>95<\/td>\n<td>110<\/td>\n<td>36-\u03c629<\/td>\n<td>36-M27*2<\/td>\n<td>83<\/td>\n<\/tr>\n<tr>\n<td>340 LCV<\/td>\n<td>140109-00047<\/td>\n<td>1543<\/td>\n<td>1236<\/td>\n<td>132<\/td>\n<td>103<\/td>\n<td>120<\/td>\n<td>35-\u03c626<\/td>\n<td>40-M24<\/td>\n<td>90<\/td>\n<\/tr>\n<tr>\n<td>ZX350-3<\/td>\n<td>9245698<\/td>\n<td>1629<\/td>\n<td>1296<\/td>\n<td>121<\/td>\n<td>95<\/td>\n<td>110<\/td>\n<td>40-\u042429<\/td>\n<td>36-M27*2<\/td>\n<td>83<\/td>\n<\/tr>\n<tr>\n<td>ZX370<\/td>\n<td>9166468<\/td>\n<td>1629<\/td>\n<td>1296<\/td>\n<td>121<\/td>\n<td>95<\/td>\n<td>110<\/td>\n<td>40-\u042429<\/td>\n<td>36-M27*2<\/td>\n<td>83<\/td>\n<\/tr>\n<tr>\n<td>ZX370<\/td>\n<td>9169894<\/td>\n<td>1629<\/td>\n<td>1296<\/td>\n<td>121<\/td>\n<td>95<\/td>\n<td>110<\/td>\n<td>40-\u042429<\/td>\n<td>36-M27*2<\/td>\n<td>83<\/td>\n<\/tr>\n<tr>\n<td>KH180-3<\/td>\n<td>9099074<\/td>\n<td>1630<\/td>\n<td>1218<\/td>\n<td>162<\/td>\n<td>144<\/td>\n<td>136<\/td>\n<td>22-29<\/td>\n<td>36-M27<\/td>\n<td>88<\/td>\n<\/tr>\n<tr>\n<td>EX400-5<\/td>\n<td>9129521<\/td>\n<td>1654<\/td>\n<td>1275<\/td>\n<td>129<\/td>\n<td>117<\/td>\n<td>110<\/td>\n<td>36-\u042429<\/td>\n<td>36-\u042429<\/td>\n<td>107<\/td>\n<\/tr>\n<tr>\n<td>ZX450<\/td>\n<td>9129521<\/td>\n<td>1652<\/td>\n<td>1273<\/td>\n<td>130<\/td>\n<td>120<\/td>\n<td>110<\/td>\n<td>36-\u042429<\/td>\n<td>36-\u042429<\/td>\n<td>107<\/td>\n<\/tr>\n<tr>\n<td>ZX650LCH<\/td>\n<td>6016584<\/td>\n<td>1754<\/td>\n<td>1342<\/td>\n<td>150<\/td>\n<td>130<\/td>\n<td>117<\/td>\n<td>36<\/td>\n<td>36<\/td>\n<td>97<\/td>\n<\/tr>\n<tr>\n<td>ZX800LD<\/td>\n<td>9229741<\/td>\n<td>1930<\/td>\n<td>1495<\/td>\n<td>160<\/td>\n<td>148<\/td>\n<td>135<\/td>\n<td>40<\/td>\n<td>40<\/td>\n<td>108<\/td>\n<\/tr>\n<tr>\n<td>ZX870-3<\/td>\n<td>9321216<\/td>\n<td>2040<\/td>\n<td>1595<\/td>\n<td>160<\/td>\n<td>147<\/td>\n<td>136<\/td>\n<td>41-\u042435<\/td>\n<td>48-\u042431.5<\/td>\n<td>115<\/td>\n<\/tr>\n<tr>\n<td>ZX870<\/td>\n<td>6023643<\/td>\n<td>2037<\/td>\n<td>1595<\/td>\n<td>160<\/td>\n<td>148<\/td>\n<td>136<\/td>\n<td>41<\/td>\n<td>48<\/td>\n<td>115<\/td>\n<\/tr>\n<\/tbody>\n<\/table>\n<\/figure>\n<p>Mo\u017cemy zapewni\u0107 alternatywne \u0142o\u017cysko wahliwe dla <a href=\"https:\/\/national-bearing.com\/excavator-swing-bearings-slewing-rings-cat\/\" target=\"_blank\" rel=\"noopener\">CAT,<\/a>HITACHI, KOMATSU, KOBELCO, HYUNDAI, VOLVO, DOOSAN, DAEWOO, JCB, CASE, SUMITOMO, KATO,, Istniej\u0105 normalne i niestandardowe ponad 1000 setek typ\u00f3w do wyboru. Nasze \u0142o\u017cyska obrotowe s\u0105 specjalnie zaprojektowane, aby sprosta\u0107 wymaganiom maszyn koparek, zapewniaj\u0105c niezawodne, d\u0142ugotrwa\u0142e dzia\u0142anie w r\u00f3\u017cnych warunkach. Niezale\u017cnie od tego, czy potrzebujesz \u0142o\u017cyska obrotowego do koparki, \u0142o\u017cyska wie\u0144ca obrotowego, czy \u0142o\u017cyska wie\u0144ca obrotowego koparki, nasze produkty s\u0105 idealnym rozwi\u0105zaniem.<\/p>\n<p>Nasze \u0142o\u017cyska obrotowe do koparek s\u0105 produkowane z wysokiej jako\u015bci materia\u0142\u00f3w, zapewniaj\u0105cych wytrzyma\u0142o\u015b\u0107, trwa\u0142o\u015b\u0107 i odporno\u015b\u0107 na zu\u017cycie. Nasi in\u017cynierowie sp\u0119dzili niezliczone godziny na doskonaleniu konstrukcji naszych \u0142o\u017cysk obrotowych, aby zapewni\u0107 ich optymaln\u0105 wydajno\u015b\u0107 nawet w najtrudniejszych warunkach. Jeste\u015bmy dumni z naszej pracy i jeste\u015bmy przekonani, \u017ce wybieraj\u0105c nasze produkty, zauwa\u017cysz r\u00f3\u017cnic\u0119.<\/p>\n<p>Oferujemy szerok\u0105 gam\u0119 \u0142o\u017cysk obrotowych do koparek, w tym najpopularniejsze modele, takie jak UH025, UH045, UH063 i UH083.<br \/>\nOferujemy r\u00f3wnie\u017c \u0142o\u017cyska wahliwe do innych popularnych modeli, takich jak EX35, EX40, EX55, EX60, EX60-3, EX120, EX200, EX300, EX310, ZX60, ZX70, ZA80, ZX110, ZX120, ZX200, ZX210, ZX250, ZX290, ZX330, ZX470, ZX870EX1000, EX1200, ZX225UR, ZX520, EX120-3, EX120-5, EX130H-5, ZAX110, ZAX120-6, ZAX120, UH07-7, ZAX200, ZXA210, ZAX200-3G, ZAX250-3G, ZAX200-3, ZAX200LC-3, ZAX210H-3, ZAX210LCH-3, ZAX210K-3, ZAX210LCK-3, ZAX210LCN-3, EX200-1\/2, EX200LC-2, EX200-3, EX200LC-3, EX200H-3, EX200LCH-3, EX200-5, EX210H-5, EX210LCH-5, ZAX225, ZX230, EX220-2, EX220-3, EX220-5, EX270-5, EX230H-3, EX280H-5, ZAX240H, ZAX240LCH, ZAX240K, ZAX250, ZAX270, ZAX280LC, EX290LCH-5, EX300-1, EX300-2, EX300H-2, EX300-3, EX300-3C, EX300H-3, EX310H-3C, EX310LCH-3C, ZAX330, EX350, ZXA360, ZAX450-6, EX60-1, EX60-2, EX60-5, EX60LC-5, EX80-5, ZX60, ZAX70, ZA80, EX100-1, EX100-3, EX100-5, EX110-5 i EX120-2.<br \/>\nNasze \u0142o\u017cyska wahliwe do koparek i <a href=\"https:\/\/national-bearing.com\/rotary-gear\/\" target=\"_blank\" rel=\"noopener\">Przek\u0142adnie obrotowe do koparek<\/a> s\u0105 r\u00f3wnie\u017c dost\u0119pne dla tych, kt\u00f3rzy ich potrzebuj\u0105, zapewniaj\u0105c, \u017ce masz wszystko, czego potrzebujesz, aby Twoja maszyna dzia\u0142a\u0142a p\u0142ynnie.<\/p>","protected":false},"excerpt":{"rendered":"<p>\u0141o\u017cysko wahliwe HYUNDAI<br \/>\nModel:ZX870,ZX800LD,ZX650<br \/>\nEX1000,EX1200,EX400-5,ZX450<\/p>","protected":false},"featured_media":61,"template":"","meta":[],"product_brand":[],"product_cat":[22],"product_tag":[],"class_list":{"0":"post-358","1":"product","2":"type-product","3":"status-publish","4":"has-post-thumbnail","6":"product_cat-swing-bearing","8":"first","9":"instock","10":"shipping-taxable","11":"product-type-simple"},"_links":{"self":[{"href":"https:\/\/swingbearing.net\/pl\/wp-json\/wp\/v2\/product\/358","targetHints":{"allow":["GET"]}}],"collection":[{"href":"https:\/\/swingbearing.net\/pl\/wp-json\/wp\/v2\/product"}],"about":[{"href":"https:\/\/swingbearing.net\/pl\/wp-json\/wp\/v2\/types\/product"}],"wp:featuredmedia":[{"embeddable":true,"href":"https:\/\/swingbearing.net\/pl\/wp-json\/wp\/v2\/media\/61"}],"wp:attachment":[{"href":"https:\/\/swingbearing.net\/pl\/wp-json\/wp\/v2\/media?parent=358"}],"wp:term":[{"taxonomy":"product_brand","embeddable":true,"href":"https:\/\/swingbearing.net\/pl\/wp-json\/wp\/v2\/product_brand?post=358"},{"taxonomy":"product_cat","embeddable":true,"href":"https:\/\/swingbearing.net\/pl\/wp-json\/wp\/v2\/product_cat?post=358"},{"taxonomy":"product_tag","embeddable":true,"href":"https:\/\/swingbearing.net\/pl\/wp-json\/wp\/v2\/product_tag?post=358"}],"curies":[{"name":"wp","href":"https:\/\/api.w.org\/{rel}","templated":true}]}}