{"id":3373,"date":"2024-05-27T09:07:58","date_gmt":"2024-05-27T09:07:58","guid":{"rendered":"https:\/\/swingbearing.net\/product\/hyundai-r220lc-9s-excavator-swing-bearing-81q6-01020-slew-rings\/"},"modified":"2024-05-28T05:32:47","modified_gmt":"2024-05-28T05:32:47","slug":"hyundai-r220lc-9s-excavator-swing-bearing-81q6-01020-slew-rings","status":"publish","type":"product","link":"https:\/\/swingbearing.net\/pl\/produkt\/hyundai-r220lc-9s-excavator-swing-bearing-81q6-01020-slew-rings\/","title":{"rendered":"\u0141o\u017cysko wahliwe 81Q6-01020 do HYUNDAI R220LC-9S"},"content":{"rendered":"<h2 style=\"text-align: center;\">Parametry \u0142o\u017cyska wahliwego HYUNDAI<\/h2>\n<div class=\"bde-rich-text-243-405 bde-rich-text breakdance-rich-text-styles\">\n<figure class=\"wp-block-table\">\n<table>\n<tbody>\n<tr>\n<td>Model<\/td>\n<td>Numer cz\u0119\u015bci<\/td>\n<td>\u015arednica zewn\u0119trzna<\/td>\n<td>\u015arednica wewn\u0119trzna<\/td>\n<td>Ca\u0142kowita wysoko\u015b\u0107<\/td>\n<td>Wysoko\u015b\u0107 zewn\u0119trzna<\/td>\n<td>Wysoko\u015b\u0107 wewn\u0119trzna<\/td>\n<td>Parametry otworu zewn\u0119trznego<\/td>\n<td>Parametry otworu wewn\u0119trznego<\/td>\n<td>Liczba z\u0119b\u00f3w<\/td>\n<\/tr>\n<tr>\n<td>R140LC-7<\/td>\n<td>81N4-01020<\/td>\n<td>1196<\/td>\n<td>963<\/td>\n<td>90<\/td>\n<td>79<\/td>\n<td>80<\/td>\n<td>36-\u03c619<\/td>\n<td>36-M16*1.5<\/td>\n<td>98<\/td>\n<\/tr>\n<tr>\n<td>R210LC-3<\/td>\n<td>81EM-00020<\/td>\n<td>1202<\/td>\n<td>945<\/td>\n<td>84<\/td>\n<td>75<\/td>\n<td>70<\/td>\n<td>36<\/td>\n<td>36<\/td>\n<td>80<\/td>\n<\/tr>\n<tr>\n<td>R170W-7<\/td>\n<td>81EM-00021<\/td>\n<td>1202<\/td>\n<td>947<\/td>\n<td>83<\/td>\n<td>75<\/td>\n<td>70<\/td>\n<td>36-\u03c622<\/td>\n<td>36-M20*1.5<\/td>\n<td>80<\/td>\n<\/tr>\n<tr>\n<td>R180W-9S<\/td>\n<td>81EM-00021GG<\/td>\n<td>1202<\/td>\n<td>947<\/td>\n<td>83<\/td>\n<td>75<\/td>\n<td>70<\/td>\n<td>36-\u03c622<\/td>\n<td>36-M20*1.5<\/td>\n<td>80<\/td>\n<\/tr>\n<tr>\n<td>R200W-7<\/td>\n<td>81EM-00021GG<\/td>\n<td>1327<\/td>\n<td>1083<\/td>\n<td>110<\/td>\n<td>89<\/td>\n<td>94<\/td>\n<td>30-\u03c622<\/td>\n<td>36-M20<\/td>\n<td>92<\/td>\n<\/tr>\n<tr>\n<td>R210-7<\/td>\n<td>81N6-00023BG<\/td>\n<td>1327<\/td>\n<td>1084<\/td>\n<td>110<\/td>\n<td>89<\/td>\n<td>94<\/td>\n<td>30-\u03c622<\/td>\n<td>36-M20<\/td>\n<td>92<\/td>\n<\/tr>\n<tr>\n<td>R210LC-7<\/td>\n<td>81N6-01020<\/td>\n<td>1326<\/td>\n<td>1084<\/td>\n<td>110<\/td>\n<td>89<\/td>\n<td>94<\/td>\n<td>30-\u03c622<\/td>\n<td>36-M20<\/td>\n<td>92<\/td>\n<\/tr>\n<tr>\n<td>R210-7<\/td>\n<td>81N6-00022<\/td>\n<td>1326<\/td>\n<td>1084<\/td>\n<td>110<\/td>\n<td>89<\/td>\n<td>94<\/td>\n<td>30-\u03c622<\/td>\n<td>36-M20<\/td>\n<td>92<\/td>\n<\/tr>\n<tr>\n<td>R210-7<\/td>\n<td>81N6-00021<\/td>\n<td>1326<\/td>\n<td>1084<\/td>\n<td>110<\/td>\n<td>89<\/td>\n<td>94<\/td>\n<td>30-\u03c622<\/td>\n<td>36-M20<\/td>\n<td>92<\/td>\n<\/tr>\n<tr>\n<td>R210LC7<\/td>\n<td>31N 812020<\/td>\n<td>1326<\/td>\n<td>1084<\/td>\n<td>110<\/td>\n<td>89<\/td>\n<td>94<\/td>\n<td>30-\u03a622<\/td>\n<td>36-M20<\/td>\n<td>92<\/td>\n<\/tr>\n<tr>\n<td>R210W-9S<\/td>\n<td>81Q5-01020<\/td>\n<td>1327<\/td>\n<td>1083<\/td>\n<td>110<\/td>\n<td>89<\/td>\n<td>94<\/td>\n<td>30-\u03c622<\/td>\n<td>36-M20<\/td>\n<td>92<\/td>\n<\/tr>\n<tr>\n<td>R210W-9S<\/td>\n<td>81Q5-01021<\/td>\n<td>1327<\/td>\n<td>1083<\/td>\n<td>110<\/td>\n<td>89<\/td>\n<td>94<\/td>\n<td>30-\u03c622<\/td>\n<td>36-M20<\/td>\n<td>92<\/td>\n<\/tr>\n<tr>\n<td>R220LC-9S<\/td>\n<td>81Q6-00020<\/td>\n<td>1326<\/td>\n<td>1084<\/td>\n<td>110<\/td>\n<td>89<\/td>\n<td>94<\/td>\n<td>30-\u03c622<\/td>\n<td>36-M20<\/td>\n<td>92<\/td>\n<\/tr>\n<tr>\n<td>R220LC-9S<\/td>\n<td>81Q6-01020<\/td>\n<td>1326<\/td>\n<td>1084<\/td>\n<td>110<\/td>\n<td>89<\/td>\n<td>94<\/td>\n<td>30-\u03c622<\/td>\n<td>36-M20<\/td>\n<td>92<\/td>\n<\/tr>\n<tr>\n<td>R220LC-9S<\/td>\n<td>81Q6-01021<\/td>\n<td>1326<\/td>\n<td>1084<\/td>\n<td>110<\/td>\n<td>89<\/td>\n<td>94<\/td>\n<td>30-\u03c622<\/td>\n<td>36-M20<\/td>\n<td>92<\/td>\n<\/tr>\n<tr>\n<td>R220LC-9S<\/td>\n<td>81Q6-00021<\/td>\n<td>1326<\/td>\n<td>1084<\/td>\n<td>110<\/td>\n<td>89<\/td>\n<td>94<\/td>\n<td>30-\u03c622<\/td>\n<td>36-M20<\/td>\n<td>92<\/td>\n<\/tr>\n<tr>\n<td>R250LC-7<\/td>\n<td>81EN-00052<\/td>\n<td>1410<\/td>\n<td>1131<\/td>\n<td>120<\/td>\n<td>88<\/td>\n<td>110<\/td>\n<td>34-\u03c623<\/td>\n<td>36-M20<\/td>\n<td>82<\/td>\n<\/tr>\n<tr>\n<td>290LC-7<\/td>\n<td>81N8-0003<\/td>\n<td>1526<\/td>\n<td>1235<\/td>\n<td>123<\/td>\n<td>97<\/td>\n<td>110<\/td>\n<td>38-\u03c626<\/td>\n<td>40-M24<\/td>\n<td>90<\/td>\n<\/tr>\n<tr>\n<td>R290<\/td>\n<td>81N8-00021<\/td>\n<td>1526<\/td>\n<td>1235<\/td>\n<td>122<\/td>\n<td>87<\/td>\n<td>110<\/td>\n<td>37-\u042426<\/td>\n<td>40-M24<\/td>\n<td>90<\/td>\n<\/tr>\n<tr>\n<td>R290<\/td>\n<td>81N8-00022<\/td>\n<td>1526<\/td>\n<td>1235<\/td>\n<td>122<\/td>\n<td>87<\/td>\n<td>110<\/td>\n<td>37-\u042426<\/td>\n<td>40-M24<\/td>\n<td>90<\/td>\n<\/tr>\n<tr>\n<td>R290LC 7A<\/td>\n<td>4921797<\/td>\n<td>1526<\/td>\n<td>1235<\/td>\n<td>123<\/td>\n<td>97<\/td>\n<td>110<\/td>\n<td>38-\u03c626<\/td>\n<td>40-M24<\/td>\n<td>90<\/td>\n<\/tr>\n<tr>\n<td>R290LC-7<\/td>\n<td>81N8-00023<\/td>\n<td>1526<\/td>\n<td>1235<\/td>\n<td>123<\/td>\n<td>97<\/td>\n<td>110<\/td>\n<td>38-\u03c626<\/td>\n<td>40-M24<\/td>\n<td>90<\/td>\n<\/tr>\n<tr>\n<td>R290LC-7A<\/td>\n<td>81N8-00024GG<\/td>\n<td>1526<\/td>\n<td>1235<\/td>\n<td>122<\/td>\n<td>97<\/td>\n<td>110<\/td>\n<td>38-\u03c626<\/td>\n<td>40-M24<\/td>\n<td>90<\/td>\n<\/tr>\n<tr>\n<td>R320-7<\/td>\n<td>81N9-01020<\/td>\n<td>1526<\/td>\n<td>1235<\/td>\n<td>122<\/td>\n<td>97<\/td>\n<td>110<\/td>\n<td>38-\u042426<\/td>\n<td>40-M24<\/td>\n<td>90<\/td>\n<\/tr>\n<tr>\n<td>R320LC-7<\/td>\n<td>81N9-01021<\/td>\n<td>1526<\/td>\n<td>1235<\/td>\n<td>122<\/td>\n<td>97<\/td>\n<td>110<\/td>\n<td>38-\u042426<\/td>\n<td>40-M24<\/td>\n<td>90<\/td>\n<\/tr>\n<tr>\n<td>R320LC-7<\/td>\n<td>81N9-01022<\/td>\n<td>1526<\/td>\n<td>1235<\/td>\n<td>122<\/td>\n<td>97<\/td>\n<td>110<\/td>\n<td>38-\u042426<\/td>\n<td>40-M24<\/td>\n<td>90<\/td>\n<\/tr>\n<tr>\n<td>R320LC-7<\/td>\n<td>81n9-01022 BG<\/td>\n<td>1526<\/td>\n<td>1235<\/td>\n<td>122<\/td>\n<td>97<\/td>\n<td>110<\/td>\n<td>38-\u042426<\/td>\n<td>40-M24<\/td>\n<td>90<\/td>\n<\/tr>\n<tr>\n<td>R320LC-7<\/td>\n<td>81N9-00021<\/td>\n<td>1526<\/td>\n<td>1235<\/td>\n<td>122<\/td>\n<td>97<\/td>\n<td>110<\/td>\n<td>38<\/td>\n<td>40<\/td>\n<td>90<\/td>\n<\/tr>\n<tr>\n<td>R360LC-7<\/td>\n<td>81NA-01020<\/td>\n<td>1550<\/td>\n<td>1250<\/td>\n<td><\/td>\n<td>108<\/td>\n<td>140<\/td>\n<td>35<\/td>\n<td>40<\/td>\n<td>106<\/td>\n<\/tr>\n<tr>\n<td>R360LC-7<\/td>\n<td>81NA-01022GG<\/td>\n<td>1550<\/td>\n<td>1250<\/td>\n<td>152<\/td>\n<td>108<\/td>\n<td>140<\/td>\n<td>35<\/td>\n<td>40<\/td>\n<td>106<\/td>\n<\/tr>\n<tr>\n<td>R360LC-7A<\/td>\n<td>81NA-01021BG<\/td>\n<td>1550<\/td>\n<td>1250<\/td>\n<td>152<\/td>\n<td>108<\/td>\n<td>140<\/td>\n<td>35<\/td>\n<td>40<\/td>\n<td>106<\/td>\n<\/tr>\n<\/tbody>\n<\/table>\n<\/figure>\n<\/div>\n<h3>Wprowadzenie do \u0142o\u017cysk wahliwych koparek<\/h3>\n<p>W dziedzinie ci\u0119\u017ckich maszyn, koparki s\u0105 niezb\u0119dnymi narz\u0119dziami do szerokiego zakresu zada\u0144 budowlanych i wykopaliskowych. W\u015br\u00f3d krytycznych podzespo\u0142\u00f3w, kt\u00f3re przyczyniaj\u0105 si\u0119 do ich wyj\u0105tkowej wydajno\u015bci, znajduje si\u0119 \u0142o\u017cysko wahliwe. Ten istotny element odgrywa kluczow\u0105 rol\u0119 w umo\u017cliwianiu p\u0142ynnego i wydajnego obracania si\u0119 g\u00f3rnej konstrukcji koparki.<\/p>\n<p>\u0141o\u017cysko wahliwe to du\u017ce, okr\u0105g\u0142e \u0142o\u017cysko, kt\u00f3re znajduje si\u0119 u podstawy g\u00f3rnej konstrukcji koparki. Zapewnia ono powierzchni\u0119 o niskim wsp\u00f3\u0142czynniku tarcia, kt\u00f3ra umo\u017cliwia swobodne obracanie si\u0119 g\u00f3rnej konstrukcji na dolnej. Obr\u00f3t ten jest niezb\u0119dny do wykonywania przez kopark\u0119 jej podstawowych funkcji, takich jak kopanie, wykonywanie wykop\u00f3w i przenoszenie materia\u0142\u00f3w.<\/p>\n<p>Konstrukcja \u0142o\u017cyska wahliwego ma kluczowe znaczenie dla og\u00f3lnej wydajno\u015bci koparki. Musi ono by\u0107 w stanie wytrzyma\u0107 ogromne obci\u0105\u017cenia i si\u0142y generowane podczas pracy. Obci\u0105\u017cenia te obejmuj\u0105 ci\u0119\u017car g\u00f3rnej konstrukcji, si\u0142y kopania oraz si\u0142y bezw\u0142adno\u015bci wyst\u0119puj\u0105ce podczas przyspieszania i zwalniania.<\/p>\n<p>Aby sprosta\u0107 tym wymaganiom, \u0142o\u017cyska wahliwe s\u0105 zazwyczaj wykonane z materia\u0142\u00f3w o wysokiej wytrzyma\u0142o\u015bci, takich jak kuta stal lub \u017celiwo. S\u0105 one r\u00f3wnie\u017c wyposa\u017cone w wiele rz\u0119d\u00f3w element\u00f3w tocznych, kt\u00f3re rozk\u0142adaj\u0105 obci\u0105\u017cenie i zmniejszaj\u0105 tarcie. Elementy toczne s\u0105 zwykle wykonane z hartowanej stali lub materia\u0142\u00f3w ceramicznych, aby zapewni\u0107 trwa\u0142o\u015b\u0107 i d\u0142ugowieczno\u015b\u0107.<\/p>\n<p>W\u0142a\u015bciwa konserwacja \u0142o\u017cysk wahliwych ma zasadnicze znaczenie dla zapewnienia optymalnej wydajno\u015bci i trwa\u0142o\u015bci koparki. Regularne smarowanie ma kluczowe znaczenie dla zapobiegania zu\u017cyciu i wyd\u0142u\u017cenia \u017cywotno\u015bci \u0142o\u017cyska. Ponadto nale\u017cy przeprowadza\u0107 okresowe kontrole w celu wykrycia wszelkich oznak uszkodzenia lub nadmiernego zu\u017cycia.<\/p>\n<p>Wybieraj\u0105c \u0142o\u017cysko wahliwe do koparki, nale\u017cy wzi\u0105\u0107 pod uwag\u0119 specyficzne wymagania danego zastosowania. Nale\u017cy wzi\u0105\u0107 pod uwag\u0119 takie czynniki jak rozmiar, waga i przeznaczenie koparki. Wskazane jest r\u00f3wnie\u017c skonsultowanie si\u0119 z producentem koparki lub wykwalifikowanym dostawc\u0105 \u0142o\u017cysk, aby zapewni\u0107 w\u0142a\u015bciwy dob\u00f3r i monta\u017c \u0142o\u017cyska.<\/p>\n<p>Podsumowuj\u0105c, \u0142o\u017cysko wahliwe jest krytycznym podzespo\u0142em, kt\u00f3ry odgrywa istotn\u0105 rol\u0119 w wydajno\u015bci i sprawno\u015bci koparek. Dzi\u0119ki zrozumieniu konstrukcji, funkcji i wymaga\u0144 konserwacyjnych \u0142o\u017cysk wahliwych, operatorzy i personel konserwacyjny mog\u0105 zapewni\u0107, \u017ce ich koparki b\u0119d\u0105 dzia\u0142a\u0107 z maksymaln\u0105 wydajno\u015bci\u0105 przez wiele lat.<\/p>\n<h4><a href=\"https:\/\/swingbearing.net\/pl\/swing-bearing\/\">\u0141o\u017cysko wahliwe Hyundai<\/a><\/h4>\n<p>Hyundai jest dobrze znan\u0105 mark\u0105 w bran\u017cy sprz\u0119tu budowlanego, dostarczaj\u0105c\u0105 wysokiej jako\u015bci maszyny i cz\u0119\u015bci zamienne do koparek. \u0141o\u017cyska wahliwe do koparek Hyundai zosta\u0142y zaprojektowane z my\u015bl\u0105 o zapewnieniu trwa\u0142o\u015bci, precyzji i wydajno\u015bci, co czyni je idealnym wyborem dla w\u0142a\u015bcicieli i operator\u00f3w koparek.<\/p>\n<p>\u0141o\u017cysko wahliwe koparki Hyundai jest dost\u0119pne dla szerokiej gamy modeli koparek, w tym R55, R60, R80, R130LC-3-5, R150, R190, R200, R200-5, R210, R215-7\/9, R220, R225LC-7\/9, R245, R260, R265, R290, R290LC-7, R300LC, R305LC, R330LC, R340, R375, R360LC-7, R390, R450LC, R470, R485, R500, R55-5, R60-5, R55-7, R60-7, R70-7, R80, R110LC-7, R130-5, R130-7, R140LC-7, R150LC-7, R150LC-9, R200W-7, R200, R200-3, R200-5, R210-3, R210-5, R210-5D, R220-3, R220-5, R210-7, R210-9, R215-7, R225-7, R220-9, R225-9, R260-7, R265-7, R290-3, R300-5, R290-7, R305-7, R305-9, R320-7, R300, R350, R400, R450, R480 i R550.<\/p>","protected":false},"excerpt":{"rendered":"<p><strong><b>Cz\u0119\u015b\u0107<\/b><\/strong> #: 81Q6-01020<br \/>\n<strong><b>Marka<\/b><\/strong>: HYUNDAI<br \/>\n<strong><b>Model<\/b><\/strong>: R220LC-9S<br \/>\n<strong><b>Stan<\/b><\/strong>: Nowo\u015b\u0107<\/p>","protected":false},"featured_media":2864,"template":"","meta":[],"product_brand":[],"product_cat":[66,22],"product_tag":[],"class_list":{"0":"post-3373","1":"product","2":"type-product","3":"status-publish","4":"has-post-thumbnail","6":"product_cat-hyundai-excavator-swing-bearing","7":"product_cat-swing-bearing","9":"first","10":"instock","11":"shipping-taxable","12":"product-type-simple"},"_links":{"self":[{"href":"https:\/\/swingbearing.net\/pl\/wp-json\/wp\/v2\/product\/3373","targetHints":{"allow":["GET"]}}],"collection":[{"href":"https:\/\/swingbearing.net\/pl\/wp-json\/wp\/v2\/product"}],"about":[{"href":"https:\/\/swingbearing.net\/pl\/wp-json\/wp\/v2\/types\/product"}],"wp:featuredmedia":[{"embeddable":true,"href":"https:\/\/swingbearing.net\/pl\/wp-json\/wp\/v2\/media\/2864"}],"wp:attachment":[{"href":"https:\/\/swingbearing.net\/pl\/wp-json\/wp\/v2\/media?parent=3373"}],"wp:term":[{"taxonomy":"product_brand","embeddable":true,"href":"https:\/\/swingbearing.net\/pl\/wp-json\/wp\/v2\/product_brand?post=3373"},{"taxonomy":"product_cat","embeddable":true,"href":"https:\/\/swingbearing.net\/pl\/wp-json\/wp\/v2\/product_cat?post=3373"},{"taxonomy":"product_tag","embeddable":true,"href":"https:\/\/swingbearing.net\/pl\/wp-json\/wp\/v2\/product_tag?post=3373"}],"curies":[{"name":"wp","href":"https:\/\/api.w.org\/{rel}","templated":true}]}}