{"id":2322,"date":"2024-04-12T06:49:19","date_gmt":"2024-04-12T06:49:19","guid":{"rendered":"https:\/\/swingbearing.net\/?post_type=product&#038;p=2322"},"modified":"2024-05-15T06:03:20","modified_gmt":"2024-05-15T06:03:20","slug":"swing-bearing-case-2","status":"publish","type":"product","link":"https:\/\/swingbearing.net\/pl\/produkt\/swing-bearing-case-2\/","title":{"rendered":"\u0141o\u017cysko wahliwe CASE"},"content":{"rendered":"<h2 style=\"text-align: center;\">Parametry \u0142o\u017cyska wahliwego CASE<\/h2>\n<figure class=\"wp-block-table is-style-stripes has-small-font-size\">\n<table class=\"has-cyan-bluish-gray-background-color has-background\">\n<tbody>\n<tr>\n<td style=\"text-align: right;\">Model<\/td>\n<td style=\"text-align: right;\">Numer cz\u0119\u015bci<\/td>\n<td style=\"text-align: right;\">\u015arednica zewn\u0119trzna<\/td>\n<td style=\"text-align: right;\">\u015arednica wewn\u0119trzna<\/td>\n<td style=\"text-align: right;\">Ca\u0142kowita wysoko\u015b\u0107<\/td>\n<td style=\"text-align: right;\">Wysoko\u015b\u0107 zewn\u0119trzna<\/td>\n<td style=\"text-align: right;\">Wysoko\u015b\u0107 wewn\u0119trzna<\/td>\n<td style=\"text-align: right;\">Parametry otworu zewn\u0119trznego<\/td>\n<td style=\"text-align: right;\">Parametry otworu wewn\u0119trznego<\/td>\n<td style=\"text-align: right;\">Liczba z\u0119b\u00f3w<\/td>\n<\/tr>\n<tr>\n<td>CX130<\/td>\n<td>KNB10130<\/td>\n<td>1172<\/td>\n<td>972<\/td>\n<td>88<\/td>\n<td>65<\/td>\n<td>78<\/td>\n<td>28<\/td>\n<td>36<\/td>\n<td>98<\/td>\n<\/tr>\n<tr>\n<td>CX130<\/td>\n<td>KNB 11840<\/td>\n<td>1172<\/td>\n<td>973<\/td>\n<td>88<\/td>\n<td>65<\/td>\n<td>78<\/td>\n<td>28<\/td>\n<td>36<\/td>\n<td>98<\/td>\n<\/tr>\n<tr>\n<td>CX210<\/td>\n<td>KRB1347<\/td>\n<td>1330<\/td>\n<td>1094<\/td>\n<td>103<\/td>\n<td>74<\/td>\n<td>92<\/td>\n<td>31<\/td>\n<td>36<\/td>\n<td>92<\/td>\n<\/tr>\n<tr>\n<td>CX210<\/td>\n<td>KRB1603<\/td>\n<td>1330<\/td>\n<td>1094<\/td>\n<td>103<\/td>\n<td>74<\/td>\n<td>92<\/td>\n<td>31<\/td>\n<td>36<\/td>\n<td>92<\/td>\n<\/tr>\n<tr>\n<td>CX210<\/td>\n<td>KRB10160<\/td>\n<td>1330<\/td>\n<td>1093<\/td>\n<td>102<\/td>\n<td>74<\/td>\n<td>92<\/td>\n<td>31-\u03c622<\/td>\n<td>36-M20<\/td>\n<td>92<\/td>\n<\/tr>\n<tr>\n<td>CX210B<\/td>\n<td>KRB10160<\/td>\n<td>1330<\/td>\n<td>1093<\/td>\n<td>102<\/td>\n<td>74<\/td>\n<td>92<\/td>\n<td>31-\u03c622<\/td>\n<td>36-M20<\/td>\n<td>92<\/td>\n<\/tr>\n<tr>\n<td>CX210<\/td>\n<td>KRB10180<\/td>\n<td>1330<\/td>\n<td>1093<\/td>\n<td>102<\/td>\n<td>74<\/td>\n<td>92<\/td>\n<td>31-\u03c622.5<\/td>\n<td>36-M20<\/td>\n<td>92<\/td>\n<\/tr>\n<tr>\n<td>CX210B<\/td>\n<td>KRB11710<\/td>\n<td>1330<\/td>\n<td>1093<\/td>\n<td>102<\/td>\n<td>74<\/td>\n<td>92<\/td>\n<td>31-\u03c622<\/td>\n<td>36-M20<\/td>\n<td>92<\/td>\n<\/tr>\n<tr>\n<td>CX210C<\/td>\n<td>KRB11710<\/td>\n<td>1330<\/td>\n<td>1093<\/td>\n<td>102<\/td>\n<td>74<\/td>\n<td>92<\/td>\n<td>31-\u03c622<\/td>\n<td>36-M20<\/td>\n<td>92<\/td>\n<\/tr>\n<tr>\n<td>CNH E215<\/td>\n<td>72203516<\/td>\n<td>1312<\/td>\n<td>1082<\/td>\n<td>110<\/td>\n<td>79<\/td>\n<td>98<\/td>\n<td>33<\/td>\n<td>36<\/td>\n<td>110<\/td>\n<\/tr>\n<tr>\n<td>CNH E215<\/td>\n<td>87472588<\/td>\n<td>1312<\/td>\n<td>1082<\/td>\n<td>110<\/td>\n<td>79<\/td>\n<td>98<\/td>\n<td>33<\/td>\n<td>36<\/td>\n<td>110<\/td>\n<\/tr>\n<tr>\n<td>CX240<\/td>\n<td>KBB0878<\/td>\n<td>1375<\/td>\n<td>1094<\/td>\n<td>124<\/td>\n<td>88<\/td>\n<td>114<\/td>\n<td>27-\u03a626<\/td>\n<td>36-M24<\/td>\n<td>92<\/td>\n<\/tr>\n<tr>\n<td>CX240<\/td>\n<td>KBB0282<\/td>\n<td>1375<\/td>\n<td>1094<\/td>\n<td>124<\/td>\n<td>80<\/td>\n<td>114<\/td>\n<td>26-\u03c626<\/td>\n<td>36-M24<\/td>\n<td>92<\/td>\n<\/tr>\n<tr>\n<td>CX240<\/td>\n<td>KBB 10080<\/td>\n<td>1376<\/td>\n<td>1093<\/td>\n<td>125<\/td>\n<td>88<\/td>\n<td>114<\/td>\n<td>27<\/td>\n<td>36<\/td>\n<td>92<\/td>\n<\/tr>\n<tr>\n<td>CX240B<\/td>\n<td>KBB11350<\/td>\n<td>1377<\/td>\n<td>1094<\/td>\n<td>124<\/td>\n<td>88<\/td>\n<td>114<\/td>\n<td>28-26<\/td>\n<td>36-M24<\/td>\n<td>92<\/td>\n<\/tr>\n<tr>\n<td>CX460<\/td>\n<td>KTB10010<\/td>\n<td>1615<\/td>\n<td>1275<\/td>\n<td>145<\/td>\n<td>125<\/td>\n<td>135<\/td>\n<td>41-\u03a626<\/td>\n<td>46-M24<\/td>\n<td>92<\/td>\n<\/tr>\n<tr>\n<td>CX290<\/td>\n<td>KBB10100<\/td>\n<td>1615<\/td>\n<td>1274<\/td>\n<td>122<\/td>\n<td>100<\/td>\n<td>110<\/td>\n<td>41<\/td>\n<td>46<\/td>\n<td>92<\/td>\n<\/tr>\n<\/tbody>\n<\/table>\n<\/figure>\n<p>Koparki to ci\u0119\u017ckie maszyny u\u017cywane do kopania, przenoszenia i podnoszenia ci\u0119\u017ckich \u0142adunk\u00f3w w budownictwie, g\u00f3rnictwie i innych bran\u017cach. Kluczowym elementem koparki jest jej \u0142o\u017cysko obrotowe, znane r\u00f3wnie\u017c jako \u0142o\u017cysko wahliwe, kt\u00f3re umo\u017cliwia maszynie obr\u00f3t o 360 stopni. Je\u015bli szukasz wysokiej jako\u015bci \u0142o\u017cysk obrotowych do swojej koparki CASE, nie szukaj dalej ni\u017c nasz wyb\u00f3r produkt\u00f3w.<\/p>\n<p>Nasza oferta \u0142o\u017cysk wahliwych do koparek CASE obejmuje nast\u0119puj\u0105ce modele: CX50B, CX55, CX210, CX210B, CX240A i CX240B. \u0141o\u017cyska te zosta\u0142y zaprojektowane specjalnie z my\u015bl\u0105 o koparkach CASE i zapewniaj\u0105 p\u0142ynny i niezawodny obr\u00f3t, nawet przy du\u017cych obci\u0105\u017ceniach.<br \/>\nNasze \u0142o\u017cyska wahliwe do koparek s\u0105 wykonane z wysokiej jako\u015bci materia\u0142\u00f3w, aby zapewni\u0107 maksymaln\u0105 trwa\u0142o\u015b\u0107 i wydajno\u015b\u0107. \u0141o\u017cysko obrotnicy i elementy \u0142o\u017cyska pier\u015bcienia obrotowego s\u0105 obrabiane maszynowo z zachowaniem \u015bcis\u0142ych tolerancji, aby zapewni\u0107 idealne dopasowanie i p\u0142ynn\u0105 prac\u0119. Ponadto \u0142o\u017cyska s\u0105 odporne na zu\u017cycie, dzi\u0119ki czemu idealnie nadaj\u0105 si\u0119 do ci\u0119\u017ckich zastosowa\u0144.<\/p>\n<p>Opr\u00f3cz wysokiej jako\u015bci konstrukcji, nasze \u0142o\u017cyska wahliwe do koparek CASE s\u0105 \u0142atwe w monta\u017cu i konserwacji. Zosta\u0142y one zaprojektowane w celu zast\u0105pienia oryginalnych cz\u0119\u015bci producenta sprz\u0119tu (OEM) bez konieczno\u015bci wprowadzania modyfikacji, dzi\u0119ki czemu instalacja jest dziecinnie prosta. Oferujemy r\u00f3wnie\u017c szereg cz\u0119\u015bci zamiennych do naszych \u0142o\u017cysk, zapewniaj\u0105c p\u0142ynn\u0105 prac\u0119 koparki przez wiele lat.<\/p>\n<p>Nasze \u0142o\u017cyska obrotowe do koparek s\u0105 istotnym elementem uk\u0142adu przek\u0142adni obrotowej w koparce. Przek\u0142adnia obrotowa, kt\u00f3ra jest po\u0142\u0105czona z \u0142o\u017cyskiem obrotowym, umo\u017cliwia obracanie si\u0119 koparki. Przek\u0142adnia obrotowa koparki dzia\u0142a r\u00f3wnie\u017c w po\u0142\u0105czeniu z \u0142o\u017cyskiem obrotowym, aby zapewni\u0107 p\u0142ynn\u0105 i wydajn\u0105 prac\u0119.<br \/>\nPodsumowuj\u0105c, nasz asortyment \u0142o\u017cysk obrotowych do koparek CASE to doskona\u0142y wyb\u00f3r dla ka\u017cdego, kto szuka wysokiej jako\u015bci, niezawodnych i trwa\u0142ych cz\u0119\u015bci do swojej koparki. Nasz wyb\u00f3r \u0142o\u017cysk obrotowych zosta\u0142 specjalnie zaprojektowany, aby pasowa\u0107 do koparki CASE i zapewnia\u0107 p\u0142ynn\u0105 i wydajn\u0105 prac\u0119, nawet przy du\u017cych obci\u0105\u017ceniach. Skontaktuj si\u0119 z nami ju\u017c dzi\u015b, aby dowiedzie\u0107 si\u0119 wi\u0119cej o naszych produktach i o tym, jak mo\u017cemy pom\u00f3c w utrzymaniu p\u0142ynnej pracy koparki.<br \/>\nMo\u017cemy zapewni\u0107 alternatywne \u0142o\u017cysko Swing dla CAT, HITACHI, KOMATSU, KOBELCO, HYUNDAI, VOLVO, DOOSAN, DAEWOO, JCB, CASE, SUMITOMO, XCMG. Do wyboru s\u0105 normalne i niestandardowe ponad 1000 setek typ\u00f3w.<\/p>","protected":false},"excerpt":{"rendered":"<p><strong>Cz\u0119\u015b\u0107<\/strong> #: Kbb0878<br \/>\n<strong>Marka<\/strong>: Sprawa<br \/>\n<strong>Model<\/strong>: Case CX240<br \/>\nStan: Nowe \u0142o\u017cysko wahliwe<br \/>\n<strong>Wi\u0119cej<\/strong>CX290, CX460, CX240B<br \/>\n9050B, CX210C, CX210B<\/p>","protected":false},"featured_media":2353,"template":"","meta":[],"product_brand":[],"product_cat":[22,71],"product_tag":[52],"class_list":{"0":"post-2322","1":"product","2":"type-product","3":"status-publish","4":"has-post-thumbnail","6":"product_cat-swing-bearing","7":"product_cat-case-excavator-swing-bearing","8":"product_tag-swing-bearing","10":"first","11":"instock","12":"shipping-taxable","13":"product-type-simple"},"_links":{"self":[{"href":"https:\/\/swingbearing.net\/pl\/wp-json\/wp\/v2\/product\/2322","targetHints":{"allow":["GET"]}}],"collection":[{"href":"https:\/\/swingbearing.net\/pl\/wp-json\/wp\/v2\/product"}],"about":[{"href":"https:\/\/swingbearing.net\/pl\/wp-json\/wp\/v2\/types\/product"}],"wp:featuredmedia":[{"embeddable":true,"href":"https:\/\/swingbearing.net\/pl\/wp-json\/wp\/v2\/media\/2353"}],"wp:attachment":[{"href":"https:\/\/swingbearing.net\/pl\/wp-json\/wp\/v2\/media?parent=2322"}],"wp:term":[{"taxonomy":"product_brand","embeddable":true,"href":"https:\/\/swingbearing.net\/pl\/wp-json\/wp\/v2\/product_brand?post=2322"},{"taxonomy":"product_cat","embeddable":true,"href":"https:\/\/swingbearing.net\/pl\/wp-json\/wp\/v2\/product_cat?post=2322"},{"taxonomy":"product_tag","embeddable":true,"href":"https:\/\/swingbearing.net\/pl\/wp-json\/wp\/v2\/product_tag?post=2322"}],"curies":[{"name":"wp","href":"https:\/\/api.w.org\/{rel}","templated":true}]}}