{"id":2321,"date":"2024-04-12T06:49:03","date_gmt":"2024-04-12T06:49:03","guid":{"rendered":"https:\/\/swingbearing.net\/?post_type=product&#038;p=2321"},"modified":"2024-06-12T01:50:14","modified_gmt":"2024-06-12T01:50:14","slug":"swing-circle-255lc-v","status":"publish","type":"product","link":"https:\/\/swingbearing.net\/pl\/produkt\/swing-circle-255lc-v\/","title":{"rendered":"DOOSAN Swing Circle"},"content":{"rendered":"<h2 style=\"text-align: center;\">DOOSAN Swing Circle Replacement<\/h2>\n<figure class=\"wp-block-table\" style=\"font-size: 12px;\">\n<table>\n<tbody>\n<tr>\n<td>Model<\/td>\n<td>Numer cz\u0119\u015bci<\/td>\n<td>\u015arednica zewn\u0119trzna<\/td>\n<td>\u015arednica wewn\u0119trzna<\/td>\n<td>Ca\u0142kowita wysoko\u015b\u0107<\/td>\n<td>Wysoko\u015b\u0107 zewn\u0119trzna<\/td>\n<td>Wysoko\u015b\u0107 wewn\u0119trzna<\/td>\n<td>Parametry otworu zewn\u0119trznego<\/td>\n<td>Parametry otworu wewn\u0119trznego<\/td>\n<td>Liczba z\u0119b\u00f3w<\/td>\n<\/tr>\n<tr>\n<td>S140LC-V<\/td>\n<td>109-00165<\/td>\n<td>1202<\/td>\n<td>945<\/td>\n<td>84<\/td>\n<td>75<\/td>\n<td>70<\/td>\n<td>36-\u042422<\/td>\n<td>36-M20<\/td>\n<td>80<\/td>\n<\/tr>\n<tr>\n<td>DX225<\/td>\n<td>109-00162<\/td>\n<td>1327<\/td>\n<td>1082<\/td>\n<td>110<\/td>\n<td>90<\/td>\n<td>95<\/td>\n<td>36<\/td>\n<td>36<\/td>\n<td>92<\/td>\n<\/tr>\n<tr>\n<td>DX225<\/td>\n<td>109-00162A<\/td>\n<td>1327<\/td>\n<td>1082<\/td>\n<td>110<\/td>\n<td>90<\/td>\n<td>95<\/td>\n<td>36-\u03c621<\/td>\n<td>36-M20*1.5<\/td>\n<td>92<\/td>\n<\/tr>\n<tr>\n<td>DX225LC<\/td>\n<td>109-00162<\/td>\n<td>1327<\/td>\n<td>1082<\/td>\n<td>110<\/td>\n<td>90<\/td>\n<td>95<\/td>\n<td>36-\u03c621<\/td>\n<td>36-M20*1.5<\/td>\n<td>92<\/td>\n<\/tr>\n<tr>\n<td>DX225LCA<\/td>\n<td>109-00162A<\/td>\n<td>1327<\/td>\n<td>1082<\/td>\n<td>110<\/td>\n<td>90<\/td>\n<td>95<\/td>\n<td>36-\u03c621<\/td>\n<td>36-M20*1.5<\/td>\n<td>92<\/td>\n<\/tr>\n<tr>\n<td>DX225LCA<\/td>\n<td>140109-00048A<\/td>\n<td>1327<\/td>\n<td>1082<\/td>\n<td>110<\/td>\n<td>90<\/td>\n<td>95<\/td>\n<td>36-\u03c621<\/td>\n<td>36-M20*1.5<\/td>\n<td>92<\/td>\n<\/tr>\n<tr>\n<td>S225NLC<\/td>\n<td>140109-00045<\/td>\n<td>1327<\/td>\n<td>1082<\/td>\n<td>110<\/td>\n<td>90<\/td>\n<td>95<\/td>\n<td>36-\u03c621<\/td>\n<td>36-M20*1.5<\/td>\n<td>92<\/td>\n<\/tr>\n<tr>\n<td>SL220LC-V<\/td>\n<td>109-00052<\/td>\n<td>1328<\/td>\n<td>1084<\/td>\n<td>110<\/td>\n<td>91<\/td>\n<td>95<\/td>\n<td>36-\u03c621<\/td>\n<td>36-M20*1.5<\/td>\n<td>92<\/td>\n<\/tr>\n<tr>\n<td>225NLC-V<\/td>\n<td>109-00052B<\/td>\n<td>1328<\/td>\n<td>1084<\/td>\n<td>110<\/td>\n<td>91<\/td>\n<td>95<\/td>\n<td>36-\u03c621<\/td>\n<td>36-M20*1.5<\/td>\n<td>92<\/td>\n<\/tr>\n<tr>\n<td>225NLC-V<\/td>\n<td>140109-00045<\/td>\n<td>1328<\/td>\n<td>1084<\/td>\n<td>110<\/td>\n<td>91<\/td>\n<td>95<\/td>\n<td>36-\u03c621<\/td>\n<td>36-M20*1.5<\/td>\n<td>92<\/td>\n<\/tr>\n<tr>\n<td>255LC-V<\/td>\n<td>109-00030B<\/td>\n<td>1410<\/td>\n<td>1131<\/td>\n<td>117<\/td>\n<td>89<\/td>\n<td>105<\/td>\n<td>35-\u03c625<\/td>\n<td>36-M24*2<\/td>\n<td>82<\/td>\n<\/tr>\n<tr>\n<td>255LC-V<\/td>\n<td>180-00297D3<\/td>\n<td>1410<\/td>\n<td>1131<\/td>\n<td>117<\/td>\n<td>89<\/td>\n<td>105<\/td>\n<td>35-\u03c625<\/td>\n<td>36-M24*2<\/td>\n<td>82<\/td>\n<\/tr>\n<tr>\n<td>255lc-v<\/td>\n<td>140109-00042<\/td>\n<td>1410<\/td>\n<td>1131<\/td>\n<td>117<\/td>\n<td>89<\/td>\n<td>105<\/td>\n<td>35-\u03c625<\/td>\n<td>36-M24*2<\/td>\n<td>82<\/td>\n<\/tr>\n<tr>\n<td>255lc-v<\/td>\n<td>140109-00043<\/td>\n<td>1410<\/td>\n<td>1131<\/td>\n<td>117<\/td>\n<td>89<\/td>\n<td>105<\/td>\n<td>35-\u03c625<\/td>\n<td>36-M24*2<\/td>\n<td>82<\/td>\n<\/tr>\n<tr>\n<td>Dx300LCA<\/td>\n<td>140109-00010A<\/td>\n<td>1475<\/td>\n<td>1165<\/td>\n<td>120<\/td>\n<td>90<\/td>\n<td>110<\/td>\n<td>35<\/td>\n<td>36<\/td>\n<td>85<\/td>\n<\/tr>\n<tr>\n<td>S340<\/td>\n<td>140109-00038<\/td>\n<td>1544<\/td>\n<td>1235<\/td>\n<td>122<\/td>\n<td>87<\/td>\n<td>110<\/td>\n<td>35-\u03c626<\/td>\n<td>40-M24<\/td>\n<td>90<\/td>\n<\/tr>\n<tr>\n<td>S340LC-V<\/td>\n<td>140109-00038<\/td>\n<td>1544<\/td>\n<td>1235<\/td>\n<td>122<\/td>\n<td>87<\/td>\n<td>110<\/td>\n<td>35-\u03c626<\/td>\n<td>40-M24<\/td>\n<td>90<\/td>\n<\/tr>\n<tr>\n<td>S340LC-V<\/td>\n<td>2109-1059a<\/td>\n<td>1544<\/td>\n<td>1235<\/td>\n<td>122<\/td>\n<td>87<\/td>\n<td>110<\/td>\n<td>35-\u03c626<\/td>\n<td>40-M24<\/td>\n<td>90<\/td>\n<\/tr>\n<tr>\n<td>DOOSAN 420<\/td>\n<td>140109-00039<\/td>\n<td>1549<\/td>\n<td>1235<\/td>\n<td>134<\/td>\n<td>103<\/td>\n<td>120<\/td>\n<td>35-\u03c626<\/td>\n<td>40-M24<\/td>\n<td>90<\/td>\n<\/tr>\n<tr>\n<td>S420LC-V<\/td>\n<td>109-00161<\/td>\n<td>1550<\/td>\n<td>1235<\/td>\n<td>135<\/td>\n<td>102<\/td>\n<td>120<\/td>\n<td>35-\u03c626<\/td>\n<td>40-M24<\/td>\n<td>90<\/td>\n<\/tr>\n<tr>\n<td>DX420LC<\/td>\n<td>140109-00007A<\/td>\n<td>1550<\/td>\n<td>1236<\/td>\n<td>132<\/td>\n<td>103<\/td>\n<td>120<\/td>\n<td>35<\/td>\n<td>40<\/td>\n<td>90<\/td>\n<\/tr>\n<tr>\n<td>470<\/td>\n<td>109-00159<\/td>\n<td>1682<\/td>\n<td>1320<\/td>\n<td>139<\/td>\n<td>118<\/td>\n<td>111<\/td>\n<td>44<\/td>\n<td>44<\/td>\n<td>111<\/td>\n<\/tr>\n<\/tbody>\n<\/table>\n<p><img decoding=\"async\" class=\"alignnone wp-image-2788 size-full\" src=\"https:\/\/swingbearing.net\/wp-content\/uploads\/2024\/05\/777.jpg\" alt=\"\u0142o\u017cyska wie\u0144cowe\" width=\"1980\" height=\"700\" srcset=\"https:\/\/swingbearing.net\/wp-content\/uploads\/2024\/05\/777.jpg 1980w, https:\/\/swingbearing.net\/wp-content\/uploads\/2024\/05\/777-300x106.jpg 300w, https:\/\/swingbearing.net\/wp-content\/uploads\/2024\/05\/777-1024x362.jpg 1024w, https:\/\/swingbearing.net\/wp-content\/uploads\/2024\/05\/777-768x272.jpg 768w, https:\/\/swingbearing.net\/wp-content\/uploads\/2024\/05\/777-1536x543.jpg 1536w, https:\/\/swingbearing.net\/wp-content\/uploads\/2024\/05\/777-18x6.jpg 18w, https:\/\/swingbearing.net\/wp-content\/uploads\/2024\/05\/777-600x212.jpg 600w\" sizes=\"(max-width: 1980px) 100vw, 1980px\" \/><\/p>\n<p><img decoding=\"async\" class=\"alignnone wp-image-2754 size-full\" src=\"https:\/\/swingbearing.net\/wp-content\/uploads\/2024\/05\/\u672a\u6807\u9898-3_03-e1715445132148.jpg\" alt=\"\u0141o\u017cysko wahliwe\" width=\"1970\" height=\"590\" srcset=\"https:\/\/swingbearing.net\/wp-content\/uploads\/2024\/05\/\u672a\u6807\u9898-3_03-e1715445132148.jpg 1970w, https:\/\/swingbearing.net\/wp-content\/uploads\/2024\/05\/\u672a\u6807\u9898-3_03-e1715445132148-300x90.jpg 300w, https:\/\/swingbearing.net\/wp-content\/uploads\/2024\/05\/\u672a\u6807\u9898-3_03-e1715445132148-1024x307.jpg 1024w, https:\/\/swingbearing.net\/wp-content\/uploads\/2024\/05\/\u672a\u6807\u9898-3_03-e1715445132148-768x230.jpg 768w, https:\/\/swingbearing.net\/wp-content\/uploads\/2024\/05\/\u672a\u6807\u9898-3_03-e1715445132148-1536x460.jpg 1536w, https:\/\/swingbearing.net\/wp-content\/uploads\/2024\/05\/\u672a\u6807\u9898-3_03-e1715445132148-18x5.jpg 18w, https:\/\/swingbearing.net\/wp-content\/uploads\/2024\/05\/\u672a\u6807\u9898-3_03-e1715445132148-600x180.jpg 600w\" sizes=\"(max-width: 1970px) 100vw, 1970px\" \/><\/figure>\n<h2>Ko\u0142o wychylne dla koparek<\/h2>\n<p>Koparki to ci\u0119\u017ckie maszyny, kt\u00f3re s\u0105 szeroko stosowane w budownictwie, g\u00f3rnictwie i innych bran\u017cach do prac ziemnych i kopania. Maszyny te sk\u0142adaj\u0105 si\u0119 z r\u00f3\u017cnych komponent\u00f3w, w tym ko\u0142a obrotowego koparki, kt\u00f3re odgrywa istotn\u0105 rol\u0119 w p\u0142ynnym dzia\u0142aniu koparki. Ko\u0142o obrotowe lub \u0142o\u017cysko obrotowe jest istotnym elementem, kt\u00f3ry pomaga w obracaniu g\u00f3rnej konstrukcji koparki. Je\u015bli szukasz wysokiej jako\u015bci \u0142o\u017cysk wahliwych do swojej koparki, \u0142o\u017cyska wahliwe do koparek DOOSAN i DAEWOO s\u0105 dla Ciebie idealnym rozwi\u0105zaniem.<\/p>\n<p>Ko\u0142o wychylne koparki DOOSAN i DAEWOO to niezawodne i trwa\u0142e komponenty, kt\u00f3re mog\u0105 wytrzyma\u0107 du\u017ce obci\u0105\u017cenia, ekstremalne temperatury i trudne warunki. S\u0105 one wykonane z wysokiej jako\u015bci materia\u0142\u00f3w, co zapewnia ich d\u0142ug\u0105 \u017cywotno\u015b\u0107 i doskona\u0142\u0105 wydajno\u015b\u0107. Te ko\u0142a obrotowe zosta\u0142y zaprojektowane w celu zmniejszenia tarcia i zu\u017cycia, zapewniaj\u0105c p\u0142ynn\u0105 i sta\u0142\u0105 prac\u0119 nawet przy du\u017cych obci\u0105\u017ceniach.<\/p>\n<p>Jedn\u0105 z godnych uwagi cech \u0142o\u017cysk wahliwych DOOSAN i DAEWOO jest ich kompatybilno\u015b\u0107 z szerok\u0105 gam\u0105 modeli koparek, takich jak DH35 DH55 DH60 DH55 DH60 DH80 DH80-7 DH80GOLD DH150 DH200 DH220-3-5 DH280-5 DX60-DX200-DX225 DX260 DH290 DH360 DH420 DH500 DH55-5 DH60\/DX60 DH80\/DH80GLD DH130-5 DH150-7 DX150 DH220-3 DH215-7 DH215-9E DH220-5 DH220-7 DH215-9 DH225-7\/9 DX225-7 DH250-5 DX255-5 DH258-7 DH280 DH290 DH300-5 DH300 DH300-7 DX300-9 DH360-5\/7 DH400-5 DH370-7 DH370-9 DH420 DH450-3 DH500 DH550, i wiele innych.<\/p>\n<h3>These swing Circle come in different sizes and configurations to fit the specific requirements of your excavator.<\/h3>\n<p>Je\u015bli szukasz \u0142o\u017cysk wahliwych do koparek, kt\u00f3re oferuj\u0105 doskona\u0142\u0105 wydajno\u015b\u0107 i trwa\u0142o\u015b\u0107, ko\u0142a wahliwe do koparek DOOSAN i DAEWOO s\u0105 dla Ciebie idealnym wyborem. Te \u0142o\u017cyska wahliwe zosta\u0142y zaprojektowane tak, aby zapewni\u0107 sta\u0142\u0105 i niezawodn\u0105 wydajno\u015b\u0107, nawet w najbardziej wymagaj\u0105cych warunkach. S\u0105 \u0142atwe w monta\u017cu i konserwacji, zapewniaj\u0105c bezproblemow\u0105 obs\u0142ug\u0119 i ni\u017csze koszty konserwacji.<\/p>\n<p>Podsumowuj\u0105c, \u0142o\u017cysko wahliwe koparki DOOSAN i \u0142o\u017cysko wahliwe koparki DAEWOO to doskona\u0142y wyb\u00f3r, je\u015bli szukasz wysokiej jako\u015bci, trwa\u0142ych i niezawodnych \u0142o\u017cysk wahliwych do swojej koparki. Zosta\u0142y one zaprojektowane z my\u015bl\u0105 o zapewnieniu wyj\u0105tkowej wydajno\u015bci, skr\u00f3ceniu przestoj\u00f3w i poprawie og\u00f3lnej produktywno\u015bci. Dzi\u0119ki kompatybilno\u015bci z szerok\u0105 gam\u0105 koparek.<\/p>","protected":false},"excerpt":{"rendered":"<div class=\"woocommerce-product-details__short-description\">\n<p><strong>Cz\u0119\u015b\u0107<\/strong> #: 140109-00043<br \/>\n<strong>Marka<\/strong>: DOOSAN<br \/>\n<strong>Model<\/strong>: 255LC-V<br \/>\nCondition: New Swing Circle<br \/>\n<strong>Wi\u0119cej<\/strong>:DH550,DH500,DH450-3<br \/>\nDX420LC,Dx300LCA,\u00a0S140LC-V<\/p>\n<\/div>","protected":false},"featured_media":2858,"template":"","meta":[],"product_brand":[],"product_cat":[22,69],"product_tag":[52],"class_list":{"0":"post-2321","1":"product","2":"type-product","3":"status-publish","4":"has-post-thumbnail","6":"product_cat-swing-bearing","7":"product_cat-doosan-excavator-swing-bearing","8":"product_tag-swing-bearing","10":"first","11":"instock","12":"shipping-taxable","13":"product-type-simple"},"_links":{"self":[{"href":"https:\/\/swingbearing.net\/pl\/wp-json\/wp\/v2\/product\/2321","targetHints":{"allow":["GET"]}}],"collection":[{"href":"https:\/\/swingbearing.net\/pl\/wp-json\/wp\/v2\/product"}],"about":[{"href":"https:\/\/swingbearing.net\/pl\/wp-json\/wp\/v2\/types\/product"}],"wp:featuredmedia":[{"embeddable":true,"href":"https:\/\/swingbearing.net\/pl\/wp-json\/wp\/v2\/media\/2858"}],"wp:attachment":[{"href":"https:\/\/swingbearing.net\/pl\/wp-json\/wp\/v2\/media?parent=2321"}],"wp:term":[{"taxonomy":"product_brand","embeddable":true,"href":"https:\/\/swingbearing.net\/pl\/wp-json\/wp\/v2\/product_brand?post=2321"},{"taxonomy":"product_cat","embeddable":true,"href":"https:\/\/swingbearing.net\/pl\/wp-json\/wp\/v2\/product_cat?post=2321"},{"taxonomy":"product_tag","embeddable":true,"href":"https:\/\/swingbearing.net\/pl\/wp-json\/wp\/v2\/product_tag?post=2321"}],"curies":[{"name":"wp","href":"https:\/\/api.w.org\/{rel}","templated":true}]}}