{"id":579,"date":"2023-09-27T05:49:33","date_gmt":"2023-09-27T05:49:33","guid":{"rendered":"https:\/\/swingbearing.net\/?post_type=product&#038;p=579"},"modified":"2024-05-15T06:39:37","modified_gmt":"2024-05-15T06:39:37","slug":"swing-bearing-sumitomo","status":"publish","type":"product","link":"https:\/\/swingbearing.net\/nb\/produkt\/svinglager-sumitomo\/","title":{"rendered":"Svinglager SUMITOMO"},"content":{"rendered":"<h2 class=\"has-text-align-center\" style=\"text-align: center;\">SUMITOMO parametere for svinglager<\/h2>\n<figure class=\"wp-block-table is-style-stripes has-small-font-size\">\n<table class=\"has-cyan-bluish-gray-background-color has-background\">\n<tbody>\n<tr>\n<td>Utvendig diameter Da<\/td>\n<td>Innvendig diameter Di<\/td>\n<td>Monteringsh\u00f8yde H<\/td>\n<td>Betegnelse<\/td>\n<\/tr>\n<tr>\n<td>615<\/td>\n<td>451<\/td>\n<td>53<\/td>\n<td>SH50<\/td>\n<\/tr>\n<tr>\n<td>766<\/td>\n<td>560<\/td>\n<td>97<\/td>\n<td>SH60-1<\/td>\n<\/tr>\n<tr>\n<td>1169<\/td>\n<td>971<\/td>\n<td>75<\/td>\n<td>SH120A1<\/td>\n<\/tr>\n<tr>\n<td>1171<\/td>\n<td>973<\/td>\n<td>88<\/td>\n<td>SH120A2<\/td>\n<\/tr>\n<tr>\n<td>1171<\/td>\n<td>973<\/td>\n<td>78<\/td>\n<td>SH120A3<\/td>\n<\/tr>\n<tr>\n<td>1171<\/td>\n<td>973<\/td>\n<td>88<\/td>\n<td>SH120-1<\/td>\n<\/tr>\n<tr>\n<td>1171<\/td>\n<td>973<\/td>\n<td>88<\/td>\n<td>SH120-2<\/td>\n<\/tr>\n<tr>\n<td>1171<\/td>\n<td>973<\/td>\n<td>84<\/td>\n<td>SH265<\/td>\n<\/tr>\n<tr>\n<td>1171<\/td>\n<td>973<\/td>\n<td>84<\/td>\n<td>SH260<\/td>\n<\/tr>\n<tr>\n<td>1330<\/td>\n<td>1093<\/td>\n<td>102<\/td>\n<td>SH200A1a<\/td>\n<\/tr>\n<tr>\n<td>1330<\/td>\n<td>1093<\/td>\n<td>102<\/td>\n<td>SH200A1b<\/td>\n<\/tr>\n<tr>\n<td>1330<\/td>\n<td>1093<\/td>\n<td>102<\/td>\n<td>SH200A2<\/td>\n<\/tr>\n<tr>\n<td>1330<\/td>\n<td>1093<\/td>\n<td>102.5<\/td>\n<td>SH200A3<\/td>\n<\/tr>\n<tr>\n<td>1330<\/td>\n<td>1093<\/td>\n<td>102<\/td>\n<td>SH200C2<\/td>\n<\/tr>\n<tr>\n<td>1330<\/td>\n<td>1093<\/td>\n<td>102<\/td>\n<td>SH200C3<\/td>\n<\/tr>\n<tr>\n<td>1330<\/td>\n<td>1093<\/td>\n<td>102<\/td>\n<td>SH200Z3<\/td>\n<\/tr>\n<tr>\n<td>1375<\/td>\n<td>1095<\/td>\n<td>123<\/td>\n<td>SH220-2<\/td>\n<\/tr>\n<tr>\n<td>1330<\/td>\n<td>1084<\/td>\n<td>103<\/td>\n<td>210-5<\/td>\n<\/tr>\n<tr>\n<td>1330<\/td>\n<td>1084<\/td>\n<td>103<\/td>\n<td>210-5<\/td>\n<\/tr>\n<tr>\n<td>1375<\/td>\n<td>1094<\/td>\n<td>121<\/td>\n<td>SH220-3<\/td>\n<\/tr>\n<tr>\n<td>1329<\/td>\n<td>1093<\/td>\n<td>103<\/td>\n<td>SH225<\/td>\n<\/tr>\n<tr>\n<td>1376<\/td>\n<td>1092<\/td>\n<td>123<\/td>\n<td>SH240-3<\/td>\n<\/tr>\n<tr>\n<td>1377<\/td>\n<td>1094<\/td>\n<td>123<\/td>\n<td>SH240-5<\/td>\n<\/tr>\n<tr>\n<td>1330<\/td>\n<td>1082<\/td>\n<td>99<\/td>\n<td>SH280<\/td>\n<\/tr>\n<tr>\n<td>1510<\/td>\n<td>1193<\/td>\n<td>135<\/td>\n<td>SH350<\/td>\n<\/tr>\n<tr>\n<td>1463<\/td>\n<td>1191<\/td>\n<td>135<\/td>\n<td>SH430<\/td>\n<\/tr>\n<\/tbody>\n<\/table>\n<\/figure>\n<p>Hvis du er p\u00e5 utkikk etter svinglager av h\u00f8y kvalitet til gravemaskinen din, trenger du ikke lete lenger enn til SUMITOMO. Deres svinglagerprodukter for gravemaskiner er konstruert og produsert i henhold til de h\u00f8yeste standarder, noe som sikrer p\u00e5litelig og langvarig ytelse selv i de mest krevende bruksomr\u00e5der.<\/p>\n<p>SUMITOMO tilbyr et bredt utvalg av svinglager for gravemaskiner som passer til ulike modeller, inkludert SH55, SH60, SH75, SH50, SH100, SH120, SH125, SH135, SH140, SH145, SH200, SH200-3-5, SH220-2-3, SH240, SH225, SH260, SH265, SH280, SH300, SH340, SH350, SH400, SH430, SH450, SH40T, SH60-1, SH100A1, SH120, SH120A1, SH120A2, SH120A3, SH200A1, SH200A3, SH210A3, SH210A5, SH220-2, SH220-3, SH225, SH260, SH265, SH240-5, SH340, SH300A2, og SH350.<\/p>\n<p>Disse svinglagrene for gravemaskiner er produsert med materialer av h\u00f8y kvalitet og presisjonsteknikk, noe som sikrer overlegen ytelse og holdbarhet. Dreieskivelageret er en av de mest kritiske komponentene i en gravemaskin, og SUMITOMOs svinglager er konstruert for \u00e5 t\u00e5le p\u00e5kjenningene i krevende bruksomr\u00e5der.<br \/>\nEn av de viktigste fordelene med SUMITOMOs svinglager for gravemaskiner er den utmerkede b\u00e6reevnen. Lagrene er konstruert for \u00e5 h\u00e5ndtere h\u00f8ye aksiale og radiale belastninger, noe som gj\u00f8r dem ideelle for krevende bruksomr\u00e5der. I tillegg er lagrene konstruert for \u00e5 fungere ved h\u00f8ye hastigheter, noe som gir raskere syklustider og forbedret produktivitet.<\/p>\n<p>En annen viktig fordel med SUMITOMOs svinglager for gravemaskiner er den lave friksjonen og den h\u00f8ye presisjonen. Disse egenskapene bidrar til \u00e5 minimere slitasjen p\u00e5 lagrene, noe som reduserer vedlikeholdskostnadene og forlenger lagerets levetid. Den lave friksjonen bidrar ogs\u00e5 til \u00e5 forbedre drivstoffeffektiviteten, ettersom gravemaskinen krever mindre kraft for \u00e5 fungere. Konklusjonen er at hvis du er p\u00e5 utkikk etter et p\u00e5litelig svinglager av h\u00f8y kvalitet til gravemaskiner, er SUMITOMO et utmerket valg. Produktene deres er utviklet for \u00e5 oppfylle kravene til tunge bruksomr\u00e5der og har utmerket b\u00e6reevne, lav friksjon og h\u00f8y presisjon. S\u00e5 uansett om du jobber innen bygg og anlegg, gruvedrift eller annen tung industri, kan SUMITOMOs svinglager for gravemaskiner hjelpe deg med \u00e5 f\u00e5 jobben gjort p\u00e5 en effektiv og p\u00e5litelig m\u00e5te.<\/p>\n<p>Vi kan tilby alternative svinglager for din\u00a0 <a href=\"https:\/\/national-bearing.com\/excavator-swing-bearings-slewing-rings-cat\/\" target=\"_blank\" rel=\"noopener\">CAT<\/a>HITACHI, KOMATSU, KOBELCO, HYUNDAI, VOLVO, DOOSAN, DAEWOO, JCB, CASE, SUMITOMO, KATO. det er normale og ikke-standard over 1000 hundrevis av typer du kan velge mellom.<\/p>\n<figure class=\"wp-block-table aligncenter\"><\/figure>","protected":false},"excerpt":{"rendered":"<p>SUMITOMO svinglager<br \/>\nModell: SH430, SH350,SH280<br \/>\nSH265,SH240-5,SH240-3,SH225<\/p>","protected":false},"featured_media":136,"template":"","meta":[],"product_brand":[],"product_cat":[22,58],"product_tag":[],"class_list":{"0":"post-579","1":"product","2":"type-product","3":"status-publish","4":"has-post-thumbnail","6":"product_cat-swing-bearing","7":"product_cat-cat-excavator-swing-bearing","9":"first","10":"instock","11":"shipping-taxable","12":"product-type-simple"},"_links":{"self":[{"href":"https:\/\/swingbearing.net\/nb\/wp-json\/wp\/v2\/product\/579","targetHints":{"allow":["GET"]}}],"collection":[{"href":"https:\/\/swingbearing.net\/nb\/wp-json\/wp\/v2\/product"}],"about":[{"href":"https:\/\/swingbearing.net\/nb\/wp-json\/wp\/v2\/types\/product"}],"wp:featuredmedia":[{"embeddable":true,"href":"https:\/\/swingbearing.net\/nb\/wp-json\/wp\/v2\/media\/136"}],"wp:attachment":[{"href":"https:\/\/swingbearing.net\/nb\/wp-json\/wp\/v2\/media?parent=579"}],"wp:term":[{"taxonomy":"product_brand","embeddable":true,"href":"https:\/\/swingbearing.net\/nb\/wp-json\/wp\/v2\/product_brand?post=579"},{"taxonomy":"product_cat","embeddable":true,"href":"https:\/\/swingbearing.net\/nb\/wp-json\/wp\/v2\/product_cat?post=579"},{"taxonomy":"product_tag","embeddable":true,"href":"https:\/\/swingbearing.net\/nb\/wp-json\/wp\/v2\/product_tag?post=579"}],"curies":[{"name":"wp","href":"https:\/\/api.w.org\/{rel}","templated":true}]}}