{"id":575,"date":"2023-09-27T05:22:14","date_gmt":"2023-09-27T05:22:14","guid":{"rendered":"https:\/\/swingbearing.net\/?post_type=product&#038;p=575"},"modified":"2024-05-15T06:44:50","modified_gmt":"2024-05-15T06:44:50","slug":"swing-bearing-liugong","status":"publish","type":"product","link":"https:\/\/swingbearing.net\/nb\/produkt\/svinglager-liugong\/","title":{"rendered":"Svinglager LIUGONG"},"content":{"rendered":"<h2 style=\"text-align: center;\">LIUGONG Swing Bearing Parameters<\/h2>\n<figure class=\"wp-block-table is-style-stripes has-small-font-size\">\n<table class=\"has-cyan-bluish-gray-background-color has-background\">\n<tbody>\n<tr>\n<td width=\"52\">Modell<\/td>\n<td width=\"62\">Delnummer<\/td>\n<td width=\"81\">Utvendig diameter<\/td>\n<td width=\"111\">Innvendig diameter<\/td>\n<td width=\"77\">Total h\u00f8yde<\/td>\n<td width=\"77\">Ytre h\u00f8yde<\/td>\n<td width=\"104\">Indre h\u00f8yde<\/td>\n<td width=\"141\">Parametere for ytre hull<\/td>\n<td width=\"103\">Parametere for indre hull<\/td>\n<td width=\"85\">Antall tenner<\/td>\n<\/tr>\n<tr>\n<td width=\"52\">922<\/td>\n<td width=\"62\">26b0272<\/td>\n<td width=\"81\">1405<\/td>\n<td width=\"111\">1129<\/td>\n<td width=\"77\">100<\/td>\n<td width=\"77\">70<\/td>\n<td width=\"104\">90<\/td>\n<td width=\"141\">36-\u03c624 ujevn<\/td>\n<td width=\"103\">36-M22<\/td>\n<td width=\"85\">95<\/td>\n<\/tr>\n<tr>\n<td width=\"52\">922<\/td>\n<td width=\"62\">26b0122<\/td>\n<td width=\"81\">1405<\/td>\n<td width=\"111\">1129<\/td>\n<td width=\"77\">100<\/td>\n<td width=\"77\">70<\/td>\n<td width=\"104\">90<\/td>\n<td width=\"141\">36-\u03c624 ujevn<\/td>\n<td width=\"103\">36-M22<\/td>\n<td width=\"85\">95<\/td>\n<\/tr>\n<tr>\n<td width=\"52\">922<\/td>\n<td width=\"62\">26b0010<\/td>\n<td width=\"81\">1405<\/td>\n<td width=\"111\">1129<\/td>\n<td width=\"77\">100<\/td>\n<td width=\"77\">70<\/td>\n<td width=\"104\">90<\/td>\n<td width=\"141\">36 Jevnt fordelt<\/td>\n<td width=\"103\">36-M22<\/td>\n<td width=\"85\">91<\/td>\n<\/tr>\n<tr>\n<td width=\"52\">LG922D<\/td>\n<td width=\"62\">26B0122<\/td>\n<td width=\"81\">1405<\/td>\n<td width=\"111\">1129<\/td>\n<td width=\"77\">100<\/td>\n<td width=\"77\">70<\/td>\n<td width=\"104\">90<\/td>\n<td width=\"141\">36-\u03c624 ujevn<\/td>\n<td width=\"103\">36-M22<\/td>\n<td width=\"85\">95<\/td>\n<\/tr>\n<tr>\n<td width=\"52\"><strong><b>936D<\/b><\/strong><\/td>\n<td width=\"62\">26B0120<\/td>\n<td width=\"81\">1658<\/td>\n<td width=\"111\">1334.3<\/td>\n<td width=\"77\">125<\/td>\n<td width=\"77\">82<\/td>\n<td width=\"104\">115<\/td>\n<td width=\"141\">40-\u03c626 ujevn<\/td>\n<td width=\"103\">40-M24 Jevnt fordelt<\/td>\n<td width=\"85\">97<\/td>\n<\/tr>\n<\/tbody>\n<\/table>\n<\/figure>\n<h5 class=\"wp-block-heading has-medium-font-size\">Liugong svinglager for gravemaskiner<\/h5>\n<p>Liugong svinglager for gravemaskiner: Et slitesterkt og p\u00e5litelig valg for gravemaskinen din<br \/>\nSvinglager, ogs\u00e5 kjent som dreieskivelager, er en viktig komponent i gravemaskiner. Disse lagrene gj\u00f8r det mulig for gravemaskinens \u00f8vre struktur \u00e5 rotere jevnt og sikkert. Svinglagrene til gravemaskiner spiller en avgj\u00f8rende rolle for maskinens ytelse og p\u00e5litelighet. Derfor er det viktig \u00e5 velge svinglager av h\u00f8y kvalitet for \u00e5 sikre gravemaskinens levetid og effektivitet.<br \/>\nLiugong er et anerkjent merke i anleggsmaskinindustrien, og de tilbyr et utvalg av svinglager for gravemaskiner som er kjent for sin holdbarhet og p\u00e5litelighet. Liugongs svinglager for gravemaskiner er konstruert for \u00e5 t\u00e5le t\u00f8ffe forhold og tunge belastninger, noe som sikrer at gravemaskinen din kan h\u00e5ndtere enhver jobb, stor eller liten.<\/p>\n<h5 class=\"wp-block-heading has-medium-font-size\">Gjeldende svinglagermodell for gravemaskin<\/h5>\n<p class=\"has-text-align-left\">F\u00f8lgende modeller av Liugong svinglager for gravemaskiner er tilgjengelige: CLG904, CLG9055, CLG906, CLG907, CLG9075, CLG908, CLG915, CLG150, CLG920, CLG921, CLG922, CLG225, CLG924, CLG925, CLG933, CLG936, CLG939, CLG942, CLG948, CLG950, CLG952, CLG200, CLG205, CLG220, og CLG225.<br \/>\nDisse Liugong-svinglagrene for gravemaskiner er utformet med presisjon og n\u00f8yaktighet for \u00e5 sikre optimal ytelse og holdbarhet. De er laget av materialer av h\u00f8y kvalitet og t\u00e5ler ekstreme v\u00e6rforhold og tunge bruksomr\u00e5der.<br \/>\nLiugongs satsing p\u00e5 kvalitet og p\u00e5litelighet gjenspeiles i alle aspekter av produktene deres, og svinglagrene til gravemaskiner er intet unntak. De er konstruert for \u00e5 gi utmerket b\u00e6reevne og h\u00f8y presisjon, noe som sikrer at gravemaskinen din g\u00e5r jevnt og effektivt.<br \/>\nI tillegg til ytelsesfordelene er Liugongs svinglager for gravemaskiner ogs\u00e5 enkle \u00e5 installere, og de krever minimalt med vedlikehold, noe som reduserer nedetid og reparasjonskostnader.<br \/>\nN\u00e5r det gjelder valg av svinglager til gravemaskindeler, er det avgj\u00f8rende for maskinens levetid og p\u00e5litelighet at du velger et h\u00f8ykvalitetsmerke som Liugong. Liugongs svinglager for gravemaskiner er designet for \u00e5 gi best mulig ytelse, holdbarhet og p\u00e5litelighet, noe som gj\u00f8r dem til et utmerket valg for ethvert graveprosjekt.<br \/>\nHvis du er p\u00e5 utkikk etter svingkranslager av h\u00f8y kvalitet til gravemaskiner, trenger du ikke lete lenger enn til Liugong. Med deres utvalg av slitesterke og p\u00e5litelige svingringlagre kan du v\u00e6re sikker p\u00e5 at gravemaskinen din vil fungere effektivt og problemfritt, og gi deg den ytelsen og p\u00e5liteligheten du trenger for \u00e5 f\u00e5 jobben gjort.<br \/>\nVi kan tilby alternative Swing-sirkler for din ,<a href=\"https:\/\/national-bearing.com\/excavator-swing-bearings-slewing-rings-cat\/\" target=\"_blank\" rel=\"noopener\">\u00a0CAT<\/a>HITACHI, KOMATSU, KOBELCO, HYUNDAI, VOLVO, DOOSAN, DAEWOO, JCB, CASE, SUMITOMO, KATO, ,Det er normale og ikke-standard over 1000 hundrevis av typer du kan velge.<\/p>\n<figure class=\"wp-block-image size-full\"><\/figure>\n<p>Vi kan hjelpe deg med alle typer, modeller og merker av svingkranser, og kontakt oss i dag hvis du har sp\u00f8rsm\u00e5l om dine behov.<\/p>\n<figure class=\"wp-block-table\">\n<table>\n<tbody>\n<tr>\n<td><img decoding=\"async\" class=\"wp-image-177\" src=\"https:\/\/national-bearing.com\/wp-content\/uploads\/2023\/04\/0001.jpg\" sizes=\"(max-width: 600px) 100vw, 600px\" srcset=\"https:\/\/national-bearing.com\/wp-content\/uploads\/2023\/04\/0001.jpg 600w, https:\/\/national-bearing.com\/wp-content\/uploads\/2023\/04\/0001-300x200.jpg 300w\" alt=\"svinglager for gravemaskiner \" width=\"600\" height=\"400\" \/><\/td>\n<td><img decoding=\"async\" class=\"wp-image-643\" src=\"https:\/\/national-bearing.com\/wp-content\/uploads\/2023\/04\/66.jpg\" sizes=\"(max-width: 600px) 100vw, 600px\" srcset=\"https:\/\/national-bearing.com\/wp-content\/uploads\/2023\/04\/66.jpg 600w, https:\/\/national-bearing.com\/wp-content\/uploads\/2023\/04\/66-300x200.jpg 300w\" alt=\"m\u00e5ling av svinglager for gravemaskiner\" width=\"600\" height=\"400\" \/><\/td>\n<\/tr>\n<\/tbody>\n<\/table>\n<\/figure>","protected":false},"excerpt":{"rendered":"<p>LIUGONG svinglager<br \/>\nModel:CLG950,CLG948,LG922D<br \/>\nCLG907,CLG9075,CLG952,CLG904<\/p>","protected":false},"featured_media":136,"template":"","meta":[],"product_brand":[],"product_cat":[22,73],"product_tag":[],"class_list":{"0":"post-575","1":"product","2":"type-product","3":"status-publish","4":"has-post-thumbnail","6":"product_cat-swing-bearing","7":"product_cat-liugong-excavator-swing-bearing","9":"first","10":"instock","11":"shipping-taxable","12":"product-type-simple"},"_links":{"self":[{"href":"https:\/\/swingbearing.net\/nb\/wp-json\/wp\/v2\/product\/575","targetHints":{"allow":["GET"]}}],"collection":[{"href":"https:\/\/swingbearing.net\/nb\/wp-json\/wp\/v2\/product"}],"about":[{"href":"https:\/\/swingbearing.net\/nb\/wp-json\/wp\/v2\/types\/product"}],"wp:featuredmedia":[{"embeddable":true,"href":"https:\/\/swingbearing.net\/nb\/wp-json\/wp\/v2\/media\/136"}],"wp:attachment":[{"href":"https:\/\/swingbearing.net\/nb\/wp-json\/wp\/v2\/media?parent=575"}],"wp:term":[{"taxonomy":"product_brand","embeddable":true,"href":"https:\/\/swingbearing.net\/nb\/wp-json\/wp\/v2\/product_brand?post=575"},{"taxonomy":"product_cat","embeddable":true,"href":"https:\/\/swingbearing.net\/nb\/wp-json\/wp\/v2\/product_cat?post=575"},{"taxonomy":"product_tag","embeddable":true,"href":"https:\/\/swingbearing.net\/nb\/wp-json\/wp\/v2\/product_tag?post=575"}],"curies":[{"name":"wp","href":"https:\/\/api.w.org\/{rel}","templated":true}]}}