{"id":574,"date":"2023-09-27T05:19:35","date_gmt":"2023-09-27T05:19:35","guid":{"rendered":"https:\/\/swingbearing.net\/?post_type=product&#038;p=574"},"modified":"2024-06-12T02:15:53","modified_gmt":"2024-06-12T02:15:53","slug":"swing-bearings-sany","status":"publish","type":"product","link":"https:\/\/swingbearing.net\/nb\/produkt\/swing-bearings-sany\/","title":{"rendered":"Svinglager SANY"},"content":{"rendered":"<h2 style=\"text-align: center;\">SANY Swing Bearings parametere<\/h2>\n<figure class=\"wp-block-table is-style-stripes has-small-font-size\">\n<table class=\"has-cyan-bluish-gray-background-color has-background\">\n<tbody>\n<tr>\n<td>Utvendig diameter Da<\/td>\n<td>Innvendig diameter Di<\/td>\n<td>Monteringsh\u00f8yde H<\/td>\n<td>Betegnelse<\/td>\n<\/tr>\n<tr>\n<td>811<\/td>\n<td>622<\/td>\n<td>75<\/td>\n<td>SY65<\/td>\n<\/tr>\n<tr>\n<td>810<\/td>\n<td>621<\/td>\n<td>75<\/td>\n<td>SY75(90Z)<\/td>\n<\/tr>\n<tr>\n<td>811<\/td>\n<td>601.6<\/td>\n<td>75<\/td>\n<td>SY75(76Z)<\/td>\n<\/tr>\n<tr>\n<td>1122<\/td>\n<td>821<\/td>\n<td>100<\/td>\n<td>SY135<\/td>\n<\/tr>\n<tr>\n<td>1327<\/td>\n<td>1071<\/td>\n<td>99.5<\/td>\n<td>SY185<\/td>\n<\/tr>\n<tr>\n<td>1327<\/td>\n<td>1071<\/td>\n<td>99.5<\/td>\n<td>SY195<\/td>\n<\/tr>\n<tr>\n<td>1322<\/td>\n<td>1071<\/td>\n<td>100<\/td>\n<td>SY200<\/td>\n<\/tr>\n<tr>\n<td>1327<\/td>\n<td>1071<\/td>\n<td>99.5<\/td>\n<td>SY205<\/td>\n<\/tr>\n<tr>\n<td>1322<\/td>\n<td>1071<\/td>\n<td>100<\/td>\n<td>SY210<\/td>\n<\/tr>\n<tr>\n<td>1322<\/td>\n<td>1071<\/td>\n<td>100<\/td>\n<td>SY215-7<\/td>\n<\/tr>\n<tr>\n<td>1322<\/td>\n<td>1071<\/td>\n<td>100<\/td>\n<td>SY215-8<\/td>\n<\/tr>\n<tr>\n<td>1322<\/td>\n<td>1071<\/td>\n<td>100<\/td>\n<td>SY215-9<\/td>\n<\/tr>\n<tr>\n<td>1320<\/td>\n<td>1071<\/td>\n<td>100<\/td>\n<td>SY215<\/td>\n<\/tr>\n<tr>\n<td>1327<\/td>\n<td>1071<\/td>\n<td>99.5<\/td>\n<td>SY235<\/td>\n<\/tr>\n<tr>\n<td>1532<\/td>\n<td>1235<\/td>\n<td>125<\/td>\n<td>SY300<\/td>\n<\/tr>\n<tr>\n<td>1550<\/td>\n<td>1238<\/td>\n<td>152<\/td>\n<td>SY305<\/td>\n<\/tr>\n<tr>\n<td>1532<\/td>\n<td>1235<\/td>\n<td>125<\/td>\n<td>SY310<\/td>\n<\/tr>\n<tr>\n<td>1550<\/td>\n<td>1238<\/td>\n<td>152<\/td>\n<td>SY335<\/td>\n<\/tr>\n<tr>\n<td>1532<\/td>\n<td>1235<\/td>\n<td>125<\/td>\n<td>SY360<\/td>\n<\/tr>\n<tr>\n<td>1550<\/td>\n<td>1238<\/td>\n<td>152<\/td>\n<td>SY365<\/td>\n<\/tr>\n<tr>\n<td>1550<\/td>\n<td>1238.5<\/td>\n<td>152<\/td>\n<td>SY420<\/td>\n<\/tr>\n<\/tbody>\n<\/table>\n<\/figure>\n<p>Sany svinglager for gravemaskiner er viktige komponenter i enhver gravemaskins svingesystem. Disse lagrene gj\u00f8r det mulig for gravemaskinen \u00e5 rotere og svinge, slik at maskinf\u00f8rerne enkelt kan utf\u00f8re en lang rekke grave-, l\u00f8fte- og lasteoppgaver. Hos Sany tilbyr vi en rekke svinglager av h\u00f8y kvalitet som er utviklet spesielt for gravemaskiner, inkludert modeller som passer til gravemaskinmodellene SY55, SY60, SY65, SY70, SY75, SY85, SY95, SY115, SY135, SY155, SY195, SY200, SY205, SY215, SY220, SY225, SY235, SY245, SY285, SY305, SY335, SY365, SY375, SY395, SY415, og SY485.<\/p>\n<p>V\u00e5re svinglager for Sany-gravemaskiner er konstruert for \u00e5 gi optimal ytelse og holdbarhet selv under de t\u00f8ffeste arbeidsforhold. De er laget av materialer av h\u00f8y kvalitet, inkludert smidd st\u00e5l og spesialisert lagerst\u00e5l, og har avanserte produksjonsprosesser som sikrer at de er presise, p\u00e5litelige og har lang levetid.<\/p>\n<p>En av de viktigste fordelene med Sany-svingkransene for gravemaskiner er at de t\u00e5ler store belastninger og ekstreme driftsforhold. De er konstruert for \u00e5 t\u00e5le b\u00e5de aksial og radial belastning, samt h\u00f8ye niv\u00e5er av st\u00f8t og vibrasjoner, noe som gj\u00f8r dem ideelle for bruk i krevende bruksomr\u00e5der som gruvedrift, anleggsvirksomhet og skogbruk.<\/p>\n<p>I tillegg til styrke og holdbarhet er v\u00e5re Sany-svinglager for gravemaskiner ogs\u00e5 utformet for enkel installasjon og vedlikehold. De er designet for \u00e5 v\u00e6re enkle \u00e5 montere og skifte ut, og krever minimalt med vedlikehold for \u00e5 sikre optimal ytelse og lang levetid. Hos Sany er vi opptatt av \u00e5 tilby kundene v\u00e5re produkter og tjenester av h\u00f8yeste kvalitet, og v\u00e5re svinglager for Sany-gravemaskiner er intet unntak. Enten du er p\u00e5 utkikk etter et erstatningslager til en eksisterende gravemaskin eller skal utstyre en ny maskin, kan v\u00e5rt team av eksperter hjelpe deg med \u00e5 finne den perfekte l\u00f8sningen som dekker dine behov.<\/p>\n<p>Sany svinglager for gravemaskiner er viktige komponenter for alle gravemaskiner, og valg av riktig lager kan utgj\u00f8re en betydelig forskjell i maskinens ytelse og levetid. Med v\u00e5rt utvalg av h\u00f8ykvalitetslagre som er utviklet spesielt for gravemaskiner, kan du v\u00e6re sikker p\u00e5 at du f\u00e5r et p\u00e5litelig og holdbart produkt som gir optimal ytelse og lang levetid selv under de t\u00f8ffeste forhold.<br \/>\nVi kan tilby alternative svingringer for din, CAT, HITACHI, KOMATSU, KOBELCO, HYUNDAI, VOLVO, DOOSAN, DAEWOO, JCB, CASE, SUMITOMO, KATO,, Det er normale og ikke-standard over 1000 hundrevis av typer du velger.<\/p>\n<figure class=\"wp-block-image size-full is-resized\"><img decoding=\"async\" class=\"wp-image-177\" src=\"https:\/\/national-bearing.com\/wp-content\/uploads\/2023\/04\/0001.jpg\" sizes=\"(max-width: 843px) 100vw, 843px\" srcset=\"https:\/\/national-bearing.com\/wp-content\/uploads\/2023\/04\/0001.jpg 600w, https:\/\/national-bearing.com\/wp-content\/uploads\/2023\/04\/0001-300x200.jpg 300w\" alt=\"\" width=\"515\" height=\"343\" \/><\/figure>\n<p>&nbsp;<\/p>","protected":false},"excerpt":{"rendered":"<p>SANY svinglager<br \/>\nModel:SY485,SY415,SY395<br \/>\nSY365,SY375,SY335,SY310<\/p>","protected":false},"featured_media":136,"template":"","meta":[],"product_brand":[],"product_cat":[22,74],"product_tag":[],"class_list":{"0":"post-574","1":"product","2":"type-product","3":"status-publish","4":"has-post-thumbnail","6":"product_cat-swing-bearing","7":"product_cat-sany-excavator-swing-bearing","9":"first","10":"instock","11":"shipping-taxable","12":"product-type-simple"},"_links":{"self":[{"href":"https:\/\/swingbearing.net\/nb\/wp-json\/wp\/v2\/product\/574","targetHints":{"allow":["GET"]}}],"collection":[{"href":"https:\/\/swingbearing.net\/nb\/wp-json\/wp\/v2\/product"}],"about":[{"href":"https:\/\/swingbearing.net\/nb\/wp-json\/wp\/v2\/types\/product"}],"wp:featuredmedia":[{"embeddable":true,"href":"https:\/\/swingbearing.net\/nb\/wp-json\/wp\/v2\/media\/136"}],"wp:attachment":[{"href":"https:\/\/swingbearing.net\/nb\/wp-json\/wp\/v2\/media?parent=574"}],"wp:term":[{"taxonomy":"product_brand","embeddable":true,"href":"https:\/\/swingbearing.net\/nb\/wp-json\/wp\/v2\/product_brand?post=574"},{"taxonomy":"product_cat","embeddable":true,"href":"https:\/\/swingbearing.net\/nb\/wp-json\/wp\/v2\/product_cat?post=574"},{"taxonomy":"product_tag","embeddable":true,"href":"https:\/\/swingbearing.net\/nb\/wp-json\/wp\/v2\/product_tag?post=574"}],"curies":[{"name":"wp","href":"https:\/\/api.w.org\/{rel}","templated":true}]}}