{"id":573,"date":"2023-09-27T05:12:21","date_gmt":"2023-09-27T05:12:21","guid":{"rendered":"https:\/\/swingbearing.net\/?post_type=product&#038;p=573"},"modified":"2024-05-15T06:48:42","modified_gmt":"2024-05-15T06:48:42","slug":"swing-bearing-liebherr","status":"publish","type":"product","link":"https:\/\/swingbearing.net\/nb\/produkt\/swing-bearing-liebherr\/","title":{"rendered":"Svinglager LIEBHERR"},"content":{"rendered":"<h2 style=\"text-align: center;\">LIEBHERR parametere for svinglager<\/h2>\n<figure class=\"wp-block-table is-style-stripes has-small-font-size\">\n<table class=\"has-cyan-bluish-gray-background-color has-background\">\n<tbody>\n<tr>\n<td>Modell<\/td>\n<td>Delnummer<\/td>\n<td>Utvendig diameter<\/td>\n<td>Innvendig diameter<\/td>\n<td>Total h\u00f8yde<\/td>\n<td>Ytre h\u00f8yde<\/td>\n<td>Indre h\u00f8yde<\/td>\n<td>Parametere for ytre hull<\/td>\n<td>Parametere for indre hull<\/td>\n<td>Antall tenner<\/td>\n<\/tr>\n<tr>\n<td>R922<\/td>\n<td>LE982706001<\/td>\n<td>1215<\/td>\n<td>940<\/td>\n<td>115<\/td>\n<td>72<\/td>\n<td>105<\/td>\n<td>48-\u03c622<\/td>\n<td>56-M20<\/td>\n<td>94<\/td>\n<\/tr>\n<tr>\n<td>924HDSL<\/td>\n<td>LE982751901<\/td>\n<td>1215<\/td>\n<td>940<\/td>\n<td>115<\/td>\n<td>72<\/td>\n<td>105<\/td>\n<td>48-\u042422<\/td>\n<td>56-M20klut<\/td>\n<td>94<\/td>\n<\/tr>\n<tr>\n<td>R924C<\/td>\n<td>982751901<\/td>\n<td>1215<\/td>\n<td>940<\/td>\n<td>115<\/td>\n<td>72<\/td>\n<td>105<\/td>\n<td>48-\u042422<\/td>\n<td>56-M20klut<\/td>\n<td>94<\/td>\n<\/tr>\n<tr>\n<td>R924C<\/td>\n<td>932833001<\/td>\n<td>1215<\/td>\n<td>940<\/td>\n<td>115<\/td>\n<td>72<\/td>\n<td>105<\/td>\n<td>48-\u042422<\/td>\n<td>56-M20klut<\/td>\n<td>94<\/td>\n<\/tr>\n<tr>\n<td>R924B<\/td>\n<td>982751901<\/td>\n<td>1215<\/td>\n<td>940<\/td>\n<td>115<\/td>\n<td>72<\/td>\n<td>105<\/td>\n<td>48-\u042422<\/td>\n<td>56-M20klut<\/td>\n<td>94<\/td>\n<\/tr>\n<tr>\n<td>R934<\/td>\n<td>933816501<\/td>\n<td>1355<\/td>\n<td>1012<\/td>\n<td>125<\/td>\n<td><\/td>\n<td><\/td>\n<td>40<\/td>\n<td>48<\/td>\n<td>92<\/td>\n<\/tr>\n<tr>\n<td>R934HD-S<\/td>\n<td>LE939500601<\/td>\n<td>1355<\/td>\n<td>1012<\/td>\n<td>125<\/td>\n<td>92<\/td>\n<td>113<\/td>\n<td>40-26 gjennomg\u00e5ende hull<\/td>\n<td>48-M24<\/td>\n<td>92<\/td>\n<\/tr>\n<tr>\n<td>934<\/td>\n<td>982752401<\/td>\n<td>1355<\/td>\n<td>1012<\/td>\n<td>125<\/td>\n<td>92<\/td>\n<td>113<\/td>\n<td>40-26 gjennomg\u00e5ende hull<\/td>\n<td>48-M24<\/td>\n<td>92<\/td>\n<\/tr>\n<tr>\n<td>R-944C<\/td>\n<td>933628601<\/td>\n<td>1365<\/td>\n<td>1008<\/td>\n<td>150<\/td>\n<td>112<\/td>\n<td>140<\/td>\n<td>60-\u042426<\/td>\n<td>72-M24cloth<\/td>\n<td>84<\/td>\n<\/tr>\n<tr>\n<td>R944B<\/td>\n<td>933626601<\/td>\n<td>1365<\/td>\n<td>1008<\/td>\n<td>150<\/td>\n<td>112<\/td>\n<td>140<\/td>\n<td>60<\/td>\n<td>72<\/td>\n<td>84<\/td>\n<\/tr>\n<\/tbody>\n<\/table>\n<\/figure>\n<p>Liebherr-gravemaskiner er kjent for sin p\u00e5litelighet og holdbarhet, noe som gj\u00f8r dem til et popul\u00e6rt valg for anleggs- og gruveindustrien. En av de kritiske komponentene som bidrar til maskinens ytelse, er gravemaskinens svinglager. Liebherrs svinglager for gravemaskiner er konstruert for \u00e5 takle de t\u00f8ffe kravene som stilles ved tungt arbeid i utfordrende milj\u00f8er.<\/p>\n<p>Svinglager for gravemaskiner spiller en avgj\u00f8rende rolle i maskinens drift ettersom de st\u00f8tter den \u00f8vre strukturens rotasjon. Uten et svinglager av h\u00f8y kvalitet kan ikke den \u00f8vre strukturen rotere jevnt, noe som p\u00e5virker maskinens generelle ytelse. Liebherrs svinglager for gravemaskiner er konstruert for \u00e5 gi h\u00f8y belastningskapasitet, n\u00f8yaktighet og lang levetid, noe som sikrer optimal maskinytelse.<\/p>\n<p>Liebherr svinglager for gravemaskiner er ogs\u00e5 kjent som svingringlager, svingringlager for gravemaskiner eller dreieskivelager. Disse lagrene er konstruert med en l\u00f8psbane som st\u00f8tter maskinens vekt, slik at den \u00f8vre strukturen kan rotere uten problemer. Svinglagrene til gravemaskinens deler er laget av h\u00f8yfaste materialer, noe som sikrer at de t\u00e5ler store belastninger, ekstreme temperaturer og t\u00f8ffe forhold.<\/p>\n<p>Liebherr tilbyr en rekke svinglager for gravemaskiner som er kompatible med ulike gravemaskinmodeller. Modellene som for tiden er tilgjengelige p\u00e5 markedet, er R914, R924, R944, R934 og R944CLC. Disse modellene er konstruert for \u00e5 gi maksimal holdbarhet og ytelse, slik at maskinen din kan h\u00e5ndtere enhver jobb du gir den.<\/p>\n<p>I tillegg til svinglager for gravemaskiner tilbyr Liebherr ogs\u00e5<a href=\"https:\/\/swingbearing.net\/nb\/swing-bearing\/\"> svingutstyr for gravemaskin<\/a> og gravemaskinens svinghjul. Disse komponentene arbeider sammen for \u00e5 sikre jevn og effektiv rotasjon av maskinens \u00f8vre struktur, noe som gj\u00f8r dem til viktige deler av enhver Liebherr-gravemaskin.<br \/>\nN\u00e5r det gjelder svinglager til gravemaskiner, er Liebherr et navn du kan stole p\u00e5. Deres kvalitetssvinglager for gravemaskiner er konstruert for \u00e5 t\u00e5le de t\u00f8ffeste forhold, og gir h\u00f8y belastningskapasitet, n\u00f8yaktighet og lang levetid. Enten du driver med anleggsarbeid eller gruvedrift, er Liebherrs svinglager for gravemaskiner det ideelle valget for optimal maskinytelse.<\/p>\n<p>Vi kan tilby alternativ svingkrets for din, CAT, HITACHI, KOMATSU, KOBELCO, HYUNDAI, VOLVO, DOOSAN, DAEWOO, JCB, CASE, SUMITOMO, KATO. det er normale og ikke-standard over 1000 hundrevis av typer du kan velge.<\/p>\n<figure class=\"wp-block-image size-full is-resized\"><img decoding=\"async\" class=\"wp-image-177\" src=\"https:\/\/national-bearing.com\/wp-content\/uploads\/2023\/04\/0001.jpg\" sizes=\"(max-width: 843px) 100vw, 843px\" srcset=\"https:\/\/national-bearing.com\/wp-content\/uploads\/2023\/04\/0001.jpg 600w, https:\/\/national-bearing.com\/wp-content\/uploads\/2023\/04\/0001-300x200.jpg 300w\" alt=\"\" width=\"515\" height=\"343\" \/><\/figure>","protected":false},"excerpt":{"rendered":"<p>LIEBHERR svinglager<br \/>\nModel:R944B,934,R-944C<br \/>\nR924B,R924C,924HDSL<\/p>","protected":false},"featured_media":136,"template":"","meta":[],"product_brand":[],"product_cat":[22,72],"product_tag":[],"class_list":{"0":"post-573","1":"product","2":"type-product","3":"status-publish","4":"has-post-thumbnail","6":"product_cat-swing-bearing","7":"product_cat-liebherr-excavator-swing-bearing","9":"first","10":"instock","11":"shipping-taxable","12":"product-type-simple"},"_links":{"self":[{"href":"https:\/\/swingbearing.net\/nb\/wp-json\/wp\/v2\/product\/573","targetHints":{"allow":["GET"]}}],"collection":[{"href":"https:\/\/swingbearing.net\/nb\/wp-json\/wp\/v2\/product"}],"about":[{"href":"https:\/\/swingbearing.net\/nb\/wp-json\/wp\/v2\/types\/product"}],"wp:featuredmedia":[{"embeddable":true,"href":"https:\/\/swingbearing.net\/nb\/wp-json\/wp\/v2\/media\/136"}],"wp:attachment":[{"href":"https:\/\/swingbearing.net\/nb\/wp-json\/wp\/v2\/media?parent=573"}],"wp:term":[{"taxonomy":"product_brand","embeddable":true,"href":"https:\/\/swingbearing.net\/nb\/wp-json\/wp\/v2\/product_brand?post=573"},{"taxonomy":"product_cat","embeddable":true,"href":"https:\/\/swingbearing.net\/nb\/wp-json\/wp\/v2\/product_cat?post=573"},{"taxonomy":"product_tag","embeddable":true,"href":"https:\/\/swingbearing.net\/nb\/wp-json\/wp\/v2\/product_tag?post=573"}],"curies":[{"name":"wp","href":"https:\/\/api.w.org\/{rel}","templated":true}]}}