{"id":548,"date":"2023-09-26T14:22:24","date_gmt":"2023-09-26T14:22:24","guid":{"rendered":"https:\/\/swingbearing.net\/?post_type=product&#038;p=548"},"modified":"2023-11-09T06:59:32","modified_gmt":"2023-11-09T06:59:32","slug":"swing-bearing-jcb","status":"publish","type":"product","link":"https:\/\/swingbearing.net\/nb\/produkt\/svinglager-jcb\/","title":{"rendered":"Svinglager JCB"},"content":{"rendered":"<figure class=\"wp-block-table is-style-stripes has-small-font-size\">\n<table class=\"has-cyan-bluish-white-background-color has-background\">\n<tbody>\n<tr>\n<td width=\"113\"><strong><a href=\"https:\/\/swingbearing.net\/nb\/produkt\/swing-bearing-cat\/\" target=\"_parent\" rel=\"noopener\">CAT<\/a><\/strong><\/td>\n<td width=\"113\"><strong><a href=\"https:\/\/swingbearing.net\/nb\/produkt\/swing-bearing-komatsu\/\" rel=\"noopener\">KOMATSU<\/a><\/strong><\/td>\n<td width=\"113\"><strong><a href=\"https:\/\/swingbearing.net\/nb\/produkt\/swing-bearings-hitachi\/\" rel=\"noopener\">HITACHI<\/a><\/strong><\/td>\n<td width=\"113\"><strong><a href=\"https:\/\/swingbearing.net\/nb\/produkt\/swing-bearing-kobelco\/\" target=\"_parent\" rel=\"noopener\">KOBELCO<\/a><\/strong><\/td>\n<td width=\"113\"><strong><a href=\"https:\/\/swingbearing.net\/nb\/produkt\/swing-bearing-hyundai\/\" target=\"_parent\" rel=\"noopener\">HYUNDAI<\/a><\/strong><\/td>\n<\/tr>\n<tr>\n<td width=\"113\"><strong><a href=\"https:\/\/swingbearing.net\/nb\/produkt\/swing-bearing-doosan\/\" target=\"_parent\" rel=\"noopener\">DOOSAN<\/a><\/strong><\/td>\n<td width=\"113\"><strong><a href=\"https:\/\/swingbearing.net\/nb\/produkt\/swing-bearing-volvo\/\" target=\"_parent\" rel=\"noopener\">VOLVO<\/a><\/strong><\/td>\n<td width=\"113\"><strong><a href=\"https:\/\/swingbearing.net\/nb\/produkt\/svinglager-jcb\/\" target=\"_parent\" rel=\"noopener\">JCB<\/a><\/strong><\/td>\n<td width=\"113\"><strong><a href=\"https:\/\/swingbearing.net\/nb\/produkt\/swing-bearing-case\/\" target=\"_parent\" rel=\"noopener\">CASE<\/a><\/strong><\/td>\n<td width=\"113\"><strong><a href=\"https:\/\/swingbearing.net\/nb\/produkt\/swing-bearing-liebherr\/\" target=\"_parent\" rel=\"noopener\">LIEBHERR<\/a><\/strong><\/td>\n<\/tr>\n<tr>\n<td width=\"113\"><strong><a href=\"https:\/\/swingbearing.net\/nb\/produkt\/svinglager-liugong\/\" target=\"_parent\" rel=\"noopener\">LIUGONG<\/a><\/strong><\/td>\n<td width=\"113\"><strong><a href=\"https:\/\/swingbearing.net\/nb\/produkt\/swing-bearings-sany\/\" target=\"_parent\" rel=\"noopener\">SANY<\/a><\/strong><\/td>\n<td width=\"113\"><strong><a href=\"https:\/\/swingbearing.net\/nb\/produkt\/swing-bearing-yuchai\/\" target=\"_parent\" rel=\"noopener\">YUCHAI<\/a><\/strong><\/td>\n<td width=\"113\"><strong><a href=\"https:\/\/swingbearing.net\/nb\/produkt\/swing-bearing-xcmg\/\" target=\"_parent\" rel=\"noopener\">XCMG<\/a><\/strong><\/td>\n<td width=\"113\"><strong><a href=\"https:\/\/swingbearing.net\/nb\/produkt\/svinglager-sumitomo\/\" target=\"_parent\" rel=\"noopener\">SUMITOMO<\/a><\/strong><\/td>\n<\/tr>\n<\/tbody>\n<\/table>\n<\/figure>\n<h4 style=\"text-align: center;\">Parametere for JCB-svinglager<\/h4>\n<figure class=\"wp-block-table is-style-stripes has-small-font-size\">\n<table class=\"has-cyan-bluish-gray-background-color has-background\">\n<tbody>\n<tr>\n<td>Modell<\/td>\n<td>Delnummer<\/td>\n<td>Utvendig diameter<\/td>\n<td>Innvendig diameter<\/td>\n<td>Total h\u00f8yde<\/td>\n<td>Ytre h\u00f8yde<\/td>\n<td>Indre h\u00f8yde<\/td>\n<td>Parametere for ytre hull<\/td>\n<td>Parametere for indre hull<\/td>\n<td>Antall tenner<\/td>\n<\/tr>\n<tr>\n<td>JCB 8060<\/td>\n<td>234\/11000<\/td>\n<td>852<\/td>\n<td>648.5<\/td>\n<td>70<\/td>\n<td>55<\/td>\n<td>60<\/td>\n<td>24<\/td>\n<td>24<\/td>\n<td>109<\/td>\n<\/tr>\n<tr>\n<td>JCB JS130<\/td>\n<td>332\/K8067(Ny)<\/td>\n<td>1174<\/td>\n<td>972<\/td>\n<td>88<\/td>\n<td>56<\/td>\n<td>78<\/td>\n<td>32-\u042418<\/td>\n<td>36-M16<\/td>\n<td>98<\/td>\n<\/tr>\n<tr>\n<td>JCB JS130<\/td>\n<td>JNB0146(Gammel)<\/td>\n<td>1174<\/td>\n<td>972<\/td>\n<td>80<\/td>\n<td>56<\/td>\n<td>70<\/td>\n<td>28-\u042418<\/td>\n<td>36-M16<\/td>\n<td>98<\/td>\n<\/tr>\n<tr>\n<td>JCB JS130<\/td>\n<td>JNB0160<\/td>\n<td>1174<\/td>\n<td>972<\/td>\n<td>80<\/td>\n<td>56<\/td>\n<td>70<\/td>\n<td>28-\u042418<\/td>\n<td>36-M16<\/td>\n<td>98<\/td>\n<\/tr>\n<tr>\n<td>JCB160<\/td>\n<td>331\/12091<\/td>\n<td>1330<\/td>\n<td>1093<\/td>\n<td>102<\/td>\n<td>74<\/td>\n<td>92<\/td>\n<td>31-\u042422.5<\/td>\n<td>36-M20<\/td>\n<td>92<\/td>\n<\/tr>\n<tr>\n<td>JCB 205<\/td>\n<td>333\/P7280<\/td>\n<td>1328<\/td>\n<td>1092<\/td>\n<td>102<\/td>\n<td>74<\/td>\n<td>92<\/td>\n<td>31-\u03c622<\/td>\n<td>36-M20<\/td>\n<td>92<\/td>\n<\/tr>\n<tr>\n<td>JS200LC<\/td>\n<td>JRB0017<\/td>\n<td>1328<\/td>\n<td>1092<\/td>\n<td>102<\/td>\n<td>74<\/td>\n<td>92<\/td>\n<td>31-\u042422.5<\/td>\n<td>36-M20<\/td>\n<td>92<\/td>\n<\/tr>\n<tr>\n<td>JCB JS220<\/td>\n<td>JRB0017<\/td>\n<td>1328<\/td>\n<td>1092<\/td>\n<td>102<\/td>\n<td>74<\/td>\n<td>92<\/td>\n<td>31-\u042422.5<\/td>\n<td>36-M20<\/td>\n<td>92<\/td>\n<\/tr>\n<tr>\n<td>JCB JS220<\/td>\n<td>JRB0017<\/td>\n<td>1328<\/td>\n<td>1092<\/td>\n<td>102<\/td>\n<td>74<\/td>\n<td>92<\/td>\n<td>31-\u042422.5<\/td>\n<td>36-M20<\/td>\n<td>92<\/td>\n<\/tr>\n<tr>\n<td>JCB 240<\/td>\n<td>JBB0001<\/td>\n<td>1375<\/td>\n<td>1094<\/td>\n<td>125<\/td>\n<td>80<\/td>\n<td>115<\/td>\n<td>26<\/td>\n<td>36<\/td>\n<td>92<\/td>\n<\/tr>\n<tr>\n<td>JCB JS240<\/td>\n<td>916\/10029<\/td>\n<td>1375<\/td>\n<td>1094<\/td>\n<td>124<\/td>\n<td>80<\/td>\n<td>114<\/td>\n<td>26-\u042426<\/td>\n<td>36-M24<\/td>\n<td>92<\/td>\n<\/tr>\n<tr>\n<td>JCB JS330<\/td>\n<td>JSB0022<\/td>\n<td>1509<\/td>\n<td>1192<\/td>\n<td>135<\/td>\n<td>100<\/td>\n<td>125<\/td>\n<td>38-\u03c626<\/td>\n<td>43-M24<\/td>\n<td>86<\/td>\n<\/tr>\n<tr>\n<td>JCB 360<\/td>\n<td>JSB0022<\/td>\n<td>1510<\/td>\n<td>1193<\/td>\n<td>135<\/td>\n<td>101<\/td>\n<td>125<\/td>\n<td>38-\u03c626<\/td>\n<td>30-M22<\/td>\n<td>86<\/td>\n<\/tr>\n<\/tbody>\n<\/table>\n<\/figure>\n<p>Sikrer h\u00f8y ytelse og lang levetid<br \/>\nSvinglagrene er viktige komponenter i en gravemaskinkonstruksjon som gj\u00f8r det mulig for den \u00e5 rotere rundt sin egen akse. Disse lagrene m\u00e5 v\u00e6re robuste og av h\u00f8y kvalitet for \u00e5 t\u00e5le de t\u00f8ffe forholdene og arbeidsmengden p\u00e5 byggeplasser. JCBs svinglager for gravemaskiner er et utmerket alternativ for dem som \u00f8nsker p\u00e5litelige, holdbare og h\u00f8ytytende produkter.<\/p>\n<p>Svinglager kalles ogs\u00e5 svinglager for gravemaskiner, svingringlager, dreieskivelager og svinglager for gravemaskiner, for \u00e5 nevne noe. De har imidlertid alle samme funksjon: \u00e5 s\u00f8rge for en jevn og stabil rotasjon av gravemaskinens overdel.<br \/>\nGravemaskinens svinglager er en av de mest kritiske delene av maskinen, og det m\u00e5 v\u00e6re robust og p\u00e5litelig for \u00e5 sikre optimal ytelse. JCBs svinglager til gravemaskiner er laget av materialer av h\u00f8y kvalitet, og produksjonsprosessen f\u00f8lger strenge kvalitetskontrolltiltak for \u00e5 sikre utmerket ytelse, p\u00e5litelighet og holdbarhet. Disse lagrene t\u00e5ler store belastninger og kan brukes under t\u00f8ffe milj\u00f8forhold, noe som sikrer lang levetid for gravemaskinens rotasjonssystem.<br \/>\nJCBs svinglager for gravemaskiner er enkle \u00e5 montere og krever minimalt med vedlikehold. Disse lagrene er utviklet for \u00e5 redusere driftsstans og \u00f8ke produktiviteten, noe som gir god avkastning p\u00e5 investeringen. Ved \u00e5 s\u00f8rge for at gravemaskinens \u00f8vre struktur roterer jevnt og p\u00e5litelig, hjelper JCBs svinglager operat\u00f8rene med \u00e5 fullf\u00f8re prosjekter i tide og innenfor budsjettet.<\/p>\n<p>For \u00e5 oppsummere er JCBs svinglager til gravemaskiner et utmerket valg for dem som \u00f8nsker holdbare og p\u00e5litelige produkter med h\u00f8y ytelse. De er tilgjengelige for en rekke modeller, blant annet JCB8045, JCB8055, JCB8056, JCB8060, JCB8061, JCB8065, JS130, JS140, JS200, JS210, JS220, JCB70, JCB360 og JS205. Disse lagrene er enkle \u00e5 installere, krever minimalt med vedlikehold og er konstruert for \u00e5 t\u00e5le store belastninger og t\u00f8ffe milj\u00f8forhold, noe som sikrer lang levetid for gravemaskinens rotasjonssystem. Med JCBs svinglager for gravemaskiner kan du v\u00e6re trygg p\u00e5 at gravemaskinen din vil fungere optimalt, \u00f8ke produktiviteten og gi solid avkastning p\u00e5 investeringen.<\/p>\n<p>Vi kan tilby alternative svingkretser for din , CAT, HITACHI, KOMATSU, KOBELCO, HYUNDAI, VOLVO, DOOSAN, DAEWOO, JCB, CASE, SUMITOMO, KATO, , Det er normale og ikke-standard over 1000 hundrevis av typer du kan velge.<\/p>","protected":false},"excerpt":{"rendered":"<p>JCB svinglager<br \/>\nModel:JCB8045,JCB8055,8056<br \/>\nJCB8061,,JCB360,JS330,JS240<\/p>","protected":false},"featured_media":136,"template":"","meta":[],"product_brand":[],"product_cat":[22],"product_tag":[],"class_list":{"0":"post-548","1":"product","2":"type-product","3":"status-publish","4":"has-post-thumbnail","6":"product_cat-swing-bearing","8":"first","9":"instock","10":"shipping-taxable","11":"product-type-simple"},"_links":{"self":[{"href":"https:\/\/swingbearing.net\/nb\/wp-json\/wp\/v2\/product\/548","targetHints":{"allow":["GET"]}}],"collection":[{"href":"https:\/\/swingbearing.net\/nb\/wp-json\/wp\/v2\/product"}],"about":[{"href":"https:\/\/swingbearing.net\/nb\/wp-json\/wp\/v2\/types\/product"}],"wp:featuredmedia":[{"embeddable":true,"href":"https:\/\/swingbearing.net\/nb\/wp-json\/wp\/v2\/media\/136"}],"wp:attachment":[{"href":"https:\/\/swingbearing.net\/nb\/wp-json\/wp\/v2\/media?parent=548"}],"wp:term":[{"taxonomy":"product_brand","embeddable":true,"href":"https:\/\/swingbearing.net\/nb\/wp-json\/wp\/v2\/product_brand?post=548"},{"taxonomy":"product_cat","embeddable":true,"href":"https:\/\/swingbearing.net\/nb\/wp-json\/wp\/v2\/product_cat?post=548"},{"taxonomy":"product_tag","embeddable":true,"href":"https:\/\/swingbearing.net\/nb\/wp-json\/wp\/v2\/product_tag?post=548"}],"curies":[{"name":"wp","href":"https:\/\/api.w.org\/{rel}","templated":true}]}}