{"id":4897,"date":"2024-08-28T06:52:22","date_gmt":"2024-08-28T06:52:22","guid":{"rendered":"https:\/\/swingbearing.net\/?post_type=product&#038;p=4897"},"modified":"2024-08-28T06:53:34","modified_gmt":"2024-08-28T06:53:34","slug":"liebherr-r924b-swing-bearing-982751901-excavator-slewing-ring","status":"publish","type":"product","link":"https:\/\/swingbearing.net\/nb\/produkt\/liebherr-r924b-swing-bearing-982751901-excavator-slewing-ring\/","title":{"rendered":"LIEBHERR R924B Swing Bearing 982751901 Excavator Slewing Ring"},"content":{"rendered":"<h2 style=\"text-align: center;\">LIEBHERR parametere for svinglager<\/h2>\n<figure class=\"wp-block-table is-style-stripes has-small-font-size\">\n<table class=\"has-cyan-bluish-gray-background-color has-background\">\n<tbody>\n<tr>\n<td>Modell<\/td>\n<td>Delnummer<\/td>\n<td>Utvendig diameter<\/td>\n<td>Innvendig diameter<\/td>\n<td>Total h\u00f8yde<\/td>\n<td>Ytre h\u00f8yde<\/td>\n<td>Indre h\u00f8yde<\/td>\n<td>Parametere for ytre hull<\/td>\n<td>Parametere for indre hull<\/td>\n<td>Antall tenner<\/td>\n<\/tr>\n<tr>\n<td>R922<\/td>\n<td>LE982706001<\/td>\n<td>1215<\/td>\n<td>940<\/td>\n<td>115<\/td>\n<td>72<\/td>\n<td>105<\/td>\n<td>48-\u03c622<\/td>\n<td>56-M20<\/td>\n<td>94<\/td>\n<\/tr>\n<tr>\n<td>924HDSL<\/td>\n<td>LE982751901<\/td>\n<td>1215<\/td>\n<td>940<\/td>\n<td>115<\/td>\n<td>72<\/td>\n<td>105<\/td>\n<td>48-\u042422<\/td>\n<td>56-M20klut<\/td>\n<td>94<\/td>\n<\/tr>\n<tr>\n<td>R924C<\/td>\n<td>982751901<\/td>\n<td>1215<\/td>\n<td>940<\/td>\n<td>115<\/td>\n<td>72<\/td>\n<td>105<\/td>\n<td>48-\u042422<\/td>\n<td>56-M20klut<\/td>\n<td>94<\/td>\n<\/tr>\n<tr>\n<td>R924C<\/td>\n<td>932833001<\/td>\n<td>1215<\/td>\n<td>940<\/td>\n<td>115<\/td>\n<td>72<\/td>\n<td>105<\/td>\n<td>48-\u042422<\/td>\n<td>56-M20klut<\/td>\n<td>94<\/td>\n<\/tr>\n<tr>\n<td>R924B<\/td>\n<td>982751901<\/td>\n<td>1215<\/td>\n<td>940<\/td>\n<td>115<\/td>\n<td>72<\/td>\n<td>105<\/td>\n<td>48-\u042422<\/td>\n<td>56-M20klut<\/td>\n<td>94<\/td>\n<\/tr>\n<tr>\n<td>R934<\/td>\n<td>933816501<\/td>\n<td>1355<\/td>\n<td>1012<\/td>\n<td>125<\/td>\n<td><\/td>\n<td><\/td>\n<td>40<\/td>\n<td>48<\/td>\n<td>92<\/td>\n<\/tr>\n<tr>\n<td>R934HD-S<\/td>\n<td>LE939500601<\/td>\n<td>1355<\/td>\n<td>1012<\/td>\n<td>125<\/td>\n<td>92<\/td>\n<td>113<\/td>\n<td>40-26 gjennomg\u00e5ende hull<\/td>\n<td>48-M24<\/td>\n<td>92<\/td>\n<\/tr>\n<tr>\n<td>934<\/td>\n<td>982752401<\/td>\n<td>1355<\/td>\n<td>1012<\/td>\n<td>125<\/td>\n<td>92<\/td>\n<td>113<\/td>\n<td>40-26 gjennomg\u00e5ende hull<\/td>\n<td>48-M24<\/td>\n<td>92<\/td>\n<\/tr>\n<tr>\n<td>R-944C<\/td>\n<td>933628601<\/td>\n<td>1365<\/td>\n<td>1008<\/td>\n<td>150<\/td>\n<td>112<\/td>\n<td>140<\/td>\n<td>60-\u042426<\/td>\n<td>72-M24cloth<\/td>\n<td>84<\/td>\n<\/tr>\n<tr>\n<td>R944B<\/td>\n<td>933626601<\/td>\n<td>1365<\/td>\n<td>1008<\/td>\n<td>150<\/td>\n<td>112<\/td>\n<td>140<\/td>\n<td>60<\/td>\n<td>72<\/td>\n<td>84<\/td>\n<\/tr>\n<\/tbody>\n<\/table>\n<\/figure>\n<p>Liebherr-gravemaskiner er kjent for sin p\u00e5litelighet og holdbarhet, noe som gj\u00f8r dem til et popul\u00e6rt valg for anleggs- og gruveindustrien. En av de kritiske komponentene som bidrar til maskinens ytelse, er gravemaskinens svinglager. Liebherrs svinglager for gravemaskiner er konstruert for \u00e5 takle de t\u00f8ffe kravene som stilles ved tungt arbeid i utfordrende milj\u00f8er.<\/p>\n<p>Slewing bearing for excavators play a crucial role in the machine&#8217;s operation as they support the upper structure&#8217;s rotation. Without a quality slewing bearing for an excavator, the upper structure cannot rotate smoothly, which affects the overall performance of the machine. Liebherr excavator slewing bearings are engineered to provide high load capacity, accuracy, and long service life, ensuring optimal machine performance.<\/p>\n<p>Liebherr svinglager for gravemaskiner er ogs\u00e5 kjent som svingringlager, svingringlager for gravemaskiner eller dreieskivelager. Disse lagrene er konstruert med en l\u00f8psbane som st\u00f8tter maskinens vekt, slik at den \u00f8vre strukturen kan rotere uten problemer. Svinglagrene til gravemaskinens deler er laget av h\u00f8yfaste materialer, noe som sikrer at de t\u00e5ler store belastninger, ekstreme temperaturer og t\u00f8ffe forhold.<\/p>\n<p>Liebherr tilbyr en rekke svinglager for gravemaskiner som er kompatible med ulike gravemaskinmodeller. Modellene som for tiden er tilgjengelige p\u00e5 markedet, er R914, R924, R944, R934 og R944CLC. Disse modellene er konstruert for \u00e5 gi maksimal holdbarhet og ytelse, slik at maskinen din kan h\u00e5ndtere enhver jobb du gir den.<\/p>","protected":false},"excerpt":{"rendered":"<p><strong>Del<\/strong> #: 982751901<br \/>\n<strong>Lag<\/strong>: LIEBHERR<br \/>\n<strong>Modell<\/strong>: R924B<br \/>\n<strong>Tilstand<\/strong>: Ny<\/p>","protected":false},"featured_media":3040,"template":"","meta":[],"product_brand":[],"product_cat":[22,72],"product_tag":[52],"class_list":{"0":"post-4897","1":"product","2":"type-product","3":"status-publish","4":"has-post-thumbnail","6":"product_cat-swing-bearing","7":"product_cat-liebherr-excavator-swing-bearing","8":"product_tag-swing-bearing","10":"first","11":"instock","12":"shipping-taxable","13":"product-type-simple"},"_links":{"self":[{"href":"https:\/\/swingbearing.net\/nb\/wp-json\/wp\/v2\/product\/4897","targetHints":{"allow":["GET"]}}],"collection":[{"href":"https:\/\/swingbearing.net\/nb\/wp-json\/wp\/v2\/product"}],"about":[{"href":"https:\/\/swingbearing.net\/nb\/wp-json\/wp\/v2\/types\/product"}],"wp:featuredmedia":[{"embeddable":true,"href":"https:\/\/swingbearing.net\/nb\/wp-json\/wp\/v2\/media\/3040"}],"wp:attachment":[{"href":"https:\/\/swingbearing.net\/nb\/wp-json\/wp\/v2\/media?parent=4897"}],"wp:term":[{"taxonomy":"product_brand","embeddable":true,"href":"https:\/\/swingbearing.net\/nb\/wp-json\/wp\/v2\/product_brand?post=4897"},{"taxonomy":"product_cat","embeddable":true,"href":"https:\/\/swingbearing.net\/nb\/wp-json\/wp\/v2\/product_cat?post=4897"},{"taxonomy":"product_tag","embeddable":true,"href":"https:\/\/swingbearing.net\/nb\/wp-json\/wp\/v2\/product_tag?post=4897"}],"curies":[{"name":"wp","href":"https:\/\/api.w.org\/{rel}","templated":true}]}}