{"id":4830,"date":"2024-08-15T11:02:59","date_gmt":"2024-08-15T11:02:59","guid":{"rendered":"https:\/\/swingbearing.net\/?post_type=product&#038;p=4830"},"modified":"2024-08-15T11:18:36","modified_gmt":"2024-08-15T11:18:36","slug":"excavator-hydraulic-pump-14618624-main-pump-for-volvo-ec460b","status":"publish","type":"product","link":"https:\/\/swingbearing.net\/nb\/produkt\/excavator-hydraulic-pump-14618624-main-pump-for-volvo-ec460b\/","title":{"rendered":"Hydraulikkpumpe SA 1142-06230 14526609 14618624 14612484 For Volvo EC460"},"content":{"rendered":"<h3 class=\"wp-block-heading\"><strong>Beskrivelse av produktet<\/strong><\/h3>\r\n\r\n\r\n<hr class=\"wp-block-separator has-alpha-channel-opacity\" \/>\r\n\r\n\r\n<h2 class=\"wp-block-heading\">SA 1142-06230 14526609 14618624 14612484 Hydraulic Main Pump Fits For Volvo EC460B EC460<\/h2>\r\n<div id=\"attachment_4832\" style=\"width: 610px\" class=\"wp-caption alignnone\"><a href=\"https:\/\/swingbearing.net\/wp-content\/uploads\/2024\/08\/volvo-_ec460b_14618624-2.jpg\"><img decoding=\"async\" aria-describedby=\"caption-attachment-4832\" class=\"wp-image-4832 size-woocommerce_single\" src=\"https:\/\/swingbearing.net\/wp-content\/uploads\/2024\/08\/volvo-_ec460b_14618624-2-600x536.jpg\" alt=\"Hydraulisk pumpe\" width=\"600\" height=\"536\" srcset=\"https:\/\/swingbearing.net\/wp-content\/uploads\/2024\/08\/volvo-_ec460b_14618624-2-600x536.jpg 600w, https:\/\/swingbearing.net\/wp-content\/uploads\/2024\/08\/volvo-_ec460b_14618624-2-300x268.jpg 300w, https:\/\/swingbearing.net\/wp-content\/uploads\/2024\/08\/volvo-_ec460b_14618624-2-768x686.jpg 768w, https:\/\/swingbearing.net\/wp-content\/uploads\/2024\/08\/volvo-_ec460b_14618624-2-13x12.jpg 13w, https:\/\/swingbearing.net\/wp-content\/uploads\/2024\/08\/volvo-_ec460b_14618624-2.jpg 838w\" sizes=\"(max-width: 600px) 100vw, 600px\" \/><\/a><p id=\"caption-attachment-4832\" class=\"wp-caption-text\">Hydraulisk pumpe<\/p><\/div>\r\n<p><a href=\"https:\/\/swingbearing.net\/wp-content\/uploads\/2024\/08\/volvo-_ec460b_14618624-5.jpg\"><img decoding=\"async\" class=\"alignnone wp-image-4831 size-woocommerce_single\" src=\"https:\/\/swingbearing.net\/wp-content\/uploads\/2024\/08\/volvo-_ec460b_14618624-5-600x418.jpg\" alt=\"Hydraulisk pumpe\" width=\"600\" height=\"418\" srcset=\"https:\/\/swingbearing.net\/wp-content\/uploads\/2024\/08\/volvo-_ec460b_14618624-5-600x418.jpg 600w, https:\/\/swingbearing.net\/wp-content\/uploads\/2024\/08\/volvo-_ec460b_14618624-5-300x209.jpg 300w, https:\/\/swingbearing.net\/wp-content\/uploads\/2024\/08\/volvo-_ec460b_14618624-5-18x12.jpg 18w, https:\/\/swingbearing.net\/wp-content\/uploads\/2024\/08\/volvo-_ec460b_14618624-5.jpg 680w\" sizes=\"(max-width: 600px) 100vw, 600px\" \/><\/a><\/p>\r\n<table style=\"height: 1874px;\" border=\"1\" width=\"638\" cellspacing=\"0\" cellpadding=\"0\">\r\n<tbody>\r\n<tr>\r\n<td rowspan=\"2\"><strong>#<\/strong><\/td>\r\n<td rowspan=\"2\"><strong>Part No<\/strong><\/td>\r\n<td rowspan=\"2\"><strong>Navn p\u00e5 del<\/strong><\/td>\r\n<td><strong>Qty.<\/strong><\/td>\r\n<td><strong>Price request<\/strong><\/td>\r\n<\/tr>\r\n<tr>\r\n<td><strong>DJ00A001<\/strong><\/td>\r\n<td>\u00a0<\/td>\r\n<\/tr>\r\n<tr>\r\n<td>\u00a0<\/td>\r\n<td>SA 1142-06230<\/td>\r\n<td>Pump<\/td>\r\n<td>1<\/td>\r\n<td>\u2002<\/td>\r\n<\/tr>\r\n<tr>\r\n<td>1<\/td>\r\n<td>SA 8230-14510<\/td>\r\n<td>Stempel<\/td>\r\n<td>2<\/td>\r\n<td>\u2002<\/td>\r\n<\/tr>\r\n<tr>\r\n<td>2<\/td>\r\n<td>SA 14502322<\/td>\r\n<td>Stempel<\/td>\r\n<td>9<\/td>\r\n<td>\u2002<\/td>\r\n<\/tr>\r\n<tr>\r\n<td>3<\/td>\r\n<td>SA 14502323<\/td>\r\n<td>Seat<\/td>\r\n<td>9<\/td>\r\n<td>\u2002<\/td>\r\n<\/tr>\r\n<tr>\r\n<td>4<\/td>\r\n<td>SA 8230-09880<\/td>\r\n<td>Cylinder<\/td>\r\n<td>1<\/td>\r\n<td>\u2002<\/td>\r\n<\/tr>\r\n<tr>\r\n<td>5<\/td>\r\n<td>SA 14502321<\/td>\r\n<td>Block<\/td>\r\n<td>1<\/td>\r\n<td>\u2002<\/td>\r\n<\/tr>\r\n<tr>\r\n<td>6<\/td>\r\n<td>SA 14502324<\/td>\r\n<td>Plate<\/td>\r\n<td>1<\/td>\r\n<td>\u2002<\/td>\r\n<\/tr>\r\n<tr>\r\n<td>7<\/td>\r\n<td>SA 8230-09890<\/td>\r\n<td>Cylinder<\/td>\r\n<td>1<\/td>\r\n<td>\u2002<\/td>\r\n<\/tr>\r\n<tr>\r\n<td>8<\/td>\r\n<td>SA 14502321<\/td>\r\n<td>Block<\/td>\r\n<td>1<\/td>\r\n<td>\u2002<\/td>\r\n<\/tr>\r\n<tr>\r\n<td>9<\/td>\r\n<td>SA 14502325<\/td>\r\n<td>Plate<\/td>\r\n<td>1<\/td>\r\n<td>\u2002<\/td>\r\n<\/tr>\r\n<tr>\r\n<td>10<\/td>\r\n<td>SA 8230-09810<\/td>\r\n<td>St\u00f8tte<\/td>\r\n<td>2<\/td>\r\n<td>\u2002<\/td>\r\n<\/tr>\r\n<tr>\r\n<td>11<\/td>\r\n<td>SA 7223-00220<\/td>\r\n<td>Plate<\/td>\r\n<td>1<\/td>\r\n<td>\u2002<\/td>\r\n<\/tr>\r\n<tr>\r\n<td>12<\/td>\r\n<td>SA 7223-00240<\/td>\r\n<td>Bushing<\/td>\r\n<td>1<\/td>\r\n<td>\u2002<\/td>\r\n<\/tr>\r\n<tr>\r\n<td>13<\/td>\r\n<td>SA 8230-32080<\/td>\r\n<td>Valve more<\/td>\r\n<td>1<\/td>\r\n<td>\u2002<\/td>\r\n<\/tr>\r\n<tr>\r\n<td>14<\/td>\r\n<td>SA 8230-09110<\/td>\r\n<td>Shaft<\/td>\r\n<td>1<\/td>\r\n<td>\u2002<\/td>\r\n<\/tr>\r\n<tr>\r\n<td>15<\/td>\r\n<td>SA 8230-09010<\/td>\r\n<td>Shaft<\/td>\r\n<td>1<\/td>\r\n<td>\u2002<\/td>\r\n<\/tr>\r\n<tr>\r\n<td>16<\/td>\r\n<td>SA 8230-09360<\/td>\r\n<td>Joint<\/td>\r\n<td>1<\/td>\r\n<td>\u2002<\/td>\r\n<\/tr>\r\n<tr>\r\n<td>17<\/td>\r\n<td>SA 8230-26640<\/td>\r\n<td>Roller Bearing<\/td>\r\n<td>2<\/td>\r\n<td>\u2002<\/td>\r\n<\/tr>\r\n<tr>\r\n<td>18<\/td>\r\n<td>SA 8230-26710<\/td>\r\n<td>Needle Bearing<\/td>\r\n<td>2<\/td>\r\n<td>\u2002<\/td>\r\n<\/tr>\r\n<tr>\r\n<td>19<\/td>\r\n<td>SA 8230-08850<\/td>\r\n<td>Spacer<\/td>\r\n<td>3<\/td>\r\n<td>\u2002<\/td>\r\n<\/tr>\r\n<tr>\r\n<td>20<\/td>\r\n<td>SA 8230-09090<\/td>\r\n<td>Booster<\/td>\r\n<td>1<\/td>\r\n<td>\u2002<\/td>\r\n<\/tr>\r\n<tr>\r\n<td>21<\/td>\r\n<td>SA 7242-10210<\/td>\r\n<td>Plate<\/td>\r\n<td>2<\/td>\r\n<td>\u2002<\/td>\r\n<\/tr>\r\n<tr>\r\n<td>22<\/td>\r\n<td>SA 8230-10330<\/td>\r\n<td>Bushing<br \/>SER NO 3001-3174<\/td>\r\n<td>2<\/td>\r\n<td>\u2002<\/td>\r\n<\/tr>\r\n<tr>\r\n<td>\u00a0<\/td>\r\n<td>VOE 14510070<\/td>\r\n<td>Bushing<br \/>SER NO 3175-<\/td>\r\n<td>2<\/td>\r\n<td>\u2002<\/td>\r\n<\/tr>\r\n<tr>\r\n<td>23<\/td>\r\n<td>SA 8230-09840<\/td>\r\n<td>Spring<\/td>\r\n<td>18<\/td>\r\n<td>\u2002<\/td>\r\n<\/tr>\r\n<tr>\r\n<td>24<\/td>\r\n<td>SA 8230-09850<\/td>\r\n<td>Spacer<br \/>SER NO 3001-3174<\/td>\r\n<td>2<\/td>\r\n<td>\u2002<\/td>\r\n<\/tr>\r\n<tr>\r\n<td>25<\/td>\r\n<td>SA 7223-00210<\/td>\r\n<td>Plate<\/td>\r\n<td>2<\/td>\r\n<td>\u2002<\/td>\r\n<\/tr>\r\n<tr>\r\n<td>26<\/td>\r\n<td>SA 8230-08960<\/td>\r\n<td>St\u00f8tte<\/td>\r\n<td>2<\/td>\r\n<td>\u2002<\/td>\r\n<\/tr>\r\n<tr>\r\n<td>27<\/td>\r\n<td>SA 8230-35460<\/td>\r\n<td>Cover<\/td>\r\n<td>1<\/td>\r\n<td>\u2002<\/td>\r\n<\/tr>\r\n<tr>\r\n<td>28<\/td>\r\n<td>SA 8230-32160<\/td>\r\n<td>Body<\/td>\r\n<td>2<\/td>\r\n<td>\u2002<\/td>\r\n<\/tr>\r\n<tr>\r\n<td>29<\/td>\r\n<td>SA 8230-08990<\/td>\r\n<td>Cover<\/td>\r\n<td>1<\/td>\r\n<td>\u2002<\/td>\r\n<\/tr>\r\n<tr>\r\n<td>30<\/td>\r\n<td>SA 8230-09000<\/td>\r\n<td>Cover<\/td>\r\n<td>1<\/td>\r\n<td>\u2002<\/td>\r\n<\/tr>\r\n<tr>\r\n<td>31<\/td>\r\n<td>SA 8230-35490<\/td>\r\n<td>Bolt<\/td>\r\n<td>4<\/td>\r\n<td>\u2002<\/td>\r\n<\/tr>\r\n<tr>\r\n<td>32<\/td>\r\n<td>SA 8230-09900<\/td>\r\n<td>Bolt<\/td>\r\n<td>4<\/td>\r\n<td>\u2002<\/td>\r\n<\/tr>\r\n<tr>\r\n<td>33<\/td>\r\n<td>SA 9016-10804<\/td>\r\n<td>Bolt more<\/td>\r\n<td>4<\/td>\r\n<td>\u2002<\/td>\r\n<\/tr>\r\n<tr>\r\n<td>34<\/td>\r\n<td>SA 9415-11021<\/td>\r\n<td>Plug more<\/td>\r\n<td>4<\/td>\r\n<td>\u2002<\/td>\r\n<\/tr>\r\n<tr>\r\n<td>35<\/td>\r\n<td>SA 9415-11051<\/td>\r\n<td>Plug more<\/td>\r\n<td>4<\/td>\r\n<td>\u2002<\/td>\r\n<\/tr>\r\n<tr>\r\n<td>36<\/td>\r\n<td>SA 7242-11040<\/td>\r\n<td>Plug<br \/>NPTF1\/16 more<\/td>\r\n<td>32<\/td>\r\n<td>\u2002<\/td>\r\n<\/tr>\r\n<tr>\r\n<td>37<\/td>\r\n<td>SA 8230-27740<\/td>\r\n<td>Plug<br \/>PT1\/8<\/td>\r\n<td>5<\/td>\r\n<td>\u2002<\/td>\r\n<\/tr>\r\n<tr>\r\n<td>38<\/td>\r\n<td>SA 8230-09780<\/td>\r\n<td>Pin<\/td>\r\n<td>2<\/td>\r\n<td>\u2002<\/td>\r\n<\/tr>\r\n<tr>\r\n<td>39<\/td>\r\n<td>SA 7223-00400<\/td>\r\n<td>Pin<\/td>\r\n<td>1<\/td>\r\n<td>\u2002<\/td>\r\n<\/tr>\r\n<tr>\r\n<td>40<\/td>\r\n<td>SA 7223-00570<\/td>\r\n<td>Pin<\/td>\r\n<td>1<\/td>\r\n<td>\u2002<\/td>\r\n<\/tr>\r\n<tr>\r\n<td>41<\/td>\r\n<td>SA 8230-35450<\/td>\r\n<td>Stempel<\/td>\r\n<td>1<\/td>\r\n<td>\u2002<\/td>\r\n<\/tr>\r\n<tr>\r\n<td>42<\/td>\r\n<td>SA 8230-35480<\/td>\r\n<td>Stop<\/td>\r\n<td>2<\/td>\r\n<td>\u2002<\/td>\r\n<\/tr>\r\n<tr>\r\n<td>43<\/td>\r\n<td>SA 8230-35470<\/td>\r\n<td>Stop<\/td>\r\n<td>2<\/td>\r\n<td>\u2002<\/td>\r\n<\/tr>\r\n<tr>\r\n<td>44<\/td>\r\n<td>SA 7223-00590<\/td>\r\n<td>O-ring<\/td>\r\n<td>2<\/td>\r\n<td>\u2002<\/td>\r\n<\/tr>\r\n<tr>\r\n<td>45<\/td>\r\n<td>SA 9511-22060<\/td>\r\n<td>O-ring<\/td>\r\n<td>1<\/td>\r\n<td>\u2002<\/td>\r\n<\/tr>\r\n<tr>\r\n<td>46<\/td>\r\n<td>SA 9511-22105<\/td>\r\n<td>O-ring more<\/td>\r\n<td>1<\/td>\r\n<td>\u2002<\/td>\r\n<\/tr>\r\n<tr>\r\n<td>47<\/td>\r\n<td>SA 8230-26210<\/td>\r\n<td>O-ring<\/td>\r\n<td>2<\/td>\r\n<td>\u2002<\/td>\r\n<\/tr>\r\n<tr>\r\n<td>48<\/td>\r\n<td>SA 7223-00600<\/td>\r\n<td>O-ring<\/td>\r\n<td>3<\/td>\r\n<td>\u2002<\/td>\r\n<\/tr>\r\n<tr>\r\n<td>49<\/td>\r\n<td>SA 9511-12008<\/td>\r\n<td>O-ring more<\/td>\r\n<td>15<\/td>\r\n<td>\u2002<\/td>\r\n<\/tr>\r\n<tr>\r\n<td>50<\/td>\r\n<td>SA 9511-12011<\/td>\r\n<td>O-ring more<\/td>\r\n<td>10<\/td>\r\n<td>\u2002<\/td>\r\n<\/tr>\r\n<tr>\r\n<td>51<\/td>\r\n<td>SA 9511-12024<\/td>\r\n<td>O-ring more<\/td>\r\n<td>4<\/td>\r\n<td>\u2002<\/td>\r\n<\/tr>\r\n<tr>\r\n<td>52<\/td>\r\n<td>SA 7223-00700<\/td>\r\n<td>O-ring<\/td>\r\n<td>2<\/td>\r\n<td>\u2002<\/td>\r\n<\/tr>\r\n<tr>\r\n<td>53<\/td>\r\n<td>SA 7223-00710<\/td>\r\n<td>Seal<\/td>\r\n<td>1<\/td>\r\n<td>\u2002<\/td>\r\n<\/tr>\r\n<tr>\r\n<td>54<\/td>\r\n<td>SA 8230-26840<\/td>\r\n<td>Ring<\/td>\r\n<td>2<\/td>\r\n<td>\u2002<\/td>\r\n<\/tr>\r\n<tr>\r\n<td>55<\/td>\r\n<td>SA 8230-26830<\/td>\r\n<td>Ring<\/td>\r\n<td>2<\/td>\r\n<td>\u2002<\/td>\r\n<\/tr>\r\n<tr>\r\n<td>56<\/td>\r\n<td>SA 9111-12000<\/td>\r\n<td>Nut more<\/td>\r\n<td>4<\/td>\r\n<td>\u2002<\/td>\r\n<\/tr>\r\n<tr>\r\n<td>57<\/td>\r\n<td>SA 9541-01045<\/td>\r\n<td>Snap Ring more<\/td>\r\n<td>2<\/td>\r\n<td>\u2002<\/td>\r\n<\/tr>\r\n<tr>\r\n<td>58<\/td>\r\n<td>SA 7242-10560<\/td>\r\n<td>Pin<\/td>\r\n<td>2<\/td>\r\n<td>\u2002<\/td>\r\n<\/tr>\r\n<tr>\r\n<td>59<\/td>\r\n<td>SA 7223-00660<\/td>\r\n<td>Spring Pin<\/td>\r\n<td>5<\/td>\r\n<td>\u2002<\/td>\r\n<\/tr>\r\n<tr>\r\n<td>60<\/td>\r\n<td>SA 8230-25460<\/td>\r\n<td>Eye Bolt<\/td>\r\n<td>2<\/td>\r\n<td>\u2002<\/td>\r\n<\/tr>\r\n<tr>\r\n<td>61<\/td>\r\n<td>SA 7223-00670<\/td>\r\n<td>Set Screw<\/td>\r\n<td>2<\/td>\r\n<td>\u2002<\/td>\r\n<\/tr>\r\n<tr>\r\n<td>62<\/td>\r\n<td>SA 7223-00680<\/td>\r\n<td>Set Screw<\/td>\r\n<td>2<\/td>\r\n<td>\u2002<\/td>\r\n<\/tr>\r\n<tr>\r\n<td>100<\/td>\r\n<td>VOE 14502342<\/td>\r\n<td>Sealing Kit<br \/>KIT<\/td>\r\n<td>1<\/td>\r\n<td>\u2002<\/td>\r\n<\/tr>\r\n<\/tbody>\r\n<\/table>\r\n<p>&nbsp;<\/p>\r\n<h2 class=\"wp-block-heading\">Introduction of\u00a0 Volvo EC460B\u00a0 Hydraulic Main Pump<\/h2>\r\n<div id=\"attachment_4833\" style=\"width: 310px\" class=\"wp-caption alignnone\"><img decoding=\"async\" aria-describedby=\"caption-attachment-4833\" class=\"wp-image-4833 size-medium\" src=\"https:\/\/swingbearing.net\/wp-content\/uploads\/2024\/08\/volvo-_ec460b_14618624-4-300x238.jpg\" alt=\"Hydraulisk pumpe\" width=\"300\" height=\"238\" srcset=\"https:\/\/swingbearing.net\/wp-content\/uploads\/2024\/08\/volvo-_ec460b_14618624-4-300x238.jpg 300w, https:\/\/swingbearing.net\/wp-content\/uploads\/2024\/08\/volvo-_ec460b_14618624-4-768x610.jpg 768w, https:\/\/swingbearing.net\/wp-content\/uploads\/2024\/08\/volvo-_ec460b_14618624-4-15x12.jpg 15w, https:\/\/swingbearing.net\/wp-content\/uploads\/2024\/08\/volvo-_ec460b_14618624-4-600x477.jpg 600w, https:\/\/swingbearing.net\/wp-content\/uploads\/2024\/08\/volvo-_ec460b_14618624-4.jpg 914w\" sizes=\"(max-width: 300px) 100vw, 300px\" \/><p id=\"caption-attachment-4833\" class=\"wp-caption-text\">Hydraulisk pumpe<\/p><\/div>\r\n<table border=\"1\" cellspacing=\"0\" cellpadding=\"0\">\r\n<tbody>\r\n<tr>\r\n<td>Produktnavn\u00a0 \u00a0 \u00a0 \u00a0 \u00a0 \u00a0 \u00a0 \u00a0<\/td>\r\n<td>Hydraulisk pumpe for gravemaskin<\/td>\r\n<\/tr>\r\n<tr>\r\n<td>Kvalitet\u00a0 \u00a0 \u00a0<\/td>\r\n<td>H\u00f8y kvalitet 100% Ny<\/td>\r\n<\/tr>\r\n<tr>\r\n<td>Maskinmodell\u00a0 \u00a0\u00a0<\/td>\r\n<td>EC460B\u00a0 \u00a0 EC460\u00a0<\/td>\r\n<\/tr>\r\n<tr>\r\n<td>Weight\u00a0<\/td>\r\n<td>190KG<\/td>\r\n<\/tr>\r\n<tr>\r\n<td>Pakke<\/td>\r\n<td>Standard eksportkoffert i tre\u00a0 \u00a0 \u00a0 \u00a0 \u00a0 \u00a0 \u00a0 \u00a0 \u00a0 \u00a0 \u00a0 \u00a0 \u00a0 \u00a0 \u00a0 \u00a0 \u00a0 \u00a0 \u00a0 \u00a0 \u00a0 \u00a0 \u00a0 \u00a0 \u00a0 \u00a0\u00a0<\/td>\r\n<\/tr>\r\n<tr>\r\n<td>Delenummer<\/td>\r\n<td>SA 1142-06230 14526609 14618624 14612484 \u00a0 \u00a0 \u00a0 \u00a0<\/td>\r\n<\/tr>\r\n<tr>\r\n<td>Trykk<\/td>\r\n<td>Standard, H\u00f8ytrykk<\/td>\r\n<\/tr>\r\n<\/tbody>\r\n<\/table>\r\n<h3>\r\n\r\n<\/h3>\r\n<p><\/p>\r\n<p>Hydraulikkpumper er viktige komponenter i hydrauliske systemer, og de er ansvarlige for \u00e5 omdanne mekanisk kraft til hydraulisk energi. For \u00e5 sikre effektiv drift av maskiner og utstyr i ulike bransjer er det avgj\u00f8rende \u00e5 forst\u00e5 oppbygningen, funksjonene og vedlikeholdet av hydrauliske pumper.<\/p>\r\n<p>\r\n\r\n<\/p>\r\n<h2 class=\"wp-block-heading\">Komponenter i den hydrauliske hovedpumpen<\/h2>\r\n<p>\r\n\r\n<\/p>\r\n<p>Hydraulikkpumper best\u00e5r av flere n\u00f8kkelkomponenter som jobber sammen for \u00e5 generere v\u00e6skekraft. De viktigste komponentene i en hydraulikkpumpe er blant annet<\/p>\r\n<p>\r\n\r\n<\/p>\r\n<ul class=\"wp-block-list\">\r\n<li><strong>Pumpehus<\/strong>: Det ytre huset som omslutter og beskytter pumpens innvendige komponenter.<\/li>\r\n\r\n\r\n\r\n<li><strong>Inlet and\u00a0Outlet Ports<\/strong>: Inn- og utl\u00f8pspunkter for hydraulikkv\u00e6ske inn og ut av pumpen.<\/li>\r\n\r\n\r\n\r\n<li><strong>Roterende gruppe<\/strong>: Best\u00e5r av tannhjul, skovler eller stempler som roterer for \u00e5 skape flyt og trykk i systemet.<\/li>\r\n\r\n\r\n\r\n<li><strong>Drivaksel<\/strong>: Overf\u00f8rer mekanisk energi fra drivmotoren til pumpens roterende gruppe.<\/li>\r\n\r\n\r\n\r\n<li><strong>Tetninger og O-ringer<\/strong>: Forhindrer lekkasje og opprettholder hydraulikksystemets integritet.\r\n<p><a href=\"https:\/\/swingbearing.net\/wp-content\/uploads\/2024\/08\/volvo-_ec460b_14618624-3.jpg\"><img decoding=\"async\" class=\"wp-image-4836 size-woocommerce_single\" src=\"https:\/\/swingbearing.net\/wp-content\/uploads\/2024\/08\/volvo-_ec460b_14618624-3-600x464.jpg\" alt=\"Hydraulisk pumpe\" width=\"600\" height=\"464\" srcset=\"https:\/\/swingbearing.net\/wp-content\/uploads\/2024\/08\/volvo-_ec460b_14618624-3-600x464.jpg 600w, https:\/\/swingbearing.net\/wp-content\/uploads\/2024\/08\/volvo-_ec460b_14618624-3-300x232.jpg 300w, https:\/\/swingbearing.net\/wp-content\/uploads\/2024\/08\/volvo-_ec460b_14618624-3-768x593.jpg 768w, https:\/\/swingbearing.net\/wp-content\/uploads\/2024\/08\/volvo-_ec460b_14618624-3-16x12.jpg 16w, https:\/\/swingbearing.net\/wp-content\/uploads\/2024\/08\/volvo-_ec460b_14618624-3.jpg 1020w\" sizes=\"(max-width: 600px) 100vw, 600px\" \/><\/a><\/p>\r\n<p><a href=\"https:\/\/swingbearing.net\/wp-content\/uploads\/2024\/08\/tt.jpg\"><img decoding=\"async\" class=\"alignnone wp-image-4824 size-woocommerce_single\" src=\"https:\/\/swingbearing.net\/wp-content\/uploads\/2024\/08\/tt-600x755.jpg\" alt=\"Hydraulisk pumpe\" width=\"600\" height=\"755\" srcset=\"https:\/\/swingbearing.net\/wp-content\/uploads\/2024\/08\/tt-600x755.jpg 600w, https:\/\/swingbearing.net\/wp-content\/uploads\/2024\/08\/tt-239x300.jpg 239w, https:\/\/swingbearing.net\/wp-content\/uploads\/2024\/08\/tt-814x1024.jpg 814w, https:\/\/swingbearing.net\/wp-content\/uploads\/2024\/08\/tt-768x966.jpg 768w, https:\/\/swingbearing.net\/wp-content\/uploads\/2024\/08\/tt-10x12.jpg 10w, https:\/\/swingbearing.net\/wp-content\/uploads\/2024\/08\/tt.jpg 900w\" sizes=\"(max-width: 600px) 100vw, 600px\" \/><\/a><\/p>\r\n\n\t\t<style type=\"text\/css\">\n\t\t\t#gallery-1 {\n\t\t\t\tmargin: auto;\n\t\t\t}\n\t\t\t#gallery-1 .gallery-item {\n\t\t\t\tfloat: left;\n\t\t\t\tmargin-top: 10px;\n\t\t\t\ttext-align: center;\n\t\t\t\twidth: 25%;\n\t\t\t}\n\t\t\t#gallery-1 img {\n\t\t\t\tborder: 2px solid #cfcfcf;\n\t\t\t}\n\t\t\t#gallery-1 .gallery-caption {\n\t\t\t\tmargin-left: 0;\n\t\t\t}\n\t\t\t\/* see gallery_shortcode() in wp-includes\/media.php *\/\n\t\t<\/style>\n\t\t<div id='gallery-1' class='gallery galleryid-4830 gallery-columns-4 gallery-size-woocommerce_single'><dl class='gallery-item'>\n\t\t\t<dt class='gallery-icon landscape'>\n\t\t\t\t<a href='https:\/\/swingbearing.net\/wp-content\/uploads\/2024\/08\/1tt.jpg'><img decoding=\"async\" width=\"600\" height=\"450\" src=\"https:\/\/swingbearing.net\/wp-content\/uploads\/2024\/08\/1tt-600x450.jpg\" class=\"attachment-woocommerce_single size-woocommerce_single\" alt=\"Hydraulisk pumpe\" srcset=\"https:\/\/swingbearing.net\/wp-content\/uploads\/2024\/08\/1tt-600x450.jpg 600w, https:\/\/swingbearing.net\/wp-content\/uploads\/2024\/08\/1tt-300x225.jpg 300w, https:\/\/swingbearing.net\/wp-content\/uploads\/2024\/08\/1tt-768x576.jpg 768w, https:\/\/swingbearing.net\/wp-content\/uploads\/2024\/08\/1tt-16x12.jpg 16w, https:\/\/swingbearing.net\/wp-content\/uploads\/2024\/08\/1tt.jpg 1000w\" sizes=\"(max-width: 600px) 100vw, 600px\" \/><\/a>\n\t\t\t<\/dt><\/dl><dl class='gallery-item'>\n\t\t\t<dt class='gallery-icon landscape'>\n\t\t\t\t<a href='https:\/\/swingbearing.net\/wp-content\/uploads\/2024\/08\/tt2.jpg'><img decoding=\"async\" width=\"600\" height=\"450\" src=\"https:\/\/swingbearing.net\/wp-content\/uploads\/2024\/08\/tt2-600x450.jpg\" class=\"attachment-woocommerce_single size-woocommerce_single\" alt=\"Hydraulisk pumpe\" srcset=\"https:\/\/swingbearing.net\/wp-content\/uploads\/2024\/08\/tt2-600x450.jpg 600w, https:\/\/swingbearing.net\/wp-content\/uploads\/2024\/08\/tt2-300x225.jpg 300w, https:\/\/swingbearing.net\/wp-content\/uploads\/2024\/08\/tt2-768x576.jpg 768w, https:\/\/swingbearing.net\/wp-content\/uploads\/2024\/08\/tt2-16x12.jpg 16w, https:\/\/swingbearing.net\/wp-content\/uploads\/2024\/08\/tt2.jpg 1000w\" sizes=\"(max-width: 600px) 100vw, 600px\" \/><\/a>\n\t\t\t<\/dt><\/dl><dl class='gallery-item'>\n\t\t\t<dt class='gallery-icon landscape'>\n\t\t\t\t<a href='https:\/\/swingbearing.net\/wp-content\/uploads\/2024\/08\/tt3.jpg'><img decoding=\"async\" width=\"600\" height=\"406\" src=\"https:\/\/swingbearing.net\/wp-content\/uploads\/2024\/08\/tt3-600x406.jpg\" class=\"attachment-woocommerce_single size-woocommerce_single\" alt=\"Hydraulisk pumpe\" srcset=\"https:\/\/swingbearing.net\/wp-content\/uploads\/2024\/08\/tt3-600x406.jpg 600w, https:\/\/swingbearing.net\/wp-content\/uploads\/2024\/08\/tt3-300x203.jpg 300w, https:\/\/swingbearing.net\/wp-content\/uploads\/2024\/08\/tt3-768x519.jpg 768w, https:\/\/swingbearing.net\/wp-content\/uploads\/2024\/08\/tt3-18x12.jpg 18w, https:\/\/swingbearing.net\/wp-content\/uploads\/2024\/08\/tt3.jpg 1000w\" sizes=\"(max-width: 600px) 100vw, 600px\" \/><\/a>\n\t\t\t<\/dt><\/dl><dl class='gallery-item'>\n\t\t\t<dt class='gallery-icon landscape'>\n\t\t\t\t<a href='https:\/\/swingbearing.net\/wp-content\/uploads\/2024\/08\/tt4.jpg'><img decoding=\"async\" width=\"600\" height=\"450\" src=\"https:\/\/swingbearing.net\/wp-content\/uploads\/2024\/08\/tt4-600x450.jpg\" class=\"attachment-woocommerce_single size-woocommerce_single\" alt=\"Hydraulisk pumpe\" srcset=\"https:\/\/swingbearing.net\/wp-content\/uploads\/2024\/08\/tt4-600x450.jpg 600w, https:\/\/swingbearing.net\/wp-content\/uploads\/2024\/08\/tt4-300x225.jpg 300w, https:\/\/swingbearing.net\/wp-content\/uploads\/2024\/08\/tt4-768x576.jpg 768w, https:\/\/swingbearing.net\/wp-content\/uploads\/2024\/08\/tt4-16x12.jpg 16w, https:\/\/swingbearing.net\/wp-content\/uploads\/2024\/08\/tt4.jpg 1000w\" sizes=\"(max-width: 600px) 100vw, 600px\" \/><\/a>\n\t\t\t<\/dt><\/dl><br style=\"clear: both\" \/>\n\t\t<\/div>\n\r\n<\/li>\r\n<\/ul>\r\n<p>\r\n\r\n<\/p>\r\n<ul><\/ul>\r\n<p>\r\n\r\n<\/p>\r\n<h2 class=\"wp-block-heading\">Konklusjon<\/h2>\r\n<p>\r\n\r\n<\/p>\r\n<p>Hydraulikkpumper er integrerte komponenter i hydrauliske systemer og s\u00f8rger for den kraften og kontrollen som er n\u00f8dvendig for drift av maskiner og utstyr. For \u00e5 maksimere ytelsen, effektiviteten og levetiden er det avgj\u00f8rende \u00e5 forst\u00e5 komponentene, funksjonene og vedlikeholdskravene til hydrauliske pumper. Ved \u00e5 f\u00f8lge riktige vedlikeholdsrutiner og ta tak i problemer proaktivt kan bedrifter sikre at hydraulikksystemene fungerer problemfritt og minimere nedetid. Ved \u00e5 r\u00e5df\u00f8re seg med hydraulikkspesialister for vedlikeholds- og reparasjonstjenester kan man ytterligere forbedre p\u00e5liteligheten og levetiden til hydrauliske pumpesystemer.<\/p>","protected":false},"excerpt":{"rendered":"<p><strong><b>Del<\/b><\/strong> #: SA 1142-06230 14526609 14618624 14612484<br \/><strong><b>Lag<\/b><\/strong>:Volvo<br \/><strong><b>Modell<\/b><\/strong>: EC460<br \/><strong><b>Tilstand<\/b><\/strong>: Ny\u00a0\u00a0<\/p>","protected":false},"featured_media":4833,"template":"","meta":[],"product_brand":[],"product_cat":[384],"product_tag":[],"class_list":{"0":"post-4830","1":"product","2":"type-product","3":"status-publish","4":"has-post-thumbnail","6":"product_cat-volvo-hydraulic-pump","8":"first","9":"instock","10":"shipping-taxable","11":"product-type-simple"},"_links":{"self":[{"href":"https:\/\/swingbearing.net\/nb\/wp-json\/wp\/v2\/product\/4830","targetHints":{"allow":["GET"]}}],"collection":[{"href":"https:\/\/swingbearing.net\/nb\/wp-json\/wp\/v2\/product"}],"about":[{"href":"https:\/\/swingbearing.net\/nb\/wp-json\/wp\/v2\/types\/product"}],"wp:featuredmedia":[{"embeddable":true,"href":"https:\/\/swingbearing.net\/nb\/wp-json\/wp\/v2\/media\/4833"}],"wp:attachment":[{"href":"https:\/\/swingbearing.net\/nb\/wp-json\/wp\/v2\/media?parent=4830"}],"wp:term":[{"taxonomy":"product_brand","embeddable":true,"href":"https:\/\/swingbearing.net\/nb\/wp-json\/wp\/v2\/product_brand?post=4830"},{"taxonomy":"product_cat","embeddable":true,"href":"https:\/\/swingbearing.net\/nb\/wp-json\/wp\/v2\/product_cat?post=4830"},{"taxonomy":"product_tag","embeddable":true,"href":"https:\/\/swingbearing.net\/nb\/wp-json\/wp\/v2\/product_tag?post=4830"}],"curies":[{"name":"wp","href":"https:\/\/api.w.org\/{rel}","templated":true}]}}