{"id":4321,"date":"2024-06-26T12:59:40","date_gmt":"2024-06-26T12:59:40","guid":{"rendered":"https:\/\/swingbearing.net\/?post_type=product&#038;p=4321"},"modified":"2024-06-26T14:13:13","modified_gmt":"2024-06-26T14:13:13","slug":"hydraulic-pump-708-2l-00150-708-2l-00056-for-komatsu-pc200-6-main-pump","status":"publish","type":"product","link":"https:\/\/swingbearing.net\/nb\/produkt\/hydraulic-pump-708-2l-00150-708-2l-00056-for-komatsu-pc200-6-main-pump\/","title":{"rendered":"Hydraulisk pumpe 708-2L-00150 708-2L-00056 for Komatsu Pc200-6 hovedpumpe"},"content":{"rendered":"<h3 class=\"wp-block-heading\"><strong>Beskrivelse av produktet<\/strong><\/h3>\r\n\r\n\r\n<hr class=\"wp-block-separator has-alpha-channel-opacity\" \/>\r\n\r\n\r\n<h2 class=\"wp-block-heading\">708-2L-00150 708-2L-00056 Hydraulic Main Pump Fits For Komatsu Pc200-6<\/h2>\r\n<p>&nbsp;<\/p>\r\n<p><img decoding=\"async\" class=\"alignnone wp-image-4322 size-full\" src=\"https:\/\/swingbearing.net\/wp-content\/uploads\/2024\/06\/pc200-6.jpg\" alt=\"pc200-6 hydraulic pump\" width=\"778\" height=\"561\" srcset=\"https:\/\/swingbearing.net\/wp-content\/uploads\/2024\/06\/pc200-6.jpg 778w, https:\/\/swingbearing.net\/wp-content\/uploads\/2024\/06\/pc200-6-300x216.jpg 300w, https:\/\/swingbearing.net\/wp-content\/uploads\/2024\/06\/pc200-6-768x554.jpg 768w, https:\/\/swingbearing.net\/wp-content\/uploads\/2024\/06\/pc200-6-18x12.jpg 18w, https:\/\/swingbearing.net\/wp-content\/uploads\/2024\/06\/pc200-6-600x433.jpg 600w\" sizes=\"(max-width: 778px) 100vw, 778px\" \/><\/p>\r\n<p><img decoding=\"async\" class=\"alignnone wp-image-4311 size-full\" src=\"https:\/\/swingbearing.net\/wp-content\/uploads\/2024\/06\/pc400-7-400lc-803.jpg\" alt=\"hydraulikkpumpe\" width=\"617\" height=\"550\" srcset=\"https:\/\/swingbearing.net\/wp-content\/uploads\/2024\/06\/pc400-7-400lc-803.jpg 617w, https:\/\/swingbearing.net\/wp-content\/uploads\/2024\/06\/pc400-7-400lc-803-300x267.jpg 300w, https:\/\/swingbearing.net\/wp-content\/uploads\/2024\/06\/pc400-7-400lc-803-13x12.jpg 13w, https:\/\/swingbearing.net\/wp-content\/uploads\/2024\/06\/pc400-7-400lc-803-600x535.jpg 600w\" sizes=\"(max-width: 617px) 100vw, 617px\" \/><\/p>\r\n<p><img decoding=\"async\" class=\"alignnone wp-image-4308 size-full\" src=\"https:\/\/swingbearing.net\/wp-content\/uploads\/2024\/06\/pc400-7-400lc-8.jpg\" alt=\"hydraulikkpumpe\" width=\"620\" height=\"618\" srcset=\"https:\/\/swingbearing.net\/wp-content\/uploads\/2024\/06\/pc400-7-400lc-8.jpg 620w, https:\/\/swingbearing.net\/wp-content\/uploads\/2024\/06\/pc400-7-400lc-8-300x300.jpg 300w, https:\/\/swingbearing.net\/wp-content\/uploads\/2024\/06\/pc400-7-400lc-8-150x150.jpg 150w, https:\/\/swingbearing.net\/wp-content\/uploads\/2024\/06\/pc400-7-400lc-8-12x12.jpg 12w, https:\/\/swingbearing.net\/wp-content\/uploads\/2024\/06\/pc400-7-400lc-8-600x598.jpg 600w, https:\/\/swingbearing.net\/wp-content\/uploads\/2024\/06\/pc400-7-400lc-8-100x100.jpg 100w\" sizes=\"(max-width: 620px) 100vw, 620px\" \/><\/p>\r\n<table style=\"font-size: 16px;\" border=\"1\" cellspacing=\"0\" cellpadding=\"0\">\r\n<tbody>\r\n<tr>\r\n<td>Produktnavn\u00a0 \u00a0 \u00a0 \u00a0 \u00a0 \u00a0 \u00a0 \u00a0<\/td>\r\n<td>Hydraulisk pumpe for gravemaskin<\/td>\r\n<\/tr>\r\n<tr>\r\n<td>Kvalitet\u00a0 \u00a0 \u00a0<\/td>\r\n<td>H\u00f8y kvalitet 100% Ny<\/td>\r\n<\/tr>\r\n<tr>\r\n<td>Maskinmodell\u00a0 \u00a0\u00a0<\/td>\r\n<td>Pc200-6 Main Pump\u00a0 \u00a0 \u00a0 \u00a0 \u00a0 \u00a0 \u00a0 \u00a0 \u00a0 \u00a0 \u00a0<\/td>\r\n<\/tr>\r\n<tr>\r\n<td>Emballasjest\u00f8rrelse<\/td>\r\n<td>84*38*49<\/td>\r\n<\/tr>\r\n<tr>\r\n<td>Pakke<\/td>\r\n<td>Standard eksportkoffert i tre\u00a0 \u00a0 \u00a0 \u00a0 \u00a0 \u00a0 \u00a0 \u00a0 \u00a0 \u00a0 \u00a0 \u00a0 \u00a0 \u00a0 \u00a0 \u00a0 \u00a0 \u00a0 \u00a0 \u00a0 \u00a0 \u00a0 \u00a0 \u00a0 \u00a0 \u00a0\u00a0<\/td>\r\n<\/tr>\r\n<tr>\r\n<td>Delenummer<\/td>\r\n<td>708-2L-00150 708-2L-00056\u00a0 \u00a0 \u00a0 \u00a0 \u00a0 \u00a0 \u00a0 \u00a0 \u00a0 \u00a0 \u00a0 \u00a0 \u00a0 \u00a0 \u00a0 \u00a0 \u00a0 \u00a0 \u00a0\u00a0<\/td>\r\n<\/tr>\r\n<tr>\r\n<td>Trykk<\/td>\r\n<td>Standard, H\u00f8ytrykk<\/td>\r\n<\/tr>\r\n<\/tbody>\r\n<\/table>\r\n<h3>\r\n\r\n<\/h3>\r\n<p><\/p>\r\n<h2 class=\"wp-block-heading\">Introduction of\u00a0 PC200-6 Hydraulic Main Pump<\/h2>\r\n<p>\r\n\r\n<\/p>\r\n<p>Hydraulikkpumper er viktige komponenter i hydrauliske systemer, og de er ansvarlige for \u00e5 omdanne mekanisk kraft til hydraulisk energi. For \u00e5 sikre effektiv drift av maskiner og utstyr i ulike bransjer er det avgj\u00f8rende \u00e5 forst\u00e5 oppbygningen, funksjonene og vedlikeholdet av hydrauliske pumper.<\/p>\r\n<p>\r\n\r\n<\/p>\r\n<h2 class=\"wp-block-heading\">Komponenter i den hydrauliske hovedpumpen<\/h2>\r\n<p>\r\n\r\n<\/p>\r\n<p>Hydraulikkpumper best\u00e5r av flere n\u00f8kkelkomponenter som jobber sammen for \u00e5 generere v\u00e6skekraft. De viktigste komponentene i en hydraulikkpumpe er blant annet<\/p>\r\n<p>\r\n\r\n<\/p>\r\n<ul class=\"wp-block-list\">\r\n<li><strong>Pumpehus<\/strong>: Det ytre huset som omslutter og beskytter pumpens innvendige komponenter.<\/li>\r\n\r\n\r\n\r\n<li><strong>Inlet and\u00a0Outlet Ports<\/strong>: Inn- og utl\u00f8pspunkter for hydraulikkv\u00e6ske inn og ut av pumpen.<\/li>\r\n\r\n\r\n\r\n<li><strong>Roterende gruppe<\/strong>: Best\u00e5r av tannhjul, skovler eller stempler som roterer for \u00e5 skape flyt og trykk i systemet.<\/li>\r\n\r\n\r\n\r\n<li><strong>Drivaksel<\/strong>: Overf\u00f8rer mekanisk energi fra drivmotoren til pumpens roterende gruppe.<\/li>\r\n\r\n\r\n\r\n<li><strong>Tetninger og O-ringer<\/strong>: Forhindrer lekkasje og opprettholder hydraulikksystemets integritet.<\/li>\r\n<\/ul>\r\n<p>\r\n\r\n<\/p>\r\n<h3 class=\"wp-block-heading\">Funksjoner\u00a0<\/h3>\r\n<p>\r\n\r\n<\/p>\r\n<p>Hydraulikkpumper utf\u00f8rer viktige funksjoner som muliggj\u00f8r drift av hydrauliske systemer, blant annet<\/p>\r\n<p>\r\n\r\n<\/p>\r\n<ul class=\"wp-block-list\">\r\n<li><strong>Generering av v\u00e6skestr\u00f8m<\/strong>: Skaper en kontinuerlig str\u00f8m av hydraulikkv\u00e6ske for \u00e5 drive hydraulikksylindere, motorer og aktuatorer.<\/li>\r\n\r\n\r\n\r\n<li><strong>Generering av trykk<\/strong>: Oppbygging av trykk i systemet for \u00e5 utf\u00f8re arbeidsoppgaver som \u00e5 l\u00f8fte tunge laster eller betjene maskiner.<\/li>\r\n\r\n\r\n\r\n<li><strong>Retningsbestemt kontroll<\/strong>: Regulering av v\u00e6skestr\u00f8mmens retning for \u00e5 muliggj\u00f8re presise bevegelser og kontroll i utstyr.<\/li>\r\n<\/ul>\r\n<p>\r\n\r\n<\/p>\r\n<h4 class=\"wp-block-heading\">Tips om vedlikehold\u00a0<\/h4>\r\n<p>\r\n\r\n<\/p>\r\n<p>Riktig vedlikehold er n\u00f8kkelen til \u00e5 sikre lang levetid og p\u00e5litelighet for hydrauliske pumper. Her er noen viktige vedlikeholdstips du b\u00f8r vurdere:<\/p>\r\n<p>\r\n\r\n<\/p>\r\n<ul class=\"wp-block-list\">\r\n<li><strong>Regelmessig inspeksjon<\/strong>: Se etter tegn p\u00e5 slitasje, lekkasjer eller skader p\u00e5 pumpekomponentene, og ta tak i eventuelle problemer umiddelbart.<\/li>\r\n\r\n\r\n\r\n<li><strong>V\u00e6skekvalitet<\/strong>: Overv\u00e5k tilstanden og niv\u00e5et p\u00e5 hydraulikkv\u00e6sken, og skift ut eller fyll p\u00e5 v\u00e6ske etter behov for \u00e5 opprettholde optimal ytelse.<\/li>\r\n\r\n\r\n\r\n<li><strong>Filtrering<\/strong>: Bruk filtre av h\u00f8y kvalitet for \u00e5 fjerne forurensninger fra hydraulikkv\u00e6sken og forhindre skade p\u00e5 pumpekomponenter.<\/li>\r\n\r\n\r\n\r\n<li><strong>Sm\u00f8ring<\/strong>: Sm\u00f8r bevegelige deler p\u00e5 riktig m\u00e5te for \u00e5 redusere friksjon og slitasje og forlenge pumpens levetid.<\/li>\r\n\r\n\r\n\r\n<li><strong>Vedlikehold av tetninger<\/strong>: Inspiser og skift ut tetninger og O-ringer regelmessig for \u00e5 forhindre lekkasjer og sikre hydraulikksystemets integritet.<\/li>\r\n<\/ul>\r\n<p>\r\n\r\n<\/p>\r\n<h2 class=\"wp-block-heading\">Konklusjon<\/h2>\r\n<p>\r\n\r\n<\/p>\r\n<p>Hydraulikkpumper er integrerte komponenter i hydrauliske systemer og s\u00f8rger for den kraften og kontrollen som er n\u00f8dvendig for drift av maskiner og utstyr. For \u00e5 maksimere ytelsen, effektiviteten og levetiden er det avgj\u00f8rende \u00e5 forst\u00e5 komponentene, funksjonene og vedlikeholdskravene til hydrauliske pumper. Ved \u00e5 f\u00f8lge riktige vedlikeholdsrutiner og ta tak i problemer proaktivt kan bedrifter sikre at hydraulikksystemene fungerer problemfritt og minimere nedetid. Ved \u00e5 r\u00e5df\u00f8re seg med hydraulikkspesialister for vedlikeholds- og reparasjonstjenester kan man ytterligere forbedre p\u00e5liteligheten og levetiden til hydrauliske pumpesystemer.<\/p>\r\n<h2>List of\u00a0 Excavator Spare Parts<\/h2>\r\n<table border=\"1\" cellspacing=\"0\" cellpadding=\"0\">\r\n<tbody>\r\n<tr>\r\n<td><strong>#<\/strong><\/td>\r\n<td><strong>Part No<\/strong><\/td>\r\n<td><strong>Navn p\u00e5 del\u00a0\u00a0<\/strong><\/td>\r\n<td><strong>Qty.<\/strong><\/td>\r\n<td>\u00a0<\/td>\r\n<\/tr>\r\n<tr>\r\n<td>1<\/td>\r\n<td>(708-2L-00150)\u00a0 \u00a0\u00a0<\/td>\r\n<td>PUMP ASS&#8217;Y<\/td>\r\n<td>1\u00a0<\/td>\r\n<td>\u2002<\/td>\r\n<\/tr>\r\n<tr>\r\n<td>1<\/td>\r\n<td>(708-2L-00056)<\/td>\r\n<td>PUMP ASS&#8217;Y<\/td>\r\n<td>1<\/td>\r\n<td>\u2002<\/td>\r\n<\/tr>\r\n<tr>\r\n<td>1<\/td>\r\n<td>(708-2L-00055)<\/td>\r\n<td>PUMP ASS&#8217;Y<\/td>\r\n<td>1<\/td>\r\n<td>\u2002<\/td>\r\n<\/tr>\r\n<tr>\r\n<td>1<\/td>\r\n<td>(708-2L-00054)<\/td>\r\n<td>PUMP ASS&#8217;Y<\/td>\r\n<td>1<\/td>\r\n<td>\u2002<\/td>\r\n<\/tr>\r\n<tr>\r\n<td>1<\/td>\r\n<td>(708-2L-00053)<\/td>\r\n<td>PUMP ASS&#8217;Y<\/td>\r\n<td>1<\/td>\r\n<td>\u2002<\/td>\r\n<\/tr>\r\n<tr>\r\n<td>1<\/td>\r\n<td>(708-2L-00052)<\/td>\r\n<td>PUMP ASS&#8217;Y<\/td>\r\n<td>1<\/td>\r\n<td>\u2002<\/td>\r\n<\/tr>\r\n<tr>\r\n<td>2<\/td>\r\n<td>07030-03034<\/td>\r\n<td>Breather<\/td>\r\n<td>1<\/td>\r\n<td>\u2002<\/td>\r\n<\/tr>\r\n<tr>\r\n<td>3<\/td>\r\n<td>07005-03016<\/td>\r\n<td>GASKET,FRONT ACCESSORY DRIVE<\/td>\r\n<td>1<\/td>\r\n<td>\u2002<\/td>\r\n<\/tr>\r\n<tr>\r\n<td>4<\/td>\r\n<td>07040-12412<\/td>\r\n<td>PLUG,(FOR 2-ACTUATER ATTACHMENT)<\/td>\r\n<td>1<\/td>\r\n<td>\u2002<\/td>\r\n<\/tr>\r\n<tr>\r\n<td>5<\/td>\r\n<td>07002-02434<\/td>\r\n<td>O-RING,DRAIN PLUG? R.H. HALF TANK<\/td>\r\n<td>1<\/td>\r\n<td>\u2002<\/td>\r\n<\/tr>\r\n<tr>\r\n<td>6<\/td>\r\n<td>07040-11209<\/td>\r\n<td>PLUG, OIL DRAIN<\/td>\r\n<td>1<\/td>\r\n<td>\u2002<\/td>\r\n<\/tr>\r\n<tr>\r\n<td>7<\/td>\r\n<td>07002-01223<\/td>\r\n<td>O-RING,(F4350-68A0 -13 )<\/td>\r\n<td>1<\/td>\r\n<td>\u2002<\/td>\r\n<\/tr>\r\n<tr>\r\n<td>8<\/td>\r\n<td>01010-51040<\/td>\r\n<td>BOLT, MOUNT MASTER BRAKE CYLINDER<\/td>\r\n<td>10<\/td>\r\n<td>\u2002<\/td>\r\n<\/tr>\r\n<tr>\r\n<td>9<\/td>\r\n<td>01010-51080<\/td>\r\n<td>BOLT,(NOT SHOWN)<\/td>\r\n<td>2<\/td>\r\n<td>\u2002<\/td>\r\n<\/tr>\r\n<tr>\r\n<td>10<\/td>\r\n<td>01643-31032<\/td>\r\n<td>WASHER,(WITH AUTO EMERGENCY STEERING)\u00a0\u00a0<\/td>\r\n<td>12<\/td>\r\n<td>\u2002<\/td>\r\n<\/tr>\r\n<\/tbody>\r\n<\/table>","protected":false},"excerpt":{"rendered":"<p><strong><b>Del<\/b><\/strong> #: 708-2L-00150 708-2L-00056<br \/><strong><b>Lag<\/b><\/strong>:Komatsu <br \/><strong><b>Modell<\/b><\/strong>: Pc200-6<br \/><strong><b>Tilstand<\/b><\/strong>: Ny<\/p>","protected":false},"featured_media":4311,"template":"","meta":[],"product_brand":[],"product_cat":[382],"product_tag":[],"class_list":{"0":"post-4321","1":"product","2":"type-product","3":"status-publish","4":"has-post-thumbnail","6":"product_cat-komatsu-hydraulic-pumps","8":"first","9":"instock","10":"shipping-taxable","11":"product-type-simple"},"_links":{"self":[{"href":"https:\/\/swingbearing.net\/nb\/wp-json\/wp\/v2\/product\/4321","targetHints":{"allow":["GET"]}}],"collection":[{"href":"https:\/\/swingbearing.net\/nb\/wp-json\/wp\/v2\/product"}],"about":[{"href":"https:\/\/swingbearing.net\/nb\/wp-json\/wp\/v2\/types\/product"}],"wp:featuredmedia":[{"embeddable":true,"href":"https:\/\/swingbearing.net\/nb\/wp-json\/wp\/v2\/media\/4311"}],"wp:attachment":[{"href":"https:\/\/swingbearing.net\/nb\/wp-json\/wp\/v2\/media?parent=4321"}],"wp:term":[{"taxonomy":"product_brand","embeddable":true,"href":"https:\/\/swingbearing.net\/nb\/wp-json\/wp\/v2\/product_brand?post=4321"},{"taxonomy":"product_cat","embeddable":true,"href":"https:\/\/swingbearing.net\/nb\/wp-json\/wp\/v2\/product_cat?post=4321"},{"taxonomy":"product_tag","embeddable":true,"href":"https:\/\/swingbearing.net\/nb\/wp-json\/wp\/v2\/product_tag?post=4321"}],"curies":[{"name":"wp","href":"https:\/\/api.w.org\/{rel}","templated":true}]}}