{"id":4303,"date":"2024-06-25T11:55:21","date_gmt":"2024-06-25T11:55:21","guid":{"rendered":"https:\/\/swingbearing.net\/?post_type=product&#038;p=4303"},"modified":"2024-06-25T15:46:04","modified_gmt":"2024-06-25T15:46:04","slug":"hydraulic-pump-pc400lc-3-main-pump-for-komatsu-708-27-02025-708-27-02024","status":"publish","type":"product","link":"https:\/\/swingbearing.net\/nb\/produkt\/hydraulic-pump-pc400lc-3-main-pump-for-komatsu-708-27-02025-708-27-02024\/","title":{"rendered":"Hydraulikkpumpe PC400LC-3 Hovedpumpe for Komatsu 708-27-02025 708-27-02024"},"content":{"rendered":"<h3 class=\"wp-block-heading\"><strong>Beskrivelse av produktet<\/strong><\/h3>\r\n\r\n\r\n<hr class=\"wp-block-separator has-alpha-channel-opacity\" \/>\r\n\r\n\r\n<h2 class=\"wp-block-heading\">708-27-02025 708-27-02024 Hydraulic Main Pump Fits For Komatsu PC400LC-3<\/h2>\r\n<p>&nbsp;<\/p>\r\n<p><img decoding=\"async\" class=\"alignnone wp-image-4306 size-full\" src=\"https:\/\/swingbearing.net\/wp-content\/uploads\/2024\/06\/pc400-3-02.jpg\" alt=\"pc400-3 hydraulikkpumpe\" width=\"806\" height=\"903\" srcset=\"https:\/\/swingbearing.net\/wp-content\/uploads\/2024\/06\/pc400-3-02.jpg 806w, https:\/\/swingbearing.net\/wp-content\/uploads\/2024\/06\/pc400-3-02-268x300.jpg 268w, https:\/\/swingbearing.net\/wp-content\/uploads\/2024\/06\/pc400-3-02-768x860.jpg 768w, https:\/\/swingbearing.net\/wp-content\/uploads\/2024\/06\/pc400-3-02-11x12.jpg 11w, https:\/\/swingbearing.net\/wp-content\/uploads\/2024\/06\/pc400-3-02-600x672.jpg 600w\" sizes=\"(max-width: 806px) 100vw, 806px\" \/><\/p>\r\n<table style=\"font-size: 16px;\" border=\"1\" cellspacing=\"0\" cellpadding=\"0\">\r\n<tbody>\r\n<tr>\r\n<td>Produktnavn<\/td>\r\n<td>Hydraulisk pumpe for gravemaskin<\/td>\r\n<\/tr>\r\n<tr>\r\n<td>Kvalitet<\/td>\r\n<td>H\u00f8y kvalitet 100% Ny<\/td>\r\n<\/tr>\r\n<tr>\r\n<td>Maskinmodell\u00a0\u00a0<\/td>\r\n<td>PC400-3 PC400LC-3<\/td>\r\n<\/tr>\r\n<tr>\r\n<td>Emballasjest\u00f8rrelse<\/td>\r\n<td>84*38*49<\/td>\r\n<\/tr>\r\n<tr>\r\n<td>Pakke<\/td>\r\n<td>Standard eksportkoffert i tre<\/td>\r\n<\/tr>\r\n<tr>\r\n<td>Delenummer<\/td>\r\n<td>708-27-02025 708-27-02024 708-27-02021 708-27-02020 708-27-01010 708-27-10100\u00a0\u00a0<\/td>\r\n<\/tr>\r\n<tr>\r\n<td>Trykk<\/td>\r\n<td>Standard, H\u00f8ytrykk<\/td>\r\n<\/tr>\r\n<\/tbody>\r\n<\/table>\r\n<h3>\r\n\r\n<\/h3>\r\n<p><\/p>\r\n<h2 class=\"wp-block-heading\">Introduction of\u00a0 PC400LC-3 Hydraulic Main Pump<\/h2>\r\n<p>\r\n\r\n<\/p>\r\n<p>Hydraulikkpumper er viktige komponenter i hydrauliske systemer, og de er ansvarlige for \u00e5 omdanne mekanisk kraft til hydraulisk energi. For \u00e5 sikre effektiv drift av maskiner og utstyr i ulike bransjer er det avgj\u00f8rende \u00e5 forst\u00e5 oppbygningen, funksjonene og vedlikeholdet av hydrauliske pumper.<\/p>\r\n<p>\r\n\r\n<\/p>\r\n<h2 class=\"wp-block-heading\">Komponenter i den hydrauliske hovedpumpen<\/h2>\r\n<p>\r\n\r\n<\/p>\r\n<p>Hydraulikkpumper best\u00e5r av flere n\u00f8kkelkomponenter som jobber sammen for \u00e5 generere v\u00e6skekraft. De viktigste komponentene i en hydraulikkpumpe er blant annet<\/p>\r\n<p>\r\n\r\n<\/p>\r\n<ul class=\"wp-block-list\">\r\n<li><strong>Pumpehus<\/strong>: Det ytre huset som omslutter og beskytter pumpens innvendige komponenter.<\/li>\r\n\r\n\r\n\r\n<li><strong>Innl\u00f8ps- og utl\u00f8psporter<\/strong>: Inn- og utl\u00f8pspunkter for hydraulikkv\u00e6ske inn og ut av pumpen.<\/li>\r\n\r\n\r\n\r\n<li><strong>Roterende gruppe<\/strong>: Best\u00e5r av tannhjul, skovler eller stempler som roterer for \u00e5 skape flyt og trykk i systemet.<\/li>\r\n\r\n\r\n\r\n<li><strong>Drivaksel<\/strong>: Overf\u00f8rer mekanisk energi fra drivmotoren til pumpens roterende gruppe.<\/li>\r\n\r\n\r\n\r\n<li><strong>Tetninger og O-ringer<\/strong>: Forhindrer lekkasje og opprettholder hydraulikksystemets integritet.<\/li>\r\n<\/ul>\r\n<p>\r\n\r\n<\/p>\r\n<h3 class=\"wp-block-heading\">Funksjoner\u00a0<\/h3>\r\n<p>\r\n\r\n<\/p>\r\n<p>Hydraulikkpumper utf\u00f8rer viktige funksjoner som muliggj\u00f8r drift av hydrauliske systemer, blant annet<\/p>\r\n<p>\r\n\r\n<\/p>\r\n<ul class=\"wp-block-list\">\r\n<li><strong>Generering av v\u00e6skestr\u00f8m<\/strong>: Skaper en kontinuerlig str\u00f8m av hydraulikkv\u00e6ske for \u00e5 drive hydraulikksylindere, motorer og aktuatorer.<\/li>\r\n\r\n\r\n\r\n<li><strong>Generering av trykk<\/strong>: Oppbygging av trykk i systemet for \u00e5 utf\u00f8re arbeidsoppgaver som \u00e5 l\u00f8fte tunge laster eller betjene maskiner.<\/li>\r\n\r\n\r\n\r\n<li><strong>Retningsbestemt kontroll<\/strong>: Regulering av v\u00e6skestr\u00f8mmens retning for \u00e5 muliggj\u00f8re presise bevegelser og kontroll i utstyr.<\/li>\r\n<\/ul>\r\n<p>\r\n\r\n<\/p>\r\n<h4 class=\"wp-block-heading\">Tips om vedlikehold\u00a0<\/h4>\r\n<p>\r\n\r\n<\/p>\r\n<p>Riktig vedlikehold er n\u00f8kkelen til \u00e5 sikre lang levetid og p\u00e5litelighet for hydrauliske pumper. Her er noen viktige vedlikeholdstips du b\u00f8r vurdere:<\/p>\r\n<p>\r\n\r\n<\/p>\r\n<ul class=\"wp-block-list\">\r\n<li><strong>Regelmessig inspeksjon<\/strong>: Se etter tegn p\u00e5 slitasje, lekkasjer eller skader p\u00e5 pumpekomponentene, og ta tak i eventuelle problemer umiddelbart.<\/li>\r\n\r\n\r\n\r\n<li><strong>V\u00e6skekvalitet<\/strong>: Overv\u00e5k tilstanden og niv\u00e5et p\u00e5 hydraulikkv\u00e6sken, og skift ut eller fyll p\u00e5 v\u00e6ske etter behov for \u00e5 opprettholde optimal ytelse.<\/li>\r\n\r\n\r\n\r\n<li><strong>Filtrering<\/strong>: Bruk filtre av h\u00f8y kvalitet for \u00e5 fjerne forurensninger fra hydraulikkv\u00e6sken og forhindre skade p\u00e5 pumpekomponenter.<\/li>\r\n\r\n\r\n\r\n<li><strong>Sm\u00f8ring<\/strong>: Sm\u00f8r bevegelige deler p\u00e5 riktig m\u00e5te for \u00e5 redusere friksjon og slitasje og forlenge pumpens levetid.<\/li>\r\n\r\n\r\n\r\n<li><strong>Vedlikehold av tetninger<\/strong>: Inspiser og skift ut tetninger og O-ringer regelmessig for \u00e5 forhindre lekkasjer og sikre hydraulikksystemets integritet.<\/li>\r\n<\/ul>\r\n<p>\r\n\r\n<\/p>\r\n<h2 class=\"wp-block-heading\">Konklusjon<\/h2>\r\n<p>\r\n\r\n<\/p>\r\n<p>Hydraulikkpumper er integrerte komponenter i hydrauliske systemer og s\u00f8rger for den kraften og kontrollen som er n\u00f8dvendig for drift av maskiner og utstyr. For \u00e5 maksimere ytelsen, effektiviteten og levetiden er det avgj\u00f8rende \u00e5 forst\u00e5 komponentene, funksjonene og vedlikeholdskravene til hydrauliske pumper. Ved \u00e5 f\u00f8lge riktige vedlikeholdsrutiner og ta tak i problemer proaktivt kan bedrifter sikre at hydraulikksystemene fungerer problemfritt og minimere nedetid. Ved \u00e5 r\u00e5df\u00f8re seg med hydraulikkspesialister for vedlikeholds- og reparasjonstjenester kan man ytterligere forbedre p\u00e5liteligheten og levetiden til hydrauliske pumpesystemer.<\/p>","protected":false},"excerpt":{"rendered":"<p><strong><b>Del<\/b><\/strong> #: 708-27-02025 708-27-02024<br \/><strong><b>Lag<\/b><\/strong>:Komatsu <br \/><strong><b>Modell<\/b><\/strong>: PC400LC-3<br \/><strong><b>Tilstand<\/b><\/strong>: Ny<\/p>","protected":false},"featured_media":4307,"template":"","meta":[],"product_brand":[],"product_cat":[382],"product_tag":[],"class_list":{"0":"post-4303","1":"product","2":"type-product","3":"status-publish","4":"has-post-thumbnail","6":"product_cat-komatsu-hydraulic-pumps","8":"first","9":"instock","10":"shipping-taxable","11":"product-type-simple"},"_links":{"self":[{"href":"https:\/\/swingbearing.net\/nb\/wp-json\/wp\/v2\/product\/4303","targetHints":{"allow":["GET"]}}],"collection":[{"href":"https:\/\/swingbearing.net\/nb\/wp-json\/wp\/v2\/product"}],"about":[{"href":"https:\/\/swingbearing.net\/nb\/wp-json\/wp\/v2\/types\/product"}],"wp:featuredmedia":[{"embeddable":true,"href":"https:\/\/swingbearing.net\/nb\/wp-json\/wp\/v2\/media\/4307"}],"wp:attachment":[{"href":"https:\/\/swingbearing.net\/nb\/wp-json\/wp\/v2\/media?parent=4303"}],"wp:term":[{"taxonomy":"product_brand","embeddable":true,"href":"https:\/\/swingbearing.net\/nb\/wp-json\/wp\/v2\/product_brand?post=4303"},{"taxonomy":"product_cat","embeddable":true,"href":"https:\/\/swingbearing.net\/nb\/wp-json\/wp\/v2\/product_cat?post=4303"},{"taxonomy":"product_tag","embeddable":true,"href":"https:\/\/swingbearing.net\/nb\/wp-json\/wp\/v2\/product_tag?post=4303"}],"curies":[{"name":"wp","href":"https:\/\/api.w.org\/{rel}","templated":true}]}}