{"id":3928,"date":"2024-06-05T07:45:16","date_gmt":"2024-06-05T07:45:16","guid":{"rendered":"https:\/\/swingbearing.net\/product\/volvo-swing-bearing-ec140b-voe14520561-slewing-ring-bearing\/"},"modified":"2024-06-05T14:47:56","modified_gmt":"2024-06-05T14:47:56","slug":"volvo-swing-bearing-ec140b-voe14520561-slewing-ring","status":"publish","type":"product","link":"https:\/\/swingbearing.net\/nb\/produkt\/volvo-swing-bearing-ec140b-voe14520561-slewing-ring\/","title":{"rendered":"Svinglager VOE14520561 for VOLVO EC140B"},"content":{"rendered":"<h2 style=\"text-align: center;\">Utskifting av VOLVO svinglager<\/h2>\r\n<figure class=\"wp-block-table\" style=\"font-size: 12px;\">\r\n<table>\r\n<tbody>\r\n<tr>\r\n<td>Gravemaskinens modellnummer<\/td>\r\n<td>Delenummer<\/td>\r\n<td>Gravemaskinens modellnummer<\/td>\r\n<td>Delenummer<\/td>\r\n<\/tr>\r\n<tr>\r\n<td>EC160B EC180B\/C\/D<\/td>\r\n<td>14577175<\/td>\r\n<td>EC210LC<\/td>\r\n<td>1155-00061<\/td>\r\n<\/tr>\r\n<tr>\r\n<td>EC160B EC180B\/C\/D<\/td>\r\n<td>14577176<\/td>\r\n<td>EC210LC<\/td>\r\n<td>14563328<\/td>\r\n<\/tr>\r\n<tr>\r\n<td>EC160B EC180B\/C\/D<\/td>\r\n<td>14563341<\/td>\r\n<td>EC240BLC<\/td>\r\n<td>14575267<\/td>\r\n<\/tr>\r\n<tr>\r\n<td>EC160B EC180B\/C\/D<\/td>\r\n<td>14563342<\/td>\r\n<td>EC240BLC<\/td>\r\n<td>14563334<\/td>\r\n<\/tr>\r\n<tr>\r\n<td>EC140 CLM<\/td>\r\n<td>14563340<\/td>\r\n<td>EC240BLC<\/td>\r\n<td>SA1155-00040<\/td>\r\n<\/tr>\r\n<tr>\r\n<td>EC140B LC<\/td>\r\n<td>Serie-V20400<\/td>\r\n<td>EC240BNLC<\/td>\r\n<td>14520572<\/td>\r\n<\/tr>\r\n<tr>\r\n<td>EC140CL<\/td>\r\n<td>SA1055-01461<\/td>\r\n<td>EC290<\/td>\r\n<td>14570794<\/td>\r\n<\/tr>\r\n<tr>\r\n<td>EC140CL<\/td>\r\n<td>VOE14520561<\/td>\r\n<td>EC290BLC<\/td>\r\n<td>14563335<\/td>\r\n<\/tr>\r\n<tr>\r\n<td>EC180B LC<\/td>\r\n<td>VOE14520569<\/td>\r\n<td>EC290B<\/td>\r\n<td>14563335<\/td>\r\n<\/tr>\r\n<tr>\r\n<td>EC210<\/td>\r\n<td>SA1155-00061<\/td>\r\n<td>EC290B<\/td>\r\n<td>14520573<\/td>\r\n<\/tr>\r\n<tr>\r\n<td>EC210BLC<\/td>\r\n<td>14563343<\/td>\r\n<td>EX300-3C<\/td>\r\n<td>9112188<\/td>\r\n<\/tr>\r\n<tr>\r\n<td>EC210BLC<\/td>\r\n<td>14647522<\/td>\r\n<td>EC360BLC<\/td>\r\n<td>14563350<\/td>\r\n<\/tr>\r\n<tr>\r\n<td>EC210 2005<\/td>\r\n<td>EC210V13948<\/td>\r\n<td>EC390<\/td>\r\n<td>14647527<\/td>\r\n<\/tr>\r\n<tr>\r\n<td>EC210B<\/td>\r\n<td>14563327<\/td>\r\n<td>EC460BLC<\/td>\r\n<td>14507709<\/td>\r\n<\/tr>\r\n<tr>\r\n<td>EC210B<\/td>\r\n<td>14505766<\/td>\r\n<td>EC460<\/td>\r\n<td>14559204<\/td>\r\n<\/tr>\r\n<tr>\r\n<td>EC210BLC<\/td>\r\n<td>14577178<\/td>\r\n<td>EC480DL<\/td>\r\n<td>14559204<\/td>\r\n<\/tr>\r\n<tr>\r\n<td>EC210<\/td>\r\n<td>14647523<\/td>\r\n<td>EC700BLC<\/td>\r\n<td>14559205<\/td>\r\n<\/tr>\r\n<tr>\r\n<td>EC210BNC<\/td>\r\n<td>14530323<\/td>\r\n<td>\u00a0<\/td>\r\n<td>\u00a0<\/td>\r\n<\/tr>\r\n<\/tbody>\r\n<\/table>\r\n<p><img decoding=\"async\" class=\"alignnone wp-image-2788 size-full\" src=\"https:\/\/swingbearing.net\/wp-content\/uploads\/2024\/05\/777.jpg\" alt=\"svingkranslager\" width=\"1980\" height=\"700\" srcset=\"https:\/\/swingbearing.net\/wp-content\/uploads\/2024\/05\/777.jpg 1980w, https:\/\/swingbearing.net\/wp-content\/uploads\/2024\/05\/777-300x106.jpg 300w, https:\/\/swingbearing.net\/wp-content\/uploads\/2024\/05\/777-1024x362.jpg 1024w, https:\/\/swingbearing.net\/wp-content\/uploads\/2024\/05\/777-768x272.jpg 768w, https:\/\/swingbearing.net\/wp-content\/uploads\/2024\/05\/777-1536x543.jpg 1536w, https:\/\/swingbearing.net\/wp-content\/uploads\/2024\/05\/777-18x6.jpg 18w, https:\/\/swingbearing.net\/wp-content\/uploads\/2024\/05\/777-600x212.jpg 600w\" sizes=\"(max-width: 1980px) 100vw, 1980px\" \/><\/p>\r\n<p>&nbsp;<\/p>\r\n<\/figure>\r\n\r\n<p><\/p>\r\n<h3 class=\"wp-block-heading\"><\/h3>\r\n<p>Gravemaskiner er uunnv\u00e6rlige innen bygg og anlegg, gruvedrift og skogbruk. En n\u00f8kkelkomponent som s\u00f8rger for effektiv drift, er svinglageret. Denne artikkelen tar for seg viktigheten, oppbygningen, typene, vedlikeholdet og vanlige problemer med svinglagre for gravemaskiner.<\/p>\r\n<h3 class=\"wp-block-heading\">\r\n\r\n<\/h3>\r\n<h2 class=\"wp-block-heading\">Forst\u00e5else av svinglager for gravemaskiner<\/h2>\r\n<h3 class=\"wp-block-heading\">\r\n\r\n<\/h3>\r\n<p>Et svinglager for gravemaskiner, ogs\u00e5 kjent som svingring eller svinglager, gj\u00f8r at den \u00f8vre strukturen kan rotere 360 grader. Denne rotasjonen er avgj\u00f8rende for graving, flytting og lossing av materialer. Lageret st\u00f8tter aksial-, radial- og momentbelastninger, noe som gj\u00f8r det avgj\u00f8rende for maskinen.<\/p>\r\n<h3 class=\"wp-block-heading\">\r\n\r\n<\/h3>\r\n<h2 class=\"wp-block-heading\">Oppbygging av en gravemaskins svinglager<\/h2>\r\n<h3 class=\"wp-block-heading\">\r\n\r\n<\/h3>\r\n<p>Et svinglager for gravemaskiner best\u00e5r av:<\/p>\r\n<h3 class=\"wp-block-heading\">\r\n\r\n<\/h3>\r\n<ul class=\"wp-block-list\">\r\n<li>Indre og ytre ringer: Laget av h\u00f8yfast st\u00e5l for \u00e5 t\u00e5le store belastninger.<\/li>\r\n\r\n\r\n\r\n<li>Rullende elementer: Kuler eller ruller som muliggj\u00f8r jevn rotasjon.<\/li>\r\n\r\n\r\n\r\n<li>Bur: S\u00f8rg for jevn avstand mellom rullende elementer.<\/li>\r\n\r\n\r\n\r\n<li>Tetninger: Beskytt lageret mot smuss, vann og rusk.<\/li>\r\n<\/ul>\r\n<h3 class=\"wp-block-heading\">\r\n\r\n<\/h3>\r\n<h2 class=\"wp-block-heading\">Typer svinglager for gravemaskiner<\/h2>\r\n<h3 class=\"wp-block-heading\">\r\n\r\n<\/h3>\r\n<h4 class=\"wp-block-heading\">Svinglager finnes i forskjellige utf\u00f8relser:<\/h4>\r\n<h3 class=\"wp-block-heading\">\r\n\r\n<\/h3>\r\n<ul class=\"wp-block-list\">\r\n<li>Enradet kulelager: Balanserer belastningskapasitet og rotasjonshastighet.<\/li>\r\n\r\n\r\n\r\n<li>Dobbeltradet kulelager: Gir h\u00f8yere belastningskapasitet for st\u00f8rre gravemaskiner.<\/li>\r\n\r\n\r\n\r\n<li>Kryssede rullelagre: H\u00e5ndterer tunge aksiale og radiale belastninger samtidig.<\/li>\r\n\r\n\r\n\r\n<li>Treradede rullelagre: Gir maksimal lastekapasitet for robuste gravemaskiner.<\/li>\r\n<\/ul>\r\n<h3 class=\"wp-block-heading\">\r\n\r\n<\/h3>\r\n<h2 class=\"wp-block-heading\">Viktigheten av svinglager i gravemaskiner<\/h2>\r\n<h3 class=\"wp-block-heading\">\r\n\r\n<\/h3>\r\n<p>Svinglagrene s\u00f8rger for jevn lastfordeling og opprettholder gravemaskinens strukturelle integritet. De gir mulighet for 360-graders rotasjon, noe som \u00f8ker driftseffektiviteten p\u00e5 trange steder. Holdbarheten reduserer nedetid og vedlikeholdskostnader.<\/p>\r\n<h3 class=\"wp-block-heading\">\r\n\r\n<\/h3>\r\n<h2 class=\"wp-block-heading\">Vedlikehold av svinglager for gravemaskiner<\/h2>\r\n<h3 class=\"wp-block-heading\">\r\n\r\n<\/h3>\r\n<h4 class=\"wp-block-heading\">Riktig vedlikehold inkluderer:<\/h4>\r\n<h3 class=\"wp-block-heading\">\r\n\r\n<\/h3>\r\n<ul class=\"wp-block-list\">\r\n<li>Regelmessige inspeksjoner: Se etter slitasje, korrosjon eller skader.<\/li>\r\n\r\n\r\n\r\n<li>Sm\u00f8ring: Reduserer friksjon og forebygger slitasje.<\/li>\r\n\r\n\r\n\r\n<li>Forseglingens integritet: S\u00f8rg for at forseglingene er intakte for \u00e5 hindre kontaminering.<\/li>\r\n\r\n\r\n\r\n<li>Lasth\u00e5ndtering: Unng\u00e5 overbelastning av gravemaskinen.<\/li>\r\n\r\n\r\n\r\n<li>Justering: S\u00f8rg for riktig innretting for \u00e5 unng\u00e5 ujevn slitasje.<\/li>\r\n<\/ul>\r\n<h3 class=\"wp-block-heading\">\r\n\r\n<\/h3>\r\n<h3 class=\"wp-block-heading\">Vanlige problemer med svinglager<\/h3>\r\n<h3 class=\"wp-block-heading\">\r\n\r\n<\/h3>\r\n<p>Vanlige problemer inkluderer:<\/p>\r\n<h3 class=\"wp-block-heading\">\r\n\r\n<\/h3>\r\n<ul class=\"wp-block-list\">\r\n<li>Slitasje og slitasje: For\u00e5rsaket av kontinuerlig drift og tung belastning.<\/li>\r\n\r\n\r\n\r\n<li>Forurensning: Smuss, vann og rusk som kommer inn i lageret.<\/li>\r\n\r\n\r\n\r\n<li>Korrosjon: P\u00e5 grunn av fuktighet og t\u00f8ffe forhold.<\/li>\r\n\r\n\r\n\r\n<li>Feil innretting: Skyldes feil installasjon eller strukturelle problemer.<\/li>\r\n<\/ul>\r\n<h3 class=\"wp-block-heading\">\r\n\r\n<\/h3>\r\n<h2 class=\"wp-block-heading\">Konklusjon<\/h2>\r\n<h3 class=\"wp-block-heading\">\r\n\r\n<\/h3>\r\n<p><a href=\"https:\/\/swingbearing.net\/nb\/excavator-swing-bearing\/\">Svinglager for gravemaskiner<\/a> er avgj\u00f8rende for gravemaskiners funksjonalitet og effektivitet. For \u00e5 oppn\u00e5 optimal ytelse er det viktig \u00e5 forst\u00e5 lagrenes oppbygning, typer, betydning, vedlikehold og vanlige problemer. Riktig vedlikehold og rettidig probleml\u00f8sning kan forlenge levetiden og p\u00e5liteligheten til disse lagrene, og dermed \u00f8ke produktiviteten.<\/p>\r\n<p><\/p>","protected":false},"excerpt":{"rendered":"<p><strong><b>Del<\/b><\/strong> #: VOE14520561<br \/><strong><b>Lag<\/b><\/strong>:VOLVO<br \/><strong><b>Modell<\/b><\/strong>: EC140B<br \/><strong><b>Tilstand<\/b><\/strong>: Ny<\/p>","protected":false},"featured_media":2928,"template":"","meta":[],"product_brand":[],"product_cat":[68],"product_tag":[],"class_list":{"0":"post-3928","1":"product","2":"type-product","3":"status-publish","4":"has-post-thumbnail","6":"product_cat-volvo-excavator-swing-bearing","8":"first","9":"instock","10":"shipping-taxable","11":"product-type-simple"},"_links":{"self":[{"href":"https:\/\/swingbearing.net\/nb\/wp-json\/wp\/v2\/product\/3928","targetHints":{"allow":["GET"]}}],"collection":[{"href":"https:\/\/swingbearing.net\/nb\/wp-json\/wp\/v2\/product"}],"about":[{"href":"https:\/\/swingbearing.net\/nb\/wp-json\/wp\/v2\/types\/product"}],"wp:featuredmedia":[{"embeddable":true,"href":"https:\/\/swingbearing.net\/nb\/wp-json\/wp\/v2\/media\/2928"}],"wp:attachment":[{"href":"https:\/\/swingbearing.net\/nb\/wp-json\/wp\/v2\/media?parent=3928"}],"wp:term":[{"taxonomy":"product_brand","embeddable":true,"href":"https:\/\/swingbearing.net\/nb\/wp-json\/wp\/v2\/product_brand?post=3928"},{"taxonomy":"product_cat","embeddable":true,"href":"https:\/\/swingbearing.net\/nb\/wp-json\/wp\/v2\/product_cat?post=3928"},{"taxonomy":"product_tag","embeddable":true,"href":"https:\/\/swingbearing.net\/nb\/wp-json\/wp\/v2\/product_tag?post=3928"}],"curies":[{"name":"wp","href":"https:\/\/api.w.org\/{rel}","templated":true}]}}