{"id":3387,"date":"2024-05-27T09:08:39","date_gmt":"2024-05-27T09:08:39","guid":{"rendered":"https:\/\/swingbearing.net\/product\/hyundai-r320lc-7-excavator-swing-bearing-81n9-00021-slewing-ring\/"},"modified":"2024-05-28T03:27:55","modified_gmt":"2024-05-28T03:27:55","slug":"hyundai-r320lc-7-excavator-swing-bearing-81n9-00021-slewing-ring","status":"publish","type":"product","link":"https:\/\/swingbearing.net\/nb\/produkt\/hyundai-r320lc-7-excavator-swing-bearing-81n9-00021-slewing-ring\/","title":{"rendered":"Svinglager 81N9-00021 for HYUNDAI R320LC-7"},"content":{"rendered":"<h2 style=\"text-align: center;\">HYUNDAI Parametere for svinglager<\/h2>\n<div class=\"bde-rich-text-243-405 bde-rich-text breakdance-rich-text-styles\">\n<figure class=\"wp-block-table\">\n<table>\n<tbody>\n<tr>\n<td>Modell<\/td>\n<td>Delnummer<\/td>\n<td>Utvendig diameter<\/td>\n<td>Innvendig diameter<\/td>\n<td>Total h\u00f8yde<\/td>\n<td>Ytre h\u00f8yde<\/td>\n<td>Indre h\u00f8yde<\/td>\n<td>Parametere for ytre hull<\/td>\n<td>Parametere for indre hull<\/td>\n<td>Antall tenner<\/td>\n<\/tr>\n<tr>\n<td>R140LC-7<\/td>\n<td>81N4-01020<\/td>\n<td>1196<\/td>\n<td>963<\/td>\n<td>90<\/td>\n<td>79<\/td>\n<td>80<\/td>\n<td>36-\u03c619<\/td>\n<td>36-M16*1.5<\/td>\n<td>98<\/td>\n<\/tr>\n<tr>\n<td>R210LC-3<\/td>\n<td>81EM-00020<\/td>\n<td>1202<\/td>\n<td>945<\/td>\n<td>84<\/td>\n<td>75<\/td>\n<td>70<\/td>\n<td>36<\/td>\n<td>36<\/td>\n<td>80<\/td>\n<\/tr>\n<tr>\n<td>R170W-7<\/td>\n<td>81EM-00021<\/td>\n<td>1202<\/td>\n<td>947<\/td>\n<td>83<\/td>\n<td>75<\/td>\n<td>70<\/td>\n<td>36-\u03c622<\/td>\n<td>36-M20*1.5<\/td>\n<td>80<\/td>\n<\/tr>\n<tr>\n<td>R180W-9S<\/td>\n<td>81EM-00021GG<\/td>\n<td>1202<\/td>\n<td>947<\/td>\n<td>83<\/td>\n<td>75<\/td>\n<td>70<\/td>\n<td>36-\u03c622<\/td>\n<td>36-M20*1.5<\/td>\n<td>80<\/td>\n<\/tr>\n<tr>\n<td>R200W-7<\/td>\n<td>81EM-00021GG<\/td>\n<td>1327<\/td>\n<td>1083<\/td>\n<td>110<\/td>\n<td>89<\/td>\n<td>94<\/td>\n<td>30-\u03c622<\/td>\n<td>36-M20<\/td>\n<td>92<\/td>\n<\/tr>\n<tr>\n<td>R210-7<\/td>\n<td>81N6-00023BG<\/td>\n<td>1327<\/td>\n<td>1084<\/td>\n<td>110<\/td>\n<td>89<\/td>\n<td>94<\/td>\n<td>30-\u03c622<\/td>\n<td>36-M20<\/td>\n<td>92<\/td>\n<\/tr>\n<tr>\n<td>R210LC-7<\/td>\n<td>81N6-01020<\/td>\n<td>1326<\/td>\n<td>1084<\/td>\n<td>110<\/td>\n<td>89<\/td>\n<td>94<\/td>\n<td>30-\u03c622<\/td>\n<td>36-M20<\/td>\n<td>92<\/td>\n<\/tr>\n<tr>\n<td>R210-7<\/td>\n<td>81N6-00022<\/td>\n<td>1326<\/td>\n<td>1084<\/td>\n<td>110<\/td>\n<td>89<\/td>\n<td>94<\/td>\n<td>30-\u03c622<\/td>\n<td>36-M20<\/td>\n<td>92<\/td>\n<\/tr>\n<tr>\n<td>R210-7<\/td>\n<td>81N6-00021<\/td>\n<td>1326<\/td>\n<td>1084<\/td>\n<td>110<\/td>\n<td>89<\/td>\n<td>94<\/td>\n<td>30-\u03c622<\/td>\n<td>36-M20<\/td>\n<td>92<\/td>\n<\/tr>\n<tr>\n<td>R210LC7<\/td>\n<td>31N 812020<\/td>\n<td>1326<\/td>\n<td>1084<\/td>\n<td>110<\/td>\n<td>89<\/td>\n<td>94<\/td>\n<td>30-\u03a622<\/td>\n<td>36-M20<\/td>\n<td>92<\/td>\n<\/tr>\n<tr>\n<td>R210W-9S<\/td>\n<td>81Q5-01020<\/td>\n<td>1327<\/td>\n<td>1083<\/td>\n<td>110<\/td>\n<td>89<\/td>\n<td>94<\/td>\n<td>30-\u03c622<\/td>\n<td>36-M20<\/td>\n<td>92<\/td>\n<\/tr>\n<tr>\n<td>R210W-9S<\/td>\n<td>81Q5-01021<\/td>\n<td>1327<\/td>\n<td>1083<\/td>\n<td>110<\/td>\n<td>89<\/td>\n<td>94<\/td>\n<td>30-\u03c622<\/td>\n<td>36-M20<\/td>\n<td>92<\/td>\n<\/tr>\n<tr>\n<td>R220LC-9S<\/td>\n<td>81Q6-00020<\/td>\n<td>1326<\/td>\n<td>1084<\/td>\n<td>110<\/td>\n<td>89<\/td>\n<td>94<\/td>\n<td>30-\u03c622<\/td>\n<td>36-M20<\/td>\n<td>92<\/td>\n<\/tr>\n<tr>\n<td>R220LC-9S<\/td>\n<td>81Q6-01020<\/td>\n<td>1326<\/td>\n<td>1084<\/td>\n<td>110<\/td>\n<td>89<\/td>\n<td>94<\/td>\n<td>30-\u03c622<\/td>\n<td>36-M20<\/td>\n<td>92<\/td>\n<\/tr>\n<tr>\n<td>R220LC-9S<\/td>\n<td>81Q6-01021<\/td>\n<td>1326<\/td>\n<td>1084<\/td>\n<td>110<\/td>\n<td>89<\/td>\n<td>94<\/td>\n<td>30-\u03c622<\/td>\n<td>36-M20<\/td>\n<td>92<\/td>\n<\/tr>\n<tr>\n<td>R220LC-9S<\/td>\n<td>81Q6-00021<\/td>\n<td>1326<\/td>\n<td>1084<\/td>\n<td>110<\/td>\n<td>89<\/td>\n<td>94<\/td>\n<td>30-\u03c622<\/td>\n<td>36-M20<\/td>\n<td>92<\/td>\n<\/tr>\n<tr>\n<td>R250LC-7<\/td>\n<td>81EN-00052<\/td>\n<td>1410<\/td>\n<td>1131<\/td>\n<td>120<\/td>\n<td>88<\/td>\n<td>110<\/td>\n<td>34-\u03c623<\/td>\n<td>36-M20<\/td>\n<td>82<\/td>\n<\/tr>\n<tr>\n<td>290LC-7<\/td>\n<td>81N8-0003<\/td>\n<td>1526<\/td>\n<td>1235<\/td>\n<td>123<\/td>\n<td>97<\/td>\n<td>110<\/td>\n<td>38-\u03c626<\/td>\n<td>40-M24<\/td>\n<td>90<\/td>\n<\/tr>\n<tr>\n<td>R290<\/td>\n<td>81N8-00021<\/td>\n<td>1526<\/td>\n<td>1235<\/td>\n<td>122<\/td>\n<td>87<\/td>\n<td>110<\/td>\n<td>37-\u042426<\/td>\n<td>40-M24<\/td>\n<td>90<\/td>\n<\/tr>\n<tr>\n<td>R290<\/td>\n<td>81N8-00022<\/td>\n<td>1526<\/td>\n<td>1235<\/td>\n<td>122<\/td>\n<td>87<\/td>\n<td>110<\/td>\n<td>37-\u042426<\/td>\n<td>40-M24<\/td>\n<td>90<\/td>\n<\/tr>\n<tr>\n<td>R290LC 7A<\/td>\n<td>4921797<\/td>\n<td>1526<\/td>\n<td>1235<\/td>\n<td>123<\/td>\n<td>97<\/td>\n<td>110<\/td>\n<td>38-\u03c626<\/td>\n<td>40-M24<\/td>\n<td>90<\/td>\n<\/tr>\n<tr>\n<td>R290LC-7<\/td>\n<td>81N8-00023<\/td>\n<td>1526<\/td>\n<td>1235<\/td>\n<td>123<\/td>\n<td>97<\/td>\n<td>110<\/td>\n<td>38-\u03c626<\/td>\n<td>40-M24<\/td>\n<td>90<\/td>\n<\/tr>\n<tr>\n<td>R290LC-7A<\/td>\n<td>81N8-00024GG<\/td>\n<td>1526<\/td>\n<td>1235<\/td>\n<td>122<\/td>\n<td>97<\/td>\n<td>110<\/td>\n<td>38-\u03c626<\/td>\n<td>40-M24<\/td>\n<td>90<\/td>\n<\/tr>\n<tr>\n<td>R320-7<\/td>\n<td>81N9-01020<\/td>\n<td>1526<\/td>\n<td>1235<\/td>\n<td>122<\/td>\n<td>97<\/td>\n<td>110<\/td>\n<td>38-\u042426<\/td>\n<td>40-M24<\/td>\n<td>90<\/td>\n<\/tr>\n<tr>\n<td>R320LC-7<\/td>\n<td>81N9-01021<\/td>\n<td>1526<\/td>\n<td>1235<\/td>\n<td>122<\/td>\n<td>97<\/td>\n<td>110<\/td>\n<td>38-\u042426<\/td>\n<td>40-M24<\/td>\n<td>90<\/td>\n<\/tr>\n<tr>\n<td>R320LC-7<\/td>\n<td>81N9-01022<\/td>\n<td>1526<\/td>\n<td>1235<\/td>\n<td>122<\/td>\n<td>97<\/td>\n<td>110<\/td>\n<td>38-\u042426<\/td>\n<td>40-M24<\/td>\n<td>90<\/td>\n<\/tr>\n<tr>\n<td>R320LC-7<\/td>\n<td>81n9-01022 BG<\/td>\n<td>1526<\/td>\n<td>1235<\/td>\n<td>122<\/td>\n<td>97<\/td>\n<td>110<\/td>\n<td>38-\u042426<\/td>\n<td>40-M24<\/td>\n<td>90<\/td>\n<\/tr>\n<tr>\n<td>R320LC-7<\/td>\n<td>81N9-00021<\/td>\n<td>1526<\/td>\n<td>1235<\/td>\n<td>122<\/td>\n<td>97<\/td>\n<td>110<\/td>\n<td>38<\/td>\n<td>40<\/td>\n<td>90<\/td>\n<\/tr>\n<tr>\n<td>R360LC-7<\/td>\n<td>81NA-01020<\/td>\n<td>1550<\/td>\n<td>1250<\/td>\n<td><\/td>\n<td>108<\/td>\n<td>140<\/td>\n<td>35<\/td>\n<td>40<\/td>\n<td>106<\/td>\n<\/tr>\n<tr>\n<td>R360LC-7<\/td>\n<td>81NA-01022GG<\/td>\n<td>1550<\/td>\n<td>1250<\/td>\n<td>152<\/td>\n<td>108<\/td>\n<td>140<\/td>\n<td>35<\/td>\n<td>40<\/td>\n<td>106<\/td>\n<\/tr>\n<tr>\n<td>R360LC-7A<\/td>\n<td>81NA-01021BG<\/td>\n<td>1550<\/td>\n<td>1250<\/td>\n<td>152<\/td>\n<td>108<\/td>\n<td>140<\/td>\n<td>35<\/td>\n<td>40<\/td>\n<td>106<\/td>\n<\/tr>\n<\/tbody>\n<\/table>\n<\/figure>\n<\/div>\n<h3>Introduksjon til svinglager for gravemaskiner<\/h3>\n<p>Gravemaskiner er uunnv\u00e6rlige verkt\u00f8y for en lang rekke anleggs- og graveoppgaver. En av de kritiske komponentene som bidrar til deres eksepsjonelle ytelse, er svinglageret. Denne viktige komponenten spiller en avgj\u00f8rende rolle for at gravemaskinens \u00f8vre struktur skal kunne rotere jevnt og effektivt.<\/p>\n<p>Svinglageret er et stort, sirkul\u00e6rt lager som er plassert i bunnen av gravemaskinens overdel. Det gir en overflate med lav friksjon som gj\u00f8r at den \u00f8vre strukturen kan rotere fritt p\u00e5 den nedre strukturen. Denne rotasjonen er avgj\u00f8rende for at gravemaskinen skal kunne utf\u00f8re sine prim\u00e6re funksjoner, som graving, gr\u00f8ftegraving og materialh\u00e5ndtering.<\/p>\n<p>Utformingen av svinglageret er avgj\u00f8rende for gravemaskinens samlede ytelse. Det m\u00e5 t\u00e5le de enorme belastningene og kreftene som genereres under drift. Disse belastningene omfatter vekten av den \u00f8vre strukturen, gravekreftene og treghetskreftene som oppst\u00e5r under akselerasjon og retardasjon.<\/p>\n<p>For \u00e5 oppfylle disse kravene er svinglagre vanligvis konstruert av h\u00f8yfaste materialer, for eksempel smidd st\u00e5l eller st\u00f8pejern. De er ogs\u00e5 utstyrt med flere rader med rullende elementer, som fordeler belastningen og reduserer friksjonen. Rulleelementene er vanligvis laget av herdet st\u00e5l eller keramiske materialer for \u00e5 sikre holdbarhet og lang levetid.<\/p>\n<p>Riktig vedlikehold av svinglagrene er avgj\u00f8rende for \u00e5 sikre optimal ytelse og lang levetid for gravemaskinen. Regelmessig sm\u00f8ring er avgj\u00f8rende for \u00e5 forebygge slitasje og forlenge lagerets levetid. I tillegg b\u00f8r det utf\u00f8res periodiske inspeksjoner for \u00e5 avdekke tegn p\u00e5 skader eller overdreven slitasje.<\/p>\n<p>N\u00e5r du skal velge svinglager til en gravemaskin, er det viktig \u00e5 ta hensyn til de spesifikke kravene som stilles til bruksomr\u00e5det. Faktorer som gravemaskinens st\u00f8rrelse, vekt og tiltenkt bruk b\u00f8r tas med i betraktningen. Det anbefales ogs\u00e5 \u00e5 r\u00e5df\u00f8re seg med produsenten av gravemaskinen eller en kvalifisert lagerleverand\u00f8r for \u00e5 sikre riktig valg og installasjon av lageret.<\/p>\n<p>Konklusjonen er at svinglageret er en kritisk komponent som spiller en avgj\u00f8rende rolle for gravemaskinens ytelse og effektivitet. Ved \u00e5 forst\u00e5 svinglagrenes utforming, funksjon og vedlikeholdskrav kan maskinf\u00f8rere og vedlikeholdspersonell s\u00f8rge for at gravemaskinene deres fungerer optimalt i mange \u00e5r fremover.<\/p>\n<h4><a href=\"https:\/\/swingbearing.net\/nb\/swing-bearing\/\">Hyundai svinglager<\/a><\/h4>\n<p>Hyundai er et velkjent merke i anleggsmaskinindustrien, og leverer kvalitetsmaskiner og reservedeler til gravemaskiner. Hyundais svinglager til gravemaskiner er designet for \u00e5 gi holdbarhet, presisjon og ytelse, noe som gj\u00f8r det til et ideelt valg for eiere og operat\u00f8rer av gravemaskiner.<\/p>\n<p>Svinglageret fra Hyundai er tilgjengelig for et bredt spekter av gravemaskinmodeller, inkludert R55, R60, R80, R130LC-3-5, R150, R190, R200, R200-5, R210, R215-7\/9, R220, R225LC-7\/9, R245, R260, R265, R290, R290LC-7, R300LC, R305LC, R330LC, R340, R375, R360LC-7, R390, R450LC, R470, R485, R500, R55-5, R60-5, R55-7, R60-7, R70-7, R80, R110LC-7, R130-5, R130-7, R140LC-7, R150LC-7, R150LC-9, R200W-7, R200, R200-3, R200-5, R210-3, R210-5, R210-5D, R220-3, R220-3, R220-5, R210-7, R210-9, R215-7, R225-7, R220-9, R225-9, R260-7, R265-7, R290-3, R300-5, R290-7, R305-7, R305-9, R320-7, R300, R350, R400, R450, R480, og R550.<\/p>","protected":false},"excerpt":{"rendered":"<p><strong><b>Del<\/b><\/strong> #: 81N9-00021<br \/>\n<strong><b>Lag<\/b><\/strong>: HYUNDAI<br \/>\n<strong><b>Modell<\/b><\/strong>:R320LC-7<br \/>\n<strong><b>Tilstand<\/b><\/strong>: Ny<\/p>","protected":false},"featured_media":3038,"template":"","meta":[],"product_brand":[],"product_cat":[66,22],"product_tag":[],"class_list":{"0":"post-3387","1":"product","2":"type-product","3":"status-publish","4":"has-post-thumbnail","6":"product_cat-hyundai-excavator-swing-bearing","7":"product_cat-swing-bearing","9":"first","10":"instock","11":"shipping-taxable","12":"product-type-simple"},"_links":{"self":[{"href":"https:\/\/swingbearing.net\/nb\/wp-json\/wp\/v2\/product\/3387","targetHints":{"allow":["GET"]}}],"collection":[{"href":"https:\/\/swingbearing.net\/nb\/wp-json\/wp\/v2\/product"}],"about":[{"href":"https:\/\/swingbearing.net\/nb\/wp-json\/wp\/v2\/types\/product"}],"wp:featuredmedia":[{"embeddable":true,"href":"https:\/\/swingbearing.net\/nb\/wp-json\/wp\/v2\/media\/3038"}],"wp:attachment":[{"href":"https:\/\/swingbearing.net\/nb\/wp-json\/wp\/v2\/media?parent=3387"}],"wp:term":[{"taxonomy":"product_brand","embeddable":true,"href":"https:\/\/swingbearing.net\/nb\/wp-json\/wp\/v2\/product_brand?post=3387"},{"taxonomy":"product_cat","embeddable":true,"href":"https:\/\/swingbearing.net\/nb\/wp-json\/wp\/v2\/product_cat?post=3387"},{"taxonomy":"product_tag","embeddable":true,"href":"https:\/\/swingbearing.net\/nb\/wp-json\/wp\/v2\/product_tag?post=3387"}],"curies":[{"name":"wp","href":"https:\/\/api.w.org\/{rel}","templated":true}]}}