{"id":2322,"date":"2024-04-12T06:49:19","date_gmt":"2024-04-12T06:49:19","guid":{"rendered":"https:\/\/swingbearing.net\/?post_type=product&#038;p=2322"},"modified":"2024-05-15T06:03:20","modified_gmt":"2024-05-15T06:03:20","slug":"swing-bearing-case-2","status":"publish","type":"product","link":"https:\/\/swingbearing.net\/nb\/produkt\/swing-bearing-case-2\/","title":{"rendered":"CASE svinglager"},"content":{"rendered":"<h2 style=\"text-align: center;\">CASE Parametere for svinglager<\/h2>\n<figure class=\"wp-block-table is-style-stripes has-small-font-size\">\n<table class=\"has-cyan-bluish-gray-background-color has-background\">\n<tbody>\n<tr>\n<td style=\"text-align: right;\">Modell<\/td>\n<td style=\"text-align: right;\">Delnummer<\/td>\n<td style=\"text-align: right;\">Utvendig diameter<\/td>\n<td style=\"text-align: right;\">Innvendig diameter<\/td>\n<td style=\"text-align: right;\">Total h\u00f8yde<\/td>\n<td style=\"text-align: right;\">Ytre h\u00f8yde<\/td>\n<td style=\"text-align: right;\">Indre h\u00f8yde<\/td>\n<td style=\"text-align: right;\">Parametere for ytre hull<\/td>\n<td style=\"text-align: right;\">Parametere for indre hull<\/td>\n<td style=\"text-align: right;\">Antall tenner<\/td>\n<\/tr>\n<tr>\n<td>CX130<\/td>\n<td>KNB10130<\/td>\n<td>1172<\/td>\n<td>972<\/td>\n<td>88<\/td>\n<td>65<\/td>\n<td>78<\/td>\n<td>28<\/td>\n<td>36<\/td>\n<td>98<\/td>\n<\/tr>\n<tr>\n<td>CX130<\/td>\n<td>KNB 11840<\/td>\n<td>1172<\/td>\n<td>973<\/td>\n<td>88<\/td>\n<td>65<\/td>\n<td>78<\/td>\n<td>28<\/td>\n<td>36<\/td>\n<td>98<\/td>\n<\/tr>\n<tr>\n<td>CX210<\/td>\n<td>KRB1347<\/td>\n<td>1330<\/td>\n<td>1094<\/td>\n<td>103<\/td>\n<td>74<\/td>\n<td>92<\/td>\n<td>31<\/td>\n<td>36<\/td>\n<td>92<\/td>\n<\/tr>\n<tr>\n<td>CX210<\/td>\n<td>KRB1603<\/td>\n<td>1330<\/td>\n<td>1094<\/td>\n<td>103<\/td>\n<td>74<\/td>\n<td>92<\/td>\n<td>31<\/td>\n<td>36<\/td>\n<td>92<\/td>\n<\/tr>\n<tr>\n<td>CX210<\/td>\n<td>KRB10160<\/td>\n<td>1330<\/td>\n<td>1093<\/td>\n<td>102<\/td>\n<td>74<\/td>\n<td>92<\/td>\n<td>31-\u03c622<\/td>\n<td>36-M20<\/td>\n<td>92<\/td>\n<\/tr>\n<tr>\n<td>CX210B<\/td>\n<td>KRB10160<\/td>\n<td>1330<\/td>\n<td>1093<\/td>\n<td>102<\/td>\n<td>74<\/td>\n<td>92<\/td>\n<td>31-\u03c622<\/td>\n<td>36-M20<\/td>\n<td>92<\/td>\n<\/tr>\n<tr>\n<td>CX210<\/td>\n<td>KRB10180<\/td>\n<td>1330<\/td>\n<td>1093<\/td>\n<td>102<\/td>\n<td>74<\/td>\n<td>92<\/td>\n<td>31-\u03c622.5<\/td>\n<td>36-M20<\/td>\n<td>92<\/td>\n<\/tr>\n<tr>\n<td>CX210B<\/td>\n<td>KRB11710<\/td>\n<td>1330<\/td>\n<td>1093<\/td>\n<td>102<\/td>\n<td>74<\/td>\n<td>92<\/td>\n<td>31-\u03c622<\/td>\n<td>36-M20<\/td>\n<td>92<\/td>\n<\/tr>\n<tr>\n<td>CX210C<\/td>\n<td>KRB11710<\/td>\n<td>1330<\/td>\n<td>1093<\/td>\n<td>102<\/td>\n<td>74<\/td>\n<td>92<\/td>\n<td>31-\u03c622<\/td>\n<td>36-M20<\/td>\n<td>92<\/td>\n<\/tr>\n<tr>\n<td>CNH E215<\/td>\n<td>72203516<\/td>\n<td>1312<\/td>\n<td>1082<\/td>\n<td>110<\/td>\n<td>79<\/td>\n<td>98<\/td>\n<td>33<\/td>\n<td>36<\/td>\n<td>110<\/td>\n<\/tr>\n<tr>\n<td>CNH E215<\/td>\n<td>87472588<\/td>\n<td>1312<\/td>\n<td>1082<\/td>\n<td>110<\/td>\n<td>79<\/td>\n<td>98<\/td>\n<td>33<\/td>\n<td>36<\/td>\n<td>110<\/td>\n<\/tr>\n<tr>\n<td>CX240<\/td>\n<td>KBB0878<\/td>\n<td>1375<\/td>\n<td>1094<\/td>\n<td>124<\/td>\n<td>88<\/td>\n<td>114<\/td>\n<td>27-\u03a626<\/td>\n<td>36-M24<\/td>\n<td>92<\/td>\n<\/tr>\n<tr>\n<td>CX240<\/td>\n<td>KBB0282<\/td>\n<td>1375<\/td>\n<td>1094<\/td>\n<td>124<\/td>\n<td>80<\/td>\n<td>114<\/td>\n<td>26-\u03c626<\/td>\n<td>36-M24<\/td>\n<td>92<\/td>\n<\/tr>\n<tr>\n<td>CX240<\/td>\n<td>KBB 10080<\/td>\n<td>1376<\/td>\n<td>1093<\/td>\n<td>125<\/td>\n<td>88<\/td>\n<td>114<\/td>\n<td>27<\/td>\n<td>36<\/td>\n<td>92<\/td>\n<\/tr>\n<tr>\n<td>CX240B<\/td>\n<td>KBB11350<\/td>\n<td>1377<\/td>\n<td>1094<\/td>\n<td>124<\/td>\n<td>88<\/td>\n<td>114<\/td>\n<td>28-26<\/td>\n<td>36-M24<\/td>\n<td>92<\/td>\n<\/tr>\n<tr>\n<td>CX460<\/td>\n<td>KTB10010<\/td>\n<td>1615<\/td>\n<td>1275<\/td>\n<td>145<\/td>\n<td>125<\/td>\n<td>135<\/td>\n<td>41-\u03a626<\/td>\n<td>46-M24<\/td>\n<td>92<\/td>\n<\/tr>\n<tr>\n<td>CX290<\/td>\n<td>KBB10100<\/td>\n<td>1615<\/td>\n<td>1274<\/td>\n<td>122<\/td>\n<td>100<\/td>\n<td>110<\/td>\n<td>41<\/td>\n<td>46<\/td>\n<td>92<\/td>\n<\/tr>\n<\/tbody>\n<\/table>\n<\/figure>\n<p>Gravemaskiner er tunge maskiner som brukes til \u00e5 grave, flytte og l\u00f8fte tunge laster i bygg- og anleggsbransjen, gruvedrift og andre bransjer. En n\u00f8kkelkomponent i en gravemaskin er svinglageret, ogs\u00e5 kjent som et svinglager, som gj\u00f8r at maskinen kan rotere 360 grader. Hvis du er p\u00e5 utkikk etter et svinglager av h\u00f8y kvalitet til din CASE-gravemaskin, trenger du ikke lete lenger enn til v\u00e5rt utvalg av produkter.<\/p>\n<p>V\u00e5rt utvalg av svinglager for CASE-gravemaskiner omfatter f\u00f8lgende modeller: CX50B, CX55, CX210, CX210B, CX240A og CX240B. Disse lagrene er spesielt utviklet for \u00e5 passe til din CASE-gravemaskin og gir jevn og p\u00e5litelig rotasjon, selv under tung belastning.<br \/>\nV\u00e5re svinglager for gravemaskiner er laget av materialer av h\u00f8y kvalitet for \u00e5 sikre maksimal holdbarhet og ytelse. Komponenter i dreieskivens lager og svingringens lagerkomponenter er maskinert med sm\u00e5 toleranser for \u00e5 sikre perfekt passform og jevn drift. I tillegg er lagrene konstruert for \u00e5 motst\u00e5 slitasje, noe som gj\u00f8r dem ideelle for krevende bruksomr\u00e5der.<\/p>\n<p>I tillegg til at de er konstruert av h\u00f8y kvalitet, er v\u00e5re CASE svinglager for gravemaskiner enkle \u00e5 installere og vedlikeholde. De er utformet for \u00e5 erstatte originaldelene fra produsenten av utstyret (OEM) uten at det kreves noen modifikasjoner, noe som gj\u00f8r installasjonen til en lek. Vi tilbyr ogs\u00e5 en rekke reservedeler til lagrene v\u00e5re, slik at du kan s\u00f8rge for at gravemaskinen din g\u00e5r problemfritt i mange \u00e5r fremover.<\/p>\n<p>V\u00e5re svinglager for gravemaskiner er en viktig komponent i svinggirsystemet i gravemaskinen din. Svinggiret, som er koblet til svinglageret, gj\u00f8r det mulig for gravemaskinen \u00e5 rotere. Gravemaskinens svinggir fungerer ogs\u00e5 sammen med svinglageret for \u00e5 sikre jevn og effektiv drift.<br \/>\nV\u00e5rt utvalg av svinglager til CASE-gravemaskiner er et utmerket valg for alle som er p\u00e5 utkikk etter p\u00e5litelige og holdbare deler av h\u00f8y kvalitet til gravemaskinen sin. V\u00e5rt utvalg av svinglager er spesielt utviklet for \u00e5 passe til din CASE-gravemaskin og gir jevn og effektiv drift, selv under tung belastning. Kontakt oss i dag for \u00e5 l\u00e6re mer om produktene v\u00e5re og hvordan vi kan hjelpe deg med \u00e5 holde gravemaskinen din i god drift.<br \/>\nVi kan tilby alternative Swing-lager for din, CAT, HITACHI, KOMATSU, KOBELCO, HYUNDAI, VOLVO, DOOSAN, DAEWOO, JCB, CASE, SUMITOMO, XCMG. det er normale og ikke-standard over 1000 hundrevis av typer du kan velge.<\/p>","protected":false},"excerpt":{"rendered":"<p><strong>Del<\/strong> #: Kbb0878<br \/>\n<strong>Lag<\/strong>: Sak<br \/>\n<strong>Modell<\/strong>: Case CX240<br \/>\nTilstand: Nytt svinglager<br \/>\n<strong>Mer<\/strong>:CX290,CX460,CX240B<br \/>\n9050B,CX210C,CX210B<\/p>","protected":false},"featured_media":2353,"template":"","meta":[],"product_brand":[],"product_cat":[22,71],"product_tag":[52],"class_list":{"0":"post-2322","1":"product","2":"type-product","3":"status-publish","4":"has-post-thumbnail","6":"product_cat-swing-bearing","7":"product_cat-case-excavator-swing-bearing","8":"product_tag-swing-bearing","10":"first","11":"instock","12":"shipping-taxable","13":"product-type-simple"},"_links":{"self":[{"href":"https:\/\/swingbearing.net\/nb\/wp-json\/wp\/v2\/product\/2322","targetHints":{"allow":["GET"]}}],"collection":[{"href":"https:\/\/swingbearing.net\/nb\/wp-json\/wp\/v2\/product"}],"about":[{"href":"https:\/\/swingbearing.net\/nb\/wp-json\/wp\/v2\/types\/product"}],"wp:featuredmedia":[{"embeddable":true,"href":"https:\/\/swingbearing.net\/nb\/wp-json\/wp\/v2\/media\/2353"}],"wp:attachment":[{"href":"https:\/\/swingbearing.net\/nb\/wp-json\/wp\/v2\/media?parent=2322"}],"wp:term":[{"taxonomy":"product_brand","embeddable":true,"href":"https:\/\/swingbearing.net\/nb\/wp-json\/wp\/v2\/product_brand?post=2322"},{"taxonomy":"product_cat","embeddable":true,"href":"https:\/\/swingbearing.net\/nb\/wp-json\/wp\/v2\/product_cat?post=2322"},{"taxonomy":"product_tag","embeddable":true,"href":"https:\/\/swingbearing.net\/nb\/wp-json\/wp\/v2\/product_tag?post=2322"}],"curies":[{"name":"wp","href":"https:\/\/api.w.org\/{rel}","templated":true}]}}