{"id":802,"date":"2023-10-23T06:34:12","date_gmt":"2023-10-23T06:34:12","guid":{"rendered":"https:\/\/swingbearing.net\/?post_type=product&#038;p=802"},"modified":"2023-10-23T06:34:48","modified_gmt":"2023-10-23T06:34:48","slug":"gearbox-parts-sh200a3","status":"publish","type":"product","link":"https:\/\/swingbearing.net\/lv\/product\/gearbox-parts-sh200a3\/","title":{"rendered":"P\u0101rnesumk\u0101rbas da\u013cas SH200A3"},"content":{"rendered":"","protected":false},"excerpt":{"rendered":"<p>Viena vai divu l\u012bme\u0146u mont\u0101\u017eas staig\u0101\u0161ana<\/p>","protected":false},"featured_media":794,"template":"","meta":[],"product_brand":[],"product_cat":[27],"product_tag":[],"class_list":{"0":"post-802","1":"product","2":"type-product","3":"status-publish","4":"has-post-thumbnail","6":"product_cat-gearbox-parts","8":"first","9":"instock","10":"shipping-taxable","11":"product-type-simple"},"_links":{"self":[{"href":"https:\/\/swingbearing.net\/lv\/wp-json\/wp\/v2\/product\/802","targetHints":{"allow":["GET"]}}],"collection":[{"href":"https:\/\/swingbearing.net\/lv\/wp-json\/wp\/v2\/product"}],"about":[{"href":"https:\/\/swingbearing.net\/lv\/wp-json\/wp\/v2\/types\/product"}],"wp:featuredmedia":[{"embeddable":true,"href":"https:\/\/swingbearing.net\/lv\/wp-json\/wp\/v2\/media\/794"}],"wp:attachment":[{"href":"https:\/\/swingbearing.net\/lv\/wp-json\/wp\/v2\/media?parent=802"}],"wp:term":[{"taxonomy":"product_brand","embeddable":true,"href":"https:\/\/swingbearing.net\/lv\/wp-json\/wp\/v2\/product_brand?post=802"},{"taxonomy":"product_cat","embeddable":true,"href":"https:\/\/swingbearing.net\/lv\/wp-json\/wp\/v2\/product_cat?post=802"},{"taxonomy":"product_tag","embeddable":true,"href":"https:\/\/swingbearing.net\/lv\/wp-json\/wp\/v2\/product_tag?post=802"}],"curies":[{"name":"wp","href":"https:\/\/api.w.org\/{rel}","templated":true}]}}