{"id":795,"date":"2023-10-23T06:05:35","date_gmt":"2023-10-23T06:05:35","guid":{"rendered":"https:\/\/swingbearing.net\/?post_type=product&#038;p=795"},"modified":"2023-10-23T06:06:02","modified_gmt":"2023-10-23T06:06:02","slug":"gearbox-parts-zax230","status":"publish","type":"product","link":"https:\/\/swingbearing.net\/lv\/product\/gearbox-parts-zax230\/","title":{"rendered":"\u0100PK deta\u013cas ZAX230"},"content":{"rendered":"","protected":false},"excerpt":{"rendered":"<p>Viena vai divu l\u012bme\u0146u mont\u0101\u017eas staig\u0101\u0161ana<\/p>","protected":false},"featured_media":788,"template":"","meta":[],"product_brand":[],"product_cat":[27],"product_tag":[],"class_list":{"0":"post-795","1":"product","2":"type-product","3":"status-publish","4":"has-post-thumbnail","6":"product_cat-gearbox-parts","8":"first","9":"instock","10":"shipping-taxable","11":"product-type-simple"},"_links":{"self":[{"href":"https:\/\/swingbearing.net\/lv\/wp-json\/wp\/v2\/product\/795","targetHints":{"allow":["GET"]}}],"collection":[{"href":"https:\/\/swingbearing.net\/lv\/wp-json\/wp\/v2\/product"}],"about":[{"href":"https:\/\/swingbearing.net\/lv\/wp-json\/wp\/v2\/types\/product"}],"wp:featuredmedia":[{"embeddable":true,"href":"https:\/\/swingbearing.net\/lv\/wp-json\/wp\/v2\/media\/788"}],"wp:attachment":[{"href":"https:\/\/swingbearing.net\/lv\/wp-json\/wp\/v2\/media?parent=795"}],"wp:term":[{"taxonomy":"product_brand","embeddable":true,"href":"https:\/\/swingbearing.net\/lv\/wp-json\/wp\/v2\/product_brand?post=795"},{"taxonomy":"product_cat","embeddable":true,"href":"https:\/\/swingbearing.net\/lv\/wp-json\/wp\/v2\/product_cat?post=795"},{"taxonomy":"product_tag","embeddable":true,"href":"https:\/\/swingbearing.net\/lv\/wp-json\/wp\/v2\/product_tag?post=795"}],"curies":[{"name":"wp","href":"https:\/\/api.w.org\/{rel}","templated":true}]}}