{"id":579,"date":"2023-09-27T05:49:33","date_gmt":"2023-09-27T05:49:33","guid":{"rendered":"https:\/\/swingbearing.net\/?post_type=product&#038;p=579"},"modified":"2024-05-15T06:39:37","modified_gmt":"2024-05-15T06:39:37","slug":"swing-bearing-sumitomo","status":"publish","type":"product","link":"https:\/\/swingbearing.net\/lv\/product\/swing-bearing-sumitomo\/","title":{"rendered":"\u0160\u016bpo\u013cu gultnis SUMITOMO"},"content":{"rendered":"<h2 class=\"has-text-align-center\" style=\"text-align: center;\">SUMITOMO \u0161\u016bpo\u013cu gult\u0146u parametri<\/h2>\n<figure class=\"wp-block-table is-style-stripes has-small-font-size\">\n<table class=\"has-cyan-bluish-gray-background-color has-background\">\n<tbody>\n<tr>\n<td>\u0100r\u0113jais diametrs Da<\/td>\n<td>Iek\u0161\u0113jais diametrs Di<\/td>\n<td>Mont\u0101\u017eas augstums H<\/td>\n<td>Apz\u012bm\u0113jums<\/td>\n<\/tr>\n<tr>\n<td>615<\/td>\n<td>451<\/td>\n<td>53<\/td>\n<td>SH50<\/td>\n<\/tr>\n<tr>\n<td>766<\/td>\n<td>560<\/td>\n<td>97<\/td>\n<td>SH60-1<\/td>\n<\/tr>\n<tr>\n<td>1169<\/td>\n<td>971<\/td>\n<td>75<\/td>\n<td>SH120A1<\/td>\n<\/tr>\n<tr>\n<td>1171<\/td>\n<td>973<\/td>\n<td>88<\/td>\n<td>SH120A2<\/td>\n<\/tr>\n<tr>\n<td>1171<\/td>\n<td>973<\/td>\n<td>78<\/td>\n<td>SH120A3<\/td>\n<\/tr>\n<tr>\n<td>1171<\/td>\n<td>973<\/td>\n<td>88<\/td>\n<td>SH120-1<\/td>\n<\/tr>\n<tr>\n<td>1171<\/td>\n<td>973<\/td>\n<td>88<\/td>\n<td>SH120-2<\/td>\n<\/tr>\n<tr>\n<td>1171<\/td>\n<td>973<\/td>\n<td>84<\/td>\n<td>SH265<\/td>\n<\/tr>\n<tr>\n<td>1171<\/td>\n<td>973<\/td>\n<td>84<\/td>\n<td>SH260<\/td>\n<\/tr>\n<tr>\n<td>1330<\/td>\n<td>1093<\/td>\n<td>102<\/td>\n<td>SH200A1a<\/td>\n<\/tr>\n<tr>\n<td>1330<\/td>\n<td>1093<\/td>\n<td>102<\/td>\n<td>SH200A1b<\/td>\n<\/tr>\n<tr>\n<td>1330<\/td>\n<td>1093<\/td>\n<td>102<\/td>\n<td>SH200A2<\/td>\n<\/tr>\n<tr>\n<td>1330<\/td>\n<td>1093<\/td>\n<td>102.5<\/td>\n<td>SH200A3<\/td>\n<\/tr>\n<tr>\n<td>1330<\/td>\n<td>1093<\/td>\n<td>102<\/td>\n<td>SH200C2<\/td>\n<\/tr>\n<tr>\n<td>1330<\/td>\n<td>1093<\/td>\n<td>102<\/td>\n<td>SH200C3<\/td>\n<\/tr>\n<tr>\n<td>1330<\/td>\n<td>1093<\/td>\n<td>102<\/td>\n<td>SH200Z3<\/td>\n<\/tr>\n<tr>\n<td>1375<\/td>\n<td>1095<\/td>\n<td>123<\/td>\n<td>SH220-2<\/td>\n<\/tr>\n<tr>\n<td>1330<\/td>\n<td>1084<\/td>\n<td>103<\/td>\n<td>210-5<\/td>\n<\/tr>\n<tr>\n<td>1330<\/td>\n<td>1084<\/td>\n<td>103<\/td>\n<td>210-5<\/td>\n<\/tr>\n<tr>\n<td>1375<\/td>\n<td>1094<\/td>\n<td>121<\/td>\n<td>SH220-3<\/td>\n<\/tr>\n<tr>\n<td>1329<\/td>\n<td>1093<\/td>\n<td>103<\/td>\n<td>SH225<\/td>\n<\/tr>\n<tr>\n<td>1376<\/td>\n<td>1092<\/td>\n<td>123<\/td>\n<td>SH240-3<\/td>\n<\/tr>\n<tr>\n<td>1377<\/td>\n<td>1094<\/td>\n<td>123<\/td>\n<td>SH240-5<\/td>\n<\/tr>\n<tr>\n<td>1330<\/td>\n<td>1082<\/td>\n<td>99<\/td>\n<td>SH280<\/td>\n<\/tr>\n<tr>\n<td>1510<\/td>\n<td>1193<\/td>\n<td>135<\/td>\n<td>SH350<\/td>\n<\/tr>\n<tr>\n<td>1463<\/td>\n<td>1191<\/td>\n<td>135<\/td>\n<td>SH430<\/td>\n<\/tr>\n<\/tbody>\n<\/table>\n<\/figure>\n<p>Ja mekl\u0113jat augstas kvalit\u0101tes \u0161\u016bpoles gult\u0146us savam ekskavatoram, mekl\u0113jiet tikai SUMITOMO. To ekskavatoru \u0161\u016bpoles gult\u0146i ir izstr\u0101d\u0101ti un ra\u017eoti atbilsto\u0161i visaugst\u0101kajiem standartiem, nodro\u0161inot uzticamu un ilgsto\u0161u darb\u012bbu pat vispras\u012bg\u0101kajos lietojumos.<\/p>\n<p>SUMITOMO pied\u0101v\u0101 pla\u0161u ekskavatoru \u0161\u016bpo\u013cu gult\u0146u kl\u0101stu da\u017e\u0101diem mode\u013ciem, tostarp SH55, SH60, SH75, SH75, SH50, SH100, SH120, SH125, SH135, SH140, SH145, SH200, SH200-3-5, SH220-2-3, SH240, SH225, SH260, SH265, SH280, SH300, SH340, SH350, SH400, SH430, SH450, SH40T, SH60-1, SH100A1, SH120, SH120A1, SH120A1, SH120A2, SH120A3, SH200A1, SH200A3, SH210A3, SH210A5, SH220-2, SH220-3, SH225, SH260, SH265, SH240-5, SH340, SH300A2 un SH350.<\/p>\n<p>\u0160ie ekskavatoru \u0161\u016bpo\u013cu gult\u0146i ir ra\u017eoti, izmantojot augstas kvalit\u0101tes materi\u0101lus un prec\u012bzas in\u017eenierijas metodes, kas nodro\u0161ina izcilu veiktsp\u0113ju un iztur\u012bbu. Pagrieziena gultnis ir viena no vissvar\u012bg\u0101kaj\u0101m ekskavatora sast\u0101vda\u013c\u0101m, un SUMITOMO \u0161\u016bpo\u013cu gult\u0146i ir izstr\u0101d\u0101ti t\u0101, lai iztur\u0113tu lielas slodzes apst\u0101k\u013cos.<br \/>\nViena no galvenaj\u0101m SUMITOMO ekskavatoru \u0161\u016bpo\u013cu gult\u0146u priek\u0161roc\u012bb\u0101m ir to lielisk\u0101 nestsp\u0113ja. \u0160ie gult\u0146i ir konstru\u0113ti t\u0101, lai iztur\u0113tu lielas aksi\u0101l\u0101s un radi\u0101l\u0101s slodzes, t\u0101p\u0113c tie ir ide\u0101li piem\u0113roti sare\u017e\u0123\u012btiem lietojumiem. Turkl\u0101t \u0161ie gult\u0146i ir paredz\u0113ti darbam ar lielu \u0101trumu, kas \u013cauj pa\u0101trin\u0101t ciklu laiku un uzlabot produktivit\u0101ti.<\/p>\n<p>V\u0113l viena SUMITOMO ekskavatoru \u0161\u016bpo\u013cu gult\u0146u galven\u0101 priek\u0161roc\u012bba ir to zem\u0101 berze un augst\u0101 precizit\u0101te. \u0160\u012bs \u012bpa\u0161\u012bbas pal\u012bdz l\u012bdz minimumam samazin\u0101t gult\u0146u nodilumu, t\u0101d\u0113j\u0101di samazinot apkopes izmaksas un pagarinot gult\u0146a kalpo\u0161anas laiku. Zem\u0101 berze pal\u012bdz ar\u012b uzlabot degvielas pat\u0113ri\u0146a efektivit\u0101ti, jo ekskavatora darbin\u0101\u0161anai nepiecie\u0161ams maz\u0101k ener\u0123ijas.Nobeigum\u0101 j\u0101secina, ka, ja mekl\u0113jat uzticamu un augstas kvalit\u0101tes ekskavatora \u0161\u016bpo\u013cu gultni, SUMITOMO ir lieliska izv\u0113le. To ra\u017eojumi ir izstr\u0101d\u0101ti, lai atbilstu lielas slodzes lietojumiem, un tiem ir lieliska nestsp\u0113ja, zema berze un augsta precizit\u0101te. Neatkar\u012bgi no t\u0101, vai str\u0101d\u0101jat celtniec\u012bb\u0101, kalnr\u016bpniec\u012bb\u0101 vai jebkur\u0101 cit\u0101 smagaj\u0101 nozar\u0113, SUMITOMO ekskavatoru \u0161\u016bpoles gult\u0146i var pal\u012bdz\u0113t jums veikt darbu efekt\u012bvi un dro\u0161i.<\/p>\n<p>M\u0113s varam nodro\u0161in\u0101t alternat\u012bvus \u0161\u016bpo\u013cu gult\u0146us j\u016bsu\u00a0 <a href=\"https:\/\/national-bearing.com\/excavator-swing-bearings-slewing-rings-cat\/\" target=\"_blank\" rel=\"noopener\">CAT<\/a>, HITACHI, KOMATSU, KOBELCO, HYUNDAI, VOLVO, DOOSAN, DAEWOO, JCB, CASE, SUMITOMO, KATO.There ir norm\u0101li un nestandarta vair\u0101k nek\u0101 1000 simtiem veidu, lai j\u016bs var\u0113tu izv\u0113l\u0113ties.<\/p>\n<figure class=\"wp-block-table aligncenter\"><\/figure>","protected":false},"excerpt":{"rendered":"<p>SUMITOMO \u0161\u016bpo\u013cu gultnis<br \/>\nModelis: SH430, SH350, SH280<br \/>\nSH265, SH240-5, SH240-3, SH225<\/p>","protected":false},"featured_media":136,"template":"","meta":[],"product_brand":[],"product_cat":[22,58],"product_tag":[],"class_list":{"0":"post-579","1":"product","2":"type-product","3":"status-publish","4":"has-post-thumbnail","6":"product_cat-swing-bearing","7":"product_cat-cat-excavator-swing-bearing","9":"first","10":"instock","11":"shipping-taxable","12":"product-type-simple"},"_links":{"self":[{"href":"https:\/\/swingbearing.net\/lv\/wp-json\/wp\/v2\/product\/579","targetHints":{"allow":["GET"]}}],"collection":[{"href":"https:\/\/swingbearing.net\/lv\/wp-json\/wp\/v2\/product"}],"about":[{"href":"https:\/\/swingbearing.net\/lv\/wp-json\/wp\/v2\/types\/product"}],"wp:featuredmedia":[{"embeddable":true,"href":"https:\/\/swingbearing.net\/lv\/wp-json\/wp\/v2\/media\/136"}],"wp:attachment":[{"href":"https:\/\/swingbearing.net\/lv\/wp-json\/wp\/v2\/media?parent=579"}],"wp:term":[{"taxonomy":"product_brand","embeddable":true,"href":"https:\/\/swingbearing.net\/lv\/wp-json\/wp\/v2\/product_brand?post=579"},{"taxonomy":"product_cat","embeddable":true,"href":"https:\/\/swingbearing.net\/lv\/wp-json\/wp\/v2\/product_cat?post=579"},{"taxonomy":"product_tag","embeddable":true,"href":"https:\/\/swingbearing.net\/lv\/wp-json\/wp\/v2\/product_tag?post=579"}],"curies":[{"name":"wp","href":"https:\/\/api.w.org\/{rel}","templated":true}]}}