{"id":574,"date":"2023-09-27T05:19:35","date_gmt":"2023-09-27T05:19:35","guid":{"rendered":"https:\/\/swingbearing.net\/?post_type=product&#038;p=574"},"modified":"2024-06-12T02:15:53","modified_gmt":"2024-06-12T02:15:53","slug":"swing-bearings-sany","status":"publish","type":"product","link":"https:\/\/swingbearing.net\/lv\/product\/swing-bearings-sany\/","title":{"rendered":"\u0160\u016bpo\u013cu gult\u0146i SANY"},"content":{"rendered":"<h2 style=\"text-align: center;\">SANY \u0161\u016bpo\u013cu gult\u0146u parametri<\/h2>\n<figure class=\"wp-block-table is-style-stripes has-small-font-size\">\n<table class=\"has-cyan-bluish-gray-background-color has-background\">\n<tbody>\n<tr>\n<td>\u0100r\u0113jais diametrs Da<\/td>\n<td>Iek\u0161\u0113jais diametrs Di<\/td>\n<td>Mont\u0101\u017eas augstums H<\/td>\n<td>Apz\u012bm\u0113jums<\/td>\n<\/tr>\n<tr>\n<td>811<\/td>\n<td>622<\/td>\n<td>75<\/td>\n<td>SY65<\/td>\n<\/tr>\n<tr>\n<td>810<\/td>\n<td>621<\/td>\n<td>75<\/td>\n<td>SY75(90Z)<\/td>\n<\/tr>\n<tr>\n<td>811<\/td>\n<td>601.6<\/td>\n<td>75<\/td>\n<td>SY75(76Z)<\/td>\n<\/tr>\n<tr>\n<td>1122<\/td>\n<td>821<\/td>\n<td>100<\/td>\n<td>SY135<\/td>\n<\/tr>\n<tr>\n<td>1327<\/td>\n<td>1071<\/td>\n<td>99.5<\/td>\n<td>SY185<\/td>\n<\/tr>\n<tr>\n<td>1327<\/td>\n<td>1071<\/td>\n<td>99.5<\/td>\n<td>SY195<\/td>\n<\/tr>\n<tr>\n<td>1322<\/td>\n<td>1071<\/td>\n<td>100<\/td>\n<td>SY200<\/td>\n<\/tr>\n<tr>\n<td>1327<\/td>\n<td>1071<\/td>\n<td>99.5<\/td>\n<td>SY205<\/td>\n<\/tr>\n<tr>\n<td>1322<\/td>\n<td>1071<\/td>\n<td>100<\/td>\n<td>SY210<\/td>\n<\/tr>\n<tr>\n<td>1322<\/td>\n<td>1071<\/td>\n<td>100<\/td>\n<td>SY215-7<\/td>\n<\/tr>\n<tr>\n<td>1322<\/td>\n<td>1071<\/td>\n<td>100<\/td>\n<td>SY215-8<\/td>\n<\/tr>\n<tr>\n<td>1322<\/td>\n<td>1071<\/td>\n<td>100<\/td>\n<td>SY215-9<\/td>\n<\/tr>\n<tr>\n<td>1320<\/td>\n<td>1071<\/td>\n<td>100<\/td>\n<td>SY215<\/td>\n<\/tr>\n<tr>\n<td>1327<\/td>\n<td>1071<\/td>\n<td>99.5<\/td>\n<td>SY235<\/td>\n<\/tr>\n<tr>\n<td>1532<\/td>\n<td>1235<\/td>\n<td>125<\/td>\n<td>SY300<\/td>\n<\/tr>\n<tr>\n<td>1550<\/td>\n<td>1238<\/td>\n<td>152<\/td>\n<td>SY305<\/td>\n<\/tr>\n<tr>\n<td>1532<\/td>\n<td>1235<\/td>\n<td>125<\/td>\n<td>SY310<\/td>\n<\/tr>\n<tr>\n<td>1550<\/td>\n<td>1238<\/td>\n<td>152<\/td>\n<td>SY335<\/td>\n<\/tr>\n<tr>\n<td>1532<\/td>\n<td>1235<\/td>\n<td>125<\/td>\n<td>SY360<\/td>\n<\/tr>\n<tr>\n<td>1550<\/td>\n<td>1238<\/td>\n<td>152<\/td>\n<td>SY365<\/td>\n<\/tr>\n<tr>\n<td>1550<\/td>\n<td>1238.5<\/td>\n<td>152<\/td>\n<td>SY420<\/td>\n<\/tr>\n<\/tbody>\n<\/table>\n<\/figure>\n<p>Sany ekskavatoru \u0161\u016bpo\u013cu gult\u0146i ir b\u016btiskas jebkura ekskavatora \u0161\u016bpo\u013cu sist\u0113mas sast\u0101vda\u013cas. \u0160ie gult\u0146i \u013cauj ekskavatoram griezties un groz\u012bties, \u013caujot operatoriem viegli veikt da\u017e\u0101dus rak\u0161anas, cel\u0161anas un iekrau\u0161anas darbus. Sany pied\u0101v\u0101 augstas kvalit\u0101tes \u0161\u016bpo\u013cu gult\u0146us, kas paredz\u0113ti tie\u0161i ekskavatoriem, tostarp mode\u013cus, kas piem\u0113roti SY55, SY60, SY65, SY70, SY75, SY85, SY95, SY115, SY135, SY155, SY195, SY200, SY205, SY215, SY220, SY225, SY235, SY245, SY285, SY305, SY335, SY365, SY375, SY395, SY415 un SY485 ekskavatoru mode\u013ciem.<\/p>\n<p>M\u016bsu Sany ekskavatoru \u0161\u016bpo\u013cu gult\u0146i ir izstr\u0101d\u0101ti t\u0101, lai nodro\u0161in\u0101tu optim\u0101lu veiktsp\u0113ju un iztur\u012bbu pat vissare\u017e\u0123\u012bt\u0101kajos darba apst\u0101k\u013cos. Tie ir izgatavoti no augstas kvalit\u0101tes materi\u0101liem, tostarp kalt\u0101 t\u0113rauda un specializ\u0113t\u0101 gult\u0146u t\u0113rauda, un tiem ir uzlabots ra\u017eo\u0161anas process, kas nodro\u0161ina to precizit\u0101ti, uzticam\u012bbu un ilgm\u016b\u017e\u012bbu.<\/p>\n<p>Viena no m\u016bsu Sany ekskavatoru groz\u0101mo gredzenu galvenaj\u0101m priek\u0161roc\u012bb\u0101m ir to sp\u0113ja iztur\u0113t lielas slodzes un ekstr\u0113mus darba apst\u0101k\u013cus. Tie ir izstr\u0101d\u0101ti t\u0101, lai iztur\u0113tu gan aksi\u0101l\u0101s, gan radi\u0101l\u0101s slodzes, k\u0101 ar\u012b augstus triecienu un vibr\u0101ciju l\u012bme\u0146us, t\u0101p\u0113c tie ir ide\u0101li piem\u0113roti izmanto\u0161anai t\u0101d\u0101s sare\u017e\u0123\u012bt\u0101s jom\u0101s k\u0101 kalnr\u016bpniec\u012bba, b\u016bvniec\u012bba un me\u017esaimniec\u012bba.<\/p>\n<p>M\u016bsu Sany ekskavatoru groz\u0101mie gult\u0146i ir ne tikai iztur\u012bgi un iztur\u012bgi, bet ar\u012b viegli uzst\u0101d\u0101mi un uztur\u0113jami. Tie ir izstr\u0101d\u0101ti t\u0101, lai tos b\u016btu viegli uzst\u0101d\u012bt un nomain\u012bt, un tiem nepiecie\u0161ama minim\u0101la apkope, nodro\u0161inot optim\u0101lu veiktsp\u0113ju un ilgm\u016b\u017e\u012bbu.Sany r\u016bp\u0113jas par to, lai m\u016bsu klientiem tiktu nodro\u0161in\u0101ti augst\u0101k\u0101s kvalit\u0101tes produkti un pakalpojumi, un m\u016bsu Sany ekskavatoru \u0161\u016bpo\u013cu gult\u0146i nav iz\u0146\u0113mums. Neatkar\u012bgi no t\u0101, vai mekl\u0113jat rezerves gultni eso\u0161ajam ekskavatoram vai apr\u012bkojat jaunu ma\u0161\u012bnu, m\u016bsu ekspertu komanda var pal\u012bdz\u0113t jums atrast ide\u0101lu risin\u0101jumu, kas atbilst j\u016bsu vajadz\u012bb\u0101m.<\/p>\n<p>T\u0101tad Sany ekskavatoru \u0161\u016bpoles gult\u0146i ir b\u016btiskas jebkura ekskavatora sast\u0101vda\u013cas, un pareizo gult\u0146u izv\u0113le var b\u016btiski ietekm\u0113t j\u016bsu ma\u0161\u012bnas veiktsp\u0113ju un ilgm\u016b\u017e\u012bbu. Izmantojot m\u016bsu augstas kvalit\u0101tes gult\u0146u kl\u0101stu, kas izstr\u0101d\u0101ts \u012bpa\u0161i ekskavatoriem, varat b\u016bt dro\u0161i, ka ieg\u0101d\u0101jaties uzticamu un iztur\u012bgu izstr\u0101d\u0101jumu, kas nodro\u0161in\u0101s optim\u0101lu veiktsp\u0113ju un ilgm\u016b\u017e\u012bbu pat vissmag\u0101kajos apst\u0101k\u013cos.<br \/>\nM\u0113s varam nodro\u0161in\u0101t alternat\u012bvus groz\u0101mos gredzenus j\u016bsu , CAT, HITACHI, KOMATSU, KOBELCO, HYUNDAI, VOLVO, DOOSAN, DAEWOO, JCB, CASE, SUMITOMO, KATO, , Ir norm\u0101li un nestandarta vair\u0101k nek\u0101 1000 simtiem veidu, lai j\u016bs var\u0113tu izv\u0113l\u0113ties.<\/p>\n<figure class=\"wp-block-image size-full is-resized\"><img decoding=\"async\" class=\"wp-image-177\" src=\"https:\/\/national-bearing.com\/wp-content\/uploads\/2023\/04\/0001.jpg\" sizes=\"(max-width: 843px) 100vw, 843px\" srcset=\"https:\/\/national-bearing.com\/wp-content\/uploads\/2023\/04\/0001.jpg 600w, https:\/\/national-bearing.com\/wp-content\/uploads\/2023\/04\/0001-300x200.jpg 300w\" alt=\"\" width=\"515\" height=\"343\" \/><\/figure>\n<p>&nbsp;<\/p>","protected":false},"excerpt":{"rendered":"<p>SANY \u0161\u016bpo\u013cu gult\u0146i<br \/>\nModel:SY485,SY415,SY395<br \/>\nSY365,SY375,SY335,SY310<\/p>","protected":false},"featured_media":136,"template":"","meta":[],"product_brand":[],"product_cat":[22,74],"product_tag":[],"class_list":{"0":"post-574","1":"product","2":"type-product","3":"status-publish","4":"has-post-thumbnail","6":"product_cat-swing-bearing","7":"product_cat-sany-excavator-swing-bearing","9":"first","10":"instock","11":"shipping-taxable","12":"product-type-simple"},"_links":{"self":[{"href":"https:\/\/swingbearing.net\/lv\/wp-json\/wp\/v2\/product\/574","targetHints":{"allow":["GET"]}}],"collection":[{"href":"https:\/\/swingbearing.net\/lv\/wp-json\/wp\/v2\/product"}],"about":[{"href":"https:\/\/swingbearing.net\/lv\/wp-json\/wp\/v2\/types\/product"}],"wp:featuredmedia":[{"embeddable":true,"href":"https:\/\/swingbearing.net\/lv\/wp-json\/wp\/v2\/media\/136"}],"wp:attachment":[{"href":"https:\/\/swingbearing.net\/lv\/wp-json\/wp\/v2\/media?parent=574"}],"wp:term":[{"taxonomy":"product_brand","embeddable":true,"href":"https:\/\/swingbearing.net\/lv\/wp-json\/wp\/v2\/product_brand?post=574"},{"taxonomy":"product_cat","embeddable":true,"href":"https:\/\/swingbearing.net\/lv\/wp-json\/wp\/v2\/product_cat?post=574"},{"taxonomy":"product_tag","embeddable":true,"href":"https:\/\/swingbearing.net\/lv\/wp-json\/wp\/v2\/product_tag?post=574"}],"curies":[{"name":"wp","href":"https:\/\/api.w.org\/{rel}","templated":true}]}}