{"id":568,"date":"2023-09-27T04:20:00","date_gmt":"2023-09-27T04:20:00","guid":{"rendered":"https:\/\/swingbearing.net\/?post_type=product&#038;p=568"},"modified":"2024-05-15T06:54:01","modified_gmt":"2024-05-15T06:54:01","slug":"swing-bearing-volvo","status":"publish","type":"product","link":"https:\/\/swingbearing.net\/lv\/product\/swing-bearing-volvo\/","title":{"rendered":"\u0160\u016bpo\u013cu gultnis VOLVO"},"content":{"rendered":"<h2 style=\"text-align: center;\">VOLVO \u0161\u016bpo\u013cu gult\u0146u parametri<\/h2>\n<figure class=\"wp-block-table is-style-stripes has-small-font-size\">\n<table class=\"has-cyan-bluish-gray-background-color has-background\">\n<tbody>\n<tr>\n<td>Modelis<\/td>\n<td>Da\u013cas numurs<\/td>\n<td>\u0100r\u0113jais diametrs<\/td>\n<td>Iek\u0161\u0113jais diametrs<\/td>\n<td>Kop\u0113jais augstums<\/td>\n<td>\u0100r\u0113jais augstums<\/td>\n<td>Iek\u0161\u0113jais augstums<\/td>\n<td>\u0100r\u0113jo caurumu parametri<\/td>\n<td>Iek\u0161\u0113j\u0101 urbuma parametri<\/td>\n<td>Zobu skaits<\/td>\n<\/tr>\n<tr>\n<td>EC140B<\/td>\n<td>VOE14520561<\/td>\n<td>1196<\/td>\n<td>963<\/td>\n<td>90<\/td>\n<td>79<\/td>\n<td>80<\/td>\n<td>36-\u042419<\/td>\n<td>36-M16*1.5<\/td>\n<td>98<\/td>\n<\/tr>\n<tr>\n<td>EC210<\/td>\n<td>SA1155-00061<\/td>\n<td>1328<\/td>\n<td>1080<\/td>\n<td>110<\/td>\n<td>90<\/td>\n<td>90<\/td>\n<td>33-\u042422<\/td>\n<td>36-M20<\/td>\n<td>92<\/td>\n<\/tr>\n<tr>\n<td>EC210BLC<\/td>\n<td>14563341<\/td>\n<td>1327<\/td>\n<td>1082<\/td>\n<td>110<\/td>\n<td>90<\/td>\n<td>90<\/td>\n<td>34-\u03c622<\/td>\n<td>36-M20<\/td>\n<td>92<\/td>\n<\/tr>\n<tr>\n<td>EC210BLC<\/td>\n<td>14563342<\/td>\n<td>1327<\/td>\n<td>1082<\/td>\n<td>110<\/td>\n<td>90<\/td>\n<td>90<\/td>\n<td>34-\u03c622<\/td>\n<td>36-M20<\/td>\n<td>92<\/td>\n<\/tr>\n<tr>\n<td>EC210 2005<\/td>\n<td>EC210V13948<\/td>\n<td>1327<\/td>\n<td>1080<\/td>\n<td>110<\/td>\n<td>90<\/td>\n<td>90<\/td>\n<td>34-\u042421.5<\/td>\n<td>36-M20<\/td>\n<td>92<\/td>\n<\/tr>\n<tr>\n<td>EC210B<\/td>\n<td>14563327<\/td>\n<td>1328<\/td>\n<td>1080<\/td>\n<td>110<\/td>\n<td>90<\/td>\n<td>90<\/td>\n<td>34-\u042421.5<\/td>\n<td>36-M20<\/td>\n<td>92<\/td>\n<\/tr>\n<tr>\n<td>EC210B<\/td>\n<td>14505766<\/td>\n<td>1328<\/td>\n<td>1080<\/td>\n<td>110<\/td>\n<td>90<\/td>\n<td>90<\/td>\n<td>34-\u03c622<\/td>\n<td>36-M20<\/td>\n<td>92<\/td>\n<\/tr>\n<tr>\n<td>EC210BLC<\/td>\n<td>14577178<\/td>\n<td>1328<\/td>\n<td>1080<\/td>\n<td>110<\/td>\n<td>90<\/td>\n<td>90<\/td>\n<td>34-\u03c622<\/td>\n<td>36-M20<\/td>\n<td>92<\/td>\n<\/tr>\n<tr>\n<td>EC210BNC<\/td>\n<td>14530323<\/td>\n<td>1328<\/td>\n<td>1080<\/td>\n<td>110<\/td>\n<td>90<\/td>\n<td>90<\/td>\n<td>34-\u03c622<\/td>\n<td>36-M20<\/td>\n<td>92<\/td>\n<\/tr>\n<tr>\n<td>EC210LC<\/td>\n<td>1155-00061<\/td>\n<td>1328<\/td>\n<td>1080<\/td>\n<td>110<\/td>\n<td>90<\/td>\n<td>90<\/td>\n<td>33-\u03c622<\/td>\n<td>36-M20<\/td>\n<td>92<\/td>\n<\/tr>\n<tr>\n<td>EC210LC<\/td>\n<td>14563328<\/td>\n<td>1326<\/td>\n<td>1083<\/td>\n<td>108<\/td>\n<td>90<\/td>\n<td>90<\/td>\n<td>34<\/td>\n<td>36<\/td>\n<td>92<\/td>\n<\/tr>\n<tr>\n<td>EC240BLC<\/td>\n<td>14563334<\/td>\n<td>1462<\/td>\n<td>1162<\/td>\n<td>120<\/td>\n<td>95<\/td>\n<td>105<\/td>\n<td>33<\/td>\n<td>36<\/td>\n<td>85<\/td>\n<\/tr>\n<tr>\n<td>EC240BLC<\/td>\n<td>SA1155-00040<\/td>\n<td>1462<\/td>\n<td>1162<\/td>\n<td>120<\/td>\n<td>95<\/td>\n<td>105<\/td>\n<td>33<\/td>\n<td>36<\/td>\n<td>85<\/td>\n<\/tr>\n<tr>\n<td>EC240BNLC<\/td>\n<td>14520572<\/td>\n<td>1462<\/td>\n<td>1162<\/td>\n<td>120<\/td>\n<td>95<\/td>\n<td>105<\/td>\n<td>33<\/td>\n<td>36<\/td>\n<td>85<\/td>\n<\/tr>\n<tr>\n<td>EC290<\/td>\n<td>14570794<\/td>\n<td>1532<\/td>\n<td>1235<\/td>\n<td>123<\/td>\n<td>90<\/td>\n<td>113<\/td>\n<td>35-\u042426<\/td>\n<td>40-M24<\/td>\n<td>90<\/td>\n<\/tr>\n<tr>\n<td>EC290BLC<\/td>\n<td>14563335<\/td>\n<td>1533<\/td>\n<td>1235<\/td>\n<td>122<\/td>\n<td>90<\/td>\n<td>110<\/td>\n<td>35-\u03c626<\/td>\n<td>40-M24<\/td>\n<td>90<\/td>\n<\/tr>\n<tr>\n<td>EC290B<\/td>\n<td>14563335<\/td>\n<td>1532<\/td>\n<td>1235<\/td>\n<td>122<\/td>\n<td>90<\/td>\n<td>110<\/td>\n<td>35-\u03c626<\/td>\n<td>40-M24<\/td>\n<td>90<\/td>\n<\/tr>\n<tr>\n<td>EC290B<\/td>\n<td>14520573<\/td>\n<td>1532<\/td>\n<td>1235<\/td>\n<td>122<\/td>\n<td>90<\/td>\n<td>110<\/td>\n<td>35-\u03c626<\/td>\n<td>40-M24<\/td>\n<td>90<\/td>\n<\/tr>\n<tr>\n<td>EX300-3C<\/td>\n<td>9112188<\/td>\n<td>1531<\/td>\n<td>1248<\/td>\n<td>117<\/td>\n<td>83<\/td>\n<td>105<\/td>\n<td>32-\u03c626<\/td>\n<td>36-M24*2<\/td>\n<td>91<\/td>\n<\/tr>\n<tr>\n<td>EC360BLC<\/td>\n<td>14563350<\/td>\n<td>1550<\/td>\n<td>1239<\/td>\n<td>150<\/td>\n<td>110<\/td>\n<td>136<\/td>\n<td>35<\/td>\n<td>40<\/td>\n<td>90<\/td>\n<\/tr>\n<tr>\n<td>EC460BLC<\/td>\n<td>14507709<\/td>\n<td>1778<\/td>\n<td>1393<\/td>\n<td>120<\/td>\n<td>110<\/td>\n<td>110<\/td>\n<td>40-\u042433<\/td>\n<td>40-M30<\/td>\n<td>112<\/td>\n<\/tr>\n<tr>\n<td>EC480DL<\/td>\n<td>14559204<\/td>\n<td>1778<\/td>\n<td>1393<\/td>\n<td>120<\/td>\n<td>110<\/td>\n<td>110<\/td>\n<td>40\/33<\/td>\n<td>40\/M30<\/td>\n<td>112<\/td>\n<\/tr>\n<tr>\n<td>EC700BLC<\/td>\n<td>14559205<\/td>\n<td>1815<\/td>\n<td>1375<\/td>\n<td>205<\/td>\n<td>148<\/td>\n<td>180<\/td>\n<td>48<\/td>\n<td>60<\/td>\n<td>100<\/td>\n<\/tr>\n<\/tbody>\n<\/table>\n<\/figure>\n<p>Volvo ir labi paz\u012bstams v\u0101rds celtniec\u012bbas tehnikas nozar\u0113, kas pied\u0101v\u0101 augstas kvalit\u0101tes un uzticamas ma\u0161\u012bnas da\u017e\u0101diem pielietojumiem. No pla\u0161\u0101 produktu kl\u0101sta Volvo ekskavatori ir popul\u0101ra izv\u0113le starp darbuz\u0146\u0113m\u0113jiem un b\u016bvniec\u012bbas uz\u0146\u0113mumiem, jo tie ir jaud\u012bgi un iztur\u012bgi. Volvo ekskavatoru \u0161\u016bpo\u013cu gult\u0146u izstr\u0101d\u0101jumi ir b\u016btiska \u0161o ma\u0161\u012bnu sast\u0101vda\u013ca, kas nodro\u0161ina to vienm\u0113r\u012bgu un efekt\u012bvu darb\u012bbu.<\/p>\n<p>Ekskavatoru \u0161\u016bpoles, ko d\u0113v\u0113 ar\u012b par \u0161\u016bpo\u013cu gult\u0146iem, pagrieziena gult\u0146iem vai \u0161\u016bpo\u013cu gredzenu gult\u0146iem, savieno ekskavatora aug\u0161\u0113jo un apak\u0161\u0113jo da\u013cu. Tie \u013cauj ekskavatora aug\u0161\u0113jai konstrukcijai rot\u0113t uz apak\u0161\u0113j\u0101s konstrukcijas, nodro\u0161inot 360 gr\u0101du kust\u012bbu un elast\u012bbu. \u0160\u012b kust\u012bba ir \u013coti svar\u012bga ekskavatoriem, jo \u013cauj tiem darboties \u0161aur\u0101s telp\u0101s, sasniegt sare\u017e\u0123\u012btus le\u0146\u0137us un veikt da\u017e\u0101dus uzdevumus.<\/p>\n<p>Volvo ekskavatoru \u0161\u016bpo\u013cu gult\u0146i ir paredz\u0113ti liel\u0101m slodz\u0113m un ekstr\u0113miem apst\u0101k\u013ciem, t\u0101p\u0113c tie ir piem\u0113roti da\u017e\u0101diem pielietojumiem. Tie ir izgatavoti no augstas kvalit\u0101tes materi\u0101liem, un, lai nodro\u0161in\u0101tu to iztur\u012bbu un iztur\u012bbu, tie ir pak\u013cauti stingram test\u0113\u0161anas procesam. Volvo ekskavatoru \u0161\u016bpo\u013cu gredzenveida gult\u0146iem ir ar\u012b kompakts dizains, kas samazina ma\u0161\u012bnas kop\u0113jo svaru un uzlabo degvielas ekonomiju.<\/p>\n<p>\u0160\u016bpo\u013cu gredzenu gult\u0146i ir b\u016btiskas ekskavatoru sast\u0101vda\u013cas, un to boj\u0101jumi var izrais\u012bt iev\u0113rojamas d\u012bkst\u0101ves un d\u0101rgus remontdarbus. Izmantojot Volvo ekskavatoru deta\u013cu \u0161\u016bpo\u013cu gult\u0146us, darbuz\u0146\u0113m\u0113ji var nodro\u0161in\u0101t savu ekskavatoru nevainojamu darb\u012bbu, samazinot d\u012bkst\u0101ves risku un l\u012bdz minimumam samazinot apkopes izmaksas. Volvo ekskavatoru \u0161\u016bpo\u013cu gult\u0146i ir izstr\u0101d\u0101ti t\u0101, lai kalpotu ilgi, nodro\u0161inot ilgtermi\u0146a veiktsp\u0113ju un uzticam\u012bbu.<\/p>\n<p>Volvo pied\u0101v\u0101 pla\u0161u ekskavatoru \u0161\u016bpo\u013cu gult\u0146u kl\u0101stu, kas piem\u0113roti da\u017e\u0101diem mode\u013ciem un pielietojumiem. Volvo EC55, EC60, EC140BP, EC140BP, EW145BP, EW160BB, EC210, EC240, EC290, EC360LC, EC380, EC460, EC480, EC700, EC210B, EC360 ir tikai da\u017ei no mode\u013ciem, kuros tiek izmantoti Volvo ekskavatoru \u0161\u016bpo\u013cu gult\u0146i.T\u0101tad Volvo ekskavatoru \u0161\u016bpo\u013cu gult\u0146i ir b\u016btiska Volvo ekskavatoru sast\u0101vda\u013ca, kas nodro\u0161ina elast\u012bbu un manevr\u0113tsp\u0113ju, kas nepiecie\u0161ama da\u017e\u0101du b\u016bvdarbu veik\u0161anai. Tie ir izstr\u0101d\u0101ti t\u0101, lai iztur\u0113tu lielas slodzes un ekstr\u0113mus apst\u0101k\u013cus, nodro\u0161inot ma\u0161\u012bnas ilgtermi\u0146a veiktsp\u0113ju un uzticam\u012bbu. Izmantojot Volvo ekskavatoru \u0161\u016bpoles gult\u0146us, darbuz\u0146\u0113m\u0113ji var samazin\u0101t d\u012bkst\u0101ves laiku, apkopes izmaksas un produktivit\u0101ti.<\/p>\n<p>M\u0113s varam nodro\u0161in\u0101t alternat\u012bvu \u0161\u016bpoles aplis j\u016bsu , CAT, HITACHI, KOMATSU, KOBELCO, HYUNDAI, VOLVO, DOOSAN, DAEWOO, JCB, CASE, SUMITOMO, KATO.There ir norm\u0101li un nestandarta vair\u0101k nek\u0101 1000 simtiem veidu jums izv\u0113l\u0113ties.<\/p>","protected":false},"excerpt":{"rendered":"<p>Volvo \u0161\u016bpo\u013cu gultnis<br \/>\nModelis: EC700BLC, EC480DL<br \/>\nEC460BLC,EC360BLC,EC290B<\/p>","protected":false},"featured_media":136,"template":"","meta":[],"product_brand":[],"product_cat":[22,68],"product_tag":[],"class_list":{"0":"post-568","1":"product","2":"type-product","3":"status-publish","4":"has-post-thumbnail","6":"product_cat-swing-bearing","7":"product_cat-volvo-excavator-swing-bearing","9":"first","10":"instock","11":"shipping-taxable","12":"product-type-simple"},"_links":{"self":[{"href":"https:\/\/swingbearing.net\/lv\/wp-json\/wp\/v2\/product\/568","targetHints":{"allow":["GET"]}}],"collection":[{"href":"https:\/\/swingbearing.net\/lv\/wp-json\/wp\/v2\/product"}],"about":[{"href":"https:\/\/swingbearing.net\/lv\/wp-json\/wp\/v2\/types\/product"}],"wp:featuredmedia":[{"embeddable":true,"href":"https:\/\/swingbearing.net\/lv\/wp-json\/wp\/v2\/media\/136"}],"wp:attachment":[{"href":"https:\/\/swingbearing.net\/lv\/wp-json\/wp\/v2\/media?parent=568"}],"wp:term":[{"taxonomy":"product_brand","embeddable":true,"href":"https:\/\/swingbearing.net\/lv\/wp-json\/wp\/v2\/product_brand?post=568"},{"taxonomy":"product_cat","embeddable":true,"href":"https:\/\/swingbearing.net\/lv\/wp-json\/wp\/v2\/product_cat?post=568"},{"taxonomy":"product_tag","embeddable":true,"href":"https:\/\/swingbearing.net\/lv\/wp-json\/wp\/v2\/product_tag?post=568"}],"curies":[{"name":"wp","href":"https:\/\/api.w.org\/{rel}","templated":true}]}}