{"id":4898,"date":"2024-08-28T06:53:35","date_gmt":"2024-08-28T06:53:35","guid":{"rendered":"https:\/\/swingbearing.net\/?post_type=product&#038;p=4898"},"modified":"2024-08-30T06:05:59","modified_gmt":"2024-08-30T06:05:59","slug":"liebherr-a924c-swing-bearing-932833001-excavator-slewing-ring","status":"publish","type":"product","link":"https:\/\/swingbearing.net\/lv\/product\/liebherr-a924c-swing-bearing-932833001-excavator-slewing-ring\/","title":{"rendered":"LIEBHERR A924C Swing Bearing 932833001 Excavator Slewing Ring"},"content":{"rendered":"<h2 style=\"text-align: center;\">LIEBHERR \u0161\u016bpo\u013cu gult\u0146u parametri<\/h2>\n<figure class=\"wp-block-table is-style-stripes has-small-font-size\">\n<table class=\"has-cyan-bluish-gray-background-color has-background\">\n<tbody>\n<tr>\n<td>Modelis<\/td>\n<td>Da\u013cas numurs<\/td>\n<td>\u0100r\u0113jais diametrs<\/td>\n<td>Iek\u0161\u0113jais diametrs<\/td>\n<td>Kop\u0113jais augstums<\/td>\n<td>\u0100r\u0113jais augstums<\/td>\n<td>Iek\u0161\u0113jais augstums<\/td>\n<td>\u0100r\u0113jo caurumu parametri<\/td>\n<td>Iek\u0161\u0113j\u0101 urbuma parametri<\/td>\n<td>Zobu skaits<\/td>\n<\/tr>\n<tr>\n<td>R922<\/td>\n<td>LE982706001<\/td>\n<td>1215<\/td>\n<td>940<\/td>\n<td>115<\/td>\n<td>72<\/td>\n<td>105<\/td>\n<td>48-\u03c622<\/td>\n<td>56-M20<\/td>\n<td>94<\/td>\n<\/tr>\n<tr>\n<td>924HDSL<\/td>\n<td>LE982751901<\/td>\n<td>1215<\/td>\n<td>940<\/td>\n<td>115<\/td>\n<td>72<\/td>\n<td>105<\/td>\n<td>48-\u042422<\/td>\n<td>56-M20cloth<\/td>\n<td>94<\/td>\n<\/tr>\n<tr>\n<td>R924C<\/td>\n<td>982751901<\/td>\n<td>1215<\/td>\n<td>940<\/td>\n<td>115<\/td>\n<td>72<\/td>\n<td>105<\/td>\n<td>48-\u042422<\/td>\n<td>56-M20cloth<\/td>\n<td>94<\/td>\n<\/tr>\n<tr>\n<td>R924C<\/td>\n<td>932833001<\/td>\n<td>1215<\/td>\n<td>940<\/td>\n<td>115<\/td>\n<td>72<\/td>\n<td>105<\/td>\n<td>48-\u042422<\/td>\n<td>56-M20cloth<\/td>\n<td>94<\/td>\n<\/tr>\n<tr>\n<td>R924B<\/td>\n<td>982751901<\/td>\n<td>1215<\/td>\n<td>940<\/td>\n<td>115<\/td>\n<td>72<\/td>\n<td>105<\/td>\n<td>48-\u042422<\/td>\n<td>56-M20cloth<\/td>\n<td>94<\/td>\n<\/tr>\n<tr>\n<td>R934<\/td>\n<td>933816501<\/td>\n<td>1355<\/td>\n<td>1012<\/td>\n<td>125<\/td>\n<td><\/td>\n<td><\/td>\n<td>40<\/td>\n<td>48<\/td>\n<td>92<\/td>\n<\/tr>\n<tr>\n<td>R934HD-S<\/td>\n<td>LE939500601<\/td>\n<td>1355<\/td>\n<td>1012<\/td>\n<td>125<\/td>\n<td>92<\/td>\n<td>113<\/td>\n<td>40-26 caur caurumu<\/td>\n<td>48-M24<\/td>\n<td>92<\/td>\n<\/tr>\n<tr>\n<td>934<\/td>\n<td>982752401<\/td>\n<td>1355<\/td>\n<td>1012<\/td>\n<td>125<\/td>\n<td>92<\/td>\n<td>113<\/td>\n<td>40-26 caur caurumu<\/td>\n<td>48-M24<\/td>\n<td>92<\/td>\n<\/tr>\n<tr>\n<td>R-944C<\/td>\n<td>933628601<\/td>\n<td>1365<\/td>\n<td>1008<\/td>\n<td>150<\/td>\n<td>112<\/td>\n<td>140<\/td>\n<td>60-\u042426<\/td>\n<td>72-M24cloth<\/td>\n<td>84<\/td>\n<\/tr>\n<tr>\n<td>R944B<\/td>\n<td>933626601<\/td>\n<td>1365<\/td>\n<td>1008<\/td>\n<td>150<\/td>\n<td>112<\/td>\n<td>140<\/td>\n<td>60<\/td>\n<td>72<\/td>\n<td>84<\/td>\n<\/tr>\n<\/tbody>\n<\/table>\n<\/figure>\n<p>Liebherr ekskavatori ir paz\u012bstami ar savu uzticam\u012bbu un iztur\u012bbu, t\u0101p\u0113c tie ir popul\u0101ra izv\u0113le b\u016bvniec\u012bbas un kalnr\u016bpniec\u012bbas nozar\u0113s. Viens no svar\u012bg\u0101kajiem komponentiem, kas veicina ma\u0161\u012bnas veiktsp\u0113ju, ir ekskavatora \u0161\u016bpoles gultnis. Liebherr ekskavatoru \u0161\u016bpoles gult\u0146i ir izstr\u0101d\u0101ti t\u0101, lai iztur\u0113tu smagu darbu sare\u017e\u0123\u012bt\u0101 vid\u0113.<\/p>\n<p>Slewing bearing for excavators play a crucial role in the machine&#8217;s operation as they support the upper structure&#8217;s rotation. Without a quality slewing bearing for an excavator, the upper structure cannot rotate smoothly, which affects the overall performance of the machine. Liebherr excavator slewing bearings are engineered to provide high load capacity, accuracy, and long service life, ensuring optimal machine performance.<\/p>\n<p>Liebherr ekskavatoru groz\u0101mie gult\u0146i ir paz\u012bstami ar\u012b k\u0101 groz\u0101mie gredzenveida gult\u0146i, ekskavatoru groz\u0101mie gredzenveida gult\u0146i vai groz\u0101m\u0101 galda gult\u0146i. \u0160ie gult\u0146i ir konstru\u0113ti ar rito\u0161o da\u013cu, kas atbalsta ma\u0161\u012bnas svaru, \u013caujot aug\u0161\u0113jai konstrukcijai viegli griezties. Ekskavatoru da\u013cu \u0161\u016bpoles gult\u0146i ir izgatavoti no augstas iztur\u012bbas materi\u0101liem, kas nodro\u0161ina to iztur\u012bbu pret liel\u0101m slodz\u0113m, ekstr\u0113m\u0101m temperat\u016br\u0101m un skarbiem apst\u0101k\u013ciem.<\/p>\n<p>Liebherr pied\u0101v\u0101 ekskavatoru \u0161arn\u012bra gult\u0146u kl\u0101stu, kas ir sader\u012bgi ar da\u017e\u0101diem ekskavatoru mode\u013ciem. Pa\u0161laik tirg\u016b ir pieejami \u0161\u0101di mode\u013ci: R914, R924, R944, R934 un R944CLC. \u0160ie mode\u013ci ir izstr\u0101d\u0101ti t\u0101, lai nodro\u0161in\u0101tu maksim\u0101lu iztur\u012bbu un veiktsp\u0113ju, nodro\u0161inot, ka j\u016bsu ma\u0161\u012bna var veikt jebkuru tai uztic\u0113to darbu.<\/p>","protected":false},"excerpt":{"rendered":"<p><strong>Da\u013ca<\/strong> #: 932833001<br \/>\n<strong>Veiciet<\/strong>: LIEBHERR<br \/>\n<strong>Modelis<\/strong>: A924C<br \/>\n<strong>St\u0101voklis<\/strong>: Jauns<\/p>","protected":false},"featured_media":2931,"template":"","meta":[],"product_brand":[],"product_cat":[22,72],"product_tag":[52],"class_list":{"0":"post-4898","1":"product","2":"type-product","3":"status-publish","4":"has-post-thumbnail","6":"product_cat-swing-bearing","7":"product_cat-liebherr-excavator-swing-bearing","8":"product_tag-swing-bearing","10":"first","11":"instock","12":"shipping-taxable","13":"product-type-simple"},"_links":{"self":[{"href":"https:\/\/swingbearing.net\/lv\/wp-json\/wp\/v2\/product\/4898","targetHints":{"allow":["GET"]}}],"collection":[{"href":"https:\/\/swingbearing.net\/lv\/wp-json\/wp\/v2\/product"}],"about":[{"href":"https:\/\/swingbearing.net\/lv\/wp-json\/wp\/v2\/types\/product"}],"wp:featuredmedia":[{"embeddable":true,"href":"https:\/\/swingbearing.net\/lv\/wp-json\/wp\/v2\/media\/2931"}],"wp:attachment":[{"href":"https:\/\/swingbearing.net\/lv\/wp-json\/wp\/v2\/media?parent=4898"}],"wp:term":[{"taxonomy":"product_brand","embeddable":true,"href":"https:\/\/swingbearing.net\/lv\/wp-json\/wp\/v2\/product_brand?post=4898"},{"taxonomy":"product_cat","embeddable":true,"href":"https:\/\/swingbearing.net\/lv\/wp-json\/wp\/v2\/product_cat?post=4898"},{"taxonomy":"product_tag","embeddable":true,"href":"https:\/\/swingbearing.net\/lv\/wp-json\/wp\/v2\/product_tag?post=4898"}],"curies":[{"name":"wp","href":"https:\/\/api.w.org\/{rel}","templated":true}]}}