{"id":4356,"date":"2024-06-27T05:08:12","date_gmt":"2024-06-27T05:08:12","guid":{"rendered":"https:\/\/swingbearing.net\/?post_type=product&#038;p=4356"},"modified":"2024-06-27T05:36:59","modified_gmt":"2024-06-27T05:36:59","slug":"hydraulic-pump-708-2l-00421-708-2l-00423-for-komatsu-pc200-6-pc220-6","status":"publish","type":"product","link":"https:\/\/swingbearing.net\/lv\/product\/hydraulic-pump-708-2l-00421-708-2l-00423-for-komatsu-pc200-6-pc220-6\/","title":{"rendered":"Hidrauliskais s\u016bknis 708-2L-00421 708-2L-00423 Komatsu PC200-6 PC220-6 galvenajam s\u016bknim"},"content":{"rendered":"<h3 class=\"wp-block-heading\"><strong>Produkta apraksts<\/strong><\/h3>\r\n\r\n\r\n<hr class=\"wp-block-separator has-alpha-channel-opacity\" \/>\r\n\r\n\r\n<h2 class=\"wp-block-heading\">708-2L-00421 708-2L-00423 Hydraulic Main Pump Fits For Komatsu PC200-6 PC220-6<\/h2>\r\n<p><img decoding=\"async\" class=\"alignnone wp-image-4306 size-full\" src=\"https:\/\/swingbearing.net\/wp-content\/uploads\/2024\/06\/pc400-3-02.jpg\" alt=\"Hidrauliskie galvenie s\u016bk\u0146i\" width=\"806\" height=\"903\" srcset=\"https:\/\/swingbearing.net\/wp-content\/uploads\/2024\/06\/pc400-3-02.jpg 806w, https:\/\/swingbearing.net\/wp-content\/uploads\/2024\/06\/pc400-3-02-268x300.jpg 268w, https:\/\/swingbearing.net\/wp-content\/uploads\/2024\/06\/pc400-3-02-768x860.jpg 768w, https:\/\/swingbearing.net\/wp-content\/uploads\/2024\/06\/pc400-3-02-11x12.jpg 11w, https:\/\/swingbearing.net\/wp-content\/uploads\/2024\/06\/pc400-3-02-600x672.jpg 600w\" sizes=\"(max-width: 806px) 100vw, 806px\" \/><\/p>\r\n<p><img decoding=\"async\" class=\"alignnone wp-image-4358 size-full\" src=\"https:\/\/swingbearing.net\/wp-content\/uploads\/2024\/06\/PC200-6-220-6.jpg\" alt=\"hidrauliskais s\u016bknis\" width=\"716\" height=\"494\" srcset=\"https:\/\/swingbearing.net\/wp-content\/uploads\/2024\/06\/PC200-6-220-6.jpg 716w, https:\/\/swingbearing.net\/wp-content\/uploads\/2024\/06\/PC200-6-220-6-300x207.jpg 300w, https:\/\/swingbearing.net\/wp-content\/uploads\/2024\/06\/PC200-6-220-6-18x12.jpg 18w, https:\/\/swingbearing.net\/wp-content\/uploads\/2024\/06\/PC200-6-220-6-600x414.jpg 600w\" sizes=\"(max-width: 716px) 100vw, 716px\" \/><\/p>\r\n<table border=\"1\" cellspacing=\"0\" cellpadding=\"0\">\r\n<tbody>\r\n<tr>\r\n<td>Produkta nosaukums\u00a0 \u00a0 \u00a0 \u00a0 \u00a0 \u00a0 \u00a0 \u00a0<\/td>\r\n<td>Ekskavatora hidrauliskais s\u016bknis<\/td>\r\n<\/tr>\r\n<tr>\r\n<td>Kvalit\u0101te\u00a0 \u00a0 \u00a0<\/td>\r\n<td>Augstas kvalit\u0101tes 100% Jauns<\/td>\r\n<\/tr>\r\n<tr>\r\n<td>Ma\u0161\u012bnas modelis\u00a0 \u00a0\u00a0<\/td>\r\n<td>PC200-6 PC220-6<\/td>\r\n<\/tr>\r\n<tr>\r\n<td>Iepakojuma izm\u0113rs<\/td>\r\n<td>84*38*49<\/td>\r\n<\/tr>\r\n<tr>\r\n<td>Iepakojums<\/td>\r\n<td>Standarta eksporta koka korpuss\u00a0 \u00a0 \u00a0 \u00a0 \u00a0 \u00a0 \u00a0 \u00a0 \u00a0 \u00a0 \u00a0 \u00a0 \u00a0 \u00a0 \u00a0 \u00a0 \u00a0 \u00a0 \u00a0 \u00a0 \u00a0 \u00a0 \u00a0 \u00a0 \u00a0 \u00a0\u00a0<\/td>\r\n<\/tr>\r\n<tr>\r\n<td>Da\u013cas numurs<\/td>\r\n<td>708-2L-00421 708-2L-00423<\/td>\r\n<\/tr>\r\n<tr>\r\n<td>Spiediens<\/td>\r\n<td>Standarta, augstspiediena<\/td>\r\n<\/tr>\r\n<\/tbody>\r\n<\/table>\r\n<h3>\r\n\r\n<\/h3>\r\n<p><\/p>\r\n<h2 class=\"wp-block-heading\">Introduction of\u00a0 PC200-6 PC220-6 Main Pump<\/h2>\r\n<p><\/p>\r\n<p><\/p>\r\n<p>Excavator hydraulic pumps play a crucial role in the efficient operation of heavy machinery such as excavators. We will delve into the key features and functions of the PC200-6 and PC220-6 main pumps, which are essential components in excavator hydraulic systems.<\/p>\r\n<p>\r\n\r\n<\/p>\r\n<h3 class=\"wp-block-heading\">PC200-6\u00a0 Hydraulic Pump<\/h3>\r\n<p>\r\n\r\n<\/p>\r\n<p>The PC200-6 main pump is designed to provide reliable and consistent hydraulic power to the excavator. With its high efficiency and durability, this pump ensures smooth operation and optimal performance of the machine. Equipped with advanced technology, the PC200-6 main pump delivers the required hydraulic pressure to drive the various hydraulic functions of the excavator.<\/p>\r\n<p>\r\n\r\n<\/p>\r\n<h3 class=\"wp-block-heading\">PC220-6Hydraulic Pump<\/h3>\r\n<p>\r\n\r\n<\/p>\r\n<p>The PC220-6 main pump is known for its robust construction and superior performance. This pump is engineered to withstand heavy-duty usage in demanding work environments. With its exceptional efficiency and precision, the PC220-6 main pump contributes to the overall productivity and efficiency of the excavator. Operators can rely on this pump to deliver the necessary hydraulic power for smooth and precise operation.<\/p>\r\n<p>\r\n\r\n<\/p>\r\n<p>\r\n\r\n<\/p>\r\n<p>In conclusion, the PC200-6 and PC220-6 main pumps are essential components in excavator hydraulic systems, playing a key role in delivering the hydraulic power needed for efficient operation. Operators can rely on these pumps to provide consistent performance, durability, and precision, ultimately contributing to the overall productivity and success of excavator projects.<\/p>\r\n<p>\r\n\r\n<\/p>\r\n<p>Ekskav\u0113jiet ar p\u0101rliec\u012bbu un jaudu, izmantojot \u0161os augst\u0101k\u0101s klases galvenos s\u016bk\u0146us!<\/p>\r\n<p><\/p>\r\n<p><\/p>","protected":false},"excerpt":{"rendered":"<p><strong><b>Da\u013ca<\/b><\/strong> #: 708-2L-00421 708-2L-00423<br \/><strong><b>Veiciet<\/b><\/strong>:Komatsu <br \/><strong><b>Modelis<\/b><\/strong>: PC200-6 PC220-6<br \/><strong><b>St\u0101voklis<\/b><\/strong>: Jauns<\/p>","protected":false},"featured_media":4307,"template":"","meta":[],"product_brand":[],"product_cat":[382],"product_tag":[],"class_list":{"0":"post-4356","1":"product","2":"type-product","3":"status-publish","4":"has-post-thumbnail","6":"product_cat-komatsu-hydraulic-pumps","8":"first","9":"instock","10":"shipping-taxable","11":"product-type-simple"},"_links":{"self":[{"href":"https:\/\/swingbearing.net\/lv\/wp-json\/wp\/v2\/product\/4356","targetHints":{"allow":["GET"]}}],"collection":[{"href":"https:\/\/swingbearing.net\/lv\/wp-json\/wp\/v2\/product"}],"about":[{"href":"https:\/\/swingbearing.net\/lv\/wp-json\/wp\/v2\/types\/product"}],"wp:featuredmedia":[{"embeddable":true,"href":"https:\/\/swingbearing.net\/lv\/wp-json\/wp\/v2\/media\/4307"}],"wp:attachment":[{"href":"https:\/\/swingbearing.net\/lv\/wp-json\/wp\/v2\/media?parent=4356"}],"wp:term":[{"taxonomy":"product_brand","embeddable":true,"href":"https:\/\/swingbearing.net\/lv\/wp-json\/wp\/v2\/product_brand?post=4356"},{"taxonomy":"product_cat","embeddable":true,"href":"https:\/\/swingbearing.net\/lv\/wp-json\/wp\/v2\/product_cat?post=4356"},{"taxonomy":"product_tag","embeddable":true,"href":"https:\/\/swingbearing.net\/lv\/wp-json\/wp\/v2\/product_tag?post=4356"}],"curies":[{"name":"wp","href":"https:\/\/api.w.org\/{rel}","templated":true}]}}