{"id":4354,"date":"2024-06-27T03:48:06","date_gmt":"2024-06-27T03:48:06","guid":{"rendered":"https:\/\/swingbearing.net\/?post_type=product&#038;p=4354"},"modified":"2024-06-27T04:09:24","modified_gmt":"2024-06-27T04:09:24","slug":"hydraulic-pump-708-25-01011-708-25-50101-708-25-04081-for-pc650-3-pc650-5-pc710-5","status":"publish","type":"product","link":"https:\/\/swingbearing.net\/lv\/product\/hydraulic-pump-708-25-01011-708-25-50101-708-25-04081-for-pc650-3-pc650-5-pc710-5\/","title":{"rendered":"Hidrauliskais s\u016bknis 708-25-01011 708-25-50101 708-25-04081 priek\u0161 PC650-3 PC650-5 PC710-5"},"content":{"rendered":"<h3 class=\"wp-block-heading\"><strong>Produkta apraksts<\/strong><\/h3>\r\n\r\n\r\n<hr class=\"wp-block-separator has-alpha-channel-opacity\" \/>\r\n\r\n\r\n<h2 class=\"wp-block-heading\">708-25-01011 708-25-50101 708-25-04081 Hidrauliskais galvenais s\u016bknis piem\u0113rots Komatsu PC650-3 PC650-5 PC710-5<\/h2>\r\n<p><img decoding=\"async\" class=\"alignnone wp-image-4306 size-full\" src=\"https:\/\/swingbearing.net\/wp-content\/uploads\/2024\/06\/pc400-3-02.jpg\" alt=\"Hidrauliskie galvenie s\u016bk\u0146i\" width=\"806\" height=\"903\" srcset=\"https:\/\/swingbearing.net\/wp-content\/uploads\/2024\/06\/pc400-3-02.jpg 806w, https:\/\/swingbearing.net\/wp-content\/uploads\/2024\/06\/pc400-3-02-268x300.jpg 268w, https:\/\/swingbearing.net\/wp-content\/uploads\/2024\/06\/pc400-3-02-768x860.jpg 768w, https:\/\/swingbearing.net\/wp-content\/uploads\/2024\/06\/pc400-3-02-11x12.jpg 11w, https:\/\/swingbearing.net\/wp-content\/uploads\/2024\/06\/pc400-3-02-600x672.jpg 600w\" sizes=\"(max-width: 806px) 100vw, 806px\" \/><\/p>\r\n<table border=\"1\" cellspacing=\"0\" cellpadding=\"0\">\r\n<tbody>\r\n<tr>\r\n<td>Produkta nosaukums\u00a0 \u00a0 \u00a0 \u00a0 \u00a0 \u00a0 \u00a0 \u00a0<\/td>\r\n<td>Ekskavatora hidrauliskais s\u016bknis<\/td>\r\n<\/tr>\r\n<tr>\r\n<td>Kvalit\u0101te\u00a0 \u00a0 \u00a0<\/td>\r\n<td>Augstas kvalit\u0101tes 100% Jauns<\/td>\r\n<\/tr>\r\n<tr>\r\n<td>Ma\u0161\u012bnas modelis\u00a0 \u00a0\u00a0<\/td>\r\n<td>PC650-3 PC650-5 PC710-5<\/td>\r\n<\/tr>\r\n<tr>\r\n<td>Iepakojuma izm\u0113rs<\/td>\r\n<td>84*38*49<\/td>\r\n<\/tr>\r\n<tr>\r\n<td>Iepakojums<\/td>\r\n<td>Standarta eksporta koka korpuss\u00a0 \u00a0 \u00a0 \u00a0 \u00a0 \u00a0 \u00a0 \u00a0 \u00a0 \u00a0 \u00a0 \u00a0 \u00a0 \u00a0 \u00a0 \u00a0 \u00a0 \u00a0 \u00a0 \u00a0 \u00a0 \u00a0 \u00a0 \u00a0 \u00a0 \u00a0\u00a0<\/td>\r\n<\/tr>\r\n<tr>\r\n<td>Da\u013cas numurs<\/td>\r\n<td>708-25-01011 708-25-50101 708-25-04081<\/td>\r\n<\/tr>\r\n<tr>\r\n<td>Spiediens<\/td>\r\n<td>Standarta, augstspiediena<\/td>\r\n<\/tr>\r\n<\/tbody>\r\n<\/table>\r\n<h3>\r\n\r\n<\/h3>\r\n<p><\/p>\r\n<h2 class=\"wp-block-heading\">PC650-3 PC650-5 PC710-5 galven\u0101 s\u016bk\u0146a ievie\u0161ana<\/h2>\r\n<p><\/p>\r\n<p><\/p>\r\n<p>Ekskavatoru hidrauliskajiem s\u016bk\u0146iem ir iz\u0161\u0137iro\u0161a noz\u012bme smago ma\u0161\u012bnu, piem\u0113ram, ekskavatoru, efekt\u012bv\u0101 darb\u012bb\u0101. Iepaz\u012bsim PC650-3, PC650-5 un PC710-5 galveno s\u016bk\u0146u, kas ir b\u016btiskas ekskavatoru hidraulisko sist\u0113mu sast\u0101vda\u013cas, galven\u0101s \u012bpa\u0161\u012bbas un funkcijas.<\/p>\r\n<p>\r\n\r\n<\/p>\r\n<h3 class=\"wp-block-heading\">PC650-3 hidrauliskais s\u016bknis<\/h3>\r\n<p>\r\n\r\n<\/p>\r\n<p>PC650-3 galvenais s\u016bknis ir paredz\u0113ts, lai nodro\u0161in\u0101tu ekskavatora uzticamu un vienm\u0113r\u012bgu hidraulisko jaudu. Pateicoties augstajai efektivit\u0101tei un iztur\u012bbai, \u0161is s\u016bknis nodro\u0161ina vienm\u0113r\u012bgu darb\u012bbu un optim\u0101lu ma\u0161\u012bnas veiktsp\u0113ju. Apr\u012bkots ar modern\u0101m tehnolo\u0123ij\u0101m, PC650-3 galvenais s\u016bknis nodro\u0161ina nepiecie\u0161amo hidraulisko spiedienu, lai darbin\u0101tu da\u017e\u0101das ekskavatora hidraulisk\u0101s funkcijas.<\/p>\r\n<p>\r\n\r\n<\/p>\r\n<h3 class=\"wp-block-heading\">PC650-5 hidrauliskais s\u016bknis<\/h3>\r\n<p>\r\n\r\n<\/p>\r\n<p>Galvenais s\u016bknis PC650-5 ir paz\u012bstams ar savu iztur\u012bgo konstrukciju un izcilo veiktsp\u0113ju. \u0160is s\u016bknis ir konstru\u0113ts t\u0101, lai iztur\u0113tu intens\u012bvu lieto\u0161anu sare\u017e\u0123\u012bt\u0101s darba vid\u0113s. Pateicoties izcilajai efektivit\u0101tei un precizit\u0101tei, PC650-5 galvenais s\u016bknis veicina ekskavatora kop\u0113jo produktivit\u0101ti un efektivit\u0101ti. Operatori var pa\u013cauties, ka \u0161is s\u016bknis nodro\u0161in\u0101s nepiecie\u0161amo hidraulisko jaudu vienm\u0113r\u012bgai un prec\u012bzai darb\u012bbai.<\/p>\r\n<p>\r\n\r\n<\/p>\r\n<h3 class=\"wp-block-heading\">PC710-5 hidrauliskais s\u016bknis<\/h3>\r\n<p>\r\n\r\n<\/p>\r\n<p>PC710-5 galvenais s\u016bknis ir augst\u0101k\u0101s klases komponents, kas nodro\u0161ina optim\u0101lu ekskavatoru hidraulisko veiktsp\u0113ju. \u0160is s\u016bknis, kas izgatavots, izmantojot prec\u012bzu in\u017eenierijas sist\u0113mu un progres\u012bvas tehnolo\u0123ijas, nodro\u0161ina augsta spiediena hidraulisko \u0161\u0137idrumu, lai darbin\u0101tu da\u017e\u0101das ma\u0161\u012bnas hidraulisk\u0101s funkcijas. PC710-5 galvenais s\u016bknis ir izstr\u0101d\u0101ts, lai atbilstu stingraj\u0101m pras\u012bb\u0101m, kas tiek izvirz\u012btas smagajos b\u016bvniec\u012bbas projektos, nodro\u0161inot uzticamu un past\u0101v\u012bgu hidraulisko jaudu, kas uzlabo ekskavatora veiktsp\u0113ju.<\/p>\r\n<p>\r\n\r\n<\/p>\r\n<p>J\u0101secina, ka galvenie s\u016bk\u0146i PC650-3, PC650-5 un PC710-5 ir b\u016btiski ekskavatoru hidraulisko sist\u0113mu komponenti, kuriem ir b\u016btiska noz\u012bme, nodro\u0161inot efekt\u012bvai darb\u012bbai nepiecie\u0161amo hidraulisko jaudu. Operatori var pa\u013cauties, ka \u0161ie s\u016bk\u0146i nodro\u0161in\u0101s nemain\u012bgu veiktsp\u0113ju, iztur\u012bbu un precizit\u0101ti, t\u0101d\u0113j\u0101di veicinot kop\u0113jo ekskavatoru projektu produktivit\u0101ti un pan\u0101kumus.<\/p>\r\n<p>\r\n\r\n<\/p>\r\n<p>Ekskav\u0113jiet ar p\u0101rliec\u012bbu un jaudu, izmantojot \u0161os augst\u0101k\u0101s klases galvenos s\u016bk\u0146us!<\/p>\r\n<p><\/p>\r\n<p><\/p>","protected":false},"excerpt":{"rendered":"<p><strong><b>Da\u013ca<\/b><\/strong> #: 708-25-01011 708-25-50101 708-25-04081<br \/><strong><b>Veiciet<\/b><\/strong>:Komatsu <br \/><strong><b>Modelis<\/b><\/strong>: PC650-3 PC650-5 PC710-5<br \/><strong><b>St\u0101voklis<\/b><\/strong>: Jauns<\/p>","protected":false},"featured_media":4308,"template":"","meta":[],"product_brand":[],"product_cat":[382],"product_tag":[],"class_list":{"0":"post-4354","1":"product","2":"type-product","3":"status-publish","4":"has-post-thumbnail","6":"product_cat-komatsu-hydraulic-pumps","8":"first","9":"instock","10":"shipping-taxable","11":"product-type-simple"},"_links":{"self":[{"href":"https:\/\/swingbearing.net\/lv\/wp-json\/wp\/v2\/product\/4354","targetHints":{"allow":["GET"]}}],"collection":[{"href":"https:\/\/swingbearing.net\/lv\/wp-json\/wp\/v2\/product"}],"about":[{"href":"https:\/\/swingbearing.net\/lv\/wp-json\/wp\/v2\/types\/product"}],"wp:featuredmedia":[{"embeddable":true,"href":"https:\/\/swingbearing.net\/lv\/wp-json\/wp\/v2\/media\/4308"}],"wp:attachment":[{"href":"https:\/\/swingbearing.net\/lv\/wp-json\/wp\/v2\/media?parent=4354"}],"wp:term":[{"taxonomy":"product_brand","embeddable":true,"href":"https:\/\/swingbearing.net\/lv\/wp-json\/wp\/v2\/product_brand?post=4354"},{"taxonomy":"product_cat","embeddable":true,"href":"https:\/\/swingbearing.net\/lv\/wp-json\/wp\/v2\/product_cat?post=4354"},{"taxonomy":"product_tag","embeddable":true,"href":"https:\/\/swingbearing.net\/lv\/wp-json\/wp\/v2\/product_tag?post=4354"}],"curies":[{"name":"wp","href":"https:\/\/api.w.org\/{rel}","templated":true}]}}