{"id":3367,"date":"2024-05-27T09:07:41","date_gmt":"2024-05-27T09:07:41","guid":{"rendered":"https:\/\/swingbearing.net\/product\/hyundai-r210-7-excavator-swing-bearing-81n6-00022-slew-rings\/"},"modified":"2024-05-29T05:28:50","modified_gmt":"2024-05-29T05:28:50","slug":"hyundai-r210-7-excavator-swing-bearing-81n6-00022-slew-rings","status":"publish","type":"product","link":"https:\/\/swingbearing.net\/lv\/product\/hyundai-r210-7-excavator-swing-bearing-81n6-00022-slew-rings\/","title":{"rendered":"Ekskavatora \u0161\u016bpoles gultnis 81N6-00022 priek\u0161 HYUNDAI R210-7"},"content":{"rendered":"<h2 style=\"text-align: center;\">HYUNDAI \u0161\u016bpo\u013cu gult\u0146a parametri<\/h2>\n<div class=\"bde-rich-text-243-405 bde-rich-text breakdance-rich-text-styles\">\n<figure class=\"wp-block-table\">\n<table>\n<tbody>\n<tr>\n<td>Modelis<\/td>\n<td>Da\u013cas numurs<\/td>\n<td>\u0100r\u0113jais diametrs<\/td>\n<td>Iek\u0161\u0113jais diametrs<\/td>\n<td>Kop\u0113jais augstums<\/td>\n<td>\u0100r\u0113jais augstums<\/td>\n<td>Iek\u0161\u0113jais augstums<\/td>\n<td>\u0100r\u0113jo caurumu parametri<\/td>\n<td>Iek\u0161\u0113j\u0101 urbuma parametri<\/td>\n<td>Zobu skaits<\/td>\n<\/tr>\n<tr>\n<td>R140LC-7<\/td>\n<td>81N4-01020<\/td>\n<td>1196<\/td>\n<td>963<\/td>\n<td>90<\/td>\n<td>79<\/td>\n<td>80<\/td>\n<td>36-\u03c619<\/td>\n<td>36-M16*1.5<\/td>\n<td>98<\/td>\n<\/tr>\n<tr>\n<td>R210LC-3<\/td>\n<td>81EM-00020<\/td>\n<td>1202<\/td>\n<td>945<\/td>\n<td>84<\/td>\n<td>75<\/td>\n<td>70<\/td>\n<td>36<\/td>\n<td>36<\/td>\n<td>80<\/td>\n<\/tr>\n<tr>\n<td>R170W-7<\/td>\n<td>81EM-00021<\/td>\n<td>1202<\/td>\n<td>947<\/td>\n<td>83<\/td>\n<td>75<\/td>\n<td>70<\/td>\n<td>36-\u03c622<\/td>\n<td>36-M20*1.5<\/td>\n<td>80<\/td>\n<\/tr>\n<tr>\n<td>R180W-9S<\/td>\n<td>81EM-00021GG<\/td>\n<td>1202<\/td>\n<td>947<\/td>\n<td>83<\/td>\n<td>75<\/td>\n<td>70<\/td>\n<td>36-\u03c622<\/td>\n<td>36-M20*1.5<\/td>\n<td>80<\/td>\n<\/tr>\n<tr>\n<td>R200W-7<\/td>\n<td>81EM-00021GG<\/td>\n<td>1327<\/td>\n<td>1083<\/td>\n<td>110<\/td>\n<td>89<\/td>\n<td>94<\/td>\n<td>30-\u03c622<\/td>\n<td>36-M20<\/td>\n<td>92<\/td>\n<\/tr>\n<tr>\n<td>R210-7<\/td>\n<td>81N6-00023BG<\/td>\n<td>1327<\/td>\n<td>1084<\/td>\n<td>110<\/td>\n<td>89<\/td>\n<td>94<\/td>\n<td>30-\u03c622<\/td>\n<td>36-M20<\/td>\n<td>92<\/td>\n<\/tr>\n<tr>\n<td>R210LC-7<\/td>\n<td>81N6-01020<\/td>\n<td>1326<\/td>\n<td>1084<\/td>\n<td>110<\/td>\n<td>89<\/td>\n<td>94<\/td>\n<td>30-\u03c622<\/td>\n<td>36-M20<\/td>\n<td>92<\/td>\n<\/tr>\n<tr>\n<td>R210-7<\/td>\n<td>81N6-00022<\/td>\n<td>1326<\/td>\n<td>1084<\/td>\n<td>110<\/td>\n<td>89<\/td>\n<td>94<\/td>\n<td>30-\u03c622<\/td>\n<td>36-M20<\/td>\n<td>92<\/td>\n<\/tr>\n<tr>\n<td>R210-7<\/td>\n<td>81N6-00021<\/td>\n<td>1326<\/td>\n<td>1084<\/td>\n<td>110<\/td>\n<td>89<\/td>\n<td>94<\/td>\n<td>30-\u03c622<\/td>\n<td>36-M20<\/td>\n<td>92<\/td>\n<\/tr>\n<tr>\n<td>R210LC7<\/td>\n<td>31N 812020<\/td>\n<td>1326<\/td>\n<td>1084<\/td>\n<td>110<\/td>\n<td>89<\/td>\n<td>94<\/td>\n<td>30-\u03a622<\/td>\n<td>36-M20<\/td>\n<td>92<\/td>\n<\/tr>\n<tr>\n<td>R210W-9S<\/td>\n<td>81Q5-01020<\/td>\n<td>1327<\/td>\n<td>1083<\/td>\n<td>110<\/td>\n<td>89<\/td>\n<td>94<\/td>\n<td>30-\u03c622<\/td>\n<td>36-M20<\/td>\n<td>92<\/td>\n<\/tr>\n<tr>\n<td>R210W-9S<\/td>\n<td>81Q5-01021<\/td>\n<td>1327<\/td>\n<td>1083<\/td>\n<td>110<\/td>\n<td>89<\/td>\n<td>94<\/td>\n<td>30-\u03c622<\/td>\n<td>36-M20<\/td>\n<td>92<\/td>\n<\/tr>\n<tr>\n<td>R220LC-9S<\/td>\n<td>81Q6-00020<\/td>\n<td>1326<\/td>\n<td>1084<\/td>\n<td>110<\/td>\n<td>89<\/td>\n<td>94<\/td>\n<td>30-\u03c622<\/td>\n<td>36-M20<\/td>\n<td>92<\/td>\n<\/tr>\n<tr>\n<td>R220LC-9S<\/td>\n<td>81Q6-01020<\/td>\n<td>1326<\/td>\n<td>1084<\/td>\n<td>110<\/td>\n<td>89<\/td>\n<td>94<\/td>\n<td>30-\u03c622<\/td>\n<td>36-M20<\/td>\n<td>92<\/td>\n<\/tr>\n<tr>\n<td>R220LC-9S<\/td>\n<td>81Q6-01021<\/td>\n<td>1326<\/td>\n<td>1084<\/td>\n<td>110<\/td>\n<td>89<\/td>\n<td>94<\/td>\n<td>30-\u03c622<\/td>\n<td>36-M20<\/td>\n<td>92<\/td>\n<\/tr>\n<tr>\n<td>R220LC-9S<\/td>\n<td>81Q6-00021<\/td>\n<td>1326<\/td>\n<td>1084<\/td>\n<td>110<\/td>\n<td>89<\/td>\n<td>94<\/td>\n<td>30-\u03c622<\/td>\n<td>36-M20<\/td>\n<td>92<\/td>\n<\/tr>\n<tr>\n<td>R250LC-7<\/td>\n<td>81EN-00052<\/td>\n<td>1410<\/td>\n<td>1131<\/td>\n<td>120<\/td>\n<td>88<\/td>\n<td>110<\/td>\n<td>34-\u03c623<\/td>\n<td>36-M20<\/td>\n<td>82<\/td>\n<\/tr>\n<tr>\n<td>290LC-7<\/td>\n<td>81N8-0003<\/td>\n<td>1526<\/td>\n<td>1235<\/td>\n<td>123<\/td>\n<td>97<\/td>\n<td>110<\/td>\n<td>38-\u03c626<\/td>\n<td>40-M24<\/td>\n<td>90<\/td>\n<\/tr>\n<tr>\n<td>R290<\/td>\n<td>81N8-00021<\/td>\n<td>1526<\/td>\n<td>1235<\/td>\n<td>122<\/td>\n<td>87<\/td>\n<td>110<\/td>\n<td>37-\u042426<\/td>\n<td>40-M24<\/td>\n<td>90<\/td>\n<\/tr>\n<tr>\n<td>R290<\/td>\n<td>81N8-00022<\/td>\n<td>1526<\/td>\n<td>1235<\/td>\n<td>122<\/td>\n<td>87<\/td>\n<td>110<\/td>\n<td>37-\u042426<\/td>\n<td>40-M24<\/td>\n<td>90<\/td>\n<\/tr>\n<tr>\n<td>R290LC 7A<\/td>\n<td>4921797<\/td>\n<td>1526<\/td>\n<td>1235<\/td>\n<td>123<\/td>\n<td>97<\/td>\n<td>110<\/td>\n<td>38-\u03c626<\/td>\n<td>40-M24<\/td>\n<td>90<\/td>\n<\/tr>\n<tr>\n<td>R290LC-7<\/td>\n<td>81N8-00023<\/td>\n<td>1526<\/td>\n<td>1235<\/td>\n<td>123<\/td>\n<td>97<\/td>\n<td>110<\/td>\n<td>38-\u03c626<\/td>\n<td>40-M24<\/td>\n<td>90<\/td>\n<\/tr>\n<tr>\n<td>R290LC-7A<\/td>\n<td>81N8-00024GG<\/td>\n<td>1526<\/td>\n<td>1235<\/td>\n<td>122<\/td>\n<td>97<\/td>\n<td>110<\/td>\n<td>38-\u03c626<\/td>\n<td>40-M24<\/td>\n<td>90<\/td>\n<\/tr>\n<tr>\n<td>R320-7<\/td>\n<td>81N9-01020<\/td>\n<td>1526<\/td>\n<td>1235<\/td>\n<td>122<\/td>\n<td>97<\/td>\n<td>110<\/td>\n<td>38-\u042426<\/td>\n<td>40-M24<\/td>\n<td>90<\/td>\n<\/tr>\n<tr>\n<td>R320LC-7<\/td>\n<td>81N9-01021<\/td>\n<td>1526<\/td>\n<td>1235<\/td>\n<td>122<\/td>\n<td>97<\/td>\n<td>110<\/td>\n<td>38-\u042426<\/td>\n<td>40-M24<\/td>\n<td>90<\/td>\n<\/tr>\n<tr>\n<td>R320LC-7<\/td>\n<td>81N9-01022<\/td>\n<td>1526<\/td>\n<td>1235<\/td>\n<td>122<\/td>\n<td>97<\/td>\n<td>110<\/td>\n<td>38-\u042426<\/td>\n<td>40-M24<\/td>\n<td>90<\/td>\n<\/tr>\n<tr>\n<td>R320LC-7<\/td>\n<td>81n9-01022 BG<\/td>\n<td>1526<\/td>\n<td>1235<\/td>\n<td>122<\/td>\n<td>97<\/td>\n<td>110<\/td>\n<td>38-\u042426<\/td>\n<td>40-M24<\/td>\n<td>90<\/td>\n<\/tr>\n<tr>\n<td>R320LC-7<\/td>\n<td>81N9-00021<\/td>\n<td>1526<\/td>\n<td>1235<\/td>\n<td>122<\/td>\n<td>97<\/td>\n<td>110<\/td>\n<td>38<\/td>\n<td>40<\/td>\n<td>90<\/td>\n<\/tr>\n<tr>\n<td>R360LC-7<\/td>\n<td>81NA-01020<\/td>\n<td>1550<\/td>\n<td>1250<\/td>\n<td><\/td>\n<td>108<\/td>\n<td>140<\/td>\n<td>35<\/td>\n<td>40<\/td>\n<td>106<\/td>\n<\/tr>\n<tr>\n<td>R360LC-7<\/td>\n<td>81NA-01022GG<\/td>\n<td>1550<\/td>\n<td>1250<\/td>\n<td>152<\/td>\n<td>108<\/td>\n<td>140<\/td>\n<td>35<\/td>\n<td>40<\/td>\n<td>106<\/td>\n<\/tr>\n<tr>\n<td>R360LC-7A<\/td>\n<td>81NA-01021BG<\/td>\n<td>1550<\/td>\n<td>1250<\/td>\n<td>152<\/td>\n<td>108<\/td>\n<td>140<\/td>\n<td>35<\/td>\n<td>40<\/td>\n<td>106<\/td>\n<\/tr>\n<\/tbody>\n<\/table>\n<\/figure>\n<\/div>\n<h3>Iepaz\u012bstin\u0101\u0161ana ar ekskavatoru \u0161\u016bpo\u013cu gult\u0146iem<\/h3>\n<p>Smag\u0101s tehnikas jom\u0101 ekskavatori ir neaizst\u0101jams instruments, kas noder da\u017e\u0101du b\u016bvniec\u012bbas un rak\u0161anas darbu veik\u0161anai. Viens no svar\u012bg\u0101kajiem komponentiem, kas veicina to izcilo veiktsp\u0113ju, ir \u0161\u016bpoles gultnis. \u0160im svar\u012bgajam komponentam ir iz\u0161\u0137iro\u0161a noz\u012bme, lai ekskavatora aug\u0161\u0113j\u0101 konstrukcija rot\u0113tu vienm\u0113r\u012bgi un efekt\u012bvi.<\/p>\n<p>\u0160\u016bpoles gultnis ir liels, apa\u013c\u0161 gultnis, kas atrodas ekskavatora aug\u0161\u0113j\u0101s konstrukcijas pamatn\u0113. Tas nodro\u0161ina zemas berzes virsmu, kas \u013cauj aug\u0161\u0113jai konstrukcijai br\u012bvi griezties uz apak\u0161\u0113j\u0101s konstrukcijas. \u0160\u012b rot\u0101cija ir b\u016btiska, lai ekskavators var\u0113tu veikt savas galven\u0101s funkcijas, piem\u0113ram, rak\u0161anu, tran\u0161eju rak\u0161anu un materi\u0101lu p\u0101rvieto\u0161anu.<\/p>\n<p>\u0160\u016bpoles gult\u0146a konstrukcijai ir iz\u0161\u0137iro\u0161a noz\u012bme ekskavatora kop\u0113j\u0101 darb\u012bb\u0101. Tam ir j\u0101iztur milz\u012bg\u0101s slodzes un sp\u0113ki, kas rodas ekspluat\u0101cijas laik\u0101. \u0160\u012bs slodzes ietver aug\u0161\u0113j\u0101s konstrukcijas svaru, rak\u0161anas sp\u0113kus un inerces sp\u0113kus, kas rodas pa\u0101trin\u0101juma un pal\u0113nin\u0101juma laik\u0101.<\/p>\n<p>Lai izpild\u012btu \u0161\u012bs pras\u012bbas, \u0161\u016bpo\u013cu gult\u0146i parasti tiek izgatavoti no augstas iztur\u012bbas materi\u0101liem, piem\u0113ram, kalt\u0101 t\u0113rauda vai \u010duguna. Tie ir apr\u012bkoti ar\u012b ar vair\u0101k\u0101m rites elementu rind\u0101m, kas sadala slodzi un samazina berzi. Rites elementi parasti ir izgatavoti no r\u016bd\u012bta t\u0113rauda vai keramikas materi\u0101liem, lai nodro\u0161in\u0101tu iztur\u012bbu un ilgm\u016b\u017e\u012bbu.<\/p>\n<p>Pareiza \u0161\u016bpo\u013cu gult\u0146u apkope ir b\u016btiska, lai nodro\u0161in\u0101tu ekskavatora optim\u0101lu darb\u012bbu un ilgm\u016b\u017e\u012bbu. Regul\u0101ra e\u013c\u013co\u0161ana ir \u013coti svar\u012bga, lai nov\u0113rstu nodilumu un pagarin\u0101tu gult\u0146a kalpo\u0161anas laiku. Turkl\u0101t periodiski j\u0101veic p\u0101rbaudes, lai konstat\u0113tu boj\u0101jumu vai p\u0101rm\u0113r\u012bga nolietojuma paz\u012bmes.<\/p>\n<p>Izv\u0113loties \u0161\u016bpoles gultni ekskavatoram, ir svar\u012bgi \u0146emt v\u0113r\u0101 konkr\u0113t\u0101 lietojuma pras\u012bbas. J\u0101\u0146em v\u0113r\u0101 t\u0101di faktori k\u0101 ekskavatora izm\u0113rs, svars un paredz\u0113tais lietojums. Ieteicams ar\u012b konsult\u0113ties ar ekskavatora ra\u017eot\u0101ju vai kvalific\u0113tu gult\u0146u pieg\u0101d\u0101t\u0101ju, lai nodro\u0161in\u0101tu pareizu gult\u0146a izv\u0113li un uzst\u0101d\u012b\u0161anu.<\/p>\n<p>Nobeigum\u0101 j\u0101secina, ka \u0161\u016bpoles gultnis ir \u013coti svar\u012bgs komponents, kam ir b\u016btiska noz\u012bme ekskavatoru veiktsp\u0113jas un efektivit\u0101tes nodro\u0161in\u0101\u0161an\u0101. Izprotot \u0161\u016bpoles gult\u0146u konstrukciju, funkcijas un tehnisk\u0101s apkopes pras\u012bbas, operatori un tehnisk\u0101s apkopes person\u0101ls var nodro\u0161in\u0101t, ka ekskavatori ilgus gadus darbosies maksim\u0101li efekt\u012bvi.<\/p>\n<h4>Hyundai \u0161\u016bpo\u013cu gultnis<\/h4>\n<p>Hyundai ir labi paz\u012bstams z\u012bmols b\u016bvniec\u012bbas iek\u0101rtu nozar\u0113, kas nodro\u0161ina kvalitat\u012bvu tehniku un rezerves da\u013cas ekskavatoriem. Hyundai ekskavatoru \u0161\u016bpo\u013cu gult\u0146u izstr\u0101d\u0101jumi ir izstr\u0101d\u0101ti t\u0101, lai nodro\u0161in\u0101tu iztur\u012bbu, precizit\u0101ti un veiktsp\u0113ju, padarot tos par ide\u0101lu izv\u0113li ekskavatoru \u012bpa\u0161niekiem un operatoriem.<\/p>\n<p>Hyundai ekskavatoru \u0161\u016bpo\u013cu gultnis ir pieejams pla\u0161am ekskavatoru mode\u013cu kl\u0101stam, tostarp R55, R60, R80, R130LC-3-5, R150, R190, R200, R200-5, R210, R215-7\/9, R220, R225LC-7\/9, R245, R260, R265, R290, R290LC-7, R300LC, R305LC, R330LC, R340, R375, R360LC-7, R390, R450LC, R470, R485, R500, R55-5, R60-5, R55-7, R60-7, R60-7, R70-7, R80, R110LC-7, R130-5, R130-7, R140LC-7, R150LC-7, R150LC-7, R150LC-9, R200W-7, R200, R200-3, R200-5, R210-3, R210-5, R210-5D, R220-3, R220-5, R210-7, R210-9, R215-7, R225-7, R220-9, R225-9, R260-7, R265-7, R290-3, R300-5, R290-7, R305-7, R305-9, R320-7, R300, R350, R400, R450, R480 un R550.<\/p>","protected":false},"excerpt":{"rendered":"<p><strong><b>Da\u013ca<\/b><\/strong> #:81N6-00022<br \/>\n<strong><b>Veiciet<\/b><\/strong>: HYUNDAI<br \/>\n<strong><b>Modelis<\/b><\/strong>:R210-7<br \/>\n<strong><b>St\u0101voklis<\/b><\/strong>: Jauns<\/p>","protected":false},"featured_media":2929,"template":"","meta":[],"product_brand":[],"product_cat":[66,22],"product_tag":[],"class_list":{"0":"post-3367","1":"product","2":"type-product","3":"status-publish","4":"has-post-thumbnail","6":"product_cat-hyundai-excavator-swing-bearing","7":"product_cat-swing-bearing","9":"first","10":"instock","11":"shipping-taxable","12":"product-type-simple"},"_links":{"self":[{"href":"https:\/\/swingbearing.net\/lv\/wp-json\/wp\/v2\/product\/3367","targetHints":{"allow":["GET"]}}],"collection":[{"href":"https:\/\/swingbearing.net\/lv\/wp-json\/wp\/v2\/product"}],"about":[{"href":"https:\/\/swingbearing.net\/lv\/wp-json\/wp\/v2\/types\/product"}],"wp:featuredmedia":[{"embeddable":true,"href":"https:\/\/swingbearing.net\/lv\/wp-json\/wp\/v2\/media\/2929"}],"wp:attachment":[{"href":"https:\/\/swingbearing.net\/lv\/wp-json\/wp\/v2\/media?parent=3367"}],"wp:term":[{"taxonomy":"product_brand","embeddable":true,"href":"https:\/\/swingbearing.net\/lv\/wp-json\/wp\/v2\/product_brand?post=3367"},{"taxonomy":"product_cat","embeddable":true,"href":"https:\/\/swingbearing.net\/lv\/wp-json\/wp\/v2\/product_cat?post=3367"},{"taxonomy":"product_tag","embeddable":true,"href":"https:\/\/swingbearing.net\/lv\/wp-json\/wp\/v2\/product_tag?post=3367"}],"curies":[{"name":"wp","href":"https:\/\/api.w.org\/{rel}","templated":true}]}}