{"id":2961,"date":"2024-05-11T02:26:18","date_gmt":"2024-05-11T02:26:18","guid":{"rendered":"https:\/\/swingbearing.net\/?post_type=product&#038;p=2961"},"modified":"2024-05-14T01:31:44","modified_gmt":"2024-05-14T01:31:44","slug":"swing-bearing-cat","status":"publish","type":"product","link":"https:\/\/swingbearing.net\/lv\/product\/swing-bearing-cat\/","title":{"rendered":"CAT \u0161\u016bpo\u013cu gultnis"},"content":{"rendered":"<h2 style=\"text-align: center;\">CAT \u0161\u016bpo\u013cu gult\u0146u parametri<\/h2>\n<figure class=\"wp-block-table\">\n<table>\n<tbody>\n<tr>\n<td>Modelis<\/td>\n<td>Da\u013cas numurs<\/td>\n<td>\u0100r\u0113jais diametrs<\/td>\n<td>Iek\u0161\u0113jais diametrs<\/td>\n<td>Kop\u0113jais augstums<\/td>\n<td>\u0100r\u0113jais augstums<\/td>\n<td>Iek\u0161\u0113jais augstums<\/td>\n<td>\u0100r\u0113jo caurumu parametri<\/td>\n<td>Iek\u0161\u0113j\u0101 urbuma parametri<\/td>\n<td>Zobu skaits<\/td>\n<\/tr>\n<tr>\n<td>CAT 307C<\/td>\n<td>240-8361<\/td>\n<td>810<\/td>\n<td>568<\/td>\n<td>82<\/td>\n<td>62<\/td>\n<td>62<\/td>\n<td>29<\/td>\n<td>38<\/td>\n<td>75<\/td>\n<\/tr>\n<tr>\n<td>CAT312CL<\/td>\n<td>229-1077<\/td>\n<td>1093<\/td>\n<td>883<\/td>\n<td>72.5<\/td>\n<td>50<\/td>\n<td>62<\/td>\n<td>34-\u03c618<\/td>\n<td>38-M16<\/td>\n<td>90<\/td>\n<\/tr>\n<tr>\n<td>CAT 311<\/td>\n<td>231-6853<\/td>\n<td>1115<\/td>\n<td>883<\/td>\n<td>75<\/td>\n<td>60<\/td>\n<td>67<\/td>\n<td>29-\u03c618<\/td>\n<td>30-M16<\/td>\n<td>90<\/td>\n<\/tr>\n<tr>\n<td>CAT 312B<\/td>\n<td>616411<\/td>\n<td>1115<\/td>\n<td>883<\/td>\n<td>75<\/td>\n<td>60<\/td>\n<td>67<\/td>\n<td>29-\u03c618<\/td>\n<td>30-M16<\/td>\n<td>90<\/td>\n<\/tr>\n<tr>\n<td>CAT312CL<\/td>\n<td>229-1077<\/td>\n<td>1093<\/td>\n<td>883<\/td>\n<td>72.5<\/td>\n<td>50<\/td>\n<td>62<\/td>\n<td>34-\u03c618<\/td>\n<td>38-M16<\/td>\n<td>90<\/td>\n<\/tr>\n<tr>\n<td>CAT 312C<\/td>\n<td>229-1077<\/td>\n<td>1093<\/td>\n<td>883<\/td>\n<td>72.5<\/td>\n<td>50<\/td>\n<td>62<\/td>\n<td>34-\u03c618<\/td>\n<td>38-M16<\/td>\n<td>90<\/td>\n<\/tr>\n<tr>\n<td>CAT 315<\/td>\n<td>148-4568<\/td>\n<td>1205<\/td>\n<td>961<\/td>\n<td>94<\/td>\n<td>74<\/td>\n<td>84<\/td>\n<td>34<\/td>\n<td>30<\/td>\n<td>98<\/td>\n<\/tr>\n<tr>\n<td>CAT 318B<\/td>\n<td>148-4568<\/td>\n<td>1205<\/td>\n<td>961<\/td>\n<td>94<\/td>\n<td>74<\/td>\n<td>84<\/td>\n<td>34<\/td>\n<td>30<\/td>\n<td>98<\/td>\n<\/tr>\n<tr>\n<td>CAT 315C<\/td>\n<td>229-1080<\/td>\n<td>1205<\/td>\n<td>961<\/td>\n<td>94<\/td>\n<td>74<\/td>\n<td>84<\/td>\n<td>34-\u03c622<\/td>\n<td>36-M20<\/td>\n<td>98<\/td>\n<\/tr>\n<tr>\n<td>CAT 319C<\/td>\n<td>227-6079<\/td>\n<td>1310<\/td>\n<td>1065<\/td>\n<td>106<\/td>\n<td>84<\/td>\n<td>88<\/td>\n<td>36<\/td>\n<td>36\/M20<\/td>\n<td>90<\/td>\n<\/tr>\n<tr>\n<td>CAT320B<\/td>\n<td>1141414<\/td>\n<td>1314<\/td>\n<td>1084<\/td>\n<td>100<\/td>\n<td>85<\/td>\n<td>87<\/td>\n<td>33-\u042422<\/td>\n<td>36-M20<\/td>\n<td>110<\/td>\n<\/tr>\n<tr>\n<td>CAT320BL<\/td>\n<td>121-8222<\/td>\n<td>1314<\/td>\n<td>1084<\/td>\n<td>100<\/td>\n<td>85<\/td>\n<td>87<\/td>\n<td>33-\u042422<\/td>\n<td>36-M20<\/td>\n<td>110<\/td>\n<\/tr>\n<tr>\n<td>CAT 320<\/td>\n<td>7Y1565<\/td>\n<td>1314<\/td>\n<td>1084<\/td>\n<td>100<\/td>\n<td>85<\/td>\n<td>87<\/td>\n<td>33-\u03c622<\/td>\n<td>36-M20<\/td>\n<td>110<\/td>\n<\/tr>\n<tr>\n<td>CAT 320B<\/td>\n<td>114-1505<\/td>\n<td>1314<\/td>\n<td>1084<\/td>\n<td>100<\/td>\n<td>85<\/td>\n<td>87<\/td>\n<td>33-\u042422<\/td>\n<td>36-M20<\/td>\n<td>110<\/td>\n<\/tr>\n<tr>\n<td>CAT320BL<\/td>\n<td>177-7723<\/td>\n<td>1314<\/td>\n<td>1084<\/td>\n<td>100<\/td>\n<td>85<\/td>\n<td>87<\/td>\n<td>33-\u042422<\/td>\n<td>36-M20<\/td>\n<td>110<\/td>\n<\/tr>\n<tr>\n<td>CAT 320C<\/td>\n<td>227-6081<\/td>\n<td>1316<\/td>\n<td>1081<\/td>\n<td>105<\/td>\n<td>73<\/td>\n<td>93<\/td>\n<td>42-\u03c622<\/td>\n<td>40-M20<\/td>\n<td>110<\/td>\n<\/tr>\n<tr>\n<td>CAT 320C<\/td>\n<td>227-6147<\/td>\n<td>1316<\/td>\n<td>1081<\/td>\n<td>105<\/td>\n<td>73<\/td>\n<td>93<\/td>\n<td>42-\u03c622<\/td>\n<td>40-M20<\/td>\n<td>110<\/td>\n<\/tr>\n<tr>\n<td>CAT 320C<\/td>\n<td>171-9425<\/td>\n<td>1316<\/td>\n<td>1081<\/td>\n<td>105<\/td>\n<td>73<\/td>\n<td>93<\/td>\n<td>42-\u03c622<\/td>\n<td>40-M20<\/td>\n<td>110<\/td>\n<\/tr>\n<tr>\n<td>CAT 320D<\/td>\n<td>227-6082<\/td>\n<td>1316<\/td>\n<td>1081<\/td>\n<td>105<\/td>\n<td>73<\/td>\n<td>93<\/td>\n<td>42-\u03c622<\/td>\n<td>40-M20<\/td>\n<td>110<\/td>\n<\/tr>\n<tr>\n<td>CAT 320L<\/td>\n<td>7Y1563<\/td>\n<td>1316<\/td>\n<td>1084<\/td>\n<td>105<\/td>\n<td>85<\/td>\n<td>92<\/td>\n<td>38-\u03c622<\/td>\n<td>36-M20<\/td>\n<td>110<\/td>\n<\/tr>\n<tr>\n<td>CAT 320L<\/td>\n<td>7Y1563<\/td>\n<td>1318<\/td>\n<td>1084<\/td>\n<td>105<\/td>\n<td>86<\/td>\n<td>90<\/td>\n<td>38-\u03c622<\/td>\n<td>36-M20<\/td>\n<td>110<\/td>\n<\/tr>\n<tr>\n<td>CAT 225<\/td>\n<td>8K4127<\/td>\n<td>1451<\/td>\n<td>1038<\/td>\n<td>105<\/td>\n<td>92<\/td>\n<td>90<\/td>\n<td>29-\u03c624<\/td>\n<td>36-\u03c624<\/td>\n<td>104<\/td>\n<\/tr>\n<tr>\n<td>CAT 322C<\/td>\n<td>221-6764<\/td>\n<td>1460<\/td>\n<td>1163<\/td>\n<td>110<\/td>\n<td>88<\/td>\n<td>95<\/td>\n<td>34-\u042426<\/td>\n<td>36-M24<\/td>\n<td>85<\/td>\n<\/tr>\n<tr>\n<td>CAT 324D<\/td>\n<td>227-6085<\/td>\n<td>1460<\/td>\n<td>1164<\/td>\n<td>110<\/td>\n<td>88<\/td>\n<td>95<\/td>\n<td>34-\u042426<\/td>\n<td>36-M24<\/td>\n<td>85<\/td>\n<\/tr>\n<tr>\n<td>CAT 325<\/td>\n<td>7Y0745<\/td>\n<td>1495<\/td>\n<td>1164<\/td>\n<td>110<\/td>\n<td>93<\/td>\n<td>95<\/td>\n<td>35<\/td>\n<td>38<\/td>\n<td>85<\/td>\n<\/tr>\n<tr>\n<td>CAT 325C<\/td>\n<td>227-6087<\/td>\n<td>1495<\/td>\n<td>1164<\/td>\n<td>110<\/td>\n<td>93<\/td>\n<td>95<\/td>\n<td>38-\u03c626<\/td>\n<td>42<\/td>\n<td>85<\/td>\n<\/tr>\n<tr>\n<td>CAT 326<\/td>\n<td>353-0649<\/td>\n<td>1462<\/td>\n<td>1164<\/td>\n<td>110<\/td>\n<td>89<\/td>\n<td>95<\/td>\n<td>34-\u03c626<\/td>\n<td>36-M24<\/td>\n<td>85<\/td>\n<\/tr>\n<tr>\n<td>CAT 329D<\/td>\n<td>227-6087<\/td>\n<td>1495<\/td>\n<td>1164<\/td>\n<td>110<\/td>\n<td>93<\/td>\n<td>95<\/td>\n<td>38-\u042426<\/td>\n<td>42-M24<\/td>\n<td>85<\/td>\n<\/tr>\n<tr>\n<td>CAT 330<\/td>\n<td>7Y0933<\/td>\n<td>1664<\/td>\n<td>1313.5<\/td>\n<td>140<\/td>\n<td>100<\/td>\n<td>124<\/td>\n<td>42-\u03c626<\/td>\n<td>46-M24<\/td>\n<td><\/td>\n<\/tr>\n<tr>\n<td>CAT 330<\/td>\n<td>1994559<\/td>\n<td>1664<\/td>\n<td>1313.5<\/td>\n<td>141<\/td>\n<td>100<\/td>\n<td>124<\/td>\n<td>42-\u03c626<\/td>\n<td>46-M24<\/td>\n<td>84<\/td>\n<\/tr>\n<tr>\n<td>CAT 330<\/td>\n<td>353-0487<\/td>\n<td>1664<\/td>\n<td>1313.5<\/td>\n<td>140<\/td>\n<td>100<\/td>\n<td>124<\/td>\n<td>46-\u03c626<\/td>\n<td>46-M24<\/td>\n<td>84<\/td>\n<\/tr>\n<tr>\n<td>CAT 336D<\/td>\n<td>353-0489<\/td>\n<td>1665<\/td>\n<td>1313<\/td>\n<td>140<\/td>\n<td>100<\/td>\n<td>122<\/td>\n<td>42<\/td>\n<td>46<\/td>\n<td>84<\/td>\n<\/tr>\n<tr>\n<td>CAT336DL<\/td>\n<td>227-6089<\/td>\n<td>1665<\/td>\n<td>1314<\/td>\n<td>140<\/td>\n<td>100<\/td>\n<td>125<\/td>\n<td>42<\/td>\n<td>46<\/td>\n<td>84<\/td>\n<\/tr>\n<tr>\n<td>CAT336DL<\/td>\n<td>353-0680<\/td>\n<td>1664<\/td>\n<td>1313.5<\/td>\n<td>139<\/td>\n<td>100<\/td>\n<td>124<\/td>\n<td>46-\u03c626<\/td>\n<td>46-M24<\/td>\n<td>84<\/td>\n<\/tr>\n<tr>\n<td>CAT 336D<\/td>\n<td>353-0490<\/td>\n<td>1665<\/td>\n<td>1313<\/td>\n<td>140<\/td>\n<td>100<\/td>\n<td>122<\/td>\n<td>42<\/td>\n<td>46<\/td>\n<td>84<\/td>\n<\/tr>\n<tr>\n<td>CAT 345<\/td>\n<td>227-6052<\/td>\n<td>1680<\/td>\n<td>1318<\/td>\n<td>140<\/td>\n<td>107<\/td>\n<td>126<\/td>\n<td>54-\u03c626<\/td>\n<td>70-M24<\/td>\n<td>96<\/td>\n<\/tr>\n<tr>\n<td>CAT 345B<\/td>\n<td>136-2969<\/td>\n<td>1680<\/td>\n<td>1343<\/td>\n<td>140<\/td>\n<td>107<\/td>\n<td>126<\/td>\n<td>45-\u042426<\/td>\n<td>60-M24<\/td>\n<td>136<\/td>\n<\/tr>\n<tr>\n<td>CAT345BII<\/td>\n<td>227-6094<\/td>\n<td>1680<\/td>\n<td>1318<\/td>\n<td>140<\/td>\n<td>108<\/td>\n<td>125<\/td>\n<td>54-\u042426<\/td>\n<td>70-M24<\/td>\n<td>96<\/td>\n<\/tr>\n<tr>\n<td>CAT345BL<\/td>\n<td>1695536\/1695537<\/td>\n<td>1680<\/td>\n<td>1343<\/td>\n<td>140<\/td>\n<td>107<\/td>\n<td>125<\/td>\n<td>45-\u042426<\/td>\n<td>60-M24<\/td>\n<td>136<\/td>\n<\/tr>\n<tr>\n<td>CAT345DL<\/td>\n<td>227-6037<\/td>\n<td>1680<\/td>\n<td>1318<\/td>\n<td>140<\/td>\n<td>107<\/td>\n<td>125<\/td>\n<td>54-\u042426<\/td>\n<td>70-M24<\/td>\n<td>96<\/td>\n<\/tr>\n<tr>\n<td>CAT 349D<\/td>\n<td>353-0490<\/td>\n<td>1666<\/td>\n<td>1315<\/td>\n<td>140<\/td>\n<td>100<\/td>\n<td>123<\/td>\n<td>46<\/td>\n<td>46<\/td>\n<td>84<\/td>\n<\/tr>\n<tr>\n<td>CAT 350<\/td>\n<td>1026392<\/td>\n<td>1680<\/td>\n<td>1343<\/td>\n<td>140<\/td>\n<td>107<\/td>\n<td>126<\/td>\n<td>45-\u03c626<\/td>\n<td>60-M24<\/td>\n<td>136<\/td>\n<\/tr>\n<tr>\n<td>CAT 365C<\/td>\n<td>199-4565<\/td>\n<td>1810<\/td>\n<td>1348<\/td>\n<td>180<\/td>\n<td>140<\/td>\n<td>152<\/td>\n<td>37<\/td>\n<td>60<\/td>\n<td>98<\/td>\n<\/tr>\n<tr>\n<td>CAT 365C<\/td>\n<td>227-6096<\/td>\n<td>1805<\/td>\n<td>1348<\/td>\n<td>180<\/td>\n<td>138<\/td>\n<td>150<\/td>\n<td>37<\/td>\n<td>60<\/td>\n<td>98<\/td>\n<\/tr>\n<tr>\n<td>CAT 365C<\/td>\n<td>227-6097<\/td>\n<td>1805<\/td>\n<td>1348<\/td>\n<td>180<\/td>\n<td>138<\/td>\n<td>150<\/td>\n<td>37<\/td>\n<td>60<\/td>\n<td>98<\/td>\n<\/tr>\n<tr>\n<td>CAT365CL<\/td>\n<td>397-9666<\/td>\n<td>1805<\/td>\n<td>1348<\/td>\n<td>180<\/td>\n<td>138<\/td>\n<td>150<\/td>\n<td>37<\/td>\n<td>60<\/td>\n<td>98<\/td>\n<\/tr>\n<tr>\n<td>CAT374F<\/td>\n<td>378-9586<\/td>\n<td>1820<\/td>\n<td>1348<\/td>\n<td>180<\/td>\n<td>140<\/td>\n<td>150<\/td>\n<td>37<\/td>\n<td>60<\/td>\n<td>98<\/td>\n<\/tr>\n<tr>\n<td>CAT374<\/td>\n<td>333-3009<\/td>\n<td>1820<\/td>\n<td>1348<\/td>\n<td>180<\/td>\n<td>136<\/td>\n<td>150<\/td>\n<td>37<\/td>\n<td>60<\/td>\n<td>98<\/td>\n<\/tr>\n<tr>\n<td>CAT374<\/td>\n<td>367-8361<\/td>\n<td>1820<\/td>\n<td>1348<\/td>\n<td>180<\/td>\n<td>136<\/td>\n<td>150<\/td>\n<td>37<\/td>\n<td>60<\/td>\n<td>98<\/td>\n<\/tr>\n<tr>\n<td>CAT 385C<\/td>\n<td>199-4491<\/td>\n<td>1820<\/td>\n<td>1348<\/td>\n<td>180<\/td>\n<td>146<\/td>\n<td>150<\/td>\n<td>37<\/td>\n<td>60<\/td>\n<td>98<\/td>\n<\/tr>\n<tr>\n<td>CAT 385C<\/td>\n<td>227-6099<\/td>\n<td>1820<\/td>\n<td>1348<\/td>\n<td>180<\/td>\n<td>146<\/td>\n<td>150<\/td>\n<td>37<\/td>\n<td>60<\/td>\n<td>98<\/td>\n<\/tr>\n<tr>\n<td>CAT385BL<\/td>\n<td>227-6098<\/td>\n<td>1820<\/td>\n<td>1348<\/td>\n<td>180<\/td>\n<td>138<\/td>\n<td>150<\/td>\n<td>37<\/td>\n<td>60<\/td>\n<td>98<\/td>\n<\/tr>\n<tr>\n<td>CAT385CL<\/td>\n<td>227-6099<\/td>\n<td>1950<\/td>\n<td>1456<\/td>\n<td>217<\/td>\n<td>170<\/td>\n<td>180<\/td>\n<td>48<\/td>\n<td>74<\/td>\n<td>93<\/td>\n<\/tr>\n<tr>\n<td>CAT 390D<\/td>\n<td>227-6099<\/td>\n<td>1950<\/td>\n<td>1456<\/td>\n<td>217<\/td>\n<td>170<\/td>\n<td>180<\/td>\n<td>48<\/td>\n<td>74<\/td>\n<td>93<\/td>\n<\/tr>\n<tr>\n<td>CAT 140<\/td>\n<td>2436650<\/td>\n<td>1113<\/td>\n<td>871<\/td>\n<td>96<\/td>\n<td>75<\/td>\n<td>85<\/td>\n<td>31<\/td>\n<td>30<\/td>\n<td>89<\/td>\n<\/tr>\n<\/tbody>\n<\/table>\n<\/figure>\n<h2><strong>Ekskavatora \u0161arn\u012bra gult\u0146a noz\u012bme<\/strong><\/h2>\n<h4><strong>Izpratne par ekskavatora \u0161arn\u012brbalsta gult\u0146a b\u016btisko funkcionalit\u0101ti<\/strong><\/h4>\n<p>Ekskavatora \u0161arn\u012bra gultnis ir galven\u0101 sast\u0101vda\u013ca, kas atvieglo ekskavatora aug\u0161\u0113j\u0101s konstrukcijas piln\u012bgu rot\u0101ciju, nodro\u0161inot vienm\u0113r\u012bgu darb\u012bbu vis\u0101 darba zon\u0101. \u0160is kritiskais gultnis efekt\u012bvi p\u0101rvalda iev\u0113rojamu slodzi un slodzi, tostarp aksi\u0101los, radi\u0101los un apg\u0101\u0161an\u0101s sp\u0113kus, nodro\u0161inot ekskavatora funkcionalit\u0101ti un manevr\u0113tsp\u0113ju.<\/p>\n<h4><strong>Nodiluma paz\u012bmju atpaz\u012b\u0161ana: Ekskavatoru gult\u0146u sl\u012bdo\u0161o gult\u0146u nolietojuma paz\u012bmes.<\/strong><\/h4>\n<p>Ekskavatoru \u0161\u016bpo\u013cu gult\u0146u nolietojuma paz\u012bmju noteik\u0161ana ir \u013coti svar\u012bga, lai veiktu profilaktisku apkopi un nomai\u0146u. Vair\u0101ki galvenie r\u0101d\u012bt\u0101ji signaliz\u0113 par iesp\u0113jam\u0101m probl\u0113m\u0101m:<\/p>\n<ul>\n<li><strong>Met\u0101la da\u013ci\u0146u kl\u0101tb\u016btne<\/strong>: Met\u0101la da\u013ci\u0146u vai p\u0101rslu kl\u0101tb\u016btne sm\u0113rviel\u0101 nor\u0101da uz iev\u0113rojamu gult\u0146a mezgla nodilumu.<\/li>\n<li><strong>Dzirdes sign\u0101li<\/strong>: No \u0161\u016bpoles gult\u0146a izstarotie sl\u012bp\u0113\u0161anas, p\u012bkst\u0113\u0161anas vai klik\u0161\u0137in\u0101\u0161anas trok\u0161\u0146i var liecin\u0101t par vajadz\u012bbu e\u013c\u013cot vai p\u0101rm\u0113r\u012bgu rite\u0146ce\u013ca nodilumu.<\/li>\n<li><strong>P\u0101rm\u0113r\u012bga sp\u0113l\u0113\u0161ana<\/strong>: Iev\u0113rojama \u0161\u016bpo\u013cu meh\u0101nisma kust\u012bba liecina par nolietotiem rite\u0146u ce\u013ciem, kas apdraud stabilit\u0101ti un veiktsp\u0113ju.<\/li>\n<li><strong>Palielin\u0101ts griezes moments un sasaist\u012b\u0161ana<\/strong>: Griezes momenta palielin\u0101\u0161an\u0101s vai sasaistes palielin\u0101\u0161an\u0101s \u0161\u016bpo\u013cu darb\u012bbas laik\u0101 liecina par nevienm\u0113r\u012bgu rito\u0161\u0101 ce\u013ca nodilumu, kas ietekm\u0113 kust\u012bbas vienm\u0113r\u012bgumu.<\/li>\n<li><strong>Neparasta kust\u012bba<\/strong>: \u0160\u016bpo\u0161an\u0101s vai \u0161\u016bpo\u0161an\u0101s, jo \u012bpa\u0161i, kad tiek str\u0101d\u0101ts ar liel\u0101m slodz\u0113m, nor\u0101da uz iesp\u0113jam\u0101m gult\u0146u probl\u0113m\u0101m, kam j\u0101piev\u0113r\u0161 uzman\u012bba.<\/li>\n<li><strong>Iztur\u012bba un p\u0101rlieku liela izstiep\u0161an\u0101s<\/strong>: Pretest\u012bba \u0161\u016bpo\u013cu darb\u012bbas laik\u0101 vai aug\u0161\u0113j\u0101s konstrukcijas p\u0101rsnieg\u0161ana virs paredz\u0113t\u0101 apst\u0101\u0161an\u0101s punkta var liecin\u0101t par probl\u0113m\u0101m, kas saist\u012btas ar \u0161\u016bpo\u013cu gultni.<\/li>\n<\/ul>\n<p><strong>Kritisko k\u013c\u016bdu nov\u0113r\u0161ana: Ekskavatoru \u0161\u016bpo\u013cu gult\u0146u nopietnu boj\u0101jumu nov\u0113r\u0161ana<\/strong><\/p>\n<p>Starp \u0161\u012bm paz\u012bm\u0113m ir ar\u012b p\u0113k\u0161\u0146s gult\u0146a uzspr\u0101g\u0161ana un plais\u0101\u0161ana rak\u0161anas darbu laik\u0101, kas liecina par nopietniem boj\u0101jumiem un kritisku boj\u0101jumu. Lai nov\u0113rstu turpm\u0101kus boj\u0101jumus un nodro\u0161in\u0101tu ekspluat\u0101cijas dro\u0161\u012bbu, ir svar\u012bgi nekav\u0113joties piev\u0113rst uzman\u012bbu un veikt nomai\u0146u.<\/p>\n<figure class=\"wp-block-table has-small-font-size\">\n<table>\n<tbody>\n<tr>\n<td class=\"has-text-align-center\" data-align=\"center\"><img decoding=\"async\" class=\"wp-image-262 aligncenter\" src=\"https:\/\/national-bearing.com\/wp-content\/uploads\/2023\/04\/%E6%95%B0%E6%8E%A7%E5%8A%A0%E5%B7%A5%E4%B8%AD%E5%BF%83.jpg\" sizes=\"(max-width: 750px) 100vw, 750px\" srcset=\"https:\/\/national-bearing.com\/wp-content\/uploads\/2023\/04\/\u6570\u63a7\u52a0\u5de5\u4e2d\u5fc3.jpg 750w, https:\/\/national-bearing.com\/wp-content\/uploads\/2023\/04\/\u6570\u63a7\u52a0\u5de5\u4e2d\u5fc3-300x225.jpg 300w\" alt=\"Ekskavatoru \u0161\u016bpo\u013cu gult\u0146i groz\u0101mie gredzeni cat\" width=\"429\" height=\"322\" \/><\/td>\n<td class=\"has-text-align-center\" data-align=\"center\"><img decoding=\"async\" class=\"wp-image-261\" src=\"https:\/\/national-bearing.com\/wp-content\/uploads\/2023\/04\/%E6%95%B0%E6%8E%A7%E6%BB%9A%E9%BD%BF%E6%9C%BA.jpg\" sizes=\"(max-width: 600px) 100vw, 600px\" srcset=\"https:\/\/national-bearing.com\/wp-content\/uploads\/2023\/04\/\u6570\u63a7\u6eda\u9f7f\u673a.jpg 600w, https:\/\/national-bearing.com\/wp-content\/uploads\/2023\/04\/\u6570\u63a7\u6eda\u9f7f\u673a-300x225.jpg 300w\" alt=\"Ekskavatoru \u0161\u016bpo\u013cu gult\u0146i groz\u0101mie gredzeni cat\" width=\"600\" height=\"450\" \/><\/td>\n<td class=\"has-text-align-center\" data-align=\"center\"><img decoding=\"async\" class=\"wp-image-260\" src=\"https:\/\/national-bearing.com\/wp-content\/uploads\/2023\/04\/%E6%BB%9A%E9%81%93.jpg\" sizes=\"(max-width: 600px) 100vw, 600px\" srcset=\"https:\/\/national-bearing.com\/wp-content\/uploads\/2023\/04\/\u6eda\u9053.jpg 600w, https:\/\/national-bearing.com\/wp-content\/uploads\/2023\/04\/\u6eda\u9053-300x225.jpg 300w\" alt=\"Ekskavatoru \u0161\u016bpo\u013cu gult\u0146i groz\u0101mie gredzeni cat\" width=\"600\" height=\"450\" \/><\/td>\n<\/tr>\n<tr>\n<td>Bogie-iztur\u012bbas kr\u0101sns<\/td>\n<td>CNC zobratu veidot\u0101js<\/td>\n<td>Bogie-iztur\u012bbas kr\u0101sns<\/td>\n<\/tr>\n<tr>\n<td><img decoding=\"async\" class=\"wp-image-258\" src=\"https:\/\/national-bearing.com\/wp-content\/uploads\/2023\/04\/%E7%94%B5%E9%98%BB.jpg\" sizes=\"(max-width: 600px) 100vw, 600px\" srcset=\"https:\/\/national-bearing.com\/wp-content\/uploads\/2023\/04\/\u7535\u963b.jpg 600w, https:\/\/national-bearing.com\/wp-content\/uploads\/2023\/04\/\u7535\u963b-300x225.jpg 300w\" alt=\"Ekskavatoru groz\u0101mo gult\u0146u ra\u017eo\u0161anas iek\u0101rtas\" width=\"600\" height=\"450\" \/><\/td>\n<td class=\"has-text-align-center\" data-align=\"center\"><img decoding=\"async\" class=\"wp-image-259\" src=\"https:\/\/national-bearing.com\/wp-content\/uploads\/2023\/04\/%E6%95%B0%E6%8E%A7%E6%8F%92%E9%BD%BF%E6%9C%BA.jpg\" sizes=\"(max-width: 600px) 100vw, 600px\" srcset=\"https:\/\/national-bearing.com\/wp-content\/uploads\/2023\/04\/\u6570\u63a7\u63d2\u9f7f\u673a.jpg 600w, https:\/\/national-bearing.com\/wp-content\/uploads\/2023\/04\/\u6570\u63a7\u63d2\u9f7f\u673a-300x225.jpg 300w\" alt=\"\u0161\u016bpoles gultnis CNC zobratu form\u0113t\u0101js\" width=\"600\" height=\"450\" \/><\/td>\n<td class=\"has-text-align-center\" data-align=\"center\"><img decoding=\"async\" class=\"wp-image-257\" src=\"https:\/\/national-bearing.com\/wp-content\/uploads\/2023\/04\/3.5%E6%95%B0%E6%8E%A7%E7%AB%8B%E5%BA%8A.jpg\" sizes=\"(max-width: 600px) 100vw, 600px\" srcset=\"https:\/\/national-bearing.com\/wp-content\/uploads\/2023\/04\/3.5\u6570\u63a7\u7acb\u5e8a.jpg 600w, https:\/\/national-bearing.com\/wp-content\/uploads\/2023\/04\/3.5\u6570\u63a7\u7acb\u5e8a-300x225.jpg 300w\" alt=\"\u0161\u016bpoles gult\u0146u CNC vertik\u0101l\u0101s gultas iek\u0101rtas\" width=\"600\" height=\"450\" \/><\/td>\n<\/tr>\n<tr>\n<td>Bogie-iztur\u012bbas kr\u0101sns<\/td>\n<td>CNC zobratu veidot\u0101js<\/td>\n<td>CNC vertik\u0101l\u0101 virpa<\/td>\n<\/tr>\n<\/tbody>\n<\/table>\n<\/figure>","protected":false},"excerpt":{"rendered":"<p>CAT \u0161\u016bpo\u013cu gult\u0146i<br \/>\nModel:CAT390D,CAT385CL,385BL<br \/>\nCAT374,CAT374F,CAT365CL,365C<\/p>","protected":false},"featured_media":136,"template":"","meta":[],"product_brand":[],"product_cat":[22,58],"product_tag":[],"class_list":{"0":"post-2961","1":"product","2":"type-product","3":"status-publish","4":"has-post-thumbnail","6":"product_cat-swing-bearing","7":"product_cat-cat-excavator-swing-bearing","9":"first","10":"instock","11":"shipping-taxable","12":"product-type-simple"},"_links":{"self":[{"href":"https:\/\/swingbearing.net\/lv\/wp-json\/wp\/v2\/product\/2961","targetHints":{"allow":["GET"]}}],"collection":[{"href":"https:\/\/swingbearing.net\/lv\/wp-json\/wp\/v2\/product"}],"about":[{"href":"https:\/\/swingbearing.net\/lv\/wp-json\/wp\/v2\/types\/product"}],"wp:featuredmedia":[{"embeddable":true,"href":"https:\/\/swingbearing.net\/lv\/wp-json\/wp\/v2\/media\/136"}],"wp:attachment":[{"href":"https:\/\/swingbearing.net\/lv\/wp-json\/wp\/v2\/media?parent=2961"}],"wp:term":[{"taxonomy":"product_brand","embeddable":true,"href":"https:\/\/swingbearing.net\/lv\/wp-json\/wp\/v2\/product_brand?post=2961"},{"taxonomy":"product_cat","embeddable":true,"href":"https:\/\/swingbearing.net\/lv\/wp-json\/wp\/v2\/product_cat?post=2961"},{"taxonomy":"product_tag","embeddable":true,"href":"https:\/\/swingbearing.net\/lv\/wp-json\/wp\/v2\/product_tag?post=2961"}],"curies":[{"name":"wp","href":"https:\/\/api.w.org\/{rel}","templated":true}]}}