{"id":2837,"date":"2024-05-09T04:01:25","date_gmt":"2024-05-09T04:01:25","guid":{"rendered":"https:\/\/swingbearing.net\/product\/cat-312cl-229-1077-excavator-turntable-bearing-swing-bearing\/"},"modified":"2024-05-15T02:06:54","modified_gmt":"2024-05-15T02:06:54","slug":"cat-312cl-229-1077-excavator-turntable-bearing-swing-bearing","status":"publish","type":"product","link":"https:\/\/swingbearing.net\/lv\/product\/cat-312cl-229-1077-excavator-turntable-bearing-swing-bearing\/","title":{"rendered":"CAT 312CL ekskavatora groz\u0101m\u0101 galda gultnis 229-1077 \u0161\u016bpo\u013cu gultnis"},"content":{"rendered":"<figure class=\"wp-block-table\">\n<h2 style=\"text-align: center;\">CAT ekskavatora groz\u0101m\u0101 galda gultnis<\/h2>\n<table class=\"has-white-background-color has-background\">\n<tbody>\n<tr>\n<td style=\"text-align: center;\">Modelis<\/td>\n<td style=\"text-align: center;\">Da\u013cas numurs<\/td>\n<td style=\"text-align: center;\">\u0100r\u0113jais diametrs<\/td>\n<td style=\"text-align: center;\">Iek\u0161\u0113jais diametrs<\/td>\n<td style=\"text-align: center;\">Kop\u0113jais augstums<\/td>\n<td style=\"text-align: center;\">\u0100r\u0113jais augstums<\/td>\n<td style=\"text-align: center;\">Iek\u0161\u0113jais augstums<\/td>\n<td style=\"text-align: center;\">\u0100r\u0113jo caurumu parametri<\/td>\n<td style=\"text-align: center;\">Iek\u0161\u0113j\u0101 urbuma parametri<\/td>\n<td style=\"text-align: center;\">Zobu skaits<\/td>\n<\/tr>\n<tr>\n<td>CAT 307C<\/td>\n<td>240-8361<\/td>\n<td>810<\/td>\n<td>568<\/td>\n<td>82<\/td>\n<td>62<\/td>\n<td>62<\/td>\n<td>29<\/td>\n<td>38<\/td>\n<td>75<\/td>\n<\/tr>\n<tr>\n<td>CAT312CL<\/td>\n<td>229-1077<\/td>\n<td>1093<\/td>\n<td>883<\/td>\n<td>72.5<\/td>\n<td>50<\/td>\n<td>62<\/td>\n<td>34-\u03c618<\/td>\n<td>38-M16<\/td>\n<td>90<\/td>\n<\/tr>\n<tr>\n<td>CAT 311<\/td>\n<td>231-6853<\/td>\n<td>1115<\/td>\n<td>883<\/td>\n<td>75<\/td>\n<td>60<\/td>\n<td>67<\/td>\n<td>29-\u03c618<\/td>\n<td>30-M16<\/td>\n<td>90<\/td>\n<\/tr>\n<tr>\n<td>CAT 312B<\/td>\n<td>616411<\/td>\n<td>1115<\/td>\n<td>883<\/td>\n<td>75<\/td>\n<td>60<\/td>\n<td>67<\/td>\n<td>29-\u03c618<\/td>\n<td>30-M16<\/td>\n<td>90<\/td>\n<\/tr>\n<tr>\n<td>CAT312CL<\/td>\n<td>229-1077<\/td>\n<td>1093<\/td>\n<td>883<\/td>\n<td>72.5<\/td>\n<td>50<\/td>\n<td>62<\/td>\n<td>34-\u03c618<\/td>\n<td>38-M16<\/td>\n<td>90<\/td>\n<\/tr>\n<tr>\n<td>CAT 312C<\/td>\n<td>229-1077<\/td>\n<td>1093<\/td>\n<td>883<\/td>\n<td>72.5<\/td>\n<td>50<\/td>\n<td>62<\/td>\n<td>34-\u03c618<\/td>\n<td>38-M16<\/td>\n<td>90<\/td>\n<\/tr>\n<tr>\n<td>CAT 315<\/td>\n<td>148-4568<\/td>\n<td>1205<\/td>\n<td>961<\/td>\n<td>94<\/td>\n<td>74<\/td>\n<td>84<\/td>\n<td>34<\/td>\n<td>30<\/td>\n<td>98<\/td>\n<\/tr>\n<tr>\n<td>CAT 318B<\/td>\n<td>148-4568<\/td>\n<td>1205<\/td>\n<td>961<\/td>\n<td>94<\/td>\n<td>74<\/td>\n<td>84<\/td>\n<td>34<\/td>\n<td>30<\/td>\n<td>98<\/td>\n<\/tr>\n<tr>\n<td>CAT 315C<\/td>\n<td>229-1080<\/td>\n<td>1205<\/td>\n<td>961<\/td>\n<td>94<\/td>\n<td>74<\/td>\n<td>84<\/td>\n<td>34-\u03c622<\/td>\n<td>36-M20<\/td>\n<td>98<\/td>\n<\/tr>\n<tr>\n<td>CAT 319C<\/td>\n<td>227-6079<\/td>\n<td>1310<\/td>\n<td>1065<\/td>\n<td>106<\/td>\n<td>84<\/td>\n<td>88<\/td>\n<td>36<\/td>\n<td>36\/M20<\/td>\n<td>90<\/td>\n<\/tr>\n<tr>\n<td>CAT320B<\/td>\n<td>1141414<\/td>\n<td>1314<\/td>\n<td>1084<\/td>\n<td>100<\/td>\n<td>85<\/td>\n<td>87<\/td>\n<td>33-\u042422<\/td>\n<td>36-M20<\/td>\n<td>110<\/td>\n<\/tr>\n<tr>\n<td>CAT320BL<\/td>\n<td>121-8222<\/td>\n<td>1314<\/td>\n<td>1084<\/td>\n<td>100<\/td>\n<td>85<\/td>\n<td>87<\/td>\n<td>33-\u042422<\/td>\n<td>36-M20<\/td>\n<td>110<\/td>\n<\/tr>\n<tr>\n<td>CAT 320<\/td>\n<td>7Y1565<\/td>\n<td>1314<\/td>\n<td>1084<\/td>\n<td>100<\/td>\n<td>85<\/td>\n<td>87<\/td>\n<td>33-\u03c622<\/td>\n<td>36-M20<\/td>\n<td>110<\/td>\n<\/tr>\n<tr>\n<td>CAT 320B<\/td>\n<td>114-1505<\/td>\n<td>1314<\/td>\n<td>1084<\/td>\n<td>100<\/td>\n<td>85<\/td>\n<td>87<\/td>\n<td>33-\u042422<\/td>\n<td>36-M20<\/td>\n<td>110<\/td>\n<\/tr>\n<tr>\n<td>CAT320BL<\/td>\n<td>177-7723<\/td>\n<td>1314<\/td>\n<td>1084<\/td>\n<td>100<\/td>\n<td>85<\/td>\n<td>87<\/td>\n<td>33-\u042422<\/td>\n<td>36-M20<\/td>\n<td>110<\/td>\n<\/tr>\n<tr>\n<td>CAT 320C<\/td>\n<td>227-6081<\/td>\n<td>1316<\/td>\n<td>1081<\/td>\n<td>105<\/td>\n<td>73<\/td>\n<td>93<\/td>\n<td>42-\u03c622<\/td>\n<td>40-M20<\/td>\n<td>110<\/td>\n<\/tr>\n<tr>\n<td>CAT 320C<\/td>\n<td>227-6147<\/td>\n<td>1316<\/td>\n<td>1081<\/td>\n<td>105<\/td>\n<td>73<\/td>\n<td>93<\/td>\n<td>42-\u03c622<\/td>\n<td>40-M20<\/td>\n<td>110<\/td>\n<\/tr>\n<tr>\n<td>CAT 320C<\/td>\n<td>171-9425<\/td>\n<td>1316<\/td>\n<td>1081<\/td>\n<td>105<\/td>\n<td>73<\/td>\n<td>93<\/td>\n<td>42-\u03c622<\/td>\n<td>40-M20<\/td>\n<td>110<\/td>\n<\/tr>\n<tr>\n<td>CAT 320D<\/td>\n<td>227-6082<\/td>\n<td>1316<\/td>\n<td>1081<\/td>\n<td>105<\/td>\n<td>73<\/td>\n<td>93<\/td>\n<td>42-\u03c622<\/td>\n<td>40-M20<\/td>\n<td>110<\/td>\n<\/tr>\n<tr>\n<td>CAT 320L<\/td>\n<td>7Y1563<\/td>\n<td>1316<\/td>\n<td>1084<\/td>\n<td>105<\/td>\n<td>85<\/td>\n<td>92<\/td>\n<td>38-\u03c622<\/td>\n<td>36-M20<\/td>\n<td>110<\/td>\n<\/tr>\n<tr>\n<td>CAT 320L<\/td>\n<td>7Y1563<\/td>\n<td>1318<\/td>\n<td>1084<\/td>\n<td>105<\/td>\n<td>86<\/td>\n<td>90<\/td>\n<td>38-\u03c622<\/td>\n<td>36-M20<\/td>\n<td>110<\/td>\n<\/tr>\n<tr>\n<td>CAT 225<\/td>\n<td>8K4127<\/td>\n<td>1451<\/td>\n<td>1038<\/td>\n<td>105<\/td>\n<td>92<\/td>\n<td>90<\/td>\n<td>29-\u03c624<\/td>\n<td>36-\u03c624<\/td>\n<td>104<\/td>\n<\/tr>\n<tr>\n<td>CAT 322C<\/td>\n<td>221-6764<\/td>\n<td>1460<\/td>\n<td>1163<\/td>\n<td>110<\/td>\n<td>88<\/td>\n<td>95<\/td>\n<td>34-\u042426<\/td>\n<td>36-M24<\/td>\n<td>85<\/td>\n<\/tr>\n<tr>\n<td>CAT 324D<\/td>\n<td>227-6085<\/td>\n<td>1460<\/td>\n<td>1164<\/td>\n<td>110<\/td>\n<td>88<\/td>\n<td>95<\/td>\n<td>34-\u042426<\/td>\n<td>36-M24<\/td>\n<td>85<\/td>\n<\/tr>\n<tr>\n<td>CAT 325<\/td>\n<td>7Y0745<\/td>\n<td>1495<\/td>\n<td>1164<\/td>\n<td>110<\/td>\n<td>93<\/td>\n<td>95<\/td>\n<td>35<\/td>\n<td>38<\/td>\n<td>85<\/td>\n<\/tr>\n<tr>\n<td>CAT 325C<\/td>\n<td>227-6087<\/td>\n<td>1495<\/td>\n<td>1164<\/td>\n<td>110<\/td>\n<td>93<\/td>\n<td>95<\/td>\n<td>38-\u03c626<\/td>\n<td>42<\/td>\n<td>85<\/td>\n<\/tr>\n<tr>\n<td>CAT 326<\/td>\n<td>353-0649<\/td>\n<td>1462<\/td>\n<td>1164<\/td>\n<td>110<\/td>\n<td>89<\/td>\n<td>95<\/td>\n<td>34-\u03c626<\/td>\n<td>36-M24<\/td>\n<td>85<\/td>\n<\/tr>\n<tr>\n<td>CAT 329D<\/td>\n<td>227-6087<\/td>\n<td>1495<\/td>\n<td>1164<\/td>\n<td>110<\/td>\n<td>93<\/td>\n<td>95<\/td>\n<td>38-\u042426<\/td>\n<td>42-M24<\/td>\n<td>85<\/td>\n<\/tr>\n<tr>\n<td>CAT 330<\/td>\n<td>7Y0933<\/td>\n<td>1664<\/td>\n<td>1313.5<\/td>\n<td>140<\/td>\n<td>100<\/td>\n<td>124<\/td>\n<td>42-\u03c626<\/td>\n<td>46-M24<\/td>\n<td><\/td>\n<\/tr>\n<tr>\n<td>CAT 330<\/td>\n<td>1994559<\/td>\n<td>1664<\/td>\n<td>1313.5<\/td>\n<td>141<\/td>\n<td>100<\/td>\n<td>124<\/td>\n<td>42-\u03c626<\/td>\n<td>46-M24<\/td>\n<td>84<\/td>\n<\/tr>\n<tr>\n<td>CAT 330<\/td>\n<td>353-0487<\/td>\n<td>1664<\/td>\n<td>1313.5<\/td>\n<td>140<\/td>\n<td>100<\/td>\n<td>124<\/td>\n<td>46-\u03c626<\/td>\n<td>46-M24<\/td>\n<td>84<\/td>\n<\/tr>\n<tr>\n<td>CAT 336D<\/td>\n<td>353-0489<\/td>\n<td>1665<\/td>\n<td>1313<\/td>\n<td>140<\/td>\n<td>100<\/td>\n<td>122<\/td>\n<td>42<\/td>\n<td>46<\/td>\n<td>84<\/td>\n<\/tr>\n<tr>\n<td>CAT336DL<\/td>\n<td>227-6089<\/td>\n<td>1665<\/td>\n<td>1314<\/td>\n<td>140<\/td>\n<td>100<\/td>\n<td>125<\/td>\n<td>42<\/td>\n<td>46<\/td>\n<td>84<\/td>\n<\/tr>\n<tr>\n<td>CAT336DL<\/td>\n<td>353-0680<\/td>\n<td>1664<\/td>\n<td>1313.5<\/td>\n<td>139<\/td>\n<td>100<\/td>\n<td>124<\/td>\n<td>46-\u03c626<\/td>\n<td>46-M24<\/td>\n<td>84<\/td>\n<\/tr>\n<tr>\n<td>CAT 336D<\/td>\n<td>353-0490<\/td>\n<td>1665<\/td>\n<td>1313<\/td>\n<td>140<\/td>\n<td>100<\/td>\n<td>122<\/td>\n<td>42<\/td>\n<td>46<\/td>\n<td>84<\/td>\n<\/tr>\n<tr>\n<td>CAT 345<\/td>\n<td>227-6052<\/td>\n<td>1680<\/td>\n<td>1318<\/td>\n<td>140<\/td>\n<td>107<\/td>\n<td>126<\/td>\n<td>54-\u03c626<\/td>\n<td>70-M24<\/td>\n<td>96<\/td>\n<\/tr>\n<tr>\n<td>CAT 345B<\/td>\n<td>136-2969<\/td>\n<td>1680<\/td>\n<td>1343<\/td>\n<td>140<\/td>\n<td>107<\/td>\n<td>126<\/td>\n<td>45-\u042426<\/td>\n<td>60-M24<\/td>\n<td>136<\/td>\n<\/tr>\n<tr>\n<td>CAT345BII<\/td>\n<td>227-6094<\/td>\n<td>1680<\/td>\n<td>1318<\/td>\n<td>140<\/td>\n<td>108<\/td>\n<td>125<\/td>\n<td>54-\u042426<\/td>\n<td>70-M24<\/td>\n<td>96<\/td>\n<\/tr>\n<tr>\n<td>CAT345BL<\/td>\n<td>1695536\/1695537<\/td>\n<td>1680<\/td>\n<td>1343<\/td>\n<td>140<\/td>\n<td>107<\/td>\n<td>125<\/td>\n<td>45-\u042426<\/td>\n<td>60-M24<\/td>\n<td>136<\/td>\n<\/tr>\n<tr>\n<td>CAT345DL<\/td>\n<td>227-6037<\/td>\n<td>1680<\/td>\n<td>1318<\/td>\n<td>140<\/td>\n<td>107<\/td>\n<td>125<\/td>\n<td>54-\u042426<\/td>\n<td>70-M24<\/td>\n<td>96<\/td>\n<\/tr>\n<tr>\n<td>CAT 349D<\/td>\n<td>353-0490<\/td>\n<td>1666<\/td>\n<td>1315<\/td>\n<td>140<\/td>\n<td>100<\/td>\n<td>123<\/td>\n<td>46<\/td>\n<td>46<\/td>\n<td>84<\/td>\n<\/tr>\n<tr>\n<td>CAT 350<\/td>\n<td>1026392<\/td>\n<td>1680<\/td>\n<td>1343<\/td>\n<td>140<\/td>\n<td>107<\/td>\n<td>126<\/td>\n<td>45-\u03c626<\/td>\n<td>60-M24<\/td>\n<td>136<\/td>\n<\/tr>\n<tr>\n<td>CAT 365C<\/td>\n<td>199-4565<\/td>\n<td>1810<\/td>\n<td>1348<\/td>\n<td>180<\/td>\n<td>140<\/td>\n<td>152<\/td>\n<td>37<\/td>\n<td>60<\/td>\n<td>98<\/td>\n<\/tr>\n<tr>\n<td>CAT 365C<\/td>\n<td>227-6096<\/td>\n<td>1805<\/td>\n<td>1348<\/td>\n<td>180<\/td>\n<td>138<\/td>\n<td>150<\/td>\n<td>37<\/td>\n<td>60<\/td>\n<td>98<\/td>\n<\/tr>\n<tr>\n<td>CAT 365C<\/td>\n<td>227-6097<\/td>\n<td>1805<\/td>\n<td>1348<\/td>\n<td>180<\/td>\n<td>138<\/td>\n<td>150<\/td>\n<td>37<\/td>\n<td>60<\/td>\n<td>98<\/td>\n<\/tr>\n<tr>\n<td>CAT365CL<\/td>\n<td>397-9666<\/td>\n<td>1805<\/td>\n<td>1348<\/td>\n<td>180<\/td>\n<td>138<\/td>\n<td>150<\/td>\n<td>37<\/td>\n<td>60<\/td>\n<td>98<\/td>\n<\/tr>\n<tr>\n<td>CAT374F<\/td>\n<td>378-9586<\/td>\n<td>1820<\/td>\n<td>1348<\/td>\n<td>180<\/td>\n<td>140<\/td>\n<td>150<\/td>\n<td>37<\/td>\n<td>60<\/td>\n<td>98<\/td>\n<\/tr>\n<tr>\n<td>CAT374<\/td>\n<td>333-3009<\/td>\n<td>1820<\/td>\n<td>1348<\/td>\n<td>180<\/td>\n<td>136<\/td>\n<td>150<\/td>\n<td>37<\/td>\n<td>60<\/td>\n<td>98<\/td>\n<\/tr>\n<tr>\n<td>CAT374<\/td>\n<td>367-8361<\/td>\n<td>1820<\/td>\n<td>1348<\/td>\n<td>180<\/td>\n<td>136<\/td>\n<td>150<\/td>\n<td>37<\/td>\n<td>60<\/td>\n<td>98<\/td>\n<\/tr>\n<tr>\n<td>CAT 385C<\/td>\n<td>199-4491<\/td>\n<td>1820<\/td>\n<td>1348<\/td>\n<td>180<\/td>\n<td>146<\/td>\n<td>150<\/td>\n<td>37<\/td>\n<td>60<\/td>\n<td>98<\/td>\n<\/tr>\n<tr>\n<td>CAT 385C<\/td>\n<td>227-6099<\/td>\n<td>1820<\/td>\n<td>1348<\/td>\n<td>180<\/td>\n<td>146<\/td>\n<td>150<\/td>\n<td>37<\/td>\n<td>60<\/td>\n<td>98<\/td>\n<\/tr>\n<tr>\n<td>CAT385BL<\/td>\n<td>227-6098<\/td>\n<td>1820<\/td>\n<td>1348<\/td>\n<td>180<\/td>\n<td>138<\/td>\n<td>150<\/td>\n<td>37<\/td>\n<td>60<\/td>\n<td>98<\/td>\n<\/tr>\n<tr>\n<td>CAT385CL<\/td>\n<td>227-6099<\/td>\n<td>1950<\/td>\n<td>1456<\/td>\n<td>217<\/td>\n<td>170<\/td>\n<td>180<\/td>\n<td>48<\/td>\n<td>74<\/td>\n<td>93<\/td>\n<\/tr>\n<tr>\n<td>CAT 390D<\/td>\n<td>227-6099<\/td>\n<td>1950<\/td>\n<td>1456<\/td>\n<td>217<\/td>\n<td>170<\/td>\n<td>180<\/td>\n<td>48<\/td>\n<td>74<\/td>\n<td>93<\/td>\n<\/tr>\n<tr>\n<td style=\"text-align: left;\">CAT 140<\/td>\n<td style=\"text-align: left;\">2436650<\/td>\n<td style=\"text-align: left;\">1113<\/td>\n<td style=\"text-align: left;\">871<\/td>\n<td style=\"text-align: left;\">96<\/td>\n<td style=\"text-align: left;\">75<\/td>\n<td style=\"text-align: left;\">85<\/td>\n<td style=\"text-align: left;\">31<\/td>\n<td style=\"text-align: left;\">30<\/td>\n<td style=\"text-align: left;\">89<\/td>\n<\/tr>\n<\/tbody>\n<\/table>\n<\/figure>\n<p><img decoding=\"async\" class=\"alignnone wp-image-2788 size-full\" src=\"https:\/\/swingbearing.net\/wp-content\/uploads\/2024\/05\/777.jpg\" alt=\"ekskavatora \u0161\u016bpo\u013cu gultnis \" width=\"1980\" height=\"700\" srcset=\"https:\/\/swingbearing.net\/wp-content\/uploads\/2024\/05\/777.jpg 1980w, https:\/\/swingbearing.net\/wp-content\/uploads\/2024\/05\/777-300x106.jpg 300w, https:\/\/swingbearing.net\/wp-content\/uploads\/2024\/05\/777-1024x362.jpg 1024w, https:\/\/swingbearing.net\/wp-content\/uploads\/2024\/05\/777-768x272.jpg 768w, https:\/\/swingbearing.net\/wp-content\/uploads\/2024\/05\/777-1536x543.jpg 1536w, https:\/\/swingbearing.net\/wp-content\/uploads\/2024\/05\/777-18x6.jpg 18w, https:\/\/swingbearing.net\/wp-content\/uploads\/2024\/05\/777-600x212.jpg 600w\" sizes=\"(max-width: 1980px) 100vw, 1980px\" \/><\/p>\n\n\t\t<style type=\"text\/css\">\n\t\t\t#gallery-1 {\n\t\t\t\tmargin: auto;\n\t\t\t}\n\t\t\t#gallery-1 .gallery-item {\n\t\t\t\tfloat: left;\n\t\t\t\tmargin-top: 10px;\n\t\t\t\ttext-align: center;\n\t\t\t\twidth: 50%;\n\t\t\t}\n\t\t\t#gallery-1 img {\n\t\t\t\tborder: 2px solid #cfcfcf;\n\t\t\t}\n\t\t\t#gallery-1 .gallery-caption {\n\t\t\t\tmargin-left: 0;\n\t\t\t}\n\t\t\t\/* see gallery_shortcode() in wp-includes\/media.php *\/\n\t\t<\/style>\n\t\t<div id='gallery-1' class='gallery galleryid-2837 gallery-columns-2 gallery-size-full'><dl class='gallery-item'>\n\t\t\t<dt class='gallery-icon landscape'>\n\t\t\t\t<a href='https:\/\/swingbearing.net\/lv\/?attachment_id=2809'><img decoding=\"async\" width=\"1865\" height=\"1038\" src=\"https:\/\/swingbearing.net\/wp-content\/uploads\/2024\/05\/QQ\u622a\u56fe20231107132022.jpg\" class=\"attachment-full size-full\" alt=\"Ekskavatora groz\u0101m\u0101 galda gultnis\" aria-describedby=\"gallery-1-2809\" srcset=\"https:\/\/swingbearing.net\/wp-content\/uploads\/2024\/05\/QQ\u622a\u56fe20231107132022.jpg 1865w, https:\/\/swingbearing.net\/wp-content\/uploads\/2024\/05\/QQ\u622a\u56fe20231107132022-300x167.jpg 300w, https:\/\/swingbearing.net\/wp-content\/uploads\/2024\/05\/QQ\u622a\u56fe20231107132022-1024x570.jpg 1024w, https:\/\/swingbearing.net\/wp-content\/uploads\/2024\/05\/QQ\u622a\u56fe20231107132022-768x427.jpg 768w, https:\/\/swingbearing.net\/wp-content\/uploads\/2024\/05\/QQ\u622a\u56fe20231107132022-1536x855.jpg 1536w, https:\/\/swingbearing.net\/wp-content\/uploads\/2024\/05\/QQ\u622a\u56fe20231107132022-18x10.jpg 18w, https:\/\/swingbearing.net\/wp-content\/uploads\/2024\/05\/QQ\u622a\u56fe20231107132022-600x334.jpg 600w\" sizes=\"(max-width: 1865px) 100vw, 1865px\" \/><\/a>\n\t\t\t<\/dt>\n\t\t\t\t<dd class='wp-caption-text gallery-caption' id='gallery-1-2809'>\n\t\t\t\tEkskavatora groz\u0101m\u0101 galda gultnis\n\t\t\t\t<\/dd><\/dl><dl class='gallery-item'>\n\t\t\t<dt class='gallery-icon landscape'>\n\t\t\t\t<a href='https:\/\/swingbearing.net\/lv\/?attachment_id=2809'><img decoding=\"async\" width=\"1897\" height=\"1034\" src=\"https:\/\/swingbearing.net\/wp-content\/uploads\/2024\/05\/QQ\u622a\u56fe20231107132044.jpg\" class=\"attachment-full size-full\" alt=\"Ekskavatora groz\u0101m\u0101 galda gultnis\" aria-describedby=\"gallery-1-2810\" srcset=\"https:\/\/swingbearing.net\/wp-content\/uploads\/2024\/05\/QQ\u622a\u56fe20231107132044.jpg 1897w, https:\/\/swingbearing.net\/wp-content\/uploads\/2024\/05\/QQ\u622a\u56fe20231107132044-300x164.jpg 300w, https:\/\/swingbearing.net\/wp-content\/uploads\/2024\/05\/QQ\u622a\u56fe20231107132044-1024x558.jpg 1024w, https:\/\/swingbearing.net\/wp-content\/uploads\/2024\/05\/QQ\u622a\u56fe20231107132044-768x419.jpg 768w, https:\/\/swingbearing.net\/wp-content\/uploads\/2024\/05\/QQ\u622a\u56fe20231107132044-1536x837.jpg 1536w, https:\/\/swingbearing.net\/wp-content\/uploads\/2024\/05\/QQ\u622a\u56fe20231107132044-18x10.jpg 18w, https:\/\/swingbearing.net\/wp-content\/uploads\/2024\/05\/QQ\u622a\u56fe20231107132044-600x327.jpg 600w\" sizes=\"(max-width: 1897px) 100vw, 1897px\" \/><\/a>\n\t\t\t<\/dt>\n\t\t\t\t<dd class='wp-caption-text gallery-caption' id='gallery-1-2810'>\n\t\t\t\tEkskavatora groz\u0101m\u0101 galda gultnis\n\t\t\t\t<\/dd><\/dl><br style=\"clear: both\" \/><dl class='gallery-item'>\n\t\t\t<dt class='gallery-icon landscape'>\n\t\t\t\t<a href='https:\/\/swingbearing.net\/lv\/?attachment_id=2809'><img decoding=\"async\" width=\"1915\" height=\"1037\" src=\"https:\/\/swingbearing.net\/wp-content\/uploads\/2024\/05\/QQ\u622a\u56fe20231107134300.jpg\" class=\"attachment-full size-full\" alt=\"Ekskavatora groz\u0101m\u0101 galda gultnis\" srcset=\"https:\/\/swingbearing.net\/wp-content\/uploads\/2024\/05\/QQ\u622a\u56fe20231107134300.jpg 1915w, https:\/\/swingbearing.net\/wp-content\/uploads\/2024\/05\/QQ\u622a\u56fe20231107134300-300x162.jpg 300w, https:\/\/swingbearing.net\/wp-content\/uploads\/2024\/05\/QQ\u622a\u56fe20231107134300-1024x555.jpg 1024w, https:\/\/swingbearing.net\/wp-content\/uploads\/2024\/05\/QQ\u622a\u56fe20231107134300-768x416.jpg 768w, https:\/\/swingbearing.net\/wp-content\/uploads\/2024\/05\/QQ\u622a\u56fe20231107134300-1536x832.jpg 1536w, https:\/\/swingbearing.net\/wp-content\/uploads\/2024\/05\/QQ\u622a\u56fe20231107134300-18x10.jpg 18w, https:\/\/swingbearing.net\/wp-content\/uploads\/2024\/05\/QQ\u622a\u56fe20231107134300-600x325.jpg 600w\" sizes=\"(max-width: 1915px) 100vw, 1915px\" \/><\/a>\n\t\t\t<\/dt><\/dl><dl class='gallery-item'>\n\t\t\t<dt class='gallery-icon landscape'>\n\t\t\t\t<a href='https:\/\/swingbearing.net\/lv\/?attachment_id=2809'><img decoding=\"async\" width=\"1893\" height=\"1058\" src=\"https:\/\/swingbearing.net\/wp-content\/uploads\/2024\/05\/QQ\u622a\u56fe20231107134334.jpg\" class=\"attachment-full size-full\" alt=\"Ekskavatora groz\u0101m\u0101 galda gultnis\" srcset=\"https:\/\/swingbearing.net\/wp-content\/uploads\/2024\/05\/QQ\u622a\u56fe20231107134334.jpg 1893w, https:\/\/swingbearing.net\/wp-content\/uploads\/2024\/05\/QQ\u622a\u56fe20231107134334-300x168.jpg 300w, https:\/\/swingbearing.net\/wp-content\/uploads\/2024\/05\/QQ\u622a\u56fe20231107134334-1024x572.jpg 1024w, https:\/\/swingbearing.net\/wp-content\/uploads\/2024\/05\/QQ\u622a\u56fe20231107134334-768x429.jpg 768w, https:\/\/swingbearing.net\/wp-content\/uploads\/2024\/05\/QQ\u622a\u56fe20231107134334-1536x858.jpg 1536w, https:\/\/swingbearing.net\/wp-content\/uploads\/2024\/05\/QQ\u622a\u56fe20231107134334-18x10.jpg 18w, https:\/\/swingbearing.net\/wp-content\/uploads\/2024\/05\/QQ\u622a\u56fe20231107134334-600x335.jpg 600w\" sizes=\"(max-width: 1893px) 100vw, 1893px\" \/><\/a>\n\t\t\t<\/dt><\/dl><br style=\"clear: both\" \/>\n\t\t<\/div>\n\n<p>Ekskavatoru groz\u0101m\u0101 galda gult\u0146us parasti d\u0113v\u0113 ar\u012b par:<br \/>\nKust\u012bbas gult\u0146i<br \/>\nKust\u012bgo gredzenu gult\u0146i<br \/>\n\u0160\u016bpo\u013cu gult\u0146i<br \/>\nVinilpla\u0161u gult\u0146i<\/p>\n<h4>Pagrieziena galda gult\u0146u funkcija<\/h4>\n<p>Ekskavatora groz\u0101m\u0101 galda gult\u0146u galven\u0101 funkcija ir nodro\u0161in\u0101t ekskavatora aug\u0161\u0113j\u0101s konstrukcijas, tostarp kab\u012bnes, str\u0113les, rokas un kausa, rot\u0101ciju vai \u0161\u016bpo\u0161anos.<br \/>\nTas \u013cauj ekskavatoram manevr\u0113t un sasniegt da\u017e\u0101das poz\u012bcijas, nep\u0101rvietojot visu ma\u0161\u012bnu.<\/p>\n<h4>Ekskavatoru groz\u0101m\u0101 galda gult\u0146u projekt\u0113\u0161ana un izgatavo\u0161ana :<\/h4>\n<p>Ekskavatoru groz\u0101m\u0101 galda gult\u0146i ir lieli, iztur\u012bgi gult\u0146i, kas paredz\u0113ti, lai iztur\u0113tu lielas slodzes un dinamiskos sp\u0113kus, kas saist\u012bti ar \u0161\u016bpo\u0161anos.<br \/>\nT\u0101s parasti sast\u0101v no iek\u0161\u0113j\u0101 gredzena, \u0101r\u0113j\u0101 gredzena, velmju elementiem (piem\u0113ram, lod\u012bt\u0113m vai rull\u012b\u0161iem) un b\u016br\u012b\u0161a, kas notur velmju elementus sav\u0101 viet\u0101.<\/p>\n<h4>Ekskavatora pagrieziena galda gult\u0146u apkope un e\u013c\u013co\u0161ana :<\/h4>\n<p>Regul\u0101ra apkope un e\u013c\u013co\u0161ana ir \u013coti svar\u012bga, lai nodro\u0161in\u0101tu optim\u0101lu ekskavatora groz\u0101m\u0101 galda gult\u0146u darb\u012bbu un ilgm\u016b\u017e\u012bbu.<br \/>\nPareiza e\u013c\u013co\u0161ana pal\u012bdz samazin\u0101t berzi, siltumu un gult\u0146u sast\u0101vda\u013cu nodilumu.<\/p>\n<h4>Ekskavatoru groz\u0101m\u0101 galda gult\u0146u bie\u017e\u0101k\u0101s probl\u0113mas un to nov\u0113r\u0161ana :<\/h4>\n<p>Pagarin\u0101t\u0101ja gult\u0146a neparastu troksni var izrais\u012bt, piem\u0113ram, nevienm\u0113r\u012bga mont\u0101\u017ea, sve\u0161\u0137erme\u0146i, nepareiza e\u013c\u013co\u0161ana vai nolietojums.<br \/>\n\u0160o probl\u0113mu var atrisin\u0101t, veicot pien\u0101c\u012bgu apkopi, t\u012br\u012b\u0161anu un nomai\u0146u.<\/p>\n<h3>Ekskavatoru groz\u0101m\u0101 galda gult\u0146u pielietojums :<\/h3>\n<p>Ekskavatoru groz\u0101mo galdu gult\u0146i tiek izmantoti ne tikai ekskavatoros, bet ar\u012b da\u017e\u0101dos citos smag\u0101s tehnikas veidos, tostarp celt\u0146os, v\u0113ja turb\u012bn\u0101s un r\u016bpnieciskajos groz\u0101majos galdos.<br \/>\nKopum\u0101 ekskavatora groz\u0101m\u0101 galda gultnis ir svar\u012bgs komponents, kas nodro\u0161ina raitu un efekt\u012bvu ekskavatoru un citu smago ma\u0161\u012bnu darb\u012bbu, atvieglojot to rot\u0101ciju un manevr\u0113\u0161anas iesp\u0113jas.<\/p>","protected":false},"excerpt":{"rendered":"<p><strong><b>Da\u013ca<\/b><\/strong> #: 229-1077<br \/>\n<strong><b>Veiciet<\/b><\/strong>: CATERPILLAR<br \/>\n<strong><b>Modelis<\/b><\/strong>:CAT 312CL<br \/>\n<strong><b>St\u0101voklis<\/b><\/strong>: Jauns<\/p>","protected":false},"featured_media":2854,"template":"","meta":[],"product_brand":[],"product_cat":[22,58],"product_tag":[63],"class_list":{"0":"post-2837","1":"product","2":"type-product","3":"status-publish","4":"has-post-thumbnail","6":"product_cat-swing-bearing","7":"product_cat-cat-excavator-swing-bearing","8":"product_tag-turntable-bearing","10":"first","11":"instock","12":"shipping-taxable","13":"product-type-simple"},"_links":{"self":[{"href":"https:\/\/swingbearing.net\/lv\/wp-json\/wp\/v2\/product\/2837","targetHints":{"allow":["GET"]}}],"collection":[{"href":"https:\/\/swingbearing.net\/lv\/wp-json\/wp\/v2\/product"}],"about":[{"href":"https:\/\/swingbearing.net\/lv\/wp-json\/wp\/v2\/types\/product"}],"wp:featuredmedia":[{"embeddable":true,"href":"https:\/\/swingbearing.net\/lv\/wp-json\/wp\/v2\/media\/2854"}],"wp:attachment":[{"href":"https:\/\/swingbearing.net\/lv\/wp-json\/wp\/v2\/media?parent=2837"}],"wp:term":[{"taxonomy":"product_brand","embeddable":true,"href":"https:\/\/swingbearing.net\/lv\/wp-json\/wp\/v2\/product_brand?post=2837"},{"taxonomy":"product_cat","embeddable":true,"href":"https:\/\/swingbearing.net\/lv\/wp-json\/wp\/v2\/product_cat?post=2837"},{"taxonomy":"product_tag","embeddable":true,"href":"https:\/\/swingbearing.net\/lv\/wp-json\/wp\/v2\/product_tag?post=2837"}],"curies":[{"name":"wp","href":"https:\/\/api.w.org\/{rel}","templated":true}]}}