{"id":2326,"date":"2024-04-12T06:50:18","date_gmt":"2024-04-12T06:50:18","guid":{"rendered":"https:\/\/swingbearing.net\/?post_type=product&#038;p=2326"},"modified":"2024-05-15T05:57:49","modified_gmt":"2024-05-15T05:57:49","slug":"swing-bearing-liugong-936d","status":"publish","type":"product","link":"https:\/\/swingbearing.net\/lv\/product\/swing-bearing-liugong-936d\/","title":{"rendered":"LIUGONG \u0161\u016bpo\u013cu gultnis"},"content":{"rendered":"<h2 style=\"text-align: center;\">LIUGONG \u0161\u016bpo\u013cu gult\u0146u parametri<\/h2>\n<figure class=\"wp-block-table is-style-stripes has-small-font-size\">\n<table class=\"has-cyan-bluish-gray-background-color has-background\">\n<tbody>\n<tr>\n<td width=\"52\">Modelis<\/td>\n<td width=\"62\">Da\u013cas numurs<\/td>\n<td width=\"81\">\u0100r\u0113jais diametrs<\/td>\n<td width=\"111\">Iek\u0161\u0113jais diametrs<\/td>\n<td width=\"77\">Kop\u0113jais augstums<\/td>\n<td width=\"77\">\u0100r\u0113jais augstums<\/td>\n<td width=\"104\">Iek\u0161\u0113jais augstums<\/td>\n<td width=\"141\">\u0100r\u0113jo caurumu parametri<\/td>\n<td width=\"103\">Iek\u0161\u0113j\u0101 urbuma parametri<\/td>\n<td width=\"85\">Zobu skaits<\/td>\n<\/tr>\n<tr>\n<td width=\"52\">922<\/td>\n<td width=\"62\">26b0272<\/td>\n<td width=\"81\">1405<\/td>\n<td width=\"111\">1129<\/td>\n<td width=\"77\">100<\/td>\n<td width=\"77\">70<\/td>\n<td width=\"104\">90<\/td>\n<td width=\"141\">36-\u03c624 nevienm\u0113r\u012bgs<\/td>\n<td width=\"103\">36-M22<\/td>\n<td width=\"85\">95<\/td>\n<\/tr>\n<tr>\n<td width=\"52\">922<\/td>\n<td width=\"62\">26b0122<\/td>\n<td width=\"81\">1405<\/td>\n<td width=\"111\">1129<\/td>\n<td width=\"77\">100<\/td>\n<td width=\"77\">70<\/td>\n<td width=\"104\">90<\/td>\n<td width=\"141\">36-\u03c624 nevienm\u0113r\u012bgs<\/td>\n<td width=\"103\">36-M22<\/td>\n<td width=\"85\">95<\/td>\n<\/tr>\n<tr>\n<td width=\"52\">922<\/td>\n<td width=\"62\">26b0010<\/td>\n<td width=\"81\">1405<\/td>\n<td width=\"111\">1129<\/td>\n<td width=\"77\">100<\/td>\n<td width=\"77\">70<\/td>\n<td width=\"104\">90<\/td>\n<td width=\"141\">36 Vienm\u0113r\u012bgi sadal\u012bts<\/td>\n<td width=\"103\">36-M22<\/td>\n<td width=\"85\">91<\/td>\n<\/tr>\n<tr>\n<td width=\"52\">LG922D<\/td>\n<td width=\"62\">26B0122<\/td>\n<td width=\"81\">1405<\/td>\n<td width=\"111\">1129<\/td>\n<td width=\"77\">100<\/td>\n<td width=\"77\">70<\/td>\n<td width=\"104\">90<\/td>\n<td width=\"141\">36-\u03c624 nevienm\u0113r\u012bgs<\/td>\n<td width=\"103\">36-M22<\/td>\n<td width=\"85\">95<\/td>\n<\/tr>\n<tr>\n<td width=\"52\">936D<\/td>\n<td width=\"62\">26B0120<\/td>\n<td width=\"81\">1658<\/td>\n<td width=\"111\">1334.3<\/td>\n<td width=\"77\">125<\/td>\n<td width=\"77\">82<\/td>\n<td width=\"104\">115<\/td>\n<td width=\"141\">40-\u03c626 nevienm\u0113r\u012bgs<\/td>\n<td width=\"103\">40-M24 Vienm\u0113r\u012bgi sadal\u012bts<\/td>\n<td width=\"85\">97<\/td>\n<\/tr>\n<\/tbody>\n<\/table>\n<\/figure>\n<h2 class=\"wp-block-heading has-medium-font-size\">Liugong ekskavatoru \u0161\u016bpoles gult\u0146i<\/h2>\n<p>Liugong ekskavatora \u0161\u016bpoles gultnis: Iztur\u012bga un uzticama izv\u0113le j\u016bsu ekskavatoram<br \/>\n\u0160\u016bpo\u013cu gult\u0146i, paz\u012bstami ar\u012b k\u0101 pagrieziena gult\u0146i, ir b\u016btiska ekskavatoru sast\u0101vda\u013ca. \u0160ie gult\u0146i nodro\u0161ina ekskavatora aug\u0161\u0113j\u0101s konstrukcijas vienm\u0113r\u012bgu un dro\u0161u rot\u0101ciju. Ekskavatoru \u0161\u016bpoles gult\u0146iem ir iz\u0161\u0137iro\u0161a noz\u012bme ma\u0161\u012bnas veiktsp\u0113j\u0101 un uzticam\u012bb\u0101. \u0160\u0101 iemesla d\u0113\u013c kvalitat\u012bvu \u0161\u016bpo\u013cu gult\u0146u izv\u0113le ir b\u016btiska j\u016bsu ekskavatora ilgm\u016b\u017e\u012bbai un efektivit\u0101tei.<\/p>\n<p>Liugong ir paz\u012bstams z\u012bmols celtniec\u012bbas iek\u0101rtu nozar\u0113, un tas pied\u0101v\u0101 ekskavatoru \u0161\u016bpo\u013cu gult\u0146u kl\u0101stu, kas ir paz\u012bstami ar savu iztur\u012bbu un uzticam\u012bbu. Liugong ekskavatoru \u0161\u016bpo\u013cu gult\u0146i ir izstr\u0101d\u0101ti t\u0101, lai iztur\u0113tu skarbus apst\u0101k\u013cus un lielas slodzes, nodro\u0161inot, ka j\u016bsu ekskavators var veikt jebkuru darbu - lielu vai mazu.<\/p>\n<h2 class=\"wp-block-heading has-medium-font-size\">Piem\u0113rojamais ekskavatora \u0161\u016bpo\u013cu gult\u0146a modelis<\/h2>\n<p class=\"has-text-align-left\">Ir pieejami \u0161\u0101di Liugong ekskavatoru \u0161\u016bpo\u013cu gult\u0146u mode\u013ci: CLG904, CLG9055, CLG906, CLG907, CLG9075, CLG908, CLG915, CLG150, CLG920, CLG921, CLG922, CLG225, CLG924, CLG925, CLG933, CLG936, CLG939, CLG942, CLG948, CLG950, CLG952, CLG200, CLG205, CLG220 un CLG225.<\/p>\n<p>\u0160ie Liugong ekskavatoru groz\u0101mie gult\u0146i ir izstr\u0101d\u0101ti prec\u012bzi un prec\u012bzi, lai nodro\u0161in\u0101tu optim\u0101lu veiktsp\u0113ju un iztur\u012bbu. Izgatavoti no augstas kvalit\u0101tes materi\u0101liem, tie var iztur\u0113t ekstr\u0113mus laikapst\u0101k\u013cus un lielas slodzes lietojumus.<br \/>\nLiugong ap\u0146em\u0161an\u0101s nodro\u0161in\u0101t kvalit\u0101ti un uzticam\u012bbu atspogu\u013cojas visos izstr\u0101d\u0101jumu aspektos, un ekskavatoru \u0161\u016bpo\u013cu gult\u0146i nav iz\u0146\u0113mums. Tie ir konstru\u0113ti t\u0101, lai nodro\u0161in\u0101tu izcilu kravnes\u012bbu un augstu precizit\u0101ti, nodro\u0161inot, ka ekskavators darbojas vienm\u0113r\u012bgi un efekt\u012bvi.<br \/>\nPapildus to veiktsp\u0113jas priek\u0161roc\u012bb\u0101m Liugong ekskavatoru groz\u0101mie gult\u0146i ir ar\u012b viegli uzst\u0101d\u0101mi, un tiem nepiecie\u0161ama minim\u0101la apkope, kas samazina d\u012bkst\u0101ves laiku un remonta izmaksas.<\/p>\n<p>Izv\u0113loties ekskavatora \u0161\u016bpo\u013cu gult\u0146us, ir svar\u012bgi izv\u0113l\u0113ties t\u0101du augstas kvalit\u0101tes z\u012bmolu k\u0101 Liugong, lai nodro\u0161in\u0101tu j\u016bsu ma\u0161\u012bnas ilgm\u016b\u017e\u012bbu un uzticam\u012bbu. Liugong ekskavatoru \u0161\u016bpoles ir izstr\u0101d\u0101tas t\u0101, lai nodro\u0161in\u0101tu vislab\u0101ko veiktsp\u0113ju, iztur\u012bbu un uzticam\u012bbu, t\u0101p\u0113c t\u0101s ir lieliska izv\u0113le jebkuram rak\u0161anas projektam.<\/p>\n<p>T\u0101tad, ja mekl\u0113jat augstas kvalit\u0101tes ekskavatoru groz\u0101mos gult\u0146us, mekl\u0113jiet tikai Liugong. Izmantojot iztur\u012bgu un uzticamu \u0161\u016bpo\u013cu gredzenu gult\u0146u kl\u0101stu, varat b\u016bt dro\u0161i, ka j\u016bsu ekskavators darbosies efekt\u012bvi un vienm\u0113r\u012bgi, nodro\u0161inot jums nepiecie\u0161amo veiktsp\u0113ju un uzticam\u012bbu, lai paveiktu darbu.<br \/>\nM\u0113s varam b\u016bt j\u016bsu r\u012bc\u012bb\u0101 attiec\u012bb\u0101 uz jebkura veida, mode\u013ca vai markas rot\u0113jo\u0161o gredzenu.Sazinieties ar mums jau \u0161odien, ja jums ir k\u0101di jaut\u0101jumi par j\u016bsu vajadz\u012bb\u0101m.<\/p>\n<figure class=\"wp-block-image size-full\"><\/figure>\n<figure class=\"wp-block-table\">\n<table>\n<tbody>\n<tr>\n<td><img decoding=\"async\" class=\"wp-image-177\" src=\"https:\/\/national-bearing.com\/wp-content\/uploads\/2023\/04\/0001.jpg\" sizes=\"(max-width: 600px) 100vw, 600px\" srcset=\"https:\/\/national-bearing.com\/wp-content\/uploads\/2023\/04\/0001.jpg 600w, https:\/\/national-bearing.com\/wp-content\/uploads\/2023\/04\/0001-300x200.jpg 300w\" alt=\"ekskavatora \u0161\u016bpo\u013cu gultnis \" width=\"600\" height=\"400\" \/><\/td>\n<td><img decoding=\"async\" class=\"wp-image-643\" src=\"https:\/\/national-bearing.com\/wp-content\/uploads\/2023\/04\/66.jpg\" sizes=\"(max-width: 600px) 100vw, 600px\" srcset=\"https:\/\/national-bearing.com\/wp-content\/uploads\/2023\/04\/66.jpg 600w, https:\/\/national-bearing.com\/wp-content\/uploads\/2023\/04\/66-300x200.jpg 300w\" alt=\"ekskavatora \u0161\u016bpo\u013cu gult\u0146u m\u0113r\u012b\u0161ana\" width=\"600\" height=\"400\" \/><\/td>\n<\/tr>\n<\/tbody>\n<\/table>\n<\/figure>","protected":false},"excerpt":{"rendered":"<div class=\"woocommerce-product-details__short-description\">\n<p><strong>Da\u013ca<\/strong> #:26b0272<br \/>\n<strong>Veiciet<\/strong>: LIUGONG<br \/>\n<strong>Modelis<\/strong>: 922<br \/>\n<strong>St\u0101voklis<\/strong>: Jauns \u0161\u016bpo\u013cu gultnis<br \/>\n<strong>Vair\u0101k<\/strong>:CLG950,CLG948,LG922D<br \/>\nCLG907,CLG9075,CLG952,936D<\/p>\n<\/div>","protected":false},"featured_media":2349,"template":"","meta":[],"product_brand":[],"product_cat":[22,73],"product_tag":[52],"class_list":{"0":"post-2326","1":"product","2":"type-product","3":"status-publish","4":"has-post-thumbnail","6":"product_cat-swing-bearing","7":"product_cat-liugong-excavator-swing-bearing","8":"product_tag-swing-bearing","10":"first","11":"instock","12":"shipping-taxable","13":"product-type-simple"},"_links":{"self":[{"href":"https:\/\/swingbearing.net\/lv\/wp-json\/wp\/v2\/product\/2326","targetHints":{"allow":["GET"]}}],"collection":[{"href":"https:\/\/swingbearing.net\/lv\/wp-json\/wp\/v2\/product"}],"about":[{"href":"https:\/\/swingbearing.net\/lv\/wp-json\/wp\/v2\/types\/product"}],"wp:featuredmedia":[{"embeddable":true,"href":"https:\/\/swingbearing.net\/lv\/wp-json\/wp\/v2\/media\/2349"}],"wp:attachment":[{"href":"https:\/\/swingbearing.net\/lv\/wp-json\/wp\/v2\/media?parent=2326"}],"wp:term":[{"taxonomy":"product_brand","embeddable":true,"href":"https:\/\/swingbearing.net\/lv\/wp-json\/wp\/v2\/product_brand?post=2326"},{"taxonomy":"product_cat","embeddable":true,"href":"https:\/\/swingbearing.net\/lv\/wp-json\/wp\/v2\/product_cat?post=2326"},{"taxonomy":"product_tag","embeddable":true,"href":"https:\/\/swingbearing.net\/lv\/wp-json\/wp\/v2\/product_tag?post=2326"}],"curies":[{"name":"wp","href":"https:\/\/api.w.org\/{rel}","templated":true}]}}