{"id":2323,"date":"2024-04-12T06:49:35","date_gmt":"2024-04-12T06:49:35","guid":{"rendered":"https:\/\/swingbearing.net\/?post_type=product&#038;p=2323"},"modified":"2024-05-15T05:58:52","modified_gmt":"2024-05-15T05:58:52","slug":"swing-bearing-liebherr-r944c","status":"publish","type":"product","link":"https:\/\/swingbearing.net\/lv\/product\/swing-bearing-liebherr-r944c\/","title":{"rendered":"LIEBHERR \u0161\u016bpo\u013cu gultnis"},"content":{"rendered":"<h2 style=\"text-align: center;\">LIEBHERR \u0161\u016bpo\u013cu gult\u0146u parametri<\/h2>\n<figure class=\"wp-block-table is-style-stripes has-small-font-size\">\n<table class=\"has-cyan-bluish-gray-background-color has-background\">\n<tbody>\n<tr>\n<td>Modelis<\/td>\n<td>Da\u013cas numurs<\/td>\n<td>\u0100r\u0113jais diametrs<\/td>\n<td>Iek\u0161\u0113jais diametrs<\/td>\n<td>Kop\u0113jais augstums<\/td>\n<td>\u0100r\u0113jais augstums<\/td>\n<td>Iek\u0161\u0113jais augstums<\/td>\n<td>\u0100r\u0113jo caurumu parametri<\/td>\n<td>Iek\u0161\u0113j\u0101 urbuma parametri<\/td>\n<td>Zobu skaits<\/td>\n<\/tr>\n<tr>\n<td>R922<\/td>\n<td>LE982706001<\/td>\n<td>1215<\/td>\n<td>940<\/td>\n<td>115<\/td>\n<td>72<\/td>\n<td>105<\/td>\n<td>48-\u03c622<\/td>\n<td>56-M20<\/td>\n<td>94<\/td>\n<\/tr>\n<tr>\n<td>924HDSL<\/td>\n<td>LE982751901<\/td>\n<td>1215<\/td>\n<td>940<\/td>\n<td>115<\/td>\n<td>72<\/td>\n<td>105<\/td>\n<td>48-\u042422<\/td>\n<td>56-M20cloth<\/td>\n<td>94<\/td>\n<\/tr>\n<tr>\n<td>R924C<\/td>\n<td>982751901<\/td>\n<td>1215<\/td>\n<td>940<\/td>\n<td>115<\/td>\n<td>72<\/td>\n<td>105<\/td>\n<td>48-\u042422<\/td>\n<td>56-M20cloth<\/td>\n<td>94<\/td>\n<\/tr>\n<tr>\n<td>R924C<\/td>\n<td>932833001<\/td>\n<td>1215<\/td>\n<td>940<\/td>\n<td>115<\/td>\n<td>72<\/td>\n<td>105<\/td>\n<td>48-\u042422<\/td>\n<td>56-M20cloth<\/td>\n<td>94<\/td>\n<\/tr>\n<tr>\n<td>R924B<\/td>\n<td>982751901<\/td>\n<td>1215<\/td>\n<td>940<\/td>\n<td>115<\/td>\n<td>72<\/td>\n<td>105<\/td>\n<td>48-\u042422<\/td>\n<td>56-M20cloth<\/td>\n<td>94<\/td>\n<\/tr>\n<tr>\n<td>R934<\/td>\n<td>933816501<\/td>\n<td>1355<\/td>\n<td>1012<\/td>\n<td>125<\/td>\n<td><\/td>\n<td><\/td>\n<td>40<\/td>\n<td>48<\/td>\n<td>92<\/td>\n<\/tr>\n<tr>\n<td>R934HD-S<\/td>\n<td>LE939500601<\/td>\n<td>1355<\/td>\n<td>1012<\/td>\n<td>125<\/td>\n<td>92<\/td>\n<td>113<\/td>\n<td>40-26 caur caurumu<\/td>\n<td>48-M24<\/td>\n<td>92<\/td>\n<\/tr>\n<tr>\n<td>934<\/td>\n<td>982752401<\/td>\n<td>1355<\/td>\n<td>1012<\/td>\n<td>125<\/td>\n<td>92<\/td>\n<td>113<\/td>\n<td>40-26 caur caurumu<\/td>\n<td>48-M24<\/td>\n<td>92<\/td>\n<\/tr>\n<tr>\n<td>R-944C<\/td>\n<td>933628601<\/td>\n<td>1365<\/td>\n<td>1008<\/td>\n<td>150<\/td>\n<td>112<\/td>\n<td>140<\/td>\n<td>60-\u042426<\/td>\n<td>72-M24cloth<\/td>\n<td>84<\/td>\n<\/tr>\n<tr>\n<td>R944B<\/td>\n<td>933626601<\/td>\n<td>1365<\/td>\n<td>1008<\/td>\n<td>150<\/td>\n<td>112<\/td>\n<td>140<\/td>\n<td>60<\/td>\n<td>72<\/td>\n<td>84<\/td>\n<\/tr>\n<\/tbody>\n<\/table>\n<\/figure>\n<p>Liebherr ekskavatori ir paz\u012bstami ar savu uzticam\u012bbu un iztur\u012bbu, t\u0101p\u0113c tie ir popul\u0101ra izv\u0113le b\u016bvniec\u012bbas un kalnr\u016bpniec\u012bbas nozar\u0113s. Viens no svar\u012bg\u0101kajiem komponentiem, kas veicina ma\u0161\u012bnas veiktsp\u0113ju, ir ekskavatora \u0161\u016bpoles gultnis. Liebherr ekskavatoru \u0161\u016bpoles gult\u0146i ir izstr\u0101d\u0101ti t\u0101, lai iztur\u0113tu smagu darbu sare\u017e\u0123\u012bt\u0101 vid\u0113.<\/p>\n<p>Ekskavatoru \u0161\u016bpo\u013cu gult\u0146iem ir iz\u0161\u0137iro\u0161a noz\u012bme ma\u0161\u012bnas darb\u012bb\u0101, jo tie atbalsta aug\u0161\u0113j\u0101s konstrukcijas rot\u0101ciju. Bez kvalitat\u012bva ekskavatora \u0161\u016bpoles gult\u0146a aug\u0161\u0113j\u0101 konstrukcija nevar vienm\u0113r\u012bgi rot\u0113t, kas ietekm\u0113 ma\u0161\u012bnas kop\u0113jo veiktsp\u0113ju. Liebherr ekskavatoru \u0161\u016bpoles gult\u0146i ir konstru\u0113ti t\u0101, lai nodro\u0161in\u0101tu augstu kravnes\u012bbu, precizit\u0101ti un ilgu kalpo\u0161anas laiku, nodro\u0161inot optim\u0101lu ma\u0161\u012bnas darb\u012bbu.<\/p>\n<p>Liebherr ekskavatoru groz\u0101mie gult\u0146i ir paz\u012bstami ar\u012b k\u0101 groz\u0101mie gredzenveida gult\u0146i, ekskavatoru groz\u0101mie gredzenveida gult\u0146i vai groz\u0101m\u0101 galda gult\u0146i. \u0160ie gult\u0146i ir konstru\u0113ti ar rito\u0161o da\u013cu, kas atbalsta ma\u0161\u012bnas svaru, \u013caujot aug\u0161\u0113jai konstrukcijai viegli griezties. Ekskavatoru da\u013cu \u0161\u016bpoles gult\u0146i ir izgatavoti no augstas iztur\u012bbas materi\u0101liem, kas nodro\u0161ina to iztur\u012bbu pret liel\u0101m slodz\u0113m, ekstr\u0113m\u0101m temperat\u016br\u0101m un skarbiem apst\u0101k\u013ciem.<\/p>\n<p>Liebherr pied\u0101v\u0101 ekskavatoru \u0161arn\u012bra gult\u0146u kl\u0101stu, kas ir sader\u012bgi ar da\u017e\u0101diem ekskavatoru mode\u013ciem. Pa\u0161laik tirg\u016b ir pieejami \u0161\u0101di mode\u013ci: R914, R924, R944, R934 un R944CLC. \u0160ie mode\u013ci ir izstr\u0101d\u0101ti t\u0101, lai nodro\u0161in\u0101tu maksim\u0101lu iztur\u012bbu un veiktsp\u0113ju, nodro\u0161inot, ka j\u016bsu ma\u0161\u012bna var veikt jebkuru tai uztic\u0113to darbu.<\/p>\n<p>Papildus ekskavatora \u0161\u016bpoles gultnim Liebherr pied\u0101v\u0101 ar\u012b ekskavatora groz\u0101mo p\u0101rnesumu un ekskavatora \u0161\u016bpoles p\u0101rnesumu. \u0160ie komponenti darbojas kop\u0101, lai nodro\u0161in\u0101tu vienm\u0113r\u012bgu un efekt\u012bvu ma\u0161\u012bnas aug\u0161\u0113j\u0101s konstrukcijas rot\u0101ciju, t\u0101p\u0113c tie ir b\u016btiskas jebkura Liebherr ekskavatora sast\u0101vda\u013cas.<\/p>\n<p>Nobeigum\u0101 j\u0101secina, ka, run\u0101jot par ekskavatoru \u0161\u016bpo\u013cu gult\u0146iem, Liebherr ir v\u0101rds, kam var uztic\u0113ties. Ekskavatoru kvalitat\u012bvie \u0161\u016bpoles gult\u0146i ir izstr\u0101d\u0101ti t\u0101, lai iztur\u0113tu vissmag\u0101kos apst\u0101k\u013cus, nodro\u0161inot augstu slodzes iztur\u012bbu, precizit\u0101ti un ilgu kalpo\u0161anas laiku. Neatkar\u012bgi no t\u0101, vai str\u0101d\u0101jat celtniec\u012bb\u0101 vai kalnr\u016bpniec\u012bb\u0101, Liebherr ekskavatoru \u0161\u016bpoles gult\u0146i ir ide\u0101la izv\u0113le optim\u0101lai ma\u0161\u012bnas veiktsp\u0113jai.<\/p>\n<p>M\u0113s varam nodro\u0161in\u0101t alternat\u012bvu \u0161\u016bpo\u013cu loku j\u016bsu , CAT, HITACHI, KOMATSU, KOBELCO, HYUNDAI, VOLVO, DOOSAN, DAEWOO, JCB, CASE, SUMITOMO, XCMG.There ir norm\u0101li un nestandarta vair\u0101k nek\u0101 1000 simtiem veidu, lai j\u016bs var\u0113tu izv\u0113l\u0113ties.<\/p>\n<figure class=\"wp-block-image size-full is-resized\"><img decoding=\"async\" class=\"wp-image-177\" src=\"https:\/\/national-bearing.com\/wp-content\/uploads\/2023\/04\/0001.jpg\" sizes=\"(max-width: 843px) 100vw, 843px\" srcset=\"https:\/\/national-bearing.com\/wp-content\/uploads\/2023\/04\/0001.jpg 600w, https:\/\/national-bearing.com\/wp-content\/uploads\/2023\/04\/0001-300x200.jpg 300w\" alt=\"\" width=\"515\" height=\"343\" \/><\/figure>","protected":false},"excerpt":{"rendered":"<p><strong>Da\u013ca<\/strong> #: 932833001<br \/>\n<strong>Veiciet<\/strong>: LIEBHERR<br \/>\n<strong>Modelis<\/strong>:  R944c<br \/>\n<strong>St\u0101voklis<\/strong>: Jauns \u0161\u016bpo\u013cu gultnis<br \/>\n<strong>Vair\u0101k<\/strong>:R944B,934,R924B<br \/>\nR922, R934, 926,R914<\/p>","protected":false},"featured_media":2338,"template":"","meta":[],"product_brand":[],"product_cat":[22,72],"product_tag":[52],"class_list":{"0":"post-2323","1":"product","2":"type-product","3":"status-publish","4":"has-post-thumbnail","6":"product_cat-swing-bearing","7":"product_cat-liebherr-excavator-swing-bearing","8":"product_tag-swing-bearing","10":"first","11":"instock","12":"shipping-taxable","13":"product-type-simple"},"_links":{"self":[{"href":"https:\/\/swingbearing.net\/lv\/wp-json\/wp\/v2\/product\/2323","targetHints":{"allow":["GET"]}}],"collection":[{"href":"https:\/\/swingbearing.net\/lv\/wp-json\/wp\/v2\/product"}],"about":[{"href":"https:\/\/swingbearing.net\/lv\/wp-json\/wp\/v2\/types\/product"}],"wp:featuredmedia":[{"embeddable":true,"href":"https:\/\/swingbearing.net\/lv\/wp-json\/wp\/v2\/media\/2338"}],"wp:attachment":[{"href":"https:\/\/swingbearing.net\/lv\/wp-json\/wp\/v2\/media?parent=2323"}],"wp:term":[{"taxonomy":"product_brand","embeddable":true,"href":"https:\/\/swingbearing.net\/lv\/wp-json\/wp\/v2\/product_brand?post=2323"},{"taxonomy":"product_cat","embeddable":true,"href":"https:\/\/swingbearing.net\/lv\/wp-json\/wp\/v2\/product_cat?post=2323"},{"taxonomy":"product_tag","embeddable":true,"href":"https:\/\/swingbearing.net\/lv\/wp-json\/wp\/v2\/product_tag?post=2323"}],"curies":[{"name":"wp","href":"https:\/\/api.w.org\/{rel}","templated":true}]}}