{"id":2322,"date":"2024-04-12T06:49:19","date_gmt":"2024-04-12T06:49:19","guid":{"rendered":"https:\/\/swingbearing.net\/?post_type=product&#038;p=2322"},"modified":"2024-05-15T06:03:20","modified_gmt":"2024-05-15T06:03:20","slug":"swing-bearing-case-2","status":"publish","type":"product","link":"https:\/\/swingbearing.net\/lv\/product\/swing-bearing-case-2\/","title":{"rendered":"CASE \u0161\u016bpo\u013cu gultnis"},"content":{"rendered":"<h2 style=\"text-align: center;\">CASE \u0161\u016bpo\u013cu gult\u0146a parametri<\/h2>\n<figure class=\"wp-block-table is-style-stripes has-small-font-size\">\n<table class=\"has-cyan-bluish-gray-background-color has-background\">\n<tbody>\n<tr>\n<td style=\"text-align: right;\">Modelis<\/td>\n<td style=\"text-align: right;\">Da\u013cas numurs<\/td>\n<td style=\"text-align: right;\">\u0100r\u0113jais diametrs<\/td>\n<td style=\"text-align: right;\">Iek\u0161\u0113jais diametrs<\/td>\n<td style=\"text-align: right;\">Kop\u0113jais augstums<\/td>\n<td style=\"text-align: right;\">\u0100r\u0113jais augstums<\/td>\n<td style=\"text-align: right;\">Iek\u0161\u0113jais augstums<\/td>\n<td style=\"text-align: right;\">\u0100r\u0113jo caurumu parametri<\/td>\n<td style=\"text-align: right;\">Iek\u0161\u0113j\u0101 urbuma parametri<\/td>\n<td style=\"text-align: right;\">Zobu skaits<\/td>\n<\/tr>\n<tr>\n<td>CX130<\/td>\n<td>KNB10130<\/td>\n<td>1172<\/td>\n<td>972<\/td>\n<td>88<\/td>\n<td>65<\/td>\n<td>78<\/td>\n<td>28<\/td>\n<td>36<\/td>\n<td>98<\/td>\n<\/tr>\n<tr>\n<td>CX130<\/td>\n<td>KNB 11840<\/td>\n<td>1172<\/td>\n<td>973<\/td>\n<td>88<\/td>\n<td>65<\/td>\n<td>78<\/td>\n<td>28<\/td>\n<td>36<\/td>\n<td>98<\/td>\n<\/tr>\n<tr>\n<td>CX210<\/td>\n<td>KRB1347<\/td>\n<td>1330<\/td>\n<td>1094<\/td>\n<td>103<\/td>\n<td>74<\/td>\n<td>92<\/td>\n<td>31<\/td>\n<td>36<\/td>\n<td>92<\/td>\n<\/tr>\n<tr>\n<td>CX210<\/td>\n<td>KRB1603<\/td>\n<td>1330<\/td>\n<td>1094<\/td>\n<td>103<\/td>\n<td>74<\/td>\n<td>92<\/td>\n<td>31<\/td>\n<td>36<\/td>\n<td>92<\/td>\n<\/tr>\n<tr>\n<td>CX210<\/td>\n<td>KRB10160<\/td>\n<td>1330<\/td>\n<td>1093<\/td>\n<td>102<\/td>\n<td>74<\/td>\n<td>92<\/td>\n<td>31-\u03c622<\/td>\n<td>36-M20<\/td>\n<td>92<\/td>\n<\/tr>\n<tr>\n<td>CX210B<\/td>\n<td>KRB10160<\/td>\n<td>1330<\/td>\n<td>1093<\/td>\n<td>102<\/td>\n<td>74<\/td>\n<td>92<\/td>\n<td>31-\u03c622<\/td>\n<td>36-M20<\/td>\n<td>92<\/td>\n<\/tr>\n<tr>\n<td>CX210<\/td>\n<td>KRB10180<\/td>\n<td>1330<\/td>\n<td>1093<\/td>\n<td>102<\/td>\n<td>74<\/td>\n<td>92<\/td>\n<td>31-\u03c622.5<\/td>\n<td>36-M20<\/td>\n<td>92<\/td>\n<\/tr>\n<tr>\n<td>CX210B<\/td>\n<td>KRB11710<\/td>\n<td>1330<\/td>\n<td>1093<\/td>\n<td>102<\/td>\n<td>74<\/td>\n<td>92<\/td>\n<td>31-\u03c622<\/td>\n<td>36-M20<\/td>\n<td>92<\/td>\n<\/tr>\n<tr>\n<td>CX210C<\/td>\n<td>KRB11710<\/td>\n<td>1330<\/td>\n<td>1093<\/td>\n<td>102<\/td>\n<td>74<\/td>\n<td>92<\/td>\n<td>31-\u03c622<\/td>\n<td>36-M20<\/td>\n<td>92<\/td>\n<\/tr>\n<tr>\n<td>CNH E215<\/td>\n<td>72203516<\/td>\n<td>1312<\/td>\n<td>1082<\/td>\n<td>110<\/td>\n<td>79<\/td>\n<td>98<\/td>\n<td>33<\/td>\n<td>36<\/td>\n<td>110<\/td>\n<\/tr>\n<tr>\n<td>CNH E215<\/td>\n<td>87472588<\/td>\n<td>1312<\/td>\n<td>1082<\/td>\n<td>110<\/td>\n<td>79<\/td>\n<td>98<\/td>\n<td>33<\/td>\n<td>36<\/td>\n<td>110<\/td>\n<\/tr>\n<tr>\n<td>CX240<\/td>\n<td>KBB0878<\/td>\n<td>1375<\/td>\n<td>1094<\/td>\n<td>124<\/td>\n<td>88<\/td>\n<td>114<\/td>\n<td>27-\u03a626<\/td>\n<td>36-M24<\/td>\n<td>92<\/td>\n<\/tr>\n<tr>\n<td>CX240<\/td>\n<td>KBB0282<\/td>\n<td>1375<\/td>\n<td>1094<\/td>\n<td>124<\/td>\n<td>80<\/td>\n<td>114<\/td>\n<td>26-\u03c626<\/td>\n<td>36-M24<\/td>\n<td>92<\/td>\n<\/tr>\n<tr>\n<td>CX240<\/td>\n<td>KBB 10080<\/td>\n<td>1376<\/td>\n<td>1093<\/td>\n<td>125<\/td>\n<td>88<\/td>\n<td>114<\/td>\n<td>27<\/td>\n<td>36<\/td>\n<td>92<\/td>\n<\/tr>\n<tr>\n<td>CX240B<\/td>\n<td>KBB11350<\/td>\n<td>1377<\/td>\n<td>1094<\/td>\n<td>124<\/td>\n<td>88<\/td>\n<td>114<\/td>\n<td>28-26<\/td>\n<td>36-M24<\/td>\n<td>92<\/td>\n<\/tr>\n<tr>\n<td>CX460<\/td>\n<td>KTB10010<\/td>\n<td>1615<\/td>\n<td>1275<\/td>\n<td>145<\/td>\n<td>125<\/td>\n<td>135<\/td>\n<td>41-\u03a626<\/td>\n<td>46-M24<\/td>\n<td>92<\/td>\n<\/tr>\n<tr>\n<td>CX290<\/td>\n<td>KBB10100<\/td>\n<td>1615<\/td>\n<td>1274<\/td>\n<td>122<\/td>\n<td>100<\/td>\n<td>110<\/td>\n<td>41<\/td>\n<td>46<\/td>\n<td>92<\/td>\n<\/tr>\n<\/tbody>\n<\/table>\n<\/figure>\n<p>Ekskavatori ir smag\u0101s ma\u0161\u012bnas, ko izmanto, lai raktu, p\u0101rvietotu un paceltu smagas kravas b\u016bvniec\u012bb\u0101, kalnr\u016bpniec\u012bb\u0101 un cit\u0101s nozar\u0113s. Ekskavatora galvenais komponents ir \u0161arn\u012bra gultnis, ko d\u0113v\u0113 ar\u012b par \u0161\u016bpoles gultni, kas \u013cauj ma\u0161\u012bnai griezties par 360 gr\u0101diem. Ja mekl\u0113jat augstas kvalit\u0101tes groz\u0101mos gult\u0146us savam CASE ekskavatoram, mekl\u0113jiet tikai m\u016bsu produktu kl\u0101st\u0101.<\/p>\n<p>CASE ekskavatoru \u0161\u016bpo\u013cu gult\u0146u kl\u0101st\u0101 ietilpst \u0161\u0101di mode\u013ci: CX50B, CX55, CX210, CX210B, CX240A un CX240B. \u0160ie gult\u0146i ir \u012bpa\u0161i izstr\u0101d\u0101ti atbilsto\u0161i j\u016bsu CASE ekskavatoram un nodro\u0161ina vienm\u0113r\u012bgu un uzticamu rot\u0101ciju pat pie liel\u0101m slodz\u0113m.<br \/>\nM\u016bsu ekskavatoru \u0161\u016bpo\u013cu gult\u0146i ir izgatavoti no augstas kvalit\u0101tes materi\u0101liem, lai nodro\u0161in\u0101tu maksim\u0101lu iztur\u012bbu un veiktsp\u0113ju. Pagrieziena galda gult\u0146a un \u0161\u016bpoles gredzena gult\u0146a komponenti ir apstr\u0101d\u0101ti ar stingr\u0101m pielaid\u0113m, lai nodro\u0161in\u0101tu perfektu mont\u0101\u017eu un vienm\u0113r\u012bgu darb\u012bbu. Turkl\u0101t gult\u0146i ir izstr\u0101d\u0101ti t\u0101, lai tie b\u016btu iztur\u012bgi pret nodilumu, t\u0101p\u0113c tie ir ide\u0101li piem\u0113roti lielas slodzes darbiem.<\/p>\n<p>Papildus augstas kvalit\u0101tes konstrukcijai m\u016bsu CASE ekskavatoru \u0161\u016bpo\u013cu gult\u0146i ir viegli uzst\u0101d\u0101mi un kopjami. Tie ir izstr\u0101d\u0101ti t\u0101, lai aizst\u0101tu ori\u0123in\u0101l\u0101 apr\u012bkojuma ra\u017eot\u0101ja (OEM) deta\u013cas bez nepiecie\u0161amaj\u0101m modifik\u0101cij\u0101m, padarot uzst\u0101d\u012b\u0161anu vienk\u0101r\u0161u. M\u0113s pied\u0101v\u0101jam ar\u012b virkni rezerves da\u013cu m\u016bsu gult\u0146iem, nodro\u0161inot, ka j\u016bsu ekskavators var\u0113s darboties bez probl\u0113m\u0101m gadiem ilgi.<\/p>\n<p>M\u016bsu ekskavatoru groz\u0101mie gult\u0146i ir b\u016btiska j\u016bsu ekskavatora groz\u0101m\u0101s p\u0101rnesumk\u0101rbas sist\u0113mas sast\u0101vda\u013ca. \u0160\u016bpoles zobrats, kas ir savienots ar \u0161\u016bpoles gultni, nodro\u0161ina ekskavatora rot\u0101ciju. Ar\u012b ekskavatora \u0161\u016bpoles zobrats darbojas kop\u0101 ar \u0161\u016bpoles gultni, lai nodro\u0161in\u0101tu vienm\u0113r\u012bgu un efekt\u012bvu darb\u012bbu.<br \/>\nT\u0101tad m\u016bsu pied\u0101v\u0101tais CASE ekskavatoru \u0161\u016bpo\u013cu gult\u0146u kl\u0101sts ir lieliska izv\u0113le ikvienam, kas mekl\u0113 augstas kvalit\u0101tes, uzticamas un iztur\u012bgas deta\u013cas savam ekskavatoram. M\u016bsu pied\u0101v\u0101tais \u0161\u016bpo\u013cu gult\u0146u kl\u0101sts ir \u012bpa\u0161i izstr\u0101d\u0101ts, lai atbilstu j\u016bsu CASE ekskavatoram un nodro\u0161in\u0101tu vienm\u0113r\u012bgu un efekt\u012bvu darb\u012bbu pat pie liel\u0101m slodz\u0113m. Sazinieties ar mums jau \u0161odien, lai uzzin\u0101tu vair\u0101k par m\u016bsu produktiem un to, k\u0101 m\u0113s varam pal\u012bdz\u0113t jums nodro\u0161in\u0101t j\u016bsu ekskavatora vienm\u0113r\u012bgu darb\u012bbu.<br \/>\nM\u0113s varam nodro\u0161in\u0101t alternat\u012bvu \u0161\u016bpoles gultnis j\u016bsu , CAT, HITACHI, KOMATSU, KOBELCO, HYUNDAI, VOLVO, DOOSAN, DAEWOO, JCB, CASE, SUMITOMO, XCMG .There ir norm\u0101li un nestandarta vair\u0101k nek\u0101 1000 simtiem veidu, lai j\u016bs var\u0113tu izv\u0113l\u0113ties.<\/p>","protected":false},"excerpt":{"rendered":"<p><strong>Da\u013ca<\/strong> #: Kbb0878<br \/>\n<strong>Veiciet<\/strong>: Lieta<br \/>\n<strong>Modelis<\/strong>: Lieta CX240<br \/>\nSt\u0101voklis: Jauns \u0161\u016bpo\u013cu gultnis<br \/>\n<strong>Vair\u0101k<\/strong>:CX290,CX460,CX240B<br \/>\n9050B,CX210C,CX210B<\/p>","protected":false},"featured_media":2353,"template":"","meta":[],"product_brand":[],"product_cat":[22,71],"product_tag":[52],"class_list":{"0":"post-2322","1":"product","2":"type-product","3":"status-publish","4":"has-post-thumbnail","6":"product_cat-swing-bearing","7":"product_cat-case-excavator-swing-bearing","8":"product_tag-swing-bearing","10":"first","11":"instock","12":"shipping-taxable","13":"product-type-simple"},"_links":{"self":[{"href":"https:\/\/swingbearing.net\/lv\/wp-json\/wp\/v2\/product\/2322","targetHints":{"allow":["GET"]}}],"collection":[{"href":"https:\/\/swingbearing.net\/lv\/wp-json\/wp\/v2\/product"}],"about":[{"href":"https:\/\/swingbearing.net\/lv\/wp-json\/wp\/v2\/types\/product"}],"wp:featuredmedia":[{"embeddable":true,"href":"https:\/\/swingbearing.net\/lv\/wp-json\/wp\/v2\/media\/2353"}],"wp:attachment":[{"href":"https:\/\/swingbearing.net\/lv\/wp-json\/wp\/v2\/media?parent=2322"}],"wp:term":[{"taxonomy":"product_brand","embeddable":true,"href":"https:\/\/swingbearing.net\/lv\/wp-json\/wp\/v2\/product_brand?post=2322"},{"taxonomy":"product_cat","embeddable":true,"href":"https:\/\/swingbearing.net\/lv\/wp-json\/wp\/v2\/product_cat?post=2322"},{"taxonomy":"product_tag","embeddable":true,"href":"https:\/\/swingbearing.net\/lv\/wp-json\/wp\/v2\/product_tag?post=2322"}],"curies":[{"name":"wp","href":"https:\/\/api.w.org\/{rel}","templated":true}]}}