{"id":2319,"date":"2024-04-12T06:48:22","date_gmt":"2024-04-12T06:48:22","guid":{"rendered":"https:\/\/swingbearing.net\/?post_type=product&#038;p=2319"},"modified":"2024-08-27T05:48:19","modified_gmt":"2024-08-27T05:48:19","slug":"jcb-swing-bearing","status":"publish","type":"product","link":"https:\/\/swingbearing.net\/lv\/product\/jcb-swing-bearing\/","title":{"rendered":"JCB \u0161\u016bpo\u013cu gultnis"},"content":{"rendered":"<h2 style=\"text-align: center;\">JCB \u0161\u016bpo\u013cu gult\u0146u parametri<\/h2>\n<figure class=\"wp-block-table is-style-stripes has-small-font-size\">\n<table class=\"has-cyan-bluish-gray-background-color has-background\">\n<tbody>\n<tr>\n<td>Modelis<\/td>\n<td>Da\u013cas numurs<\/td>\n<td>\u0100r\u0113jais diametrs<\/td>\n<td>Iek\u0161\u0113jais diametrs<\/td>\n<td>Kop\u0113jais augstums<\/td>\n<td>\u0100r\u0113jais augstums<\/td>\n<td>Iek\u0161\u0113jais augstums<\/td>\n<td>\u0100r\u0113jo caurumu parametri<\/td>\n<td>Iek\u0161\u0113j\u0101 urbuma parametri<\/td>\n<td>Zobu skaits<\/td>\n<\/tr>\n<tr>\n<td>JCB 8060<\/td>\n<td>234\/11000<\/td>\n<td>852<\/td>\n<td>648.5<\/td>\n<td>70<\/td>\n<td>55<\/td>\n<td>60<\/td>\n<td>24<\/td>\n<td>24<\/td>\n<td>109<\/td>\n<\/tr>\n<tr>\n<td>JCB JS130<\/td>\n<td>332\/K8067\uff08New)<\/td>\n<td>1174<\/td>\n<td>972<\/td>\n<td>88<\/td>\n<td>56<\/td>\n<td>78<\/td>\n<td>32-\u042418<\/td>\n<td>36-M16<\/td>\n<td>98<\/td>\n<\/tr>\n<tr>\n<td>JCB JS130<\/td>\n<td>JNB0146\uff08Old\uff09<\/td>\n<td>1174<\/td>\n<td>972<\/td>\n<td>80<\/td>\n<td>56<\/td>\n<td>70<\/td>\n<td>28-\u042418<\/td>\n<td>36-M16<\/td>\n<td>98<\/td>\n<\/tr>\n<tr>\n<td>JCB JS130<\/td>\n<td>JNB0160<\/td>\n<td>1174<\/td>\n<td>972<\/td>\n<td>80<\/td>\n<td>56<\/td>\n<td>70<\/td>\n<td>28-\u042418<\/td>\n<td>36-M16<\/td>\n<td>98<\/td>\n<\/tr>\n<tr>\n<td>JCB160<\/td>\n<td>331\/12091<\/td>\n<td>1330<\/td>\n<td>1093<\/td>\n<td>102<\/td>\n<td>74<\/td>\n<td>92<\/td>\n<td>31-\u042422.5<\/td>\n<td>36-M20<\/td>\n<td>92<\/td>\n<\/tr>\n<tr>\n<td>JCB 205<\/td>\n<td>333\/P7280<\/td>\n<td>1328<\/td>\n<td>1092<\/td>\n<td>102<\/td>\n<td>74<\/td>\n<td>92<\/td>\n<td>31-\u03c622<\/td>\n<td>36-M20<\/td>\n<td>92<\/td>\n<\/tr>\n<tr>\n<td>JS200LC<\/td>\n<td>JRB0017<\/td>\n<td>1328<\/td>\n<td>1092<\/td>\n<td>102<\/td>\n<td>74<\/td>\n<td>92<\/td>\n<td>31-\u042422.5<\/td>\n<td>36-M20<\/td>\n<td>92<\/td>\n<\/tr>\n<tr>\n<td>JCB JS220<\/td>\n<td>JRB0017<\/td>\n<td>1328<\/td>\n<td>1092<\/td>\n<td>102<\/td>\n<td>74<\/td>\n<td>92<\/td>\n<td>31-\u042422.5<\/td>\n<td>36-M20<\/td>\n<td>92<\/td>\n<\/tr>\n<tr>\n<td>JCB JS220<\/td>\n<td>JRB0017<\/td>\n<td>1328<\/td>\n<td>1092<\/td>\n<td>102<\/td>\n<td>74<\/td>\n<td>92<\/td>\n<td>31-\u042422.5<\/td>\n<td>36-M20<\/td>\n<td>92<\/td>\n<\/tr>\n<tr>\n<td>JCB 240<\/td>\n<td>JBB0001<\/td>\n<td>1375<\/td>\n<td>1094<\/td>\n<td>125<\/td>\n<td>80<\/td>\n<td>115<\/td>\n<td>26<\/td>\n<td>36<\/td>\n<td>92<\/td>\n<\/tr>\n<tr>\n<td>JCB JS240<\/td>\n<td>916\/10029<\/td>\n<td>1375<\/td>\n<td>1094<\/td>\n<td>124<\/td>\n<td>80<\/td>\n<td>114<\/td>\n<td>26-\u042426<\/td>\n<td>36-M24<\/td>\n<td>92<\/td>\n<\/tr>\n<tr>\n<td>JCB JS330<\/td>\n<td>JSB0022<\/td>\n<td>1509<\/td>\n<td>1192<\/td>\n<td>135<\/td>\n<td>100<\/td>\n<td>125<\/td>\n<td>38-\u03c626<\/td>\n<td>43-M24<\/td>\n<td>86<\/td>\n<\/tr>\n<tr>\n<td>JCB 360<\/td>\n<td>JSB0022<\/td>\n<td>1510<\/td>\n<td>1193<\/td>\n<td>135<\/td>\n<td>101<\/td>\n<td>125<\/td>\n<td>38-\u03c626<\/td>\n<td>30-M22<\/td>\n<td>86<\/td>\n<\/tr>\n<\/tbody>\n<\/table>\n<\/figure>\n<p>Groz\u0101mie gult\u0146i ir b\u016btiskas ekskavatora konstrukcijas sast\u0101vda\u013cas, kas \u013cauj tam griezties ap savu asi. \u0160iem gult\u0146iem j\u0101b\u016bt iztur\u012bgiem un kvalitat\u012bviem, lai tie iztur\u0113tu skarbos apst\u0101k\u013cus un darba slodzi b\u016bvlaukumos. JCB ekskavatoru \u0161\u016bpo\u013cu gult\u0146i ir lieliska izv\u0113le tiem, kas mekl\u0113 uzticamus, iztur\u012bgus un augstas veiktsp\u0113jas produktus.<\/p>\n<p>\u0160\u016bpo\u013cu gult\u0146us da\u017ek\u0101rt d\u0113v\u0113 ar\u012b par ekskavatoru \u0161\u016bpo\u013cu gult\u0146iem vai \u0161\u016bpo\u013cu gredzenu gult\u0146iem, pagrieziena gult\u0146iem un ekskavatoru \u0161\u016bpo\u013cu gredzeniem, k\u0101 ar\u012b citiem nosaukumiem. Tom\u0113r tiem visiem ir viena un t\u0101 pati funkcija: nodro\u0161in\u0101t vienm\u0113r\u012bgu un stabilu ekskavatora aug\u0161\u0113j\u0101s konstrukcijas rot\u0101ciju.<\/p>\n<p>Ekskavatora \u0161\u016bpoles gultnis ir viena no svar\u012bg\u0101kaj\u0101m ma\u0161\u012bnas da\u013c\u0101m, un, lai nodro\u0161in\u0101tu optim\u0101lu darb\u012bbu, tam j\u0101b\u016bt iztur\u012bgam un uzticamam. JCB ekskavatoru \u0161\u016bpoles gult\u0146i ir izgatavoti no augstas kvalit\u0101tes materi\u0101liem, un ra\u017eo\u0161anas proces\u0101 tiek iev\u0113roti stingri kvalit\u0101tes kontroles pas\u0101kumi, lai nodro\u0161in\u0101tu izcilu veiktsp\u0113ju, uzticam\u012bbu un iztur\u012bbu. \u0160ie gult\u0146i sp\u0113j iztur\u0113t lielas slodzes un darboties skarbos vides apst\u0101k\u013cos, nodro\u0161inot ekskavatora rot\u0101cijas sist\u0113mas ilgm\u016b\u017e\u012bbu.<\/p>\n<p>JCB ekskavatoru \u0161\u016bpo\u013cu gult\u0146i ir viegli uzst\u0101d\u0101mi un prasa minim\u0101lu apkopi. \u0160ie gult\u0146i ir izstr\u0101d\u0101ti, lai samazin\u0101tu d\u012bkst\u0101ves laiku un palielin\u0101tu produktivit\u0101ti, nodro\u0161inot lielisku ieguld\u012bjumu atdevi. Nodro\u0161inot, ka ekskavatora aug\u0161\u0113j\u0101 konstrukcija rot\u0113 vienm\u0113r\u012bgi un dro\u0161i, JCB ekskavatoru \u0161\u016bpo\u013cu gult\u0146i pal\u012bdz operatoriem pabeigt projektus laik\u0101 un bud\u017eeta ietvaros.<\/p>\n<p>JCB ekskavatoru \u0161\u016bpo\u013cu gult\u0146i ir lieliska izv\u0113le tiem, kas mekl\u0113 augstas veiktsp\u0113jas, iztur\u012bgus un uzticamus produktus. Tie ir pieejami da\u017e\u0101diem mode\u013ciem, tostarp JCB8045, JCB8055, JCB8056, JCB8060, JCB8061, JCB8065, JS130, JS140, JS200, JS210, JS220, JCB70, JCB360 un JS205. \u0160os gult\u0146us ir viegli uzst\u0101d\u012bt, tiem nepiecie\u0161ama minim\u0101la apkope, un tie ir izgatavoti t\u0101, lai iztur\u0113tu lielas slodzes un skarbus vides apst\u0101k\u013cus, nodro\u0161inot ekskavatora rot\u0101cijas sist\u0113mas ilgm\u016b\u017e\u012bbu. Izmantojot JCB ekskavatoru groz\u0101mos gult\u0146us, varat b\u016bt dro\u0161i, ka j\u016bsu ekskavators darbosies optim\u0101li, palielinot produktivit\u0101ti un nodro\u0161inot stabilu ieguld\u012bjumu atdevi.<\/p>","protected":false},"excerpt":{"rendered":"<p><strong>Da\u013ca<\/strong> #: JSB0022<br \/>\n<strong>Veiciet<\/strong>: JCB<br \/>\n<strong>Modelis<\/strong>: JCB 36<br \/>\n<strong>St\u0101voklis<\/strong>: Jauns \u0161\u016bpo\u013cu gultnis<br \/>\n<strong>Vair\u0101k<\/strong>:JCB8045,JCB8055,8056<br \/>\nJCB8061,JCB360,JS330,JS240<\/p>","protected":false},"featured_media":2336,"template":"","meta":[],"product_brand":[],"product_cat":[22,70],"product_tag":[52],"class_list":{"0":"post-2319","1":"product","2":"type-product","3":"status-publish","4":"has-post-thumbnail","6":"product_cat-swing-bearing","7":"product_cat-jcb-excavator-swing-bearing","8":"product_tag-swing-bearing","10":"first","11":"instock","12":"shipping-taxable","13":"product-type-simple"},"_links":{"self":[{"href":"https:\/\/swingbearing.net\/lv\/wp-json\/wp\/v2\/product\/2319","targetHints":{"allow":["GET"]}}],"collection":[{"href":"https:\/\/swingbearing.net\/lv\/wp-json\/wp\/v2\/product"}],"about":[{"href":"https:\/\/swingbearing.net\/lv\/wp-json\/wp\/v2\/types\/product"}],"wp:featuredmedia":[{"embeddable":true,"href":"https:\/\/swingbearing.net\/lv\/wp-json\/wp\/v2\/media\/2336"}],"wp:attachment":[{"href":"https:\/\/swingbearing.net\/lv\/wp-json\/wp\/v2\/media?parent=2319"}],"wp:term":[{"taxonomy":"product_brand","embeddable":true,"href":"https:\/\/swingbearing.net\/lv\/wp-json\/wp\/v2\/product_brand?post=2319"},{"taxonomy":"product_cat","embeddable":true,"href":"https:\/\/swingbearing.net\/lv\/wp-json\/wp\/v2\/product_cat?post=2319"},{"taxonomy":"product_tag","embeddable":true,"href":"https:\/\/swingbearing.net\/lv\/wp-json\/wp\/v2\/product_tag?post=2319"}],"curies":[{"name":"wp","href":"https:\/\/api.w.org\/{rel}","templated":true}]}}