{"id":2313,"date":"2024-04-12T05:54:50","date_gmt":"2024-04-12T05:54:50","guid":{"rendered":"https:\/\/swingbearing.net\/?post_type=product&#038;p=2313"},"modified":"2024-05-15T06:35:42","modified_gmt":"2024-05-15T06:35:42","slug":"swing-bearing-komatsu-2","status":"publish","type":"product","link":"https:\/\/swingbearing.net\/lv\/product\/swing-bearing-komatsu-2\/","title":{"rendered":"KOMATSU \u0161\u016bpo\u013cu gultnis"},"content":{"rendered":"<figure class=\"wp-block-table has-small-font-size\">\n<h2 style=\"text-align: center;\">KOMATSU \u0161\u016bpo\u013cu gult\u0146u parametri<\/h2>\n<table>\n<tbody>\n<tr>\n<td>Modelis<\/td>\n<td>Da\u013cas numurs<\/td>\n<td>\u0100r\u0113jais diametrs<\/td>\n<td>Iek\u0161\u0113jais diametrs<\/td>\n<td>Kop\u0113jais augstums<\/td>\n<td>\u0100r\u0113jais augstums<\/td>\n<td>Iek\u0161\u0113jais augstums<\/td>\n<td>\u0100r\u0113jo caurumu parametri<\/td>\n<td>Iek\u0161\u0113j\u0101 urbuma parametri<\/td>\n<td>Zobu skaits<\/td>\n<\/tr>\n<tr>\n<td>PC75UU-2<\/td>\n<td>201-25-61100<\/td>\n<td>806<\/td>\n<td>594<\/td>\n<td>74<\/td>\n<td>59<\/td>\n<td>61<\/td>\n<td>24-\u03c618<\/td>\n<td>24-\u03c618<\/td>\n<td>76<\/td>\n<\/tr>\n<tr>\n<td>PC100-6<\/td>\n<td>203-25-62100<\/td>\n<td>1105.5<\/td>\n<td>883.5<\/td>\n<td>75<\/td>\n<td>65<\/td>\n<td>65<\/td>\n<td>34-\u03c618<\/td>\n<td>38-M16<\/td>\n<td>90<\/td>\n<\/tr>\n<tr>\n<td>PC110R<\/td>\n<td>206-25-11100<\/td>\n<td>1106<\/td>\n<td>884<\/td>\n<td>75<\/td>\n<td>65<\/td>\n<td>64<\/td>\n<td>34-\u03c618<\/td>\n<td>36-M16<\/td>\n<td>90<\/td>\n<\/tr>\n<tr>\n<td>PC120-6<\/td>\n<td>203-25-62100<\/td>\n<td>1105.5<\/td>\n<td>883.5<\/td>\n<td>75<\/td>\n<td>65<\/td>\n<td>65<\/td>\n<td>34-\u03c618<\/td>\n<td>38-M16<\/td>\n<td>90<\/td>\n<\/tr>\n<tr>\n<td>PC130-7<\/td>\n<td>SAA4D95L<\/td>\n<td>1106<\/td>\n<td>884<\/td>\n<td>75<\/td>\n<td>65<\/td>\n<td>64<\/td>\n<td>34-\u042418<\/td>\n<td>38-M16<\/td>\n<td>110<\/td>\n<\/tr>\n<tr>\n<td>PC150LCK-6<\/td>\n<td>21P-25-K1100<\/td>\n<td>1188<\/td>\n<td>923<\/td>\n<td>83<\/td>\n<td>73<\/td>\n<td>67<\/td>\n<td>26-\u03a622<\/td>\n<td>30-\u042422<\/td>\n<td>94<\/td>\n<\/tr>\n<tr>\n<td>PC160-6K<\/td>\n<td>21P-25-K1100<\/td>\n<td>1188<\/td>\n<td>923<\/td>\n<td>83<\/td>\n<td>73<\/td>\n<td>67<\/td>\n<td>26-\u03a622<\/td>\n<td>30-\u042422<\/td>\n<td>94<\/td>\n<\/tr>\n<tr>\n<td>PC160-7<\/td>\n<td>21K-25-00101<\/td>\n<td>1224<\/td>\n<td>973<\/td>\n<td>82<\/td>\n<td>67<\/td>\n<td>74<\/td>\n<td>32-\u03c624<\/td>\n<td>36-M20<\/td>\n<td>99<\/td>\n<\/tr>\n<tr>\n<td>PC200<\/td>\n<td>205-25-00015<\/td>\n<td>1242<\/td>\n<td>916<\/td>\n<td>100<\/td>\n<td>90<\/td>\n<td>90<\/td>\n<td>22<\/td>\n<td>36<\/td>\n<td>78<\/td>\n<\/tr>\n<tr>\n<td>PC210NlC-7K<\/td>\n<td>20Y-25-00301<\/td>\n<td>1323<\/td>\n<td>1074<\/td>\n<td>112<\/td>\n<td>78<\/td>\n<td>102<\/td>\n<td>33-\u042424<\/td>\n<td>36-M22<\/td>\n<td>92<\/td>\n<\/tr>\n<tr>\n<td>PC200-5<\/td>\n<td>20Y-25-11103<\/td>\n<td>1303<\/td>\n<td>1083.5<\/td>\n<td>109<\/td>\n<td>86<\/td>\n<td>90<\/td>\n<td>26-M24<\/td>\n<td>36-M20<\/td>\n<td>110<\/td>\n<\/tr>\n<tr>\n<td>PC200-8<\/td>\n<td>206-25-00200<\/td>\n<td>1321<\/td>\n<td>1077<\/td>\n<td>100<\/td>\n<td>77<\/td>\n<td>90<\/td>\n<td>32-\u042424<\/td>\n<td>36-M20<\/td>\n<td>96<\/td>\n<\/tr>\n<tr>\n<td>PC200-6<\/td>\n<td>20Y-25-20200<\/td>\n<td>1322<\/td>\n<td>1083<\/td>\n<td>100<\/td>\n<td>77<\/td>\n<td>90<\/td>\n<td>32-\u042424<\/td>\n<td>36-M20<\/td>\n<td>110<\/td>\n<\/tr>\n<tr>\n<td>PC200-6Z<\/td>\n<td>20Y-25-22200<\/td>\n<td>1322<\/td>\n<td>1083.5<\/td>\n<td>99<\/td>\n<td>76<\/td>\n<td>90<\/td>\n<td>32-\u03c624<\/td>\n<td>36-M20<\/td>\n<td>110<\/td>\n<\/tr>\n<tr>\n<td>PC200-6<\/td>\n<td>S6D102-1<\/td>\n<td>1323<\/td>\n<td>1083<\/td>\n<td>100<\/td>\n<td>77<\/td>\n<td>90<\/td>\n<td>32-\u042426<\/td>\n<td>32-M20<\/td>\n<td>92<\/td>\n<\/tr>\n<tr>\n<td>PC200-7<\/td>\n<td>20Y-25-21200<\/td>\n<td>1322<\/td>\n<td>1083.5<\/td>\n<td>99<\/td>\n<td>76<\/td>\n<td>90<\/td>\n<td>32-\u03c624<\/td>\n<td>36-M20<\/td>\n<td>110<\/td>\n<\/tr>\n<tr>\n<td>PC220-7<\/td>\n<td>120Y-25-21300<\/td>\n<td>1322<\/td>\n<td>1082<\/td>\n<td>100<\/td>\n<td>76<\/td>\n<td>90<\/td>\n<td>32-\u03c624<\/td>\n<td>36-M20<\/td>\n<td>110<\/td>\n<\/tr>\n<tr>\n<td>PC200LC-7<\/td>\n<td>20Y-25-21200<\/td>\n<td>1323<\/td>\n<td>1083<\/td>\n<td>100<\/td>\n<td>77<\/td>\n<td>90<\/td>\n<td>32-\u042426<\/td>\n<td>36-M20<\/td>\n<td>110<\/td>\n<\/tr>\n<tr>\n<td>PC220<\/td>\n<td>205-25-00022<\/td>\n<td>1302<\/td>\n<td>1083<\/td>\n<td>104<\/td>\n<td>82<\/td>\n<td>90<\/td>\n<td>26<\/td>\n<td>36<\/td>\n<td>110<\/td>\n<\/tr>\n<tr>\n<td>PC220LC-6LE<\/td>\n<td>20Y-25-A1101<\/td>\n<td>1322<\/td>\n<td>1082<\/td>\n<td>100<\/td>\n<td>76<\/td>\n<td>90<\/td>\n<td>32-\u042426<\/td>\n<td>36-M22<\/td>\n<td>110<\/td>\n<\/tr>\n<tr>\n<td>PC220-6<\/td>\n<td>20Y-25-21200<\/td>\n<td>1323<\/td>\n<td>1083<\/td>\n<td>100<\/td>\n<td>77<\/td>\n<td>90<\/td>\n<td>32-\u042426<\/td>\n<td>36-M20<\/td>\n<td>110<\/td>\n<\/tr>\n<tr>\n<td>PC220-6<\/td>\n<td>20Y-25-21100<\/td>\n<td>1323<\/td>\n<td>1083<\/td>\n<td>100<\/td>\n<td>77<\/td>\n<td>90<\/td>\n<td>32-\u042426<\/td>\n<td>36-M20<\/td>\n<td>110<\/td>\n<\/tr>\n<tr>\n<td>PC220-7<\/td>\n<td>206-25-00301<\/td>\n<td>1323<\/td>\n<td>1074<\/td>\n<td>112<\/td>\n<td>78<\/td>\n<td>102<\/td>\n<td>32-\u042424<\/td>\n<td>36-M22<\/td>\n<td>92<\/td>\n<\/tr>\n<tr>\n<td>PC220-8<\/td>\n<td>206-25-00320<\/td>\n<td>1321<\/td>\n<td>1077<\/td>\n<td>100<\/td>\n<td>77<\/td>\n<td>90<\/td>\n<td>32-\u03c624<\/td>\n<td>36-M20<\/td>\n<td>96<\/td>\n<\/tr>\n<tr>\n<td>PC220LC-8<\/td>\n<td>206-25-00301<\/td>\n<td>1323<\/td>\n<td>1072<\/td>\n<td>112<\/td>\n<td>77<\/td>\n<td>102<\/td>\n<td>32-\u042424<\/td>\n<td>36-M22<\/td>\n<td>92<\/td>\n<\/tr>\n<tr>\n<td>PC228US-3<\/td>\n<td>22U-25-00201<\/td>\n<td>1322<\/td>\n<td>1082<\/td>\n<td>100<\/td>\n<td>76<\/td>\n<td>90<\/td>\n<td>32-\u042426<\/td>\n<td>36-M20<\/td>\n<td>110<\/td>\n<\/tr>\n<tr>\n<td>PC228<\/td>\n<td>22U-25-00210<\/td>\n<td>1322<\/td>\n<td>1082<\/td>\n<td>100<\/td>\n<td>76<\/td>\n<td>90<\/td>\n<td>32-\u042426<\/td>\n<td>36-M20<\/td>\n<td>110<\/td>\n<\/tr>\n<tr>\n<td>PC228<\/td>\n<td>22U-25-00220<\/td>\n<td>1322<\/td>\n<td>1082<\/td>\n<td>100<\/td>\n<td>76<\/td>\n<td>90<\/td>\n<td>32-\u042426<\/td>\n<td>36-M20<\/td>\n<td>110<\/td>\n<\/tr>\n<tr>\n<td>PC240-3<\/td>\n<td>205-25-00023<\/td>\n<td>1303<\/td>\n<td>1084<\/td>\n<td>104<\/td>\n<td>83<\/td>\n<td>90<\/td>\n<td>26<\/td>\n<td>36<\/td>\n<td>110<\/td>\n<\/tr>\n<tr>\n<td>PC240-7<\/td>\n<td>206-25-00301<\/td>\n<td>1323<\/td>\n<td>1072<\/td>\n<td>112<\/td>\n<td>77<\/td>\n<td>102<\/td>\n<td>32<\/td>\n<td>36<\/td>\n<td>92<\/td>\n<\/tr>\n<tr>\n<td>PC300-6<\/td>\n<td>207-25-61100<\/td>\n<td>1532<\/td>\n<td>1235<\/td>\n<td>125<\/td>\n<td>95<\/td>\n<td>113<\/td>\n<td>35-\u03c626<\/td>\n<td>40-M24<\/td>\n<td>90<\/td>\n<\/tr>\n<tr>\n<td>PC300-7<\/td>\n<td>207-25-61100<\/td>\n<td>1532<\/td>\n<td>1235<\/td>\n<td>125<\/td>\n<td>95<\/td>\n<td>113<\/td>\n<td>35-\u03c626<\/td>\n<td>40-M24<\/td>\n<td>90<\/td>\n<\/tr>\n<tr>\n<td>PC300-7<\/td>\n<td>207-25-61700<\/td>\n<td>1532<\/td>\n<td>1235<\/td>\n<td>125<\/td>\n<td>95<\/td>\n<td>113<\/td>\n<td>35-\u03c626<\/td>\n<td>40-M24<\/td>\n<td>90<\/td>\n<\/tr>\n<tr>\n<td>PC300LC-5<\/td>\n<td>207-25-51100<\/td>\n<td>1532<\/td>\n<td>1235<\/td>\n<td>125<\/td>\n<td>95<\/td>\n<td>113<\/td>\n<td>35-M24<\/td>\n<td>40-M24<\/td>\n<td>90<\/td>\n<\/tr>\n<tr>\n<td>PC300LC-6<\/td>\n<td>207-25-61100<\/td>\n<td>1532<\/td>\n<td>1235<\/td>\n<td>125<\/td>\n<td>95<\/td>\n<td>113<\/td>\n<td>35-\u03c626<\/td>\n<td>40-M24<\/td>\n<td>90<\/td>\n<\/tr>\n<tr>\n<td>PC300LC-7<\/td>\n<td>207-25-61100<\/td>\n<td>1532<\/td>\n<td>1235<\/td>\n<td>125<\/td>\n<td>95<\/td>\n<td>113<\/td>\n<td>35-\u03c626<\/td>\n<td>40-M24<\/td>\n<td>90<\/td>\n<\/tr>\n<tr>\n<td>PC300-8<\/td>\n<td>207-25-61100<\/td>\n<td>1532<\/td>\n<td>1235<\/td>\n<td>124<\/td>\n<td>95<\/td>\n<td>113<\/td>\n<td>35<\/td>\n<td>40<\/td>\n<td>90<\/td>\n<\/tr>\n<tr>\n<td>PC300-8<\/td>\n<td>207-25-00121<\/td>\n<td>1532<\/td>\n<td>1235<\/td>\n<td>124<\/td>\n<td>95<\/td>\n<td>113<\/td>\n<td>35-\u03c626<\/td>\n<td>40-M24*3<\/td>\n<td>90<\/td>\n<\/tr>\n<tr>\n<td>PC340<\/td>\n<td>207-25-61200<\/td>\n<td>1532<\/td>\n<td>1235<\/td>\n<td>124<\/td>\n<td>95<\/td>\n<td>113<\/td>\n<td>35-\u03c626<\/td>\n<td>40-M24*3<\/td>\n<td>90<\/td>\n<\/tr>\n<tr>\n<td>PC380LC-6K<\/td>\n<td>207-25-61200<\/td>\n<td>1532<\/td>\n<td>1235<\/td>\n<td>124<\/td>\n<td>95<\/td>\n<td>113<\/td>\n<td>35-\u03c626<\/td>\n<td>40-M24*3<\/td>\n<td>90<\/td>\n<\/tr>\n<tr>\n<td>PC400-7<\/td>\n<td>208-25-61100<\/td>\n<td>1563<\/td>\n<td>1240<\/td>\n<td>152<\/td>\n<td>108<\/td>\n<td>140<\/td>\n<td>35-\u042429<\/td>\n<td>40-M24<\/td>\n<td>84<\/td>\n<\/tr>\n<tr>\n<td>PC400LC-5<\/td>\n<td>208-25-52100<\/td>\n<td>1563<\/td>\n<td>1238<\/td>\n<td>152<\/td>\n<td>108<\/td>\n<td>140<\/td>\n<td>35-\u042429<\/td>\n<td>40-M24<\/td>\n<td>84<\/td>\n<\/tr>\n<tr>\n<td>PC400LC-5<\/td>\n<td>208-25-52101<\/td>\n<td>1563<\/td>\n<td>1238<\/td>\n<td>152<\/td>\n<td>108<\/td>\n<td>140<\/td>\n<td>35-\u042429<\/td>\n<td>40-M24<\/td>\n<td>84<\/td>\n<\/tr>\n<tr>\n<td>PC400LC-5<\/td>\n<td>208-25-A2100<\/td>\n<td>1563<\/td>\n<td>1238<\/td>\n<td>152<\/td>\n<td>108<\/td>\n<td>140<\/td>\n<td>35-\u042429<\/td>\n<td>40-M24<\/td>\n<td>84<\/td>\n<\/tr>\n<tr>\n<td>PC400LC-6<\/td>\n<td>208-25-61100<\/td>\n<td>1563<\/td>\n<td>1238<\/td>\n<td>152<\/td>\n<td>108<\/td>\n<td>140<\/td>\n<td>35-\u042429<\/td>\n<td>40-M24<\/td>\n<td>84<\/td>\n<\/tr>\n<tr>\n<td>PC400<\/td>\n<td>208-25-61100<\/td>\n<td>1563<\/td>\n<td>1240<\/td>\n<td>152<\/td>\n<td>108<\/td>\n<td>140<\/td>\n<td>35-\u03c629<\/td>\n<td>40-M24<\/td>\n<td>84<\/td>\n<\/tr>\n<tr>\n<td>PC450-7<\/td>\n<td>208-25-61100<\/td>\n<td>1563<\/td>\n<td>1240<\/td>\n<td>152<\/td>\n<td>108<\/td>\n<td>140<\/td>\n<td>35-\u03c629<\/td>\n<td>40-M24<\/td>\n<td>84<\/td>\n<\/tr>\n<tr>\n<td>PC600-7<\/td>\n<td>21M-25-11100<\/td>\n<td>1794<\/td>\n<td>1380<\/td>\n<td>190<\/td>\n<td>138<\/td>\n<td>160<\/td>\n<td>35-\u042433<\/td>\n<td>44-\u042429<\/td>\n<td>100<\/td>\n<\/tr>\n<tr>\n<td>pc600-7<\/td>\n<td>21M-25-11102<\/td>\n<td>1794<\/td>\n<td>1380<\/td>\n<td>190<\/td>\n<td>138<\/td>\n<td>160<\/td>\n<td>35-\u042433<\/td>\n<td>44-\u042429<\/td>\n<td>100<\/td>\n<\/tr>\n<tr>\n<td>PC600LC-6<\/td>\n<td>21M-25-11100<\/td>\n<td>1794<\/td>\n<td>1380<\/td>\n<td>190<\/td>\n<td>138<\/td>\n<td>160<\/td>\n<td>35-\u042433<\/td>\n<td>44-\u042429<\/td>\n<td>92<\/td>\n<\/tr>\n<tr>\n<td>PC600LC-8<\/td>\n<td>21M-25-11101<\/td>\n<td>1794<\/td>\n<td>1380<\/td>\n<td>190<\/td>\n<td>138<\/td>\n<td>160<\/td>\n<td>35-\u042433<\/td>\n<td>44-\u042429<\/td>\n<td>100<\/td>\n<\/tr>\n<tr>\n<td>PC800LC-8<\/td>\n<td>209-25-00102<\/td>\n<td>1980<\/td>\n<td>1540<\/td>\n<td>205<\/td>\n<td>153<\/td>\n<td>173<\/td>\n<td>44<\/td>\n<td>48<\/td>\n<td>112<\/td>\n<\/tr>\n<tr>\n<td>PC1250<\/td>\n<td>21N-25-00201<\/td>\n<td>2440<\/td>\n<td>1955<\/td>\n<td>238<\/td>\n<td>168<\/td>\n<td>200<\/td>\n<td>56<\/td>\n<td>60<\/td>\n<td>132<\/td>\n<\/tr>\n<\/tbody>\n<\/table>\n<\/figure>\n<h2>Ekskavatora \u0161\u016bpo\u013cu gultnis: K\u0101p\u0113c ir svar\u012bgi izv\u0113l\u0113ties pareizo gultni?<\/h2>\n<p>Kad runa ir par ekskavatoru tehniku, pareizo deta\u013cu izv\u0113les noz\u012bme ir nep\u0101rsp\u012bl\u0113ta. Ekskavatori ir atkar\u012bgi no to groz\u0101majiem gredzeniem, lai pagrieztu ma\u0161\u012bnas kab\u012bni un str\u0113li, t\u0101p\u0113c tie ir \u013coti svar\u012bgs komponents, kas nodro\u0161ina vienm\u0113r\u012bgu ma\u0161\u012bnas darb\u012bbu.<br \/>\nKomatsu ekskavatoru groz\u0101mie gredzeni ir paz\u012bstami ar savu kvalit\u0101ti un iztur\u012bbu, t\u0101p\u0113c tie ir popul\u0101ra izv\u0113le ekskavatoru \u012bpa\u0161nieku un operatoru vid\u016b. Ar pla\u0161u sader\u012bgu mode\u013cu kl\u0101stu, tostarp PC30, PC45, PC50, PC55, PC56, PC60-5-6-7, PC60-8, PC70-8, PC78, PC100-3, PC120-6, PC130-7, PC150, PC160, PC200-7\/8, PC220, PC228, PC270, PC240, PC300-6\/7, PC360, PC400-6\/7\/8, PC450-6, PC600-6, PC650-3, PC650, PC800, PC1000, PC1200 un PC1250, Komatsu ekskavatoru \u0161\u016bpo\u013cu gult\u0146i ir piem\u0113roti vis\u0101m vajadz\u012bb\u0101m.<\/p>\n<figure class=\"wp-block-table is-style-stripes has-small-font-size\">\u0160\u016bpoles gultnis, kas paz\u012bstams ar\u012b k\u0101 \u0161\u016bpoles gredzena gultnis vai groz\u0101m\u0101 galda gultnis, nodro\u0161ina ekskavatora rot\u0101ciju 360 gr\u0101du le\u0146\u0137\u012b uz t\u0101 pamatnes. Tas \u013cauj operatoram sasniegt sare\u017e\u0123\u012btus le\u0146\u0137us un poz\u012bcijas, padarot to par \u013coti svar\u012bgu ma\u0161\u012bnas da\u013cu.<br \/>\nKomatsu ekskavatoru da\u013cu \u0161\u016bpoles gultnis ir izgatavots no augstas kvalit\u0101tes materi\u0101liem, tostarp r\u016bd\u012bta t\u0113rauda, lai nodro\u0161in\u0101tu t\u0101 ilgm\u016b\u017e\u012bbu un iztur\u012bbu. Tas ir izstr\u0101d\u0101ts t\u0101, lai iztur\u0113tu intens\u012bvas lieto\u0161anas apst\u0101k\u013cus, tostarp skarbus vides apst\u0101k\u013cus un lielas slodzes. Ar pien\u0101c\u012bgu apkopi Komatsu ekskavatoru groz\u0101mie gredzeni var kalpot gadiem ilgi, padarot tos par sapr\u0101t\u012bgu invest\u012bciju ikvienam ekskavatora \u012bpa\u0161niekam.<\/figure>\n<figure class=\"wp-block-table is-style-stripes has-small-font-size\">Papildus \u0161\u016bpoles gredzenam Komatsu ekskavatora groz\u0101mo gult\u0146u un<a href=\"https:\/\/swingbearing.net\/lv\/slewing-gear\/\"> ekskavatora groz\u0101m\u0101 p\u0101rnesumk\u0101rba<\/a> ir ar\u012b b\u016btiskas ekskavatora darb\u012bbas sast\u0101vda\u013cas. \u0160\u012bs deta\u013cas darbojas kop\u0101, lai nodro\u0161in\u0101tu vienm\u0113r\u012bgu rot\u0101ciju un kust\u012bbu, \u013caujot efekt\u012bvi un lietder\u012bgi izmantot ma\u0161\u012bnu.Ja jums ir nepiecie\u0161ams \u0161\u016bpoles gultnis j\u016bsu ekskavatoram, Komatsu ekskavatora \u0161\u016bpo\u013cu gult\u0146a izv\u0113le ir gudra izv\u0113le. Pateicoties to kvalit\u0101tei un iztur\u012bbai, varat b\u016bt dro\u0161i, ka j\u016bsu ma\u0161\u012bna darbosies vienm\u0113r\u012bgi un efekt\u012bvi pat vissare\u017e\u0123\u012bt\u0101kajos apst\u0101k\u013cos.<br \/>\nT\u0101di mode\u013ci k\u0101 PC200-5, PC210-5K, PC220-5, PC200-6(S6D95), PC210-6(S6D95), PC220-6(S6D95), PC230-6(S6D95), PC200-6(S6D102), PC210-6(S6D102), PC220-6(S6D102), PC230-6(S6D102), PC200-7(S6D102), PC200-7, PC18, PC50-7, PC56, PC60-1, PC60-5, PC60-6, PC60-7, PC60-6, PC70-6, PC70-8, PC60-7, PC70-7, PC100-5, PC120-5, PC100-6(S4D95), PC120-6(S4D95), PC130-6(S4D95), PC130-7(S4D95), PC100-6(4D102), PC110-7(4D102), PC120-6(4D102) un PC130-6(4D102) ir tikai da\u017ei ekskavatoru mode\u013ci, kas ir sader\u012bgi ar Komatsu.<a href=\"https:\/\/national-bearing.com\/\" target=\"_blank\" rel=\"noopener\"> ekskavatoru groz\u0101mie gult\u0146i<\/a>.<\/figure>","protected":false},"excerpt":{"rendered":"<p><strong class=\"type\"># da\u013ca:<\/strong> 20Y-25-00301<br \/>\n<strong class=\"type\">Marka:<\/strong> \u00a0Komatsu<br \/>\n<strong class=\"type\">Modelis:<\/strong> PC210-7K<br \/>\n<strong class=\"type\">St\u0101voklis:<\/strong> Jauns <span style=\"color: #000000;\">\u0160\u016bpo\u013cu gultnis<\/span><br \/>\n<strong>Vair\u0101k<\/strong> :PC1250,PC750-6,PC200<br \/>\nPC1000,PC800LC-8,PC228<\/p>","protected":false},"featured_media":2337,"template":"","meta":[],"product_brand":[],"product_cat":[22,64],"product_tag":[52],"class_list":{"0":"post-2313","1":"product","2":"type-product","3":"status-publish","4":"has-post-thumbnail","6":"product_cat-swing-bearing","7":"product_cat-komatsu-excavator-swing-bearing","8":"product_tag-swing-bearing","10":"first","11":"instock","12":"shipping-taxable","13":"product-type-simple"},"_links":{"self":[{"href":"https:\/\/swingbearing.net\/lv\/wp-json\/wp\/v2\/product\/2313","targetHints":{"allow":["GET"]}}],"collection":[{"href":"https:\/\/swingbearing.net\/lv\/wp-json\/wp\/v2\/product"}],"about":[{"href":"https:\/\/swingbearing.net\/lv\/wp-json\/wp\/v2\/types\/product"}],"wp:featuredmedia":[{"embeddable":true,"href":"https:\/\/swingbearing.net\/lv\/wp-json\/wp\/v2\/media\/2337"}],"wp:attachment":[{"href":"https:\/\/swingbearing.net\/lv\/wp-json\/wp\/v2\/media?parent=2313"}],"wp:term":[{"taxonomy":"product_brand","embeddable":true,"href":"https:\/\/swingbearing.net\/lv\/wp-json\/wp\/v2\/product_brand?post=2313"},{"taxonomy":"product_cat","embeddable":true,"href":"https:\/\/swingbearing.net\/lv\/wp-json\/wp\/v2\/product_cat?post=2313"},{"taxonomy":"product_tag","embeddable":true,"href":"https:\/\/swingbearing.net\/lv\/wp-json\/wp\/v2\/product_tag?post=2313"}],"curies":[{"name":"wp","href":"https:\/\/api.w.org\/{rel}","templated":true}]}}