{"id":2085,"date":"2024-03-11T03:42:38","date_gmt":"2024-03-11T03:42:38","guid":{"rendered":"https:\/\/swingbearing.net\/?post_type=product&#038;p=2085"},"modified":"2024-03-11T04:56:23","modified_gmt":"2024-03-11T04:56:23","slug":"travel-motor-ec200","status":"publish","type":"product","link":"https:\/\/swingbearing.net\/lv\/product\/travel-motor-ec200\/","title":{"rendered":"Ce\u013cot\u0101jekskavators Ec350d Ec750 EC 200\/200B 14528732 Gala piedzi\u0146a"},"content":{"rendered":"<h4>M\u0113s varam pied\u0101v\u0101t pla\u0161u ekskavatoru kust\u012bbas motoru\/gal\u012bg\u0101s piedzi\u0146as agreg\u0101tu\/kust\u012bbas reduktoru kl\u0101stu.<\/h4>\n<p>Braucamais motors (gala piedzi\u0146a) ir meh\u0101niska ier\u012bce, ko galvenok\u0101rt izmanto, lai darbin\u0101tu vai darbin\u0101tu elektrisk\u0101s ier\u012bces, piem\u0113ram, robotus, motorollerus un elektriskos velosip\u0113dus. T\u0101 darb\u012bbas pamatprincips ir elektromagn\u0113tisk\u0101s indukcijas principa izmanto\u0161ana rot\u0101cijas griezes momenta rad\u012b\u0161anai un p\u0113c tam \u0101truma samazin\u0101\u0161ana, izmantojot iek\u0161\u0113jo reduktora ier\u012bci, lai darbin\u0101tu \u0101r\u0113jos rite\u0146us vai \u0137\u0113des kust\u012bbai. Struktur\u0101li kust\u012bbas motoru parasti veido \u0101trgaitas hidrauliskais motors, bremzes, planet\u0101rais reduktors, v\u0101rstu grupa u. c., un tam ir izmantota augstas nestsp\u0113jas konusveida rull\u012b\u0161u gult\u0146u konstrukcija, lai iztur\u0113tu aksi\u0101los un radi\u0101los sp\u0113kus, ko ekskavators rada darb\u012bbas un pagrie\u0161an\u0101s laik\u0101.<br \/>\nM\u016bsu pieredz\u0113ju\u0161ajai p\u0101rdo\u0161anas komandai ir pla\u0161as zin\u0101\u0161anas un pieredze par ce\u013cojumu gal\u012bgo piedzi\u0146u, lai nodro\u0161in\u0101tu, ka m\u0113s \u0101tri un rentabli izpild\u0101m j\u016bsu ce\u013cojumu motoru pras\u012bbas.<\/p>\n<p><strong>\u00a0Atbalst\u012bt\u0101s markas<\/strong><br \/>\nPa\u0161laik m\u0113s varam pieg\u0101d\u0101t ce\u013cot\u0101jmotorus pla\u0161am ekskavatoru kl\u0101stam, ko ra\u017eo t\u0101di uz\u0146\u0113mumi k\u0101 Komatsu, Caterpillar, Volvo, Case, Doosan, Sumitomo, Hyundai, Kobelco, JCB, Liugong, Sany, XCMG un Hitachi.<\/p>\n<h4>Saist\u012bt\u0101s Volvo ekskavatora ce\u013cojuma motora assy<\/h4>\n<figure class=\"wp-block-table is-style-stripes has-small-font-size\">\n<table class=\"has-cyan-bluish-gray-background-color has-background\">\n<tbody>\n<tr>\n<td width=\"383\">PJ5370175 PJ4890093 EC70<\/td>\n<td width=\"523\">\u00a0VOE14263523 VOE14345000 VOE14342058 EC390 volvo<\/td>\n<\/tr>\n<tr>\n<td width=\"383\">\u00a0SA1143-01100 SA1143-01090 EC460<\/td>\n<td width=\"523\">\u00a0VOE14263524 VOE14264393 EC650 volvo<\/td>\n<\/tr>\n<tr>\n<td width=\"383\">SA1450505081 SA14505043 EC55E<\/td>\n<td width=\"523\">\u00a0VOE14265276 EC300 EC340 volvo<\/td>\n<\/tr>\n<tr>\n<td width=\"383\">\u00a0SA14505081 VOE14500160 SA14505043 EC55<\/td>\n<td width=\"523\">VOE14268106 VOE14214704 EC130C volvo<\/td>\n<\/tr>\n<tr>\n<td width=\"383\">\u00a0SA7117-30050 SA1143-01270 EC210<\/td>\n<td width=\"523\">\u00a0VOE14265276 EC300 EC340<\/td>\n<\/tr>\n<tr>\n<td width=\"383\">\u00a0SA7117-34050 SA1143-00111 EC240<\/td>\n<td width=\"523\">\u00a0VOE14344114 VOE14344115 EC280<\/td>\n<\/tr>\n<tr>\n<td width=\"383\">\u00a0SA8230-33470 VOE14524182 EC135B<\/td>\n<td width=\"523\">\u00a0VOE14344120 VOE14346193 VOE14268381 EC280<\/td>\n<\/tr>\n<tr>\n<td width=\"383\">\u00a0VOE14528733 SA1143-01060 VOE14524182 EC140B<\/td>\n<td width=\"523\">\u00a0VOE1450505081 VOE14505043 EC55B volvo<\/td>\n<\/tr>\n<tr>\n<td width=\"383\">EC700 EC700B EC700BLC VOE 14522564<\/td>\n<td width=\"523\">\u00a0VOE14522565 VOE14522564 EC700B volvo<\/td>\n<\/tr>\n<tr>\n<td width=\"383\">\u00a0VOE14214704 EC130 EC150<\/td>\n<td width=\"523\">VOE14521839 VOE14522919 VOE14528280 EC290B<\/td>\n<\/tr>\n<tr>\n<td width=\"383\">\u00a0VOE14214704 VOE14268106 EC150C EC130C<\/td>\n<td width=\"523\">\u00a0VOE14528733 VOE14514895 VOE14533649 EC160B<\/td>\n<\/tr>\n<tr>\n<td width=\"383\">\u00a0VOE14215438 EC200<\/td>\n<td width=\"523\">\u00a0VOE14528260 VOE1452828281 EC330B EC360B volvo<\/td>\n<\/tr>\n<tr>\n<td width=\"383\">VOE14261093 EC230B Ekskavatora gala piedzi\u0146a ec210<\/td>\n<td width=\"523\">\u00a0VOE14528733 SA1143-01270 VOE14524184 VOE14533651 EC210B<\/td>\n<\/tr>\n<tr>\n<td width=\"383\">\u00a0VOE14263523 VOE14264392 EC450<\/td>\n<td width=\"523\">VOE14528733 VOE14520965 VOE14533650 EC180B<\/td>\n<\/tr>\n<tr>\n<td width=\"383\">\u00a0VOE14531093 VOE14508165 EC460B<\/td>\n<td width=\"523\">\u00a0VOE14528735 SA1143-00111 VOE14524185 VOE14533652 EC240B<\/td>\n<\/tr>\n<\/tbody>\n<\/table>\n<table class=\"has-cyan-bluish-gray-background-color has-background\">\n<tbody>\n<tr>\n<td width=\"598\">\u00a0Volvo EC150, Volvo EC150LC brauk\u0161anas piedzi\u0146as bloks: SA7117-30011,Volvo 150: 14216035,150C, Volvo 150 p\u0101rnesumk\u0101rba: 14214704 motors: 14268106<\/td>\n<td width=\"614\">Volvo 160 brauk\u0161anas piedzi\u0146as bloks: 14370176,<br \/>\nVolvo 160BLC\/BNLC brauk\u0161anas piedzi\u0146as bloks: 14515045, 14528730,<br \/>\nVolvo 160CL\/CNL brauk\u0161anas piedzi\u0146as bloks: 14538585<\/td>\n<\/tr>\n<tr>\n<td width=\"598\">Volvo 180BLC brauk\u0161anas piedzi\u0146as bloks: 145212111, 14528731,<br \/>\n180CL 14538586<\/td>\n<td width=\"614\">EC210\/F\/LC\/NLC\/BF\/BFX\/BLC\/BLR\/BNLC\/BNC\/CL\/LD\/LR\/N\/NL SA7117-30030, 14525366, 14528732, 14528930<\/td>\n<\/tr>\n<tr>\n<td width=\"598\">Volvo EC 200\/200B brauk\u0161anas piedzi\u0146as bloks: 14528732<\/td>\n<td width=\"614\">Volvo EC 235\/235-C brauk\u0161anas piedzi\u0146as bloks: 14550250<\/td>\n<\/tr>\n<tr>\n<td width=\"598\">Volvo EC210, EC210F, EC210LC, EC210NLC, Volvo EC210BF, EC210BFX, EC210BLC, Volvo EC210BLR, EC210BNLC, Volvo EC210BNC, EC210CL, EC210LD, EC210LR, EC210N, EC210NL : SA7117-30030, 14525366, 14528732, 14528930.<\/td>\n<td width=\"614\">EC290,290LC, 290LR, 290NLC: gala piedzi\u0146a: SA7117-38001, k\u0101pur\u0137\u0113de: SA7117-38001, k\u0101pur\u0137\u0113de: SA7240-10402, p\u0101rnesumk\u0101rba: SA7117-38050,<br \/>\nEC290BFX , EC 290BLC: SA7117-38020, VOE14521691, VOE14522894, VOE14551154EC290 BLR , EC290 BNLC: gala p\u0101rnesums: VOE14509996, VOE14521389, VOE14528280.<\/td>\n<\/tr>\n<tr>\n<td width=\"598\">Volvo EC 240\/LC\/LR\/NLC\/B\/B-LC\/B-LR\/B-NLC\/C\/CL\/C-LD\/C-LR\/C-NL SA7117-34001, SA8230-21631, 14528734, 14533652, 14528258<\/td>\n<td width=\"614\">Volvo EC R88 da\u013cu numuri brauk\u0161anas piedzi\u0146as blokam: 14516538, brauk\u0161anas motora:14520757<\/td>\n<\/tr>\n<tr>\n<td width=\"598\">\u00a0EC360, EC360LC, EC360NLC, EC360B, EC360B-LC, EC360B-LC, EC360B-LR, EC360B-NLC, EC360C EC360CL EC360CL<\/td>\n<td width=\"614\">EC360C-LD, Volvo EC360C-LR, Volvo EC360C-NL EC 360 SA7117-45010, 14551150, 14566400, 14513049, 14521695, 14522994.<\/td>\n<\/tr>\n<tr>\n<td width=\"598\">Volvo ECR 145 14573820, 14614941<\/td>\n<td width=\"614\">Volvo G726 brauk\u0161anas piedzi\u0146as bloks: 12725795<\/td>\n<\/tr>\n<tr>\n<td width=\"598\">EC460 EC460B VOE 14508165 EC460 EC460 EC480<\/td>\n<td width=\"614\">EC700 EC700B EC700BLC VOE 14522564<\/td>\n<\/tr>\n<tr>\n<td width=\"598\">EC460 EC480 14733880 14727995 EC460 EC460 EC460B<\/td>\n<td width=\"614\">7117-38020 EC290 gal\u012bg\u0101s piedzi\u0146as mont\u0101\u017ea, tilp. vo<\/td>\n<\/tr>\n<tr>\n<td width=\"598\">\u00a0EC460 EC460B VOE 14508165 14522563<\/td>\n<td width=\"614\">Vol Vo EC700BHR EC700C EC700C EC700B<\/td>\n<\/tr>\n<tr>\n<td width=\"598\">EC290 Vol Vo ekskavatora gala piedzi\u0146a<\/td>\n<td width=\"614\">\u00a07117-38020 14551154 14524707 14522894 14528257 14521691<\/td>\n<\/tr>\n<tr>\n<td width=\"598\">EC360C EC360B EC290B EC290B motors<\/td>\n<td width=\"614\">\u00a014528259 14513049 14521695<\/td>\n<\/tr>\n<tr>\n<td width=\"598\">\u00a0Vol Vo Ekskavators EC290B EC330B EC360B EC360B EC360C<\/td>\n<td width=\"614\">\u00a0VOE14551150 14528260 14528281<\/td>\n<\/tr>\n<tr>\n<td width=\"598\">Vol Vo EC290B 7117-38020 14551154 14592030<\/td>\n<td width=\"614\">\u00a07117-38020 14551154 14592030<\/td>\n<\/tr>\n<tr>\n<td width=\"598\">EC460 EC460B<\/td>\n<td width=\"614\">VOE 14508165<\/td>\n<\/tr>\n<tr>\n<td width=\"598\">EC210BLC VOE14533651<\/td>\n<td width=\"614\">EC210BLC VOE14533651<\/td>\n<\/tr>\n<tr>\n<td width=\"598\">R140LC-9 R140-9 31Q4-4003 Ce\u013ca motora bloks<\/td>\n<td width=\"614\">R140LC-9 R140-9 31Q4-4003<\/td>\n<\/tr>\n<tr>\n<td width=\"598\">E349D2 209-5992 215-9982<\/td>\n<td width=\"614\">E349D2 209-5992 215-9982<\/td>\n<\/tr>\n<tr>\n<td width=\"598\">VIO50-3 TM06F MAG33VP-550F-10 Reduktors<\/td>\n<td width=\"614\">VIO50-3 TM06F MAG33VP-550F-10 Reduktors<\/td>\n<\/tr>\n<tr>\n<td width=\"598\">E349D2 MCA250 MOBA250 390-1088<\/td>\n<td width=\"614\">E349D2 MCA250 MOBA250 390-1088<\/td>\n<\/tr>\n<tr>\n<td width=\"598\">EC210BLC SA1143-01270 Hidraulisk\u0101s kust\u012bbas motors<\/td>\n<td width=\"614\">EC210BLC SA1143-01270<\/td>\n<\/tr>\n<\/tbody>\n<\/table>\n<p>&nbsp;<\/figure>\n<h4><strong>\u00a0Pieejams motora un p\u0101rnesumk\u0101rbas modelis:<\/strong><\/h4>\n<figure class=\"wp-block-table is-style-stripes has-small-font-size\">EC13 XR EC13 XTV EC14 EC140 EC140 EC140B LC EC140B LCM EC140C L EC140C LM EC140D EC140D LM EC15 XR EC15 XT EC15 XTV EC150 EC15B XR EC15B XT EC15B XT EC15B XTV EC160B EC160B LC EC160B NLC EC160C L EC17C EC180 EC180 EC180B LC EC180C L EC180D EC18C EC20 XT EC20 XTV EC200D LR EC20B XT EC20B XTV EC20C EC210 EC210B EC210B EC210B LC EC210C L EC220D EC220D N EC220D NL EC220D NL EC235C LD\/NL EC240 EC240 LC EC240 LC EC240 LR EC240 NLC EC240B EC240B LC EC240B LC EC240B LR EC240B NLC EC240C L EC240C LD EC240C LR EC240C NL EC25 EC280 EC290 EC290 EC290 LC EC290B EC290C L EC30 EC330B LC EC330C EC330C L EC330C LD EC35 EC35C EC360 EC360B LC EC360B NLC EC360C HR EC360C L EC360C LD EC360C NL EC380D HR EC460 EC460 LC EC460B LC EC460C LC EC460C L EC480D HR EC480D L EC50 EC50 VV EC55 EC55-2 EC55B EC55C EC55-EU EC60C EC70 EC70 VV ECR145C L ECR235C L ECR28 ECR305C L ECR38 ECR88 ECR88 PLUS FC2121C FC2421C FC2924C FF3329C PL4608 PL4611 ECR145D L EC140D L EC240LC EC240BLC EC240CL EC240CLD EC240CLR FC3329C EC210C N N<\/figure>\n<div id=\"attachment_2045\" style=\"width: 425px\" class=\"wp-caption alignnone\"><img decoding=\"async\" aria-describedby=\"caption-attachment-2045\" class=\"wp-image-2045\" src=\"https:\/\/swingbearing.net\/wp-content\/uploads\/2024\/03\/\u884c\u8d70_01-300x99.jpg\" alt=\"ce\u013cojuma motors\" width=\"415\" height=\"137\" srcset=\"https:\/\/swingbearing.net\/wp-content\/uploads\/2024\/03\/\u884c\u8d70_01-300x99.jpg 300w, https:\/\/swingbearing.net\/wp-content\/uploads\/2024\/03\/\u884c\u8d70_01-18x6.jpg 18w, https:\/\/swingbearing.net\/wp-content\/uploads\/2024\/03\/\u884c\u8d70_01-600x199.jpg 600w, https:\/\/swingbearing.net\/wp-content\/uploads\/2024\/03\/\u884c\u8d70_01.jpg 749w\" sizes=\"(max-width: 415px) 100vw, 415px\" \/><p id=\"caption-attachment-2045\" class=\"wp-caption-text\"><a href=\"https:\/\/swingbearing.net\/lv\/travel-reducer\/\">staig\u0101\u0161anas motors<\/a><\/p><\/div>\n<div id=\"attachment_2046\" style=\"width: 445px\" class=\"wp-caption alignnone\"><img decoding=\"async\" aria-describedby=\"caption-attachment-2046\" class=\"wp-image-2046\" src=\"https:\/\/swingbearing.net\/wp-content\/uploads\/2024\/03\/\u884c\u8d70_03-300x100.jpg\" alt=\"ce\u013cojuma motors\" width=\"435\" height=\"145\" srcset=\"https:\/\/swingbearing.net\/wp-content\/uploads\/2024\/03\/\u884c\u8d70_03-300x100.jpg 300w, https:\/\/swingbearing.net\/wp-content\/uploads\/2024\/03\/\u884c\u8d70_03-18x6.jpg 18w, https:\/\/swingbearing.net\/wp-content\/uploads\/2024\/03\/\u884c\u8d70_03-600x201.jpg 600w, https:\/\/swingbearing.net\/wp-content\/uploads\/2024\/03\/\u884c\u8d70_03.jpg 750w\" sizes=\"(max-width: 435px) 100vw, 435px\" \/><p id=\"caption-attachment-2046\" class=\"wp-caption-text\"><a href=\"https:\/\/swingbearing.net\/lv\/hydraulic-motor\/\">brauk\u0161anas gala piedzi\u0146a<\/a><\/p><\/div>\n<div id=\"attachment_2047\" style=\"width: 450px\" class=\"wp-caption alignnone\"><img decoding=\"async\" aria-describedby=\"caption-attachment-2047\" class=\"wp-image-2047\" src=\"https:\/\/swingbearing.net\/wp-content\/uploads\/2024\/03\/\u884c\u8d70_04-300x101.jpg\" alt=\"Ce\u013cojumu samazin\u0101\u0161ana\" width=\"440\" height=\"148\" srcset=\"https:\/\/swingbearing.net\/wp-content\/uploads\/2024\/03\/\u884c\u8d70_04-300x101.jpg 300w, https:\/\/swingbearing.net\/wp-content\/uploads\/2024\/03\/\u884c\u8d70_04-18x6.jpg 18w, https:\/\/swingbearing.net\/wp-content\/uploads\/2024\/03\/\u884c\u8d70_04-600x202.jpg 600w, https:\/\/swingbearing.net\/wp-content\/uploads\/2024\/03\/\u884c\u8d70_04.jpg 750w\" sizes=\"(max-width: 440px) 100vw, 440px\" \/><p id=\"caption-attachment-2047\" class=\"wp-caption-text\"><a href=\"https:\/\/swingbearing.net\/lv\/swing-bearing\/\">Ce\u013cojumu samazin\u0101\u0161ana<\/a><\/p><\/div>","protected":false},"excerpt":{"rendered":"<h5 class=\"ct-headline\">Kategorijas:Volvo Travel Motor hidraulisk\u0101 motora hidraulisk\u0101 motora gala piedzi\u0146a<br \/>\nModel: Ec350d Ec750 EC 200\/200B<br \/>\nPart No.:Ec350d Ec750 EC 200\/200B<\/h5>","protected":false},"featured_media":2060,"template":"","meta":[],"product_brand":[],"product_cat":[26],"product_tag":[],"class_list":{"0":"post-2085","1":"product","2":"type-product","3":"status-publish","4":"has-post-thumbnail","6":"product_cat-hydraulic-motors","8":"first","9":"instock","10":"shipping-taxable","11":"product-type-simple"},"_links":{"self":[{"href":"https:\/\/swingbearing.net\/lv\/wp-json\/wp\/v2\/product\/2085","targetHints":{"allow":["GET"]}}],"collection":[{"href":"https:\/\/swingbearing.net\/lv\/wp-json\/wp\/v2\/product"}],"about":[{"href":"https:\/\/swingbearing.net\/lv\/wp-json\/wp\/v2\/types\/product"}],"wp:featuredmedia":[{"embeddable":true,"href":"https:\/\/swingbearing.net\/lv\/wp-json\/wp\/v2\/media\/2060"}],"wp:attachment":[{"href":"https:\/\/swingbearing.net\/lv\/wp-json\/wp\/v2\/media?parent=2085"}],"wp:term":[{"taxonomy":"product_brand","embeddable":true,"href":"https:\/\/swingbearing.net\/lv\/wp-json\/wp\/v2\/product_brand?post=2085"},{"taxonomy":"product_cat","embeddable":true,"href":"https:\/\/swingbearing.net\/lv\/wp-json\/wp\/v2\/product_cat?post=2085"},{"taxonomy":"product_tag","embeddable":true,"href":"https:\/\/swingbearing.net\/lv\/wp-json\/wp\/v2\/product_tag?post=2085"}],"curies":[{"name":"wp","href":"https:\/\/api.w.org\/{rel}","templated":true}]}}