{"id":2065,"date":"2024-03-08T06:28:34","date_gmt":"2024-03-08T06:28:34","guid":{"rendered":"https:\/\/swingbearing.net\/?post_type=product&#038;p=2065"},"modified":"2024-03-11T03:55:55","modified_gmt":"2024-03-11T03:55:55","slug":"travel-motor-ec290b","status":"publish","type":"product","link":"https:\/\/swingbearing.net\/lv\/product\/travel-motor-ec290b\/","title":{"rendered":"Hidrauliskais kust\u012bbas motors SA7117-38020 SA7240-10402 EC290B kust\u012bbas samazin\u0101jums"},"content":{"rendered":"<h4>M\u0113s varam pied\u0101v\u0101t pla\u0161u ekskavatoru kust\u012bbas motoru\/gal\u012bg\u0101s piedzi\u0146as agreg\u0101tu\/kust\u012bbas reduktoru kl\u0101stu.<\/h4>\n<p>Braucamais motors (gala piedzi\u0146a) ir meh\u0101niska ier\u012bce, ko galvenok\u0101rt izmanto, lai darbin\u0101tu vai darbin\u0101tu elektrisk\u0101s ier\u012bces, piem\u0113ram, robotus, motorollerus un elektriskos velosip\u0113dus. T\u0101 darb\u012bbas pamatprincips ir elektromagn\u0113tisk\u0101s indukcijas principa izmanto\u0161ana rot\u0101cijas griezes momenta rad\u012b\u0161anai un p\u0113c tam \u0101truma samazin\u0101\u0161ana, izmantojot iek\u0161\u0113jo reduktora ier\u012bci, lai darbin\u0101tu \u0101r\u0113jos rite\u0146us vai \u0137\u0113des kust\u012bbai. Struktur\u0101li kust\u012bbas motoru parasti veido \u0101trgaitas hidrauliskais motors, bremzes, planet\u0101rais reduktors, v\u0101rstu grupa u. c., un tam ir izmantota augstas nestsp\u0113jas konusveida rull\u012b\u0161u gult\u0146u konstrukcija, lai iztur\u0113tu aksi\u0101los un radi\u0101los sp\u0113kus, ko ekskavators rada darb\u012bbas un pagrie\u0161an\u0101s laik\u0101.<br \/>\nM\u016bsu pieredz\u0113ju\u0161ajai p\u0101rdo\u0161anas komandai ir pla\u0161as zin\u0101\u0161anas un pieredze par ce\u013cojumu gal\u012bgo piedzi\u0146u, lai nodro\u0161in\u0101tu, ka m\u0113s \u0101tri un rentabli izpild\u0101m j\u016bsu ce\u013cojumu motoru pras\u012bbas.<\/p>\n<p><strong>\u00a0Atbalst\u012bt\u0101s markas<\/strong><br \/>\nPa\u0161laik m\u0113s varam pieg\u0101d\u0101t ce\u013cot\u0101jmotorus pla\u0161am ekskavatoru kl\u0101stam, ko ra\u017eo t\u0101di uz\u0146\u0113mumi k\u0101 Komatsu, Caterpillar, Volvo, Case, Doosan, Sumitomo, Hyundai, Kobelco, JCB, Liugong, Sany, XCMG un Hitachi.<\/p>\n<h4>Saist\u012bt\u0101s Volvo ekskavatora ce\u013cojuma motora assy<\/h4>\n<figure class=\"wp-block-table is-style-stripes has-small-font-size\">\n<table class=\"has-cyan-bluish-gray-background-color has-background\">\n<tbody>\n<tr>\n<td width=\"598\">\u00a0Volvo EC150, Volvo EC150LC brauk\u0161anas piedzi\u0146as bloks: SA7117-30011,<br \/>\n\u2013 Volvo 150 Akerman travel drive unit: 14216035,<br \/>\n\u2013 Volvo 150C, Volvo 150 gearbox: 14214704 motor: 14268106<\/td>\n<td width=\"614\">Volvo 160 brauk\u0161anas piedzi\u0146as bloks: 14370176,<br \/>\n- Volvo 160BLC\/BNLC brauk\u0161anas piedzi\u0146as bloks: 14515045, 14528730,<br \/>\n\u2013 Volvo 160CL\/CNL travel drive unit: 14538585<\/td>\n<\/tr>\n<tr>\n<td width=\"598\">Volvo 180BLC brauk\u0161anas piedzi\u0146as bloks: 145212111, 14528731,<br \/>\n180CL 14538586<\/td>\n<td width=\"614\">EC210\/F\/LC\/NLC\/BF\/BFX\/BLC\/BLR\/BNLC\/BNC\/CL\/LD\/LR\/N\/NL SA7117-30030, 14525366, 14528732, 14528930<\/td>\n<\/tr>\n<tr>\n<td width=\"598\">Volvo EC 200\/200B brauk\u0161anas piedzi\u0146as bloks: 14528732<\/td>\n<td width=\"614\">Volvo EC 235\/235-C brauk\u0161anas piedzi\u0146as bloks: 14550250<\/td>\n<\/tr>\n<tr>\n<td width=\"598\">Volvo EC210, Volvo EC210F, Volvo EC210LC, Volvo EC210NLC, Volvo EC210BF, Volvo EC210BFX, Volvo EC210BLC, Volvo EC210BLR, Volvo EC210BNLC, Volvo EC210BNLC, Volvo EC210BNC, Volvo EC210CL, Volvo EC210LD, Volvo EC210LR, Volvo EC210N, Volvo EC210NL, Volvo EC210N, Volvo EC210NL da\u013cu numuri: SA7117-30030, 14525366, 14528732, 14528930.<\/td>\n<td width=\"614\">Volvo EC290,290LC, 290LC, 290LR, 290NLC: gala piedzi\u0146a: SA7117-38001, k\u0101pur\u0137\u0113de: SA7117-38001, k\u0101pur\u0137\u0113de: SA7117-38001, k\u0101pur\u0137\u0113de: SA7240-10402, p\u0101rnesumk\u0101rba: SA7117-38050,<br \/>\nVolvo EC290BFX ,EC 290BLC: SA7117-38020, VOE14521691, VOE14522894, VOE14551154<br \/>\nVolvo EC290 BLR , EC290 BNLC: final drive: VOE14509996, VOE14521389, VOE14528280.<\/td>\n<\/tr>\n<tr>\n<td width=\"598\">Volvo EC 240\/LC\/LR\/NLC\/B\/B-LC\/B-LR\/B-NLC\/C\/CL\/C-LD\/C-LR\/C-NL ce\u013ca piedzi\u0146as bloks:  SA7117-34001, SA8230-21631, 14528734, 14533652, 14528258<\/td>\n<td width=\"614\">Volvo ECR 88 da\u013cu numuri brauk\u0161anas piedzi\u0146as blokam: 14516538, brauk\u0161anas motora:14520757<\/td>\n<\/tr>\n<tr>\n<td width=\"598\">Volvo EC360, Volvo EC360LC, Volvo EC360NLC, Volvo EC360B, Volvo EC360B-LC, Volvo EC360B-LC, Volvo EC360B-LR, Volvo EC360B-NLC, Volvo EC360C, Volvo EC360CL, Volvo EC360C, Volvo EC360CL, Volvo EC360C, Volvo EC360C.<\/td>\n<td width=\"614\">EC360C-LD, Volvo EC360C-LR, Volvo EC360C-NL ekskavators.<br \/>\n- Volvo EC 360 SA7117-45010, 14551150, 14566400, 14513049, 14521695, 14522994<\/td>\n<\/tr>\n<tr>\n<td width=\"598\">Volvo ECR 145 brauk\u0161anas piedzi\u0146as bloka deta\u013cu numuri: 14573820, 14614941<\/td>\n<td width=\"614\">Volvo G726 brauk\u0161anas piedzi\u0146as bloks: 12725795<\/td>\n<\/tr>\n<tr>\n<td width=\"598\">EC460 EC460B VOE 14508165 EC460 EC460 EC480<\/td>\n<td width=\"614\">EC700 EC700B EC700BLC VOE 14522564<\/td>\n<\/tr>\n<tr>\n<td width=\"598\">EC460 EC480 14733880 14727995 EC460 EC460 EC460B<\/td>\n<td width=\"614\">7117-38020 EC290 gal\u012bg\u0101s piedzi\u0146as mont\u0101\u017ea, tilp. vo<\/td>\n<\/tr>\n<tr>\n<td width=\"598\">\u00a0EC460 EC460B VOE 14508165 14522563<\/td>\n<td width=\"614\">Vol Vo EC700BHR EC700C EC700C EC700B<\/td>\n<\/tr>\n<tr>\n<td width=\"598\">EC290 Vol Vo ekskavatora gala piedzi\u0146a<\/td>\n<td width=\"614\">\u00a07117-38020 14551154 14524707 14522894 14528257 14521691<\/td>\n<\/tr>\n<tr>\n<td width=\"598\">EC360C EC360B EC290B EC290B motors<\/td>\n<td width=\"614\">\u00a014528259 14513049 14521695<\/td>\n<\/tr>\n<tr>\n<td width=\"598\">\u00a0Vol Vo Ekskavators EC290B EC330B EC360B EC360B EC360C<\/td>\n<td width=\"614\">\u00a0VOE14551150 14528260 14528281<\/td>\n<\/tr>\n<tr>\n<td width=\"598\">Vol Vo EC290B 7117-38020 14551154 14592030<\/td>\n<td width=\"614\">\u00a07117-38020 14551154 14592030<\/td>\n<\/tr>\n<tr>\n<td width=\"598\">EC460 EC460B<\/td>\n<td width=\"614\">VOE 14508165<\/td>\n<\/tr>\n<tr>\n<td width=\"598\">EC210BLC VOE14533651<\/td>\n<td width=\"614\">EC210BLC VOE14533651<\/td>\n<\/tr>\n<tr>\n<td width=\"598\">R140LC-9 R140-9 31Q4-4003 Ce\u013ca motora bloks<\/td>\n<td width=\"614\">R140LC-9 R140-9 31Q4-4003<\/td>\n<\/tr>\n<tr>\n<td width=\"598\">E349D2 209-5992 215-9982<\/td>\n<td width=\"614\">E349D2 209-5992 215-9982<\/td>\n<\/tr>\n<tr>\n<td width=\"598\">VIO50-3 TM06F MAG33VP-550F-10 Reduktors<\/td>\n<td width=\"614\">VIO50-3 TM06F MAG33VP-550F-10 Reduktors<\/td>\n<\/tr>\n<tr>\n<td width=\"598\">E349D2 MCA250 MOBA250 390-1088<\/td>\n<td width=\"614\">E349D2 MCA250 MOBA250 390-1088<\/td>\n<\/tr>\n<tr>\n<td width=\"598\">EC210BLC SA1143-01270 Hidraulisk\u0101s kust\u012bbas motors<\/td>\n<td width=\"614\">EC210BLC SA1143-01270<\/td>\n<\/tr>\n<\/tbody>\n<\/table>\n<\/figure>\n<h4><strong>\u00a0Pieejams motora un p\u0101rnesumk\u0101rbas modelis:<\/strong><\/h4>\n<figure class=\"wp-block-table is-style-stripes has-small-font-size\">1188 CK 1188 LC 1288CK 1288NLC 15 16 23 23 28 31 35 588 688 688B 688B 688B CK 788CK 788LC 788LLC 888 888 888 Amf\u012bbija 888B CK 888B CKE 888B CKL 9007 9007B 9010 9010B 9013 9020 9020B 9021 9030 9030B 9040 9040B 988 CK C15 CK13 CK15 CK25 CK28 CK32 CK36 CK38 CK50 CK52 CX130 CX130B CX130C CX135SR CX14 CX145C SR CX15 CX15B CX16 CX16B CX17B CX180 CX180B CX18B CX20B CX210 CX210B CX210BLR CX210BNLC CX210LR CX210N CX225SR CX22B CX23 CX230 CX230B CX235C SR CX240 CX240 CX240B CX240BLR CX240LC CX240LR CX240NLC CX25 CX250C LR CX26B CX27B CX28 CX290 CX290B CX300C CX30B CX31 CX31B CX330 CX35 CX350 CX350B CX36 CX36B CX40B CX45B CX47 CX50 CX50B CX55B CX75C SR CX75SR CX80 CX80C TR320 420CT 440CT 445CT 450CT TR270 TV380 9030B TK CX250C CX330B CX350C CX370C<\/figure>\n<div id=\"attachment_2045\" style=\"width: 425px\" class=\"wp-caption alignnone\"><img decoding=\"async\" aria-describedby=\"caption-attachment-2045\" class=\"wp-image-2045\" src=\"https:\/\/swingbearing.net\/wp-content\/uploads\/2024\/03\/\u884c\u8d70_01-300x99.jpg\" alt=\"ce\u013cojuma motors\" width=\"415\" height=\"137\" srcset=\"https:\/\/swingbearing.net\/wp-content\/uploads\/2024\/03\/\u884c\u8d70_01-300x99.jpg 300w, https:\/\/swingbearing.net\/wp-content\/uploads\/2024\/03\/\u884c\u8d70_01-18x6.jpg 18w, https:\/\/swingbearing.net\/wp-content\/uploads\/2024\/03\/\u884c\u8d70_01-600x199.jpg 600w, https:\/\/swingbearing.net\/wp-content\/uploads\/2024\/03\/\u884c\u8d70_01.jpg 749w\" sizes=\"(max-width: 415px) 100vw, 415px\" \/><p id=\"caption-attachment-2045\" class=\"wp-caption-text\"><a href=\"https:\/\/swingbearing.net\/lv\/travel-reducer\/\">staig\u0101\u0161anas motors<\/a><\/p><\/div>\n<div id=\"attachment_2046\" style=\"width: 445px\" class=\"wp-caption alignnone\"><img decoding=\"async\" aria-describedby=\"caption-attachment-2046\" class=\"wp-image-2046\" src=\"https:\/\/swingbearing.net\/wp-content\/uploads\/2024\/03\/\u884c\u8d70_03-300x100.jpg\" alt=\"ce\u013cojuma motors\" width=\"435\" height=\"145\" srcset=\"https:\/\/swingbearing.net\/wp-content\/uploads\/2024\/03\/\u884c\u8d70_03-300x100.jpg 300w, https:\/\/swingbearing.net\/wp-content\/uploads\/2024\/03\/\u884c\u8d70_03-18x6.jpg 18w, https:\/\/swingbearing.net\/wp-content\/uploads\/2024\/03\/\u884c\u8d70_03-600x201.jpg 600w, https:\/\/swingbearing.net\/wp-content\/uploads\/2024\/03\/\u884c\u8d70_03.jpg 750w\" sizes=\"(max-width: 435px) 100vw, 435px\" \/><p id=\"caption-attachment-2046\" class=\"wp-caption-text\"><a href=\"https:\/\/swingbearing.net\/lv\/hydraulic-motor\/\">brauk\u0161anas gala piedzi\u0146a<\/a><\/p><\/div>\n<div id=\"attachment_2047\" style=\"width: 450px\" class=\"wp-caption alignnone\"><img decoding=\"async\" aria-describedby=\"caption-attachment-2047\" class=\"wp-image-2047\" src=\"https:\/\/swingbearing.net\/wp-content\/uploads\/2024\/03\/\u884c\u8d70_04-300x101.jpg\" alt=\"Ce\u013cojumu samazin\u0101\u0161ana\" width=\"440\" height=\"148\" srcset=\"https:\/\/swingbearing.net\/wp-content\/uploads\/2024\/03\/\u884c\u8d70_04-300x101.jpg 300w, https:\/\/swingbearing.net\/wp-content\/uploads\/2024\/03\/\u884c\u8d70_04-18x6.jpg 18w, https:\/\/swingbearing.net\/wp-content\/uploads\/2024\/03\/\u884c\u8d70_04-600x202.jpg 600w, https:\/\/swingbearing.net\/wp-content\/uploads\/2024\/03\/\u884c\u8d70_04.jpg 750w\" sizes=\"(max-width: 440px) 100vw, 440px\" \/><p id=\"caption-attachment-2047\" class=\"wp-caption-text\"><a href=\"https:\/\/swingbearing.net\/lv\/swing-bearing\/\">Ce\u013cojumu samazin\u0101\u0161ana<\/a><\/p><\/div>","protected":false},"excerpt":{"rendered":"<h5 class=\"ct-headline\">Kategorijas:Volvo Travel Motor hidraulisk\u0101 motora hidraulisk\u0101 motora gala piedzi\u0146a<br \/>\nModel: EC290B<br \/>\nPart No.:SA7117-38020 SA7240-10402<\/h5>","protected":false},"featured_media":2068,"template":"","meta":[],"product_brand":[],"product_cat":[26],"product_tag":[],"class_list":{"0":"post-2065","1":"product","2":"type-product","3":"status-publish","4":"has-post-thumbnail","6":"product_cat-hydraulic-motors","8":"first","9":"instock","10":"shipping-taxable","11":"product-type-simple"},"_links":{"self":[{"href":"https:\/\/swingbearing.net\/lv\/wp-json\/wp\/v2\/product\/2065","targetHints":{"allow":["GET"]}}],"collection":[{"href":"https:\/\/swingbearing.net\/lv\/wp-json\/wp\/v2\/product"}],"about":[{"href":"https:\/\/swingbearing.net\/lv\/wp-json\/wp\/v2\/types\/product"}],"wp:featuredmedia":[{"embeddable":true,"href":"https:\/\/swingbearing.net\/lv\/wp-json\/wp\/v2\/media\/2068"}],"wp:attachment":[{"href":"https:\/\/swingbearing.net\/lv\/wp-json\/wp\/v2\/media?parent=2065"}],"wp:term":[{"taxonomy":"product_brand","embeddable":true,"href":"https:\/\/swingbearing.net\/lv\/wp-json\/wp\/v2\/product_brand?post=2065"},{"taxonomy":"product_cat","embeddable":true,"href":"https:\/\/swingbearing.net\/lv\/wp-json\/wp\/v2\/product_cat?post=2065"},{"taxonomy":"product_tag","embeddable":true,"href":"https:\/\/swingbearing.net\/lv\/wp-json\/wp\/v2\/product_tag?post=2065"}],"curies":[{"name":"wp","href":"https:\/\/api.w.org\/{rel}","templated":true}]}}